{"id":92,"date":"2014-08-25T22:42:14","date_gmt":"2014-08-25T21:42:14","guid":{"rendered":"http:\/\/agen.umc-europe.org\/eglise\/?page_id=92"},"modified":"2017-12-27T19:32:59","modified_gmt":"2017-12-27T18:32:59","slug":"notre-histoire-l-origine","status":"publish","type":"page","link":"https:\/\/agen.umc-europe.org\/eglise\/notre-histoire-introduction\/notre-histoire-l-origine\/","title":{"rendered":"Notre histoire &#8211; l&rsquo;origine (1925)"},"content":{"rendered":"<h2><em>L&rsquo;int\u00e9r\u00eat pour l&rsquo;\u00e9vang\u00e9lisation grandit<\/em><\/h2>\n<p>L&rsquo;int\u00e9r\u00eat pour l&rsquo;\u00e9vang\u00e9lisation de la France a vu le jour au sein de la Conf\u00e9rence Suisse de l&rsquo;Evangelische Gemeinschaft <strong>d\u00e8s avant la grande Guerre<\/strong> (14-18). Mais les moyens manquaient encore et puis nous n&rsquo;avions pas encore de points de chute. De plus, la question de la langue nous posait des difficult\u00e9s. Au sortir de la guerre, la situation a chang\u00e9. L&rsquo;Alsace et la Lorraine sont revenus \u00e0 la France et par ce biais un bon nombre de nos communaut\u00e9s ont \u00e9t\u00e9 int\u00e9gr\u00e9es au peuple fran\u00e7ais. De cette fa\u00e7on, l&rsquo;int\u00e9r\u00eat pour la mission en faveur de la France fut renforc\u00e9 tout \u00e0 nouveau.<\/p>\n<h2><em>Pr\u00e9sence et attentes de la diaspora suisse<\/em><\/h2>\n<p>Une autre circonstance venait s&rsquo;ajouter. Un grand nombre de<strong> familles suisses<\/strong> sont venues s&rsquo;installer dans les r\u00e9gions partiellement d\u00e9peupl\u00e9es et d\u00e9sert\u00e9es par la population de France pour y fonder une nouvelle patrie. Dispers\u00e9s partout au milieu d&rsquo;une population en majorit\u00e9 catholique, la plupart des familles protestantes suisses n&rsquo;avaient gu\u00e8re l&rsquo;occasion d&rsquo;entendre ni d&rsquo;assurer l&rsquo;<a title=\"Enfants et Jeunes\" href=\"https:\/\/agen.umc-europe.org\/eglise\/nos-activites\/enfants-et-jeunes-catechisme\/\">enseignement religieux \u00e0 leurs enfants<\/a>. Et l\u00e0 m\u00eame o\u00f9 se trouvait \u00e0 une faible distance un <a title=\"Culte du Dimanche\" href=\"https:\/\/agen.umc-europe.org\/eglise\/nos-activites\/culte-du-dimanche\/\">culte protestant<\/a>, la plupart des Suisses en restaient \u00e9loign\u00e9s en raison de leur faible connaissance du fran\u00e7ais. Ainsi ces immigr\u00e9s, couraient-ils le danger de perdre leur force et forme spirituelles et de se ranger soit au catholicisme soit \u00e0 l&rsquo;indiff\u00e9rence.<\/p>\n<h2><em>Minist\u00e8re itin\u00e9rant du pasteur J J. von SIEBENTHAL<\/em><\/h2>\n<p>C&rsquo;est dans ces circonstances que je rencontrai une de mes anciennes cat\u00e9chum\u00e8nes, Madame Dora STRECKLISEN-B\u00dcRCHER -ce fut durant l&rsquo;\u00e9t\u00e9 1925. Je m&rsquo;entretins avec elle des conditions dans lesquelles elle et sa parent\u00e9 vivaient maintenant dans le Sud-Ouest de la France et je lui signalai que j&rsquo;\u00e9tais pr\u00eat \u00e0 leur offrir un accompagnement pastoral \u00e0 eux comme \u00e0 ceux qui vivent dans la r\u00e9gion, pour autant que cela m&rsquo;\u00e9tait possible.<\/p>\n<p>Sur ce, je re\u00e7us une lettre le 18 novembre 1925 de Monsieur STRECKEISEN, o\u00f9 il se d\u00e9clarait pr\u00eat \u00e0 m&rsquo;accueillir chez lui lors d&rsquo;une visite pastorale \u00e9ventuelle et m&rsquo;envoyait les coordonn\u00e9es d&rsquo;autres familles suisses, qui, peut-\u00eatre, \u00e9taient susceptibles de lire un trait\u00e9 religieux. A ce stade, ces familles furent invit\u00e9es \u00e0 s&rsquo;abonner \u00e0 l&rsquo;EVANGELISCHER BOTSCHAFTER, ce que plusieurs d&rsquo;entre eux firent. En mars 1926, je voyageais par l\u00e0. Apr\u00e8s avoir fait des visites \u00e0 Alaissac et \u00e0 Toulouse, je rejoignis le 11 mars <a title=\"Qui sommes nous ?\" href=\"https:\/\/agen.umc-europe.org\/eglise\/evangeliques\/\">Agen <\/a>et Astaffort ; j&rsquo;y pr\u00eachais devant quelques Suisses rassembl\u00e9s \u00e0 Sempot chez la famille KREBS, dont j&rsquo;avais appris \u00e0 conna\u00eetre pr\u00e9c\u00e9demment la parent\u00e9 \u00e0 Thungan. Apr\u00e8s le 14 mars, un dimanche, j&rsquo;ai \u00e9t\u00e9 re\u00e7u chez la famille STRECKEISEN \u00e0 Seiailles (Gers), j&rsquo;y pr\u00eachais deux fois, j&rsquo;y baptisais plusieurs enfants et visitais les Suisses de la r\u00e9gion. La Parole de Dieu y \u00e9tait \u00e9cout\u00e9e volontiers. Certains exprim\u00e8rent le d\u00e9sir tr\u00e8s s\u00e9rieux de vouloir suivre plus souvent un culte. ; pour d&rsquo;autres il \u00e9tait davantage question de cultiver le lien social. Un compte-rendu de ce voyage parut dans le BOTSCHAFTER (Ann\u00e9e 1929, N\u00b018 ET 19). J&rsquo;ai aussi parl\u00e9 de ce champ missionnaire \u00e0 la Pastorale.<\/p>\n<p>Et c&rsquo;est \u00e0 l&rsquo;occasion de la Conf\u00e9rence annuelle de 1926 \u00e0 B\u00e2le qu&rsquo;il fut d\u00e9cid\u00e9 de <a title=\"Notre histoire \u2013 les pionniers (1926-1931)\" href=\"https:\/\/agen.umc-europe.org\/eglise\/notre-histoire-introduction\/notre-histoire-les-pionniers\/\">lancer une mission<\/a> parmi les Suisses \u00e9migr\u00e9s dans le Sud-Ouest de la France (\u00a749 et 50).<\/p>\n<p style=\"text-align: right;\">J.J. von SIEBENTHAL<\/p>\n<p>&nbsp;<\/p>\n","protected":false},"excerpt":{"rendered":"<p>L&rsquo;int\u00e9r\u00eat pour l&rsquo;\u00e9vang\u00e9lisation grandit L&rsquo;int\u00e9r\u00eat pour l&rsquo;\u00e9vang\u00e9lisation de la France a vu le jour au sein de la Conf\u00e9rence Suisse de l&rsquo;Evangelische Gemeinschaft d\u00e8s avant la grande Guerre (14-18). Mais les moyens manquaient encore et puis nous n&rsquo;avions pas encore de points de chute. De plus, la question de la&#8230;<\/p>\n","protected":false},"author":2,"featured_media":0,"parent":86,"menu_order":1,"comment_status":"open","ping_status":"closed","template":"","meta":{"_monsterinsights_skip_tracking":false,"_monsterinsights_sitenote_active":false,"_monsterinsights_sitenote_note":"","_monsterinsights_sitenote_category":0,"footnotes":""},"yoast_head":"<!-- This site is optimized with the Yoast SEO plugin v21.9.1 - https:\/\/yoast.com\/wordpress\/plugins\/seo\/ -->\n<title>L&#039;origine de l&#039;\u00e9glise \u00e0 Agen (1925)<\/title>\n<meta name=\"description\" content=\"Gr\u00e2ce \u00e0 l&#039;int\u00e9r\u00eat de certains suisses au d\u00e9veloppement de l&#039;\u00e9glise dans le Sud-Ouest, une oeuvre missionnaire d\u00e9buta en 1925 sur Agen\" \/>\n<meta name=\"robots\" content=\"index, follow, max-snippet:-1, max-image-preview:large, max-video-preview:-1\" \/>\n<link rel=\"canonical\" href=\"https:\/\/agen.umc-europe.org\/eglise\/notre-histoire-introduction\/notre-histoire-l-origine\/\" \/>\n<meta property=\"og:locale\" content=\"fr_FR\" \/>\n<meta property=\"og:type\" content=\"article\" \/>\n<meta property=\"og:title\" content=\"L&#039;origine de l&#039;\u00e9glise \u00e0 Agen (1925)\" \/>\n<meta property=\"og:description\" content=\"Gr\u00e2ce \u00e0 l&#039;int\u00e9r\u00eat de certains suisses au d\u00e9veloppement de l&#039;\u00e9glise dans le Sud-Ouest, une oeuvre missionnaire d\u00e9buta en 1925 sur Agen\" \/>\n<meta property=\"og:url\" content=\"https:\/\/agen.umc-europe.org\/eglise\/notre-histoire-introduction\/notre-histoire-l-origine\/\" \/>\n<meta property=\"og:site_name\" content=\"\u00c9glise Protestante \u00c9vang\u00e9lique M\u00e9thodiste Agen\" \/>\n<meta property=\"article:publisher\" content=\"https:\/\/www.facebook.com\/EgliseAgen\/\" \/>\n<meta property=\"article:modified_time\" content=\"2017-12-27T18:32:59+00:00\" \/>\n<meta name=\"twitter:card\" content=\"summary_large_image\" \/>\n<meta name=\"twitter:site\" content=\"@EgliseAgen\" \/>\n<meta name=\"twitter:label1\" content=\"Dur\u00e9e de lecture estim\u00e9e\" \/>\n\t<meta name=\"twitter:data1\" content=\"3 minutes\" \/>\n<script type=\"application\/ld+json\" class=\"yoast-schema-graph\">{\"@context\":\"https:\/\/schema.org\",\"@graph\":[{\"@type\":\"WebPage\",\"@id\":\"https:\/\/agen.umc-europe.org\/eglise\/notre-histoire-introduction\/notre-histoire-l-origine\/\",\"url\":\"https:\/\/agen.umc-europe.org\/eglise\/notre-histoire-introduction\/notre-histoire-l-origine\/\",\"name\":\"L'origine de l'\u00e9glise \u00e0 Agen (1925)\",\"isPartOf\":{\"@id\":\"https:\/\/agen.umc-europe.org\/eglise\/#website\"},\"datePublished\":\"2014-08-25T21:42:14+00:00\",\"dateModified\":\"2017-12-27T18:32:59+00:00\",\"description\":\"Gr\u00e2ce \u00e0 l'int\u00e9r\u00eat de certains suisses au d\u00e9veloppement de l'\u00e9glise dans le Sud-Ouest, une oeuvre missionnaire d\u00e9buta en 1925 sur Agen\",\"breadcrumb\":{\"@id\":\"https:\/\/agen.umc-europe.org\/eglise\/notre-histoire-introduction\/notre-histoire-l-origine\/#breadcrumb\"},\"inLanguage\":\"fr-FR\",\"potentialAction\":[{\"@type\":\"ReadAction\",\"target\":[\"https:\/\/agen.umc-europe.org\/eglise\/notre-histoire-introduction\/notre-histoire-l-origine\/\"]}]},{\"@type\":\"BreadcrumbList\",\"@id\":\"https:\/\/agen.umc-europe.org\/eglise\/notre-histoire-introduction\/notre-histoire-l-origine\/#breadcrumb\",\"itemListElement\":[{\"@type\":\"ListItem\",\"position\":1,\"name\":\"Accueil\",\"item\":\"https:\/\/agen.umc-europe.org\/eglise\/\"},{\"@type\":\"ListItem\",\"position\":2,\"name\":\"Notre histoire &#8211; Introduction\",\"item\":\"https:\/\/agen.umc-europe.org\/eglise\/notre-histoire-introduction\/\"},{\"@type\":\"ListItem\",\"position\":3,\"name\":\"Notre histoire &#8211; l&rsquo;origine (1925)\"}]},{\"@type\":\"WebSite\",\"@id\":\"https:\/\/agen.umc-europe.org\/eglise\/#website\",\"url\":\"https:\/\/agen.umc-europe.org\/eglise\/\",\"name\":\"\u00c9glise Protestante \u00c9vang\u00e9lique M\u00e9thodiste Agen\",\"description\":\"Des chr\u00e9tiens \u00e9vang\u00e9liques au coeur du Lot et Garonne. &quot;Viens et vois!&quot; ( Jean 1:47 )\",\"potentialAction\":[{\"@type\":\"SearchAction\",\"target\":{\"@type\":\"EntryPoint\",\"urlTemplate\":\"https:\/\/agen.umc-europe.org\/eglise\/?s={search_term_string}\"},\"query-input\":\"required name=search_term_string\"}],\"inLanguage\":\"fr-FR\"}]}<\/script>\n<!-- \/ Yoast SEO plugin. -->","yoast_head_json":{"title":"L'origine de l'\u00e9glise \u00e0 Agen (1925)","description":"Gr\u00e2ce \u00e0 l'int\u00e9r\u00eat de certains suisses au d\u00e9veloppement de l'\u00e9glise dans le Sud-Ouest, une oeuvre missionnaire d\u00e9buta en 1925 sur Agen","robots":{"index":"index","follow":"follow","max-snippet":"max-snippet:-1","max-image-preview":"max-image-preview:large","max-video-preview":"max-video-preview:-1"},"canonical":"https:\/\/agen.umc-europe.org\/eglise\/notre-histoire-introduction\/notre-histoire-l-origine\/","og_locale":"fr_FR","og_type":"article","og_title":"L'origine de l'\u00e9glise \u00e0 Agen (1925)","og_description":"Gr\u00e2ce \u00e0 l'int\u00e9r\u00eat de certains suisses au d\u00e9veloppement de l'\u00e9glise dans le Sud-Ouest, une oeuvre missionnaire d\u00e9buta en 1925 sur Agen","og_url":"https:\/\/agen.umc-europe.org\/eglise\/notre-histoire-introduction\/notre-histoire-l-origine\/","og_site_name":"\u00c9glise Protestante \u00c9vang\u00e9lique M\u00e9thodiste Agen","article_publisher":"https:\/\/www.facebook.com\/EgliseAgen\/","article_modified_time":"2017-12-27T18:32:59+00:00","twitter_card":"summary_large_image","twitter_site":"@EgliseAgen","twitter_misc":{"Dur\u00e9e de lecture estim\u00e9e":"3 minutes"},"schema":{"@context":"https:\/\/schema.org","@graph":[{"@type":"WebPage","@id":"https:\/\/agen.umc-europe.org\/eglise\/notre-histoire-introduction\/notre-histoire-l-origine\/","url":"https:\/\/agen.umc-europe.org\/eglise\/notre-histoire-introduction\/notre-histoire-l-origine\/","name":"L'origine de l'\u00e9glise \u00e0 Agen (1925)","isPartOf":{"@id":"https:\/\/agen.umc-europe.org\/eglise\/#website"},"datePublished":"2014-08-25T21:42:14+00:00","dateModified":"2017-12-27T18:32:59+00:00","description":"Gr\u00e2ce \u00e0 l'int\u00e9r\u00eat de certains suisses au d\u00e9veloppement de l'\u00e9glise dans le Sud-Ouest, une oeuvre missionnaire d\u00e9buta en 1925 sur Agen","breadcrumb":{"@id":"https:\/\/agen.umc-europe.org\/eglise\/notre-histoire-introduction\/notre-histoire-l-origine\/#breadcrumb"},"inLanguage":"fr-FR","potentialAction":[{"@type":"ReadAction","target":["https:\/\/agen.umc-europe.org\/eglise\/notre-histoire-introduction\/notre-histoire-l-origine\/"]}]},{"@type":"BreadcrumbList","@id":"https:\/\/agen.umc-europe.org\/eglise\/notre-histoire-introduction\/notre-histoire-l-origine\/#breadcrumb","itemListElement":[{"@type":"ListItem","position":1,"name":"Accueil","item":"https:\/\/agen.umc-europe.org\/eglise\/"},{"@type":"ListItem","position":2,"name":"Notre histoire &#8211; Introduction","item":"https:\/\/agen.umc-europe.org\/eglise\/notre-histoire-introduction\/"},{"@type":"ListItem","position":3,"name":"Notre histoire &#8211; l&rsquo;origine (1925)"}]},{"@type":"WebSite","@id":"https:\/\/agen.umc-europe.org\/eglise\/#website","url":"https:\/\/agen.umc-europe.org\/eglise\/","name":"\u00c9glise Protestante \u00c9vang\u00e9lique M\u00e9thodiste Agen","description":"Des chr\u00e9tiens \u00e9vang\u00e9liques au coeur du Lot et Garonne. &quot;Viens et vois!&quot; ( Jean 1:47 )","potentialAction":[{"@type":"SearchAction","target":{"@type":"EntryPoint","urlTemplate":"https:\/\/agen.umc-europe.org\/eglise\/?s={search_term_string}"},"query-input":"required name=search_term_string"}],"inLanguage":"fr-FR"}]}},"_links":{"self":[{"href":"https:\/\/agen.umc-europe.org\/eglise\/wp-json\/wp\/v2\/pages\/92"}],"collection":[{"href":"https:\/\/agen.umc-europe.org\/eglise\/wp-json\/wp\/v2\/pages"}],"about":[{"href":"https:\/\/agen.umc-europe.org\/eglise\/wp-json\/wp\/v2\/types\/page"}],"author":[{"embeddable":true,"href":"https:\/\/agen.umc-europe.org\/eglise\/wp-json\/wp\/v2\/users\/2"}],"replies":[{"embeddable":true,"href":"https:\/\/agen.umc-europe.org\/eglise\/wp-json\/wp\/v2\/comments?post=92"}],"version-history":[{"count":10,"href":"https:\/\/agen.umc-europe.org\/eglise\/wp-json\/wp\/v2\/pages\/92\/revisions"}],"predecessor-version":[{"id":4822,"href":"https:\/\/agen.umc-europe.org\/eglise\/wp-json\/wp\/v2\/pages\/92\/revisions\/4822"}],"up":[{"embeddable":true,"href":"https:\/\/agen.umc-europe.org\/eglise\/wp-json\/wp\/v2\/pages\/86"}],"wp:attachment":[{"href":"https:\/\/agen.umc-europe.org\/eglise\/wp-json\/wp\/v2\/media?parent=92"}],"curies":[{"name":"wp","href":"https:\/\/api.w.org\/{rel}","templated":true}]}}