{"id":702,"date":"2014-10-16T14:32:39","date_gmt":"2014-10-16T13:32:39","guid":{"rendered":"http:\/\/agen.umc-europe.org\/eglise\/?page_id=702"},"modified":"2020-07-15T21:57:18","modified_gmt":"2020-07-15T20:57:18","slug":"presse-eglise-agen","status":"publish","type":"page","link":"https:\/\/agen.umc-europe.org\/eglise\/presse-eglise-agen\/","title":{"rendered":"On parle des \u00e9vang\u00e9liques dans la presse"},"content":{"rendered":"\n<p>Depuis de nombreuses ann\u00e9es&nbsp;notre \u00e9glise a fait l\u2019objet de diff\u00e9rents articles et reportages, que ce soit sur des sites chr\u00e9tiens, dans la presse ou \u00e0 la t\u00e9l\u00e9vision. Retrouvez dans cette rubrique ce que disent les m\u00e9dia sur notre \u00e9glise, des t\u00e9moignages, des articles de presse, interviews&#8230; et des liens vers un ensemble de sites en lien avec nos activit\u00e9s !<\/p>\n\n\n\n<h2 class=\"wp-block-heading\">Notre \u00e9glise \u00e0 Agen dans la presse locale<\/h2>\n\n\n\n<p><strong>Juin 2019 :<\/strong> Philippe Goold, nouveau pasteur \u00e0 l&rsquo;\u00e9glise m\u00e9thodiste d&rsquo;Agen <a href=\"https:\/\/www.ladepeche.fr\/2019\/06\/02\/philippe-goold-le-changement-par-la-foi,8234027.php\">ladepeche.fr<\/a><\/p>\n\n\n\n<p><strong>D\u00e9cembre 2018 :<\/strong> Un r\u00e9veillon de No\u00ebl contre l&rsquo;isolement, pour la huiti\u00e8me ann\u00e9e cons\u00e9cutive <a href=\"https:\/\/www.petitbleu.fr\/2018\/12\/10\/un-reveillon-de-noel-contre-lisolement,5009359.php\">petitbleu.fr\/<\/a><\/p>\n\n\n\n<p><strong>F\u00e9vrier 2018 :<\/strong> De \u00ab No\u00ebl ensemble \u00bb au Hang\u2019ART : il n\u2019y a qu\u2019un pas <a href=\"https:\/\/hangart47.fr\/2017\/09\/17\/de-noel-ensemble-au-hangart-il-ny-a-quun-pas\/\">hangart47.fr\/<\/a><\/p>\n\n\n\n<p><strong>Novembre 2017 :<\/strong> Les protestants d&rsquo;Agen font bouger leur ville <a href=\"http:\/\/blog.regardsprotestants.com\/regardssurlesparoisses\/2017\/12\/01\/comment-leglise-protestante-unie-dagen-bouge-la-vie-des-uns-et-des-autres\/\">blog.regardsprotestants.com\/agen-bouge-la-vie-des-uns-et-des-autres\/<\/a><\/p>\n\n\n\n<p><strong>Novembre 2017 :<\/strong> Jean Dionis, maire d&rsquo;Agen accueille les jeunes de Bouge ta ville <a href=\"http:\/\/jeandionis.com\/actualites\/stand-up-bouge-ville\">jeandionis.com\/actualites\/stand-up-bouge-ville<\/a><\/p>\n\n\n\n<p><strong>Avril 2017 :<\/strong> Inauguration de la nouvelle salle de culte <a href=\"https:\/\/www.sudouest.fr\/2017\/04\/10\/un-nouveau-lieu-de-culte-pour-les-grandes-occasions-3353442-3603.php\">sudouest.fr\/2017\/04\/10\/un-nouveau-lieu-de-culte<\/a><\/p>\n\n\n\n<p><strong>D\u00e9cembre 2016<\/strong>&nbsp;: Noel ensemble de Stand&rsquo;up&nbsp;<a href=\"https:\/\/www.ladepeche.fr\/article\/2016\/12\/06\/2472909-rompre-avec-la-solitude-a-noel.html\">ladepeche.fr\/rompre-avec-la-solitude-a-noel<\/a><\/p>\n\n\n\n<p><strong>Avril 2016 :<\/strong>&nbsp;\u00ab\u00catre chr\u00e9tien au XXIe si\u00e8cle \u00bb, Festiv&rsquo;Art de Stand&rsquo;Up&nbsp;<a href=\"https:\/\/www.ladepeche.fr\/article\/2016\/03\/31\/2315389-arts-trait-union-grande-fete-chretiens.html\">ladepeche.fr\/article\/2016\/03\/31\/grande-fete-chretiens<\/a><\/p>\n\n\n\n<p><strong>D\u00e9cembre 2015 :<\/strong>&nbsp;Reportage sur le No\u00ebl solidaire \u00e0 Agen&nbsp;<a href=\"https:\/\/france3-regions.francetvinfo.fr\/aquitaine\/lot-et-garonne\/agen-le-noel-solidaire-de-l-association-stand-891529.html\">france3-regions.francetvinfo.fr\/agen-le-noel-solidaire<\/a><\/p>\n\n\n\n<p><strong>Novembre 2015<\/strong> : Les pasteurs protestants prennent la parole !&nbsp;<a href=\"https:\/\/www.petitbleu.fr\/article\/2015\/11\/25\/45636-quatre-pasteurs-agenais\">petitbleu.fr\/quatre-pasteurs-agenais<\/a><\/p>\n\n\n\n<p><strong>Novembre 2013<\/strong> : Culte de la r\u00e9formation \u00e0 Clairac. <a href=\"https:\/\/www.ladepeche.fr\/article\/2013\/10\/27\/1739963-les-protestants-en-fete.html\">ladepeche.fr les-protestants-en-fete<\/a><\/p>\n\n\n\n<p><strong>Juillet 2011<\/strong> : Un retour sur la colonie de vacances d&rsquo;\u00e9t\u00e9 Tipi Ardent organis\u00e9e en partie par notre \u00e9glise. <a href=\"https:\/\/www.ladepeche.fr\/article\/2011\/07\/30\/1137489-miramont-latour-deja-la-colonie-de-vacances-s-acheve.html\">ladepeche.fr la-colonie-de-vacances<\/a><\/p>\n\n\n\n<p><strong>Octobre 2010<\/strong> : Fait marquant sur Agen, 4 nouveaux pasteurs s&rsquo;installent dans les \u00e9glise protestantes d&rsquo;Agen en cette ann\u00e9e 2010. Sud Ouest revient sur cette \u00e9tape pour nos \u00e9glises. <a href=\"https:\/\/www.sudouest.fr\/2010\/10\/25\/quatre-nouveaux-pasteurs-dans-la-cite-221264-641.php\">sudouest.fr quatre-nouveaux-pasteurs-dans-la-cite<\/a><\/p>\n\n\n\n<p><strong>Septembre 2010<\/strong> : Apr\u00e8s la d\u00e9t\u00e9rioration volontaire&nbsp;de son antenne, retour sur l&rsquo;assembl\u00e9e g\u00e9n\u00e9rale d&rsquo;Espoir FM, radio co-fond\u00e9e par l&rsquo;\u00e9glise m\u00e9thodiste agenaise. &nbsp;<a href=\"https:\/\/www.ladepeche.fr\/article\/2010\/09\/07\/901234-agen-espoir-fm-voit-la-vie-en-noir.html\">ladepeche.fr agen-espoir-fm<\/a><\/p>\n\n\n\n<p><strong>Mars 2002<\/strong> : L&rsquo;Eglise est-elle propri\u00e9taire d&rsquo;un riche patrimoine? Le quotidien La d\u00e9p\u00eache cite&nbsp;le patrimoine plus modeste de l&rsquo;<a href=\"https:\/\/agen.umc-europe.org\/eglise\/evangeliques\/\">\u00e9glise \u00e9vang\u00e9lique<\/a> m\u00e9thodiste qui poss\u00e8de un lieu de culte et un presbyt\u00e8re \u00e0 Agen. Plus une biblioth\u00e8que qui appartient \u00e0 l&rsquo;association de culture biblique. <a href=\"https:\/\/www.ladepeche.fr\/article\/2002\/03\/27\/112198-que-possede-l-eglise.html\">ladepeche.fr que-possede-l-eglise<\/a><\/p>\n\n\n\n<p><strong>Septembre 1999<\/strong> : Jean-Francois Poncet rencontre les responsables religieux des quatre principales confessions pr\u00e9sentes en <a href=\"https:\/\/agen.umc-europe.org\/eglise\/nos-activites\/etudes-bibliques-en-lot-et-garonne\/\">Lot-et-Garonne<\/a>, catholicisme, protestantisme, juda\u00efsme et islam. <a href=\"https:\/\/www.ladepeche.fr\/article\/1999\/09\/28\/138048-un-departement-cumenique.html\">ladepeche.fr un-departement-oecumenique<\/a><\/p>\n\n\n\n<h2 class=\"wp-block-heading\">Pr\u00e9sence dans la presse chr\u00e9tienne<\/h2>\n\n\n\n<p><strong>Octobre 2008<\/strong> : Retour sur la fin de <a title=\"Enfants et Jeunes\" href=\"https:\/\/agen.umc-europe.org\/eglise\/nos-activites\/enfants-et-jeunes-catechisme\/\">cat\u00e9chisme<\/a>&nbsp;pour huit cat\u00e9chum\u00e8nes \u00e0 Agen. <a href=\"http:\/\/enroute.umc-europe.org\/2008\/10\/46\/AGEN.html\">http:\/\/enroute.umc-europe.org\/2008\/10\/46\/AGEN.html<\/a><\/p>\n\n\n\n<p><strong>Janvier 2007<\/strong> : Pr\u00e9sentation du Carrefour des femmes des \u00e9glise m\u00e9thodistes \u00ab\u00a0Agen &#8211; Fleurance &#8211; Mont-de-Marsan\u00a0\u00bb. <a href=\"http:\/\/enroute.umc-europe.org\/2007\/27\/agen2707.html\">http:\/\/enroute.umc-europe.org\/2007\/27\/agen2707.html<\/a><\/p>\n\n\n\n<p><strong>Avril 2005<\/strong> : La convention Biblique sur le th\u00e8me de la relation d&rsquo;aide avec Andr\u00e9 Pownall et le second par Anne-Marie Sirakorzian <a href=\"http:\/\/enroute.umc-europe.org\/2005\/08\/eglises0805.html\">http:\/\/enroute.umc-europe.org\/2005\/08\/eglises0805.html<\/a><\/p>\n\n\n\n<p><strong>Novembre 2003<\/strong> :&nbsp;46\u00e8me Convention Biblique d&rsquo;Agen sur le th\u00e8me de \u00ab\u00a0L&rsquo;homme peut-il vivre sans Dieu ?\u00a0\u00bb. <a href=\"http:\/\/eemnews.umc-europe.org\/2003\/novembre\/19-03.php\">http:\/\/eemnews.umc-europe.org\/2003\/novembre\/19-03.php<\/a><\/p>\n\n\n\n<p><strong>Octobre 2002<\/strong> : Quelques nouvelles de la mission Sud-Ouest (MSO) qui regroupe le travail missionaire dans les \u00e9glise d&rsquo;Agen, Fleurance et Mont de Marsan. <a href=\"http:\/\/messager.umc-europe.org\/2002\/1002\/mso1002.html\">http:\/\/messager.umc-europe.org\/2002\/1002\/mso1002.html<\/a><\/p>\n\n\n\n<p><strong>Novembre 2001<\/strong> : Pr\u00e9sentation de&nbsp;la 44e Convention Biblique d&rsquo;Agen. Son th\u00e8me: la relation d\u2019aide, un d\u00e9fi: \u00eatre \u00e0 demeure&#8230; libre de l\u2019occultisme. <a href=\"http:\/\/eemnews.umc-europe.org\/2001\/novembre\/16-10.php\">http:\/\/eemnews.umc-europe.org\/2001\/novembre\/16-10.php<\/a><\/p>\n\n\n\n<p><strong>Septembre 2001<\/strong> : Lancement du site de l&rsquo;\u00e9glise d&rsquo;Agen. <a href=\"http:\/\/eemnews.umc-europe.org\/2001\/septembre\/24-06.php\">http:\/\/eemnews.umc-europe.org\/2001\/septembre\/24-06.php<\/a><\/p>\n\n\n\n<h2 class=\"wp-block-heading\">Les \u00e9vang\u00e9liques dans la presse nationale<\/h2>\n\n\n\n<p><strong>Janvier 2015<\/strong> : Le nombre d&rsquo;Eglises \u00e9vang\u00e9liques en France a tripl\u00e9 en 45 ans <a href=\"https:\/\/www.lexpress.fr\/actualites\/1\/styles\/le-nombre-d-eglises-evangeliques-en-france-a-triple-en-45-ans_1642809.html\">http:\/\/www.lexpress.fr\/actualites\/1\/styles\/le-nombre-d-eglises-evangeliques-en-france-a-triple-en-45-ans_1642809.html<\/a><\/p>\n\n\n\n<p><strong>Novembre 2013 :<\/strong> Culte \u00e0 l&rsquo;\u00e9glise m\u00e9thodiste de Mulhouse &#8211; Tabor sur France2&nbsp;<a href=\"https:\/\/www.youtube.com\/watch?v=cvp3GbQB-Ek\">youtube.com\/presence-protestante\/<\/a><\/p>\n\n\n\n<h2 class=\"wp-block-heading\">D&rsquo;autres r\u00e9f\u00e9rence \u00e0 notre \u00e9glise ou nos pasteurs<\/h2>\n\n\n\n<h3 class=\"wp-block-heading\">Jean-Ruben Otge<\/h3>\n\n\n\n<p><strong>Octobre 2010<\/strong> : Jean Ruben Otge prend son poste \u00e0 l&rsquo;\u00e9glise d&rsquo;Agen en provenance d&rsquo;Al\u00e8s. <a href=\"https:\/\/www.sudouest.fr\/2010\/10\/25\/quatre-nouveaux-pasteurs-dans-la-cite-221264-641.php\">sudouest.fr nouveau-pasteur<\/a><\/p>\n\n\n\n<h3 class=\"wp-block-heading\">Etienne Rudolph<\/h3>\n\n\n\n<p><strong>Janvier 2009<\/strong> : Les pasteur Rudolph d&rsquo;Agen devient surintendant des \u00e9glises m\u00e9thodistes du district francophone.&nbsp;<a href=\"http:\/\/www.emk-schweiz.ch\/nc\/fr\/nouvelles-et-publications\/nouvelles\/europa-fr\/detail-des-nouvelles\/artikel\/2009\/jan\/-b1470ac499.html\">emk-schweiz.ch<\/a><\/p>\n\n\n\n<p><strong>Mars 2002<\/strong> : Retour sur 3 ann\u00e9es de minist\u00e8re de la famille Rudolph \u00e0 <b>Patagones&nbsp;<\/b>en Argentine dans le Christianisme au 21e si\u00e8cle. <a href=\"http:\/\/eemnews.umc-europe.org\/2002\/mars\/26-02.php\">eemnews.umc-europe.org<\/a><\/p>\n\n\n\n<p><strong>Septembre 1999<\/strong> : D\u00e9part du pasteur Rudolph et de sa famille en Argentine.&nbsp;<a href=\"http:\/\/messager.umc-europe.org\/0100\/0100Rudolph.html\">messager.umc-europe.org<\/a><\/p>\n\n\n\n<h3 class=\"wp-block-heading\">Jean-Philippe et Joseline Waechter<\/h3>\n\n\n\n<p><strong>Octobre 2009<\/strong> : Retour sur le culte d\u2019installation du couple pastoral Waechter en l\u2019\u00e9glise St Bernard de Colombes en pr\u00e9sence des trois communaut\u00e9s (Colombes, Gennevilliers et Laumi\u00e8re) qu\u2019il est appel\u00e9 \u00e0 desservir.&nbsp;<a href=\"http:\/\/www.emk-schweiz.ch\/nc\/de\/startseite\/newsdetail\/artikel\/2009\/dec\/paris-le-circuit-methodiste-regroupe-trois-communautes.html\">emk-schweiz.ch paris-le-circuit-methodiste<\/a><\/p>\n\n\n\n<p><strong>Septembre 2009<\/strong> : D\u00e9part du couple Waechter de l&rsquo;\u00e9glise m\u00e9thodiste de Munster (Alsace) pour se rendre en r\u00e9gion parisienne (Gennevilliers). <a href=\"https:\/\/sitemap.dna.fr\/articles\/200909\/25\/le-depart-des-pasteurs,munster,000012882.php\">dna.fr depart-des-pasteurs,munster<\/a><\/p>\n\n\n\n<p><strong>Novembre 2000<\/strong> : D\u00e9tail de la position des \u00e9glises protestantes par rapport \u00e0 la f\u00eate de la Toussaint. <a href=\"https:\/\/www.ladepeche.fr\/article\/2000\/11\/01\/98944-offrandes-et-prieres.html\">ladepeche.fr<\/a><\/p>\n\n\n\n<h3 class=\"wp-block-heading\">Werner et Julie Nyffeler<\/h3>\n\n\n\n<p>Retour sur la vie pendant la guerre du pasteur Nyfeller et de sa famille : <a href=\"http:\/\/www.ajpn.org\/personne-8087.html\">http:\/\/www.ajpn.org\/personne-8087.html<\/a><\/p>\n\n\n\n<p><strong>F\u00e9vrier 2007<\/strong> : Entretien audio avec Julie Nyffeler (98 ans), femme du pasteur Werner Nyfeller, qui revient sur la protection accord\u00e9e par leur famille et l&rsquo;\u00e9glise agenaise&nbsp;pendant la second guerre mondiale.&nbsp;<a href=\"http:\/\/enroute.umc-europe.org\/2007\/28\/nyffeler2807.html\">http:\/\/enroute.umc-europe.org\/2007\/28\/nyffeler2807.html<\/a><\/p>\n","protected":false},"excerpt":{"rendered":"<p>Depuis de nombreuses ann\u00e9es&nbsp;notre \u00e9glise a fait l\u2019objet de diff\u00e9rents articles et reportages, que ce soit sur des sites chr\u00e9tiens, dans la presse ou \u00e0 la t\u00e9l\u00e9vision. Retrouvez dans cette rubrique ce que disent les m\u00e9dia sur notre \u00e9glise, des t\u00e9moignages, des articles de presse, interviews&#8230; et des liens vers&#8230;<\/p>\n","protected":false},"author":2,"featured_media":0,"parent":0,"menu_order":0,"comment_status":"closed","ping_status":"open","template":"","meta":{"_monsterinsights_skip_tracking":false,"_monsterinsights_sitenote_active":false,"_monsterinsights_sitenote_note":"","_monsterinsights_sitenote_category":0,"footnotes":""},"yoast_head":"<!-- This site is optimized with the Yoast SEO plugin v21.9.1 - https:\/\/yoast.com\/wordpress\/plugins\/seo\/ -->\n<title>On parle de nous dans la presse - Eglise M\u00e9thodiste Agen<\/title>\n<meta name=\"description\" content=\"Retrouvez dans cette rubrique ce que disent les m\u00e9dia sur notre \u00e9glise \u00e0 Agen, des t\u00e9moignages, des articles de presse, interviews...\" \/>\n<meta name=\"robots\" content=\"index, follow, max-snippet:-1, max-image-preview:large, max-video-preview:-1\" \/>\n<link rel=\"canonical\" href=\"https:\/\/agen.umc-europe.org\/eglise\/presse-eglise-agen\/\" \/>\n<meta property=\"og:locale\" content=\"fr_FR\" \/>\n<meta property=\"og:type\" content=\"article\" \/>\n<meta property=\"og:title\" content=\"On parle de nous dans la presse - Eglise M\u00e9thodiste Agen\" \/>\n<meta property=\"og:description\" content=\"Retrouvez dans cette rubrique ce que disent les m\u00e9dia sur notre \u00e9glise \u00e0 Agen, des t\u00e9moignages, des articles de presse, interviews...\" \/>\n<meta property=\"og:url\" content=\"https:\/\/agen.umc-europe.org\/eglise\/presse-eglise-agen\/\" \/>\n<meta property=\"og:site_name\" content=\"\u00c9glise Protestante \u00c9vang\u00e9lique M\u00e9thodiste Agen\" \/>\n<meta property=\"article:publisher\" content=\"https:\/\/www.facebook.com\/EgliseAgen\/\" \/>\n<meta property=\"article:modified_time\" content=\"2020-07-15T20:57:18+00:00\" \/>\n<meta name=\"twitter:card\" content=\"summary_large_image\" \/>\n<meta name=\"twitter:site\" content=\"@EgliseAgen\" \/>\n<meta name=\"twitter:label1\" content=\"Dur\u00e9e de lecture estim\u00e9e\" \/>\n\t<meta name=\"twitter:data1\" content=\"4 minutes\" \/>\n<script type=\"application\/ld+json\" class=\"yoast-schema-graph\">{\"@context\":\"https:\/\/schema.org\",\"@graph\":[{\"@type\":\"WebPage\",\"@id\":\"https:\/\/agen.umc-europe.org\/eglise\/presse-eglise-agen\/\",\"url\":\"https:\/\/agen.umc-europe.org\/eglise\/presse-eglise-agen\/\",\"name\":\"On parle de nous dans la presse - Eglise M\u00e9thodiste Agen\",\"isPartOf\":{\"@id\":\"https:\/\/agen.umc-europe.org\/eglise\/#website\"},\"datePublished\":\"2014-10-16T13:32:39+00:00\",\"dateModified\":\"2020-07-15T20:57:18+00:00\",\"description\":\"Retrouvez dans cette rubrique ce que disent les m\u00e9dia sur notre \u00e9glise \u00e0 Agen, des t\u00e9moignages, des articles de presse, interviews...\",\"breadcrumb\":{\"@id\":\"https:\/\/agen.umc-europe.org\/eglise\/presse-eglise-agen\/#breadcrumb\"},\"inLanguage\":\"fr-FR\",\"potentialAction\":[{\"@type\":\"ReadAction\",\"target\":[\"https:\/\/agen.umc-europe.org\/eglise\/presse-eglise-agen\/\"]}]},{\"@type\":\"BreadcrumbList\",\"@id\":\"https:\/\/agen.umc-europe.org\/eglise\/presse-eglise-agen\/#breadcrumb\",\"itemListElement\":[{\"@type\":\"ListItem\",\"position\":1,\"name\":\"Accueil\",\"item\":\"https:\/\/agen.umc-europe.org\/eglise\/\"},{\"@type\":\"ListItem\",\"position\":2,\"name\":\"On parle des \u00e9vang\u00e9liques dans la presse\"}]},{\"@type\":\"WebSite\",\"@id\":\"https:\/\/agen.umc-europe.org\/eglise\/#website\",\"url\":\"https:\/\/agen.umc-europe.org\/eglise\/\",\"name\":\"\u00c9glise Protestante \u00c9vang\u00e9lique M\u00e9thodiste Agen\",\"description\":\"Des chr\u00e9tiens \u00e9vang\u00e9liques au coeur du Lot et Garonne. &quot;Viens et vois!&quot; ( Jean 1:47 )\",\"potentialAction\":[{\"@type\":\"SearchAction\",\"target\":{\"@type\":\"EntryPoint\",\"urlTemplate\":\"https:\/\/agen.umc-europe.org\/eglise\/?s={search_term_string}\"},\"query-input\":\"required name=search_term_string\"}],\"inLanguage\":\"fr-FR\"}]}<\/script>\n<!-- \/ Yoast SEO plugin. -->","yoast_head_json":{"title":"On parle de nous dans la presse - Eglise M\u00e9thodiste Agen","description":"Retrouvez dans cette rubrique ce que disent les m\u00e9dia sur notre \u00e9glise \u00e0 Agen, des t\u00e9moignages, des articles de presse, interviews...","robots":{"index":"index","follow":"follow","max-snippet":"max-snippet:-1","max-image-preview":"max-image-preview:large","max-video-preview":"max-video-preview:-1"},"canonical":"https:\/\/agen.umc-europe.org\/eglise\/presse-eglise-agen\/","og_locale":"fr_FR","og_type":"article","og_title":"On parle de nous dans la presse - Eglise M\u00e9thodiste Agen","og_description":"Retrouvez dans cette rubrique ce que disent les m\u00e9dia sur notre \u00e9glise \u00e0 Agen, des t\u00e9moignages, des articles de presse, interviews...","og_url":"https:\/\/agen.umc-europe.org\/eglise\/presse-eglise-agen\/","og_site_name":"\u00c9glise Protestante \u00c9vang\u00e9lique M\u00e9thodiste Agen","article_publisher":"https:\/\/www.facebook.com\/EgliseAgen\/","article_modified_time":"2020-07-15T20:57:18+00:00","twitter_card":"summary_large_image","twitter_site":"@EgliseAgen","twitter_misc":{"Dur\u00e9e de lecture estim\u00e9e":"4 minutes"},"schema":{"@context":"https:\/\/schema.org","@graph":[{"@type":"WebPage","@id":"https:\/\/agen.umc-europe.org\/eglise\/presse-eglise-agen\/","url":"https:\/\/agen.umc-europe.org\/eglise\/presse-eglise-agen\/","name":"On parle de nous dans la presse - Eglise M\u00e9thodiste Agen","isPartOf":{"@id":"https:\/\/agen.umc-europe.org\/eglise\/#website"},"datePublished":"2014-10-16T13:32:39+00:00","dateModified":"2020-07-15T20:57:18+00:00","description":"Retrouvez dans cette rubrique ce que disent les m\u00e9dia sur notre \u00e9glise \u00e0 Agen, des t\u00e9moignages, des articles de presse, interviews...","breadcrumb":{"@id":"https:\/\/agen.umc-europe.org\/eglise\/presse-eglise-agen\/#breadcrumb"},"inLanguage":"fr-FR","potentialAction":[{"@type":"ReadAction","target":["https:\/\/agen.umc-europe.org\/eglise\/presse-eglise-agen\/"]}]},{"@type":"BreadcrumbList","@id":"https:\/\/agen.umc-europe.org\/eglise\/presse-eglise-agen\/#breadcrumb","itemListElement":[{"@type":"ListItem","position":1,"name":"Accueil","item":"https:\/\/agen.umc-europe.org\/eglise\/"},{"@type":"ListItem","position":2,"name":"On parle des \u00e9vang\u00e9liques dans la presse"}]},{"@type":"WebSite","@id":"https:\/\/agen.umc-europe.org\/eglise\/#website","url":"https:\/\/agen.umc-europe.org\/eglise\/","name":"\u00c9glise Protestante \u00c9vang\u00e9lique M\u00e9thodiste Agen","description":"Des chr\u00e9tiens \u00e9vang\u00e9liques au coeur du Lot et Garonne. &quot;Viens et vois!&quot; ( Jean 1:47 )","potentialAction":[{"@type":"SearchAction","target":{"@type":"EntryPoint","urlTemplate":"https:\/\/agen.umc-europe.org\/eglise\/?s={search_term_string}"},"query-input":"required name=search_term_string"}],"inLanguage":"fr-FR"}]}},"_links":{"self":[{"href":"https:\/\/agen.umc-europe.org\/eglise\/wp-json\/wp\/v2\/pages\/702"}],"collection":[{"href":"https:\/\/agen.umc-europe.org\/eglise\/wp-json\/wp\/v2\/pages"}],"about":[{"href":"https:\/\/agen.umc-europe.org\/eglise\/wp-json\/wp\/v2\/types\/page"}],"author":[{"embeddable":true,"href":"https:\/\/agen.umc-europe.org\/eglise\/wp-json\/wp\/v2\/users\/2"}],"replies":[{"embeddable":true,"href":"https:\/\/agen.umc-europe.org\/eglise\/wp-json\/wp\/v2\/comments?post=702"}],"version-history":[{"count":29,"href":"https:\/\/agen.umc-europe.org\/eglise\/wp-json\/wp\/v2\/pages\/702\/revisions"}],"predecessor-version":[{"id":6296,"href":"https:\/\/agen.umc-europe.org\/eglise\/wp-json\/wp\/v2\/pages\/702\/revisions\/6296"}],"wp:attachment":[{"href":"https:\/\/agen.umc-europe.org\/eglise\/wp-json\/wp\/v2\/media?parent=702"}],"curies":[{"name":"wp","href":"https:\/\/api.w.org\/{rel}","templated":true}]}}