{"id":6711,"date":"2024-11-06T19:05:08","date_gmt":"2024-11-06T18:05:08","guid":{"rendered":"https:\/\/agen.umc-europe.org\/eglise\/?page_id=6711"},"modified":"2024-11-06T19:05:44","modified_gmt":"2024-11-06T18:05:44","slug":"67e-convention-biblique-dagen","status":"publish","type":"page","link":"https:\/\/agen.umc-europe.org\/eglise\/67e-convention-biblique-dagen\/","title":{"rendered":"67e convention biblique d&rsquo;Agen"},"content":{"rendered":"\n<h2 class=\"wp-block-heading\">H<strong>istoire de la convention biblique annuelle d&rsquo;Agen<\/strong><\/h2>\n\n\n\n<p>De par ses origines fortement rurales (suisses), l\u2019Eglise \u00c9vang\u00e9lique M\u00e9thodiste d\u2019Agen (EEM Agen) organisait&nbsp;\u00e0 la p\u00e9riode creuse des travaux des champs, un <strong>temps de retraite spirituelle<\/strong>. Malgr\u00e9 l\u2019\u00e9largissement de la base des croyants, issus d\u00e9sormais de toutes les couches sociales et de toutes origines, ce temps de r\u00e9flexion et d&rsquo;\u00e9tude de la Bible intitul\u00e9 \u00abConvention biblique\u00bb est devenu un <strong>rendez-vous incontournable<\/strong> du programme protestant Lot-et-Garonnais au coeur de l\u2019automne avec des orateurs de renom&#8230;.<\/p>\n\n\n<div class=\"wp-block-image\">\n<figure class=\"aligncenter\"><a href=\"https:\/\/agen.umc-europe.org\/eglise\/wp-content\/uploads\/2017\/06\/bible-sans-erreurs.jpg\"><img loading=\"lazy\" decoding=\"async\" width=\"1025\" height=\"200\" src=\"https:\/\/agen.umc-europe.org\/eglise\/wp-content\/uploads\/2017\/06\/bible-sans-erreurs.jpg\" alt=\"La Bible est-elle sans erreurs ?\" class=\"wp-image-2852\" srcset=\"https:\/\/agen.umc-europe.org\/eglise\/wp-content\/uploads\/2017\/06\/bible-sans-erreurs.jpg 1025w, https:\/\/agen.umc-europe.org\/eglise\/wp-content\/uploads\/2017\/06\/bible-sans-erreurs-300x59.jpg 300w, https:\/\/agen.umc-europe.org\/eglise\/wp-content\/uploads\/2017\/06\/bible-sans-erreurs-768x150.jpg 768w, https:\/\/agen.umc-europe.org\/eglise\/wp-content\/uploads\/2017\/06\/bible-sans-erreurs-1024x200.jpg 1024w\" sizes=\"(max-width: 1025px) 100vw, 1025px\" \/><\/a><\/figure><\/div>\n\n\n<h2 class=\"wp-block-heading\"><strong>Dates et programme<\/strong><\/h2>\n\n\n\n<p>La <strong>67e<\/strong> Convention biblique aura lieu du <strong>15-17 Novembre 2024<\/strong>&nbsp;dans les locaux de l&rsquo;\u00e9glise \u00e0 Agen. <\/p>\n\n\n\n<p>Nous aurons l&rsquo;intervention d&rsquo;un seul orateur, <strong>Sylvain Rom\u00e9rowski, <\/strong>auteur et professeur de th\u00e9ologie, et un de concert et de louange, le Samedi soir avec l&rsquo;artiste chr\u00e9tien <strong>Pat Berning<\/strong>.<\/p>\n\n\n\n<p><span style=\"text-decoration: underline;\">Th\u00e8me et orateur :<\/span><\/p>\n\n\n\n<h3 class=\"wp-block-heading has-text-align-center\">Isra\u00ebl dans l\u2019histoire du salut<\/h3>\n\n\n\n<p class=\"has-text-align-center\">La place d\u2019Isra\u00ebl dans le plan de Dieu est un sujet complexe et fait partie des sujets controvers\u00e9s parmi les \u00e9vang\u00e9liques. Notre orateur, d\u2019origine juive, nous pr\u00e9sente le fruit de ses ann\u00e9es d\u2019analyse des \u00e9crits bibliques.<\/p>\n\n\n\n<p class=\"has-text-align-center\"><em>Sylvain Rom\u00e9rowski, auteur et professeur de th\u00e9ologie<\/em><\/p>\n\n\n\n<p><span style=\"text-decoration: underline;\">Programme :<\/span><\/p>\n\n\n\n<ul>\n<li>Vendredi 15 \u00e0 20h30: Isra\u00ebl sous l\u2019ancienne alliance<\/li>\n\n\n\n<li>Samedi 16 \u00e0 10h30: Isra\u00ebl dans les proph\u00e9ties de l\u2019Ancien Testament<\/li>\n\n\n\n<li>Samedi 16 \u00e0 14h30: Le pays d\u2019Isra\u00ebl dans l\u2019histoire du salut<\/li>\n\n\n\n<li><strong>Samedi 18 \u00e0 20h00: Concert de louange avec Pat Berning<\/strong><\/li>\n\n\n\n<li>Dimanche 19 \u00e0 10h: Culte et pr\u00e9dication de l&rsquo;orateur<\/li>\n\n\n\n<li>Dimanche 19 \u00e0 14h30: L\u2019enseignement de l&rsquo;\u00e9p\u00eetre aux Romains<\/li>\n<\/ul>\n\n\n\n<p class=\"has-text-align-center\"><strong>Entr\u00e9e libre et gratuite !<\/strong><br><em>Libre participation aux frais pour le repas servi le Samedi midi.<\/em><br><em>Le repas du Dimanche midi sera une agape, ce qui est apport\u00e9 par chacun sera mis en commun pour tous.<\/em><\/p>\n\n\n\n<p><\/p>\n\n\n\n<h2 class=\"wp-block-heading\"><strong>\u00c9couter les enseignements<\/strong><\/h2>\n\n\n\n<p>Les enseignements seront retransmis en direct sur <a href=\"https:\/\/www.youtube.com\/channel\/UCnyBrjp8mqcc4RQbZC93Y6w\">la cha\u00eene youtube de l&rsquo;\u00e9glise m\u00e9thodiste d&rsquo;Agen<\/a><\/p>\n","protected":false},"excerpt":{"rendered":"<p>Histoire de la convention biblique annuelle d&rsquo;Agen De par ses origines fortement rurales (suisses), l\u2019Eglise \u00c9vang\u00e9lique M\u00e9thodiste d\u2019Agen (EEM Agen) organisait&nbsp;\u00e0 la p\u00e9riode creuse des travaux des champs, un temps de retraite spirituelle. Malgr\u00e9 l\u2019\u00e9largissement de la base des croyants, issus d\u00e9sormais de toutes les couches sociales et de toutes&#8230;<\/p>\n","protected":false},"author":2,"featured_media":0,"parent":0,"menu_order":0,"comment_status":"closed","ping_status":"closed","template":"","meta":{"_monsterinsights_skip_tracking":false,"_monsterinsights_sitenote_active":false,"_monsterinsights_sitenote_note":"","_monsterinsights_sitenote_category":0,"footnotes":""},"yoast_head":"<!-- This site is optimized with the Yoast SEO plugin v21.9.1 - https:\/\/yoast.com\/wordpress\/plugins\/seo\/ -->\n<title>67e convention biblique d&#039;Agen - \u00c9glise Protestante \u00c9vang\u00e9lique M\u00e9thodiste Agen<\/title>\n<meta name=\"robots\" content=\"index, follow, max-snippet:-1, max-image-preview:large, max-video-preview:-1\" \/>\n<link rel=\"canonical\" href=\"https:\/\/agen.umc-europe.org\/eglise\/67e-convention-biblique-dagen\/\" \/>\n<meta property=\"og:locale\" content=\"fr_FR\" \/>\n<meta property=\"og:type\" content=\"article\" \/>\n<meta property=\"og:title\" content=\"67e convention biblique d&#039;Agen - \u00c9glise Protestante \u00c9vang\u00e9lique M\u00e9thodiste Agen\" \/>\n<meta property=\"og:description\" content=\"Histoire de la convention biblique annuelle d&rsquo;Agen De par ses origines fortement rurales (suisses), l\u2019Eglise \u00c9vang\u00e9lique M\u00e9thodiste d\u2019Agen (EEM Agen) organisait&nbsp;\u00e0 la p\u00e9riode creuse des travaux des champs, un temps de retraite spirituelle. Malgr\u00e9 l\u2019\u00e9largissement de la base des croyants, issus d\u00e9sormais de toutes les couches sociales et de toutes...\" \/>\n<meta property=\"og:url\" content=\"https:\/\/agen.umc-europe.org\/eglise\/67e-convention-biblique-dagen\/\" \/>\n<meta property=\"og:site_name\" content=\"\u00c9glise Protestante \u00c9vang\u00e9lique M\u00e9thodiste Agen\" \/>\n<meta property=\"article:publisher\" content=\"https:\/\/www.facebook.com\/EgliseAgen\/\" \/>\n<meta property=\"article:modified_time\" content=\"2024-11-06T18:05:44+00:00\" \/>\n<meta property=\"og:image\" content=\"https:\/\/agen.umc-europe.org\/eglise\/wp-content\/uploads\/2017\/06\/bible-sans-erreurs.jpg\" \/>\n<meta name=\"twitter:card\" content=\"summary_large_image\" \/>\n<meta name=\"twitter:site\" content=\"@EgliseAgen\" \/>\n<meta name=\"twitter:label1\" content=\"Dur\u00e9e de lecture estim\u00e9e\" \/>\n\t<meta name=\"twitter:data1\" content=\"2 minutes\" \/>\n<script type=\"application\/ld+json\" class=\"yoast-schema-graph\">{\"@context\":\"https:\/\/schema.org\",\"@graph\":[{\"@type\":\"WebPage\",\"@id\":\"https:\/\/agen.umc-europe.org\/eglise\/67e-convention-biblique-dagen\/\",\"url\":\"https:\/\/agen.umc-europe.org\/eglise\/67e-convention-biblique-dagen\/\",\"name\":\"67e convention biblique d'Agen - \u00c9glise Protestante \u00c9vang\u00e9lique M\u00e9thodiste Agen\",\"isPartOf\":{\"@id\":\"https:\/\/agen.umc-europe.org\/eglise\/#website\"},\"datePublished\":\"2024-11-06T18:05:08+00:00\",\"dateModified\":\"2024-11-06T18:05:44+00:00\",\"breadcrumb\":{\"@id\":\"https:\/\/agen.umc-europe.org\/eglise\/67e-convention-biblique-dagen\/#breadcrumb\"},\"inLanguage\":\"fr-FR\",\"potentialAction\":[{\"@type\":\"ReadAction\",\"target\":[\"https:\/\/agen.umc-europe.org\/eglise\/67e-convention-biblique-dagen\/\"]}]},{\"@type\":\"BreadcrumbList\",\"@id\":\"https:\/\/agen.umc-europe.org\/eglise\/67e-convention-biblique-dagen\/#breadcrumb\",\"itemListElement\":[{\"@type\":\"ListItem\",\"position\":1,\"name\":\"Accueil\",\"item\":\"https:\/\/agen.umc-europe.org\/eglise\/\"},{\"@type\":\"ListItem\",\"position\":2,\"name\":\"67e convention biblique d&rsquo;Agen\"}]},{\"@type\":\"WebSite\",\"@id\":\"https:\/\/agen.umc-europe.org\/eglise\/#website\",\"url\":\"https:\/\/agen.umc-europe.org\/eglise\/\",\"name\":\"\u00c9glise Protestante \u00c9vang\u00e9lique M\u00e9thodiste Agen\",\"description\":\"Des chr\u00e9tiens \u00e9vang\u00e9liques au coeur du Lot et Garonne. &quot;Viens et vois!&quot; ( Jean 1:47 )\",\"potentialAction\":[{\"@type\":\"SearchAction\",\"target\":{\"@type\":\"EntryPoint\",\"urlTemplate\":\"https:\/\/agen.umc-europe.org\/eglise\/?s={search_term_string}\"},\"query-input\":\"required name=search_term_string\"}],\"inLanguage\":\"fr-FR\"}]}<\/script>\n<!-- \/ Yoast SEO plugin. -->","yoast_head_json":{"title":"67e convention biblique d'Agen - \u00c9glise Protestante \u00c9vang\u00e9lique M\u00e9thodiste Agen","robots":{"index":"index","follow":"follow","max-snippet":"max-snippet:-1","max-image-preview":"max-image-preview:large","max-video-preview":"max-video-preview:-1"},"canonical":"https:\/\/agen.umc-europe.org\/eglise\/67e-convention-biblique-dagen\/","og_locale":"fr_FR","og_type":"article","og_title":"67e convention biblique d'Agen - \u00c9glise Protestante \u00c9vang\u00e9lique M\u00e9thodiste Agen","og_description":"Histoire de la convention biblique annuelle d&rsquo;Agen De par ses origines fortement rurales (suisses), l\u2019Eglise \u00c9vang\u00e9lique M\u00e9thodiste d\u2019Agen (EEM Agen) organisait&nbsp;\u00e0 la p\u00e9riode creuse des travaux des champs, un temps de retraite spirituelle. Malgr\u00e9 l\u2019\u00e9largissement de la base des croyants, issus d\u00e9sormais de toutes les couches sociales et de toutes...","og_url":"https:\/\/agen.umc-europe.org\/eglise\/67e-convention-biblique-dagen\/","og_site_name":"\u00c9glise Protestante \u00c9vang\u00e9lique M\u00e9thodiste Agen","article_publisher":"https:\/\/www.facebook.com\/EgliseAgen\/","article_modified_time":"2024-11-06T18:05:44+00:00","og_image":[{"url":"https:\/\/agen.umc-europe.org\/eglise\/wp-content\/uploads\/2017\/06\/bible-sans-erreurs.jpg"}],"twitter_card":"summary_large_image","twitter_site":"@EgliseAgen","twitter_misc":{"Dur\u00e9e de lecture estim\u00e9e":"2 minutes"},"schema":{"@context":"https:\/\/schema.org","@graph":[{"@type":"WebPage","@id":"https:\/\/agen.umc-europe.org\/eglise\/67e-convention-biblique-dagen\/","url":"https:\/\/agen.umc-europe.org\/eglise\/67e-convention-biblique-dagen\/","name":"67e convention biblique d'Agen - \u00c9glise Protestante \u00c9vang\u00e9lique M\u00e9thodiste Agen","isPartOf":{"@id":"https:\/\/agen.umc-europe.org\/eglise\/#website"},"datePublished":"2024-11-06T18:05:08+00:00","dateModified":"2024-11-06T18:05:44+00:00","breadcrumb":{"@id":"https:\/\/agen.umc-europe.org\/eglise\/67e-convention-biblique-dagen\/#breadcrumb"},"inLanguage":"fr-FR","potentialAction":[{"@type":"ReadAction","target":["https:\/\/agen.umc-europe.org\/eglise\/67e-convention-biblique-dagen\/"]}]},{"@type":"BreadcrumbList","@id":"https:\/\/agen.umc-europe.org\/eglise\/67e-convention-biblique-dagen\/#breadcrumb","itemListElement":[{"@type":"ListItem","position":1,"name":"Accueil","item":"https:\/\/agen.umc-europe.org\/eglise\/"},{"@type":"ListItem","position":2,"name":"67e convention biblique d&rsquo;Agen"}]},{"@type":"WebSite","@id":"https:\/\/agen.umc-europe.org\/eglise\/#website","url":"https:\/\/agen.umc-europe.org\/eglise\/","name":"\u00c9glise Protestante \u00c9vang\u00e9lique M\u00e9thodiste Agen","description":"Des chr\u00e9tiens \u00e9vang\u00e9liques au coeur du Lot et Garonne. &quot;Viens et vois!&quot; ( Jean 1:47 )","potentialAction":[{"@type":"SearchAction","target":{"@type":"EntryPoint","urlTemplate":"https:\/\/agen.umc-europe.org\/eglise\/?s={search_term_string}"},"query-input":"required name=search_term_string"}],"inLanguage":"fr-FR"}]}},"_links":{"self":[{"href":"https:\/\/agen.umc-europe.org\/eglise\/wp-json\/wp\/v2\/pages\/6711"}],"collection":[{"href":"https:\/\/agen.umc-europe.org\/eglise\/wp-json\/wp\/v2\/pages"}],"about":[{"href":"https:\/\/agen.umc-europe.org\/eglise\/wp-json\/wp\/v2\/types\/page"}],"author":[{"embeddable":true,"href":"https:\/\/agen.umc-europe.org\/eglise\/wp-json\/wp\/v2\/users\/2"}],"replies":[{"embeddable":true,"href":"https:\/\/agen.umc-europe.org\/eglise\/wp-json\/wp\/v2\/comments?post=6711"}],"version-history":[{"count":3,"href":"https:\/\/agen.umc-europe.org\/eglise\/wp-json\/wp\/v2\/pages\/6711\/revisions"}],"predecessor-version":[{"id":6717,"href":"https:\/\/agen.umc-europe.org\/eglise\/wp-json\/wp\/v2\/pages\/6711\/revisions\/6717"}],"wp:attachment":[{"href":"https:\/\/agen.umc-europe.org\/eglise\/wp-json\/wp\/v2\/media?parent=6711"}],"curies":[{"name":"wp","href":"https:\/\/api.w.org\/{rel}","templated":true}]}}