{"id":6376,"date":"2021-10-12T15:19:42","date_gmt":"2021-10-12T14:19:42","guid":{"rendered":"https:\/\/agen.umc-europe.org\/eglise\/?page_id=6376"},"modified":"2021-10-12T15:19:43","modified_gmt":"2021-10-12T14:19:43","slug":"62e-convention-biblique-novembre-2019","status":"publish","type":"page","link":"https:\/\/agen.umc-europe.org\/eglise\/62e-convention-biblique-novembre-2019\/","title":{"rendered":"62e convention biblique Novembre 2019"},"content":{"rendered":"\n<h2 class=\"wp-block-heading\"><strong>Dates et programme<\/strong><\/h2>\n\n\n\n<p>La <strong>62e<\/strong> Convention biblique a  eut lieu du <strong>15-17 Novembre 2019<\/strong>\u00a0dans les nouveaux locaux de l&rsquo;\u00e9glise \u00e0 Agen.<\/p>\n\n\n\n<p><span style=\"text-decoration: underline;\">Th\u00e8mes et orateurs :<\/span><\/p>\n\n\n\n<ul><li>Alain Puglia, pasteur m\u00e9thodiste \u00e0 Codognan, Gard<\/li><li>David K\u00e9h\u00e9yan, \u00e9vang\u00e9liste avec JPC France<\/li><\/ul>\n\n\n\n<div class=\"wp-block-image\"><figure class=\"aligncenter\"><img loading=\"lazy\" decoding=\"async\" width=\"355\" height=\"219\" src=\"https:\/\/agen.umc-europe.org\/eglise\/wp-content\/uploads\/2019\/10\/verite2a.gif\" alt=\"Et si nous parlions de v\u00e9rit\u00e9\" class=\"wp-image-5862\"\/><\/figure><\/div>\n\n\n\n<p><span style=\"text-decoration: underline;\">Programme :<\/span><\/p>\n\n\n\n<p><span style=\"font-weight: 400;\">Vendredi 15 novembre \u00e0 20h30 avec A. Puglia : <\/span> <i><span style=\"font-weight: 400;\">\u00ab\u00a0Qu\u2019est ce que la v\u00e9rit\u00e9 ?\u00a0\u00bb<\/span><\/i> <span style=\"font-weight: 400;\">&nbsp;<\/span><\/p>\n\n\n\n<p><span style=\"font-weight: 400;\">Samedi 16 novembre \u00e0 10h30 avec D. Keheyan&nbsp;:&nbsp; <\/span> <i><span style=\"font-weight: 400;\">\u00ab\u00a0Avant de servir, veiller sur ma relation avec Dieu\u00a0\u00bb<\/span><\/i><\/p>\n\n\n\n<p><span style=\"font-weight: 400;\">Samedi 16 novembre \u00e0 14h30 avec A. Puglia : <\/span> <i><span style=\"font-weight: 400;\">\u00ab\u00a0La v\u00e9rit\u00e9 vous rendra libres !\u00a0\u00bb<\/span><\/i><\/p>\n\n\n\n<p><span style=\"font-weight: 400;\">Samedi 16 novembre \u00e0 20h30 avec D. Keheyan&nbsp;: <\/span> <i><span style=\"font-weight: 400;\">\u00ab\u00a0Proclamer la v\u00e9rit\u00e9, oui, mais pas sans aimer\u00a0\u00bb<\/span><\/i><\/p>\n\n\n\n<p><span style=\"font-weight: 400;\">Samedi, autour de 17h, D. Keheyan partagera son v\u00e9cu des derni\u00e8res ann\u00e9es avec JPC France et les divers \u00e9v\u00e8nements qu\u2019ils organisent dans toute la France.<\/span><\/p>\n\n\n\n<p><span style=\"font-weight: 400;\">Dimanche 17 novembre \u00e0 10h avec A. Puglia :<\/span> <i><span style=\"font-weight: 400;\">\u00ab\u00a0Comment \u00eatre s\u00fbrs d\u2019\u00eatre dans la v\u00e9rit\u00e9 ?\u00a0\u00bb<\/span><\/i> <span style=\"font-weight: 400;\">A. Puglia&nbsp;<\/span><\/p>\n\n\n\n<p><span style=\"font-weight: 400;\">Dimanche 17 novembre \u00e0 14h30 avec D. Keheyan\u00a0: <\/span><i><span style=\"font-weight: 400;\">\u00ab\u00a0Conseils et d\u00e9marches pour partager la v\u00e9rit\u00e9\u00a0\u00bb<\/span><\/i><\/p>\n\n\n\n<h2 class=\"wp-block-heading\"><strong>\u00c9couter les enseignements<\/strong><\/h2>\n","protected":false},"excerpt":{"rendered":"<p>Dates et programme La 62e Convention biblique a eut lieu du 15-17 Novembre 2019\u00a0dans les nouveaux locaux de l&rsquo;\u00e9glise \u00e0 Agen. Th\u00e8mes et orateurs : Alain Puglia, pasteur m\u00e9thodiste \u00e0 Codognan, Gard David K\u00e9h\u00e9yan, \u00e9vang\u00e9liste avec JPC France Programme : Vendredi 15 novembre \u00e0 20h30 avec A. Puglia : \u00ab\u00a0Qu\u2019est&#8230;<\/p>\n","protected":false},"author":2,"featured_media":0,"parent":0,"menu_order":0,"comment_status":"closed","ping_status":"closed","template":"","meta":{"_monsterinsights_skip_tracking":false,"_monsterinsights_sitenote_active":false,"_monsterinsights_sitenote_note":"","_monsterinsights_sitenote_category":0,"footnotes":""},"yoast_head":"<!-- This site is optimized with the Yoast SEO plugin v21.9.1 - https:\/\/yoast.com\/wordpress\/plugins\/seo\/ -->\n<title>62e convention biblique Novembre 2019 - \u00c9glise Protestante \u00c9vang\u00e9lique M\u00e9thodiste Agen<\/title>\n<meta name=\"robots\" content=\"index, follow, max-snippet:-1, max-image-preview:large, max-video-preview:-1\" \/>\n<link rel=\"canonical\" href=\"https:\/\/agen.umc-europe.org\/eglise\/62e-convention-biblique-novembre-2019\/\" \/>\n<meta property=\"og:locale\" content=\"fr_FR\" \/>\n<meta property=\"og:type\" content=\"article\" \/>\n<meta property=\"og:title\" content=\"62e convention biblique Novembre 2019 - \u00c9glise Protestante \u00c9vang\u00e9lique M\u00e9thodiste Agen\" \/>\n<meta property=\"og:description\" content=\"Dates et programme La 62e Convention biblique a eut lieu du 15-17 Novembre 2019\u00a0dans les nouveaux locaux de l&rsquo;\u00e9glise \u00e0 Agen. Th\u00e8mes et orateurs : Alain Puglia, pasteur m\u00e9thodiste \u00e0 Codognan, Gard David K\u00e9h\u00e9yan, \u00e9vang\u00e9liste avec JPC France Programme : Vendredi 15 novembre \u00e0 20h30 avec A. Puglia : \u00ab\u00a0Qu\u2019est...\" \/>\n<meta property=\"og:url\" content=\"https:\/\/agen.umc-europe.org\/eglise\/62e-convention-biblique-novembre-2019\/\" \/>\n<meta property=\"og:site_name\" content=\"\u00c9glise Protestante \u00c9vang\u00e9lique M\u00e9thodiste Agen\" \/>\n<meta property=\"article:publisher\" content=\"https:\/\/www.facebook.com\/EgliseAgen\/\" \/>\n<meta property=\"article:modified_time\" content=\"2021-10-12T14:19:43+00:00\" \/>\n<meta property=\"og:image\" content=\"https:\/\/agen.umc-europe.org\/eglise\/wp-content\/uploads\/2019\/10\/verite2a.gif\" \/>\n<meta name=\"twitter:card\" content=\"summary_large_image\" \/>\n<meta name=\"twitter:site\" content=\"@EgliseAgen\" \/>\n<meta name=\"twitter:label1\" content=\"Dur\u00e9e de lecture estim\u00e9e\" \/>\n\t<meta name=\"twitter:data1\" content=\"1 minute\" \/>\n<script type=\"application\/ld+json\" class=\"yoast-schema-graph\">{\"@context\":\"https:\/\/schema.org\",\"@graph\":[{\"@type\":\"WebPage\",\"@id\":\"https:\/\/agen.umc-europe.org\/eglise\/62e-convention-biblique-novembre-2019\/\",\"url\":\"https:\/\/agen.umc-europe.org\/eglise\/62e-convention-biblique-novembre-2019\/\",\"name\":\"62e convention biblique Novembre 2019 - \u00c9glise Protestante \u00c9vang\u00e9lique M\u00e9thodiste Agen\",\"isPartOf\":{\"@id\":\"https:\/\/agen.umc-europe.org\/eglise\/#website\"},\"datePublished\":\"2021-10-12T14:19:42+00:00\",\"dateModified\":\"2021-10-12T14:19:43+00:00\",\"breadcrumb\":{\"@id\":\"https:\/\/agen.umc-europe.org\/eglise\/62e-convention-biblique-novembre-2019\/#breadcrumb\"},\"inLanguage\":\"fr-FR\",\"potentialAction\":[{\"@type\":\"ReadAction\",\"target\":[\"https:\/\/agen.umc-europe.org\/eglise\/62e-convention-biblique-novembre-2019\/\"]}]},{\"@type\":\"BreadcrumbList\",\"@id\":\"https:\/\/agen.umc-europe.org\/eglise\/62e-convention-biblique-novembre-2019\/#breadcrumb\",\"itemListElement\":[{\"@type\":\"ListItem\",\"position\":1,\"name\":\"Accueil\",\"item\":\"https:\/\/agen.umc-europe.org\/eglise\/\"},{\"@type\":\"ListItem\",\"position\":2,\"name\":\"62e convention biblique Novembre 2019\"}]},{\"@type\":\"WebSite\",\"@id\":\"https:\/\/agen.umc-europe.org\/eglise\/#website\",\"url\":\"https:\/\/agen.umc-europe.org\/eglise\/\",\"name\":\"\u00c9glise Protestante \u00c9vang\u00e9lique M\u00e9thodiste Agen\",\"description\":\"Des chr\u00e9tiens \u00e9vang\u00e9liques au coeur du Lot et Garonne. &quot;Viens et vois!&quot; ( Jean 1:47 )\",\"potentialAction\":[{\"@type\":\"SearchAction\",\"target\":{\"@type\":\"EntryPoint\",\"urlTemplate\":\"https:\/\/agen.umc-europe.org\/eglise\/?s={search_term_string}\"},\"query-input\":\"required name=search_term_string\"}],\"inLanguage\":\"fr-FR\"}]}<\/script>\n<!-- \/ Yoast SEO plugin. -->","yoast_head_json":{"title":"62e convention biblique Novembre 2019 - \u00c9glise Protestante \u00c9vang\u00e9lique M\u00e9thodiste Agen","robots":{"index":"index","follow":"follow","max-snippet":"max-snippet:-1","max-image-preview":"max-image-preview:large","max-video-preview":"max-video-preview:-1"},"canonical":"https:\/\/agen.umc-europe.org\/eglise\/62e-convention-biblique-novembre-2019\/","og_locale":"fr_FR","og_type":"article","og_title":"62e convention biblique Novembre 2019 - \u00c9glise Protestante \u00c9vang\u00e9lique M\u00e9thodiste Agen","og_description":"Dates et programme La 62e Convention biblique a eut lieu du 15-17 Novembre 2019\u00a0dans les nouveaux locaux de l&rsquo;\u00e9glise \u00e0 Agen. Th\u00e8mes et orateurs : Alain Puglia, pasteur m\u00e9thodiste \u00e0 Codognan, Gard David K\u00e9h\u00e9yan, \u00e9vang\u00e9liste avec JPC France Programme : Vendredi 15 novembre \u00e0 20h30 avec A. Puglia : \u00ab\u00a0Qu\u2019est...","og_url":"https:\/\/agen.umc-europe.org\/eglise\/62e-convention-biblique-novembre-2019\/","og_site_name":"\u00c9glise Protestante \u00c9vang\u00e9lique M\u00e9thodiste Agen","article_publisher":"https:\/\/www.facebook.com\/EgliseAgen\/","article_modified_time":"2021-10-12T14:19:43+00:00","og_image":[{"url":"https:\/\/agen.umc-europe.org\/eglise\/wp-content\/uploads\/2019\/10\/verite2a.gif"}],"twitter_card":"summary_large_image","twitter_site":"@EgliseAgen","twitter_misc":{"Dur\u00e9e de lecture estim\u00e9e":"1 minute"},"schema":{"@context":"https:\/\/schema.org","@graph":[{"@type":"WebPage","@id":"https:\/\/agen.umc-europe.org\/eglise\/62e-convention-biblique-novembre-2019\/","url":"https:\/\/agen.umc-europe.org\/eglise\/62e-convention-biblique-novembre-2019\/","name":"62e convention biblique Novembre 2019 - \u00c9glise Protestante \u00c9vang\u00e9lique M\u00e9thodiste Agen","isPartOf":{"@id":"https:\/\/agen.umc-europe.org\/eglise\/#website"},"datePublished":"2021-10-12T14:19:42+00:00","dateModified":"2021-10-12T14:19:43+00:00","breadcrumb":{"@id":"https:\/\/agen.umc-europe.org\/eglise\/62e-convention-biblique-novembre-2019\/#breadcrumb"},"inLanguage":"fr-FR","potentialAction":[{"@type":"ReadAction","target":["https:\/\/agen.umc-europe.org\/eglise\/62e-convention-biblique-novembre-2019\/"]}]},{"@type":"BreadcrumbList","@id":"https:\/\/agen.umc-europe.org\/eglise\/62e-convention-biblique-novembre-2019\/#breadcrumb","itemListElement":[{"@type":"ListItem","position":1,"name":"Accueil","item":"https:\/\/agen.umc-europe.org\/eglise\/"},{"@type":"ListItem","position":2,"name":"62e convention biblique Novembre 2019"}]},{"@type":"WebSite","@id":"https:\/\/agen.umc-europe.org\/eglise\/#website","url":"https:\/\/agen.umc-europe.org\/eglise\/","name":"\u00c9glise Protestante \u00c9vang\u00e9lique M\u00e9thodiste Agen","description":"Des chr\u00e9tiens \u00e9vang\u00e9liques au coeur du Lot et Garonne. &quot;Viens et vois!&quot; ( Jean 1:47 )","potentialAction":[{"@type":"SearchAction","target":{"@type":"EntryPoint","urlTemplate":"https:\/\/agen.umc-europe.org\/eglise\/?s={search_term_string}"},"query-input":"required name=search_term_string"}],"inLanguage":"fr-FR"}]}},"_links":{"self":[{"href":"https:\/\/agen.umc-europe.org\/eglise\/wp-json\/wp\/v2\/pages\/6376"}],"collection":[{"href":"https:\/\/agen.umc-europe.org\/eglise\/wp-json\/wp\/v2\/pages"}],"about":[{"href":"https:\/\/agen.umc-europe.org\/eglise\/wp-json\/wp\/v2\/types\/page"}],"author":[{"embeddable":true,"href":"https:\/\/agen.umc-europe.org\/eglise\/wp-json\/wp\/v2\/users\/2"}],"replies":[{"embeddable":true,"href":"https:\/\/agen.umc-europe.org\/eglise\/wp-json\/wp\/v2\/comments?post=6376"}],"version-history":[{"count":3,"href":"https:\/\/agen.umc-europe.org\/eglise\/wp-json\/wp\/v2\/pages\/6376\/revisions"}],"predecessor-version":[{"id":6384,"href":"https:\/\/agen.umc-europe.org\/eglise\/wp-json\/wp\/v2\/pages\/6376\/revisions\/6384"}],"wp:attachment":[{"href":"https:\/\/agen.umc-europe.org\/eglise\/wp-json\/wp\/v2\/media?parent=6376"}],"curies":[{"name":"wp","href":"https:\/\/api.w.org\/{rel}","templated":true}]}}