{"id":6182,"date":"2020-05-17T08:17:11","date_gmt":"2020-05-17T07:17:11","guid":{"rendered":"https:\/\/agen.umc-europe.org\/eglise\/?page_id=6182"},"modified":"2020-05-17T15:59:29","modified_gmt":"2020-05-17T14:59:29","slug":"culte-en-direct-du-17-mai-2020","status":"publish","type":"page","link":"https:\/\/agen.umc-europe.org\/eglise\/culte-en-direct-du-17-mai-2020\/","title":{"rendered":"Culte \u00ab\u00a0en direct\u00a0\u00bb du 17 Mai 2020"},"content":{"rendered":"\n<blockquote class=\"wp-block-quote\"><p>\u00ab\u00a0<em>C&rsquo;est l&rsquo;\u00c9ternel&nbsp;ton Dieu que tu dois r\u00e9v\u00e9rer, c&rsquo;est \u00e0 lui que tu rendras un culte, et c&rsquo;est par son nom que tu pr\u00eateras serment.<\/em>\u00ab\u00a0<\/p><cite>Deut\u00e9ronome 6.13<\/cite><\/blockquote>\n\n\n\n<p>Rendons ce culte \u00e0 notre Dieu et Seigneur, car Il est digne de louange. M\u00eame si nous ne pouvons pas encore \u00eatre les uns avec les autres, ce matin, en Lui nous sommes un, nous sommes une famille unis par un m\u00eame P\u00e8re, un m\u00eame Seigneur et un m\u00eame Esprit.&nbsp;<\/p>\n\n\n\n<p><strong>Chants:<\/strong><\/p>\n\n\n\n<figure class=\"wp-block-embed-youtube wp-block-embed is-type-video is-provider-youtube wp-embed-aspect-4-3 wp-has-aspect-ratio\"><div class=\"wp-block-embed__wrapper\">\n<iframe loading=\"lazy\" title=\"Tu adoreras, Corinne Lafitte - Chant chr\u00e9tien\" width=\"1024\" height=\"768\" src=\"https:\/\/www.youtube.com\/embed\/I11D9I0sLGo?feature=oembed\" frameborder=\"0\" allow=\"accelerometer; autoplay; encrypted-media; gyroscope; picture-in-picture\" allowfullscreen><\/iframe>\n<\/div><figcaption> <em>\u00ab\u00a0Tu adoreras\u00a0\u00bb&nbsp;<\/em>Corine Lafitte <\/figcaption><\/figure>\n\n\n\n<figure class=\"wp-block-embed-youtube wp-block-embed is-type-video is-provider-youtube wp-embed-aspect-16-9 wp-has-aspect-ratio\"><div class=\"wp-block-embed__wrapper\">\n<iframe loading=\"lazy\" title=\"Nous ce\u0301le\u0301brons ta Gloire (cover) \u00c9glise Protestante Les Deux Rives\" width=\"1024\" height=\"576\" src=\"https:\/\/www.youtube.com\/embed\/68RNUQ0cdVg?feature=oembed\" frameborder=\"0\" allow=\"accelerometer; autoplay; encrypted-media; gyroscope; picture-in-picture\" allowfullscreen><\/iframe>\n<\/div><figcaption> <strong>Nous c\u00e9l\u00e9brons ta gloire<\/strong><\/figcaption><\/figure>\n\n\n\n<p>Aujourd&rsquo;hui j&rsquo;aimerais vous partager le t\u00e9moignage, de Rodolph&nbsp;Chouteau, qui a fait les \u00e9tudes de th\u00e9ologie avec moi. Son t\u00e9moignage rend compte d&rsquo;une v\u00e9ritable transformation d&rsquo;identit\u00e9<a rel=\"noreferrer noopener\" href=\"https:\/\/www.youtube.com\/watch?v=9f2wu1qVWmM\" target=\"_blank\">.<\/a><\/p>\n\n\n\n<figure class=\"wp-block-embed-youtube wp-block-embed is-type-video is-provider-youtube wp-embed-aspect-16-9 wp-has-aspect-ratio\"><div class=\"wp-block-embed__wrapper\">\n<iframe loading=\"lazy\" title=\"Mon t\u00e9moignage : de l&#039;\u00e9criture \u00e0 l&#039;\u00c9criture - Rodolphe Chouteau\" width=\"1024\" height=\"576\" src=\"https:\/\/www.youtube.com\/embed\/9f2wu1qVWmM?feature=oembed\" frameborder=\"0\" allow=\"accelerometer; autoplay; encrypted-media; gyroscope; picture-in-picture\" allowfullscreen><\/iframe>\n<\/div><\/figure>\n\n\n\n<figure class=\"wp-block-embed-youtube wp-block-embed is-type-video is-provider-youtube wp-embed-aspect-4-3 wp-has-aspect-ratio\"><div class=\"wp-block-embed__wrapper\">\n<iframe loading=\"lazy\" title=\"Je chanterais Gloire \u00e0 L&#039;Eternel Lyrics\" width=\"1024\" height=\"768\" src=\"https:\/\/www.youtube.com\/embed\/J5E10i76MRY?feature=oembed\" frameborder=\"0\" allow=\"accelerometer; autoplay; encrypted-media; gyroscope; picture-in-picture\" allowfullscreen><\/iframe>\n<\/div><figcaption> <em>Je chanterais gloire<\/em> <\/figcaption><\/figure>\n\n\n\n<h2 class=\"wp-block-heading\"><strong>Pr\u00e9dication<\/strong> du culte en direct<\/h2>\n\n\n\n<figure class=\"wp-block-embed-youtube wp-block-embed is-type-video is-provider-youtube wp-embed-aspect-16-9 wp-has-aspect-ratio\"><div class=\"wp-block-embed__wrapper\">\n<iframe loading=\"lazy\" title=\"Le sel et la lumi\u00e8re - Matthieu 5.11-16\" width=\"1024\" height=\"576\" src=\"https:\/\/www.youtube.com\/embed\/vnCItM9de4s?feature=oembed\" frameborder=\"0\" allow=\"accelerometer; autoplay; encrypted-media; gyroscope; picture-in-picture\" allowfullscreen><\/iframe>\n<\/div><figcaption> Identit\u00e9 en Christ: \u00catre sel et lumi\u00e8re dans le monde  <\/figcaption><\/figure>\n\n\n\n<h2 class=\"wp-block-heading\"><strong>Chant<\/strong>s de conclusion<\/h2>\n\n\n\n<figure class=\"wp-block-embed-youtube wp-block-embed is-type-video is-provider-youtube wp-embed-aspect-4-3 wp-has-aspect-ratio\"><div class=\"wp-block-embed__wrapper\">\n<iframe loading=\"lazy\" title=\"Lumi\u00e8re du monde\" width=\"1024\" height=\"768\" src=\"https:\/\/www.youtube.com\/embed\/HB2QmVT1pKc?feature=oembed\" frameborder=\"0\" allow=\"accelerometer; autoplay; encrypted-media; gyroscope; picture-in-picture\" allowfullscreen><\/iframe>\n<\/div><figcaption> <strong><em>Lumi\u00e8re du monde<\/em><\/strong> <\/figcaption><\/figure>\n\n\n\n<h2 class=\"wp-block-heading\"><strong>B\u00e9n\u00e9diction<\/strong><\/h2>\n\n\n\n<blockquote class=\"wp-block-quote\"><p><strong>\u00ab\u00a0<\/strong><em><strong>Que l&rsquo;Eternel te b\u00e9nisse et te prot\u00e8ge&nbsp;!&nbsp;Que&nbsp;l&rsquo;Eternel&nbsp;te regarde avec bont\u00e9&nbsp;! Et&nbsp;qu&rsquo;il&nbsp;te fasse gr\u00e2ce&nbsp;!&nbsp;Que&nbsp;l&rsquo;Eternel&nbsp;veille sur toi et&nbsp;t&rsquo;accorde&nbsp;la paix&nbsp;!&nbsp;<\/strong><\/em><strong>\u00ab\u00a0<\/strong><\/p><cite> Nombre 6. 24-26<\/cite><\/blockquote>\n\n\n\n<figure class=\"wp-block-embed-youtube wp-block-embed is-type-video is-provider-youtube wp-embed-aspect-16-9 wp-has-aspect-ratio\"><div class=\"wp-block-embed__wrapper\">\n<iframe loading=\"lazy\" title=\"La b\u00e9n\u00e9diction (The blessing)  Cover - Rodolphe Chouteau\" width=\"1024\" height=\"576\" src=\"https:\/\/www.youtube.com\/embed\/XRIabyrVNrw?feature=oembed\" frameborder=\"0\" allow=\"accelerometer; autoplay; encrypted-media; gyroscope; picture-in-picture\" allowfullscreen><\/iframe>\n<\/div><figcaption> <strong><em>B\u00e9n\u00e9diction<\/em><\/strong><\/figcaption><\/figure>\n\n\n\n<p><span style=\"text-decoration: underline;\">Note <\/span>: Cette page \u00e0 pour but de nous permettre finalement de vivre un culte dans des conditions du direct le 17 Mai \u00e0 10h. Mais si vous \u00eates loin d&rsquo;Agen, vous pouvez aussi participer et partager ce culte avec nous en esprit, \u00e0 une autre date, c&rsquo;est pourquoi nous les laissons en ligne. N&rsquo;h\u00e9sitez pas \u00e0 commenter si dessous si vous avez \u00e9t\u00e9 \u00e9difi\u00e9s.<\/p>\n","protected":false},"excerpt":{"rendered":"<p>\u00ab\u00a0C&rsquo;est l&rsquo;\u00c9ternel&nbsp;ton Dieu que tu dois r\u00e9v\u00e9rer, c&rsquo;est \u00e0 lui que tu rendras un culte, et c&rsquo;est par son nom que tu pr\u00eateras serment.\u00ab\u00a0 Deut\u00e9ronome 6.13 Rendons ce culte \u00e0 notre Dieu et Seigneur, car Il est digne de louange. M\u00eame si nous ne pouvons pas encore \u00eatre les uns&#8230;<\/p>\n","protected":false},"author":2,"featured_media":0,"parent":0,"menu_order":0,"comment_status":"open","ping_status":"closed","template":"","meta":{"_monsterinsights_skip_tracking":false,"_monsterinsights_sitenote_active":false,"_monsterinsights_sitenote_note":"","_monsterinsights_sitenote_category":0,"footnotes":""},"yoast_head":"<!-- This site is optimized with the Yoast SEO plugin v21.9.1 - https:\/\/yoast.com\/wordpress\/plugins\/seo\/ -->\n<title>Culte &quot;en direct&quot; du 17 Mai 2020 - \u00c9glise Protestante \u00c9vang\u00e9lique M\u00e9thodiste Agen<\/title>\n<meta name=\"robots\" content=\"index, follow, max-snippet:-1, max-image-preview:large, max-video-preview:-1\" \/>\n<link rel=\"canonical\" href=\"https:\/\/agen.umc-europe.org\/eglise\/culte-en-direct-du-17-mai-2020\/\" \/>\n<meta property=\"og:locale\" content=\"fr_FR\" \/>\n<meta property=\"og:type\" content=\"article\" \/>\n<meta property=\"og:title\" content=\"Culte &quot;en direct&quot; du 17 Mai 2020 - \u00c9glise Protestante \u00c9vang\u00e9lique M\u00e9thodiste Agen\" \/>\n<meta property=\"og:description\" content=\"\u00ab\u00a0C&rsquo;est l&rsquo;\u00c9ternel&nbsp;ton Dieu que tu dois r\u00e9v\u00e9rer, c&rsquo;est \u00e0 lui que tu rendras un culte, et c&rsquo;est par son nom que tu pr\u00eateras serment.\u00ab\u00a0 Deut\u00e9ronome 6.13 Rendons ce culte \u00e0 notre Dieu et Seigneur, car Il est digne de louange. M\u00eame si nous ne pouvons pas encore \u00eatre les uns...\" \/>\n<meta property=\"og:url\" content=\"https:\/\/agen.umc-europe.org\/eglise\/culte-en-direct-du-17-mai-2020\/\" \/>\n<meta property=\"og:site_name\" content=\"\u00c9glise Protestante \u00c9vang\u00e9lique M\u00e9thodiste Agen\" \/>\n<meta property=\"article:publisher\" content=\"https:\/\/www.facebook.com\/EgliseAgen\/\" \/>\n<meta property=\"article:modified_time\" content=\"2020-05-17T14:59:29+00:00\" \/>\n<meta name=\"twitter:card\" content=\"summary_large_image\" \/>\n<meta name=\"twitter:site\" content=\"@EgliseAgen\" \/>\n<meta name=\"twitter:label1\" content=\"Dur\u00e9e de lecture estim\u00e9e\" \/>\n\t<meta name=\"twitter:data1\" content=\"2 minutes\" \/>\n<script type=\"application\/ld+json\" class=\"yoast-schema-graph\">{\"@context\":\"https:\/\/schema.org\",\"@graph\":[{\"@type\":\"WebPage\",\"@id\":\"https:\/\/agen.umc-europe.org\/eglise\/culte-en-direct-du-17-mai-2020\/\",\"url\":\"https:\/\/agen.umc-europe.org\/eglise\/culte-en-direct-du-17-mai-2020\/\",\"name\":\"Culte \\\"en direct\\\" du 17 Mai 2020 - \u00c9glise Protestante \u00c9vang\u00e9lique M\u00e9thodiste Agen\",\"isPartOf\":{\"@id\":\"https:\/\/agen.umc-europe.org\/eglise\/#website\"},\"datePublished\":\"2020-05-17T07:17:11+00:00\",\"dateModified\":\"2020-05-17T14:59:29+00:00\",\"breadcrumb\":{\"@id\":\"https:\/\/agen.umc-europe.org\/eglise\/culte-en-direct-du-17-mai-2020\/#breadcrumb\"},\"inLanguage\":\"fr-FR\",\"potentialAction\":[{\"@type\":\"ReadAction\",\"target\":[\"https:\/\/agen.umc-europe.org\/eglise\/culte-en-direct-du-17-mai-2020\/\"]}]},{\"@type\":\"BreadcrumbList\",\"@id\":\"https:\/\/agen.umc-europe.org\/eglise\/culte-en-direct-du-17-mai-2020\/#breadcrumb\",\"itemListElement\":[{\"@type\":\"ListItem\",\"position\":1,\"name\":\"Accueil\",\"item\":\"https:\/\/agen.umc-europe.org\/eglise\/\"},{\"@type\":\"ListItem\",\"position\":2,\"name\":\"Culte \u00ab\u00a0en direct\u00a0\u00bb du 17 Mai 2020\"}]},{\"@type\":\"WebSite\",\"@id\":\"https:\/\/agen.umc-europe.org\/eglise\/#website\",\"url\":\"https:\/\/agen.umc-europe.org\/eglise\/\",\"name\":\"\u00c9glise Protestante \u00c9vang\u00e9lique M\u00e9thodiste Agen\",\"description\":\"Des chr\u00e9tiens \u00e9vang\u00e9liques au coeur du Lot et Garonne. &quot;Viens et vois!&quot; ( Jean 1:47 )\",\"potentialAction\":[{\"@type\":\"SearchAction\",\"target\":{\"@type\":\"EntryPoint\",\"urlTemplate\":\"https:\/\/agen.umc-europe.org\/eglise\/?s={search_term_string}\"},\"query-input\":\"required name=search_term_string\"}],\"inLanguage\":\"fr-FR\"}]}<\/script>\n<!-- \/ Yoast SEO plugin. -->","yoast_head_json":{"title":"Culte \"en direct\" du 17 Mai 2020 - \u00c9glise Protestante \u00c9vang\u00e9lique M\u00e9thodiste Agen","robots":{"index":"index","follow":"follow","max-snippet":"max-snippet:-1","max-image-preview":"max-image-preview:large","max-video-preview":"max-video-preview:-1"},"canonical":"https:\/\/agen.umc-europe.org\/eglise\/culte-en-direct-du-17-mai-2020\/","og_locale":"fr_FR","og_type":"article","og_title":"Culte \"en direct\" du 17 Mai 2020 - \u00c9glise Protestante \u00c9vang\u00e9lique M\u00e9thodiste Agen","og_description":"\u00ab\u00a0C&rsquo;est l&rsquo;\u00c9ternel&nbsp;ton Dieu que tu dois r\u00e9v\u00e9rer, c&rsquo;est \u00e0 lui que tu rendras un culte, et c&rsquo;est par son nom que tu pr\u00eateras serment.\u00ab\u00a0 Deut\u00e9ronome 6.13 Rendons ce culte \u00e0 notre Dieu et Seigneur, car Il est digne de louange. M\u00eame si nous ne pouvons pas encore \u00eatre les uns...","og_url":"https:\/\/agen.umc-europe.org\/eglise\/culte-en-direct-du-17-mai-2020\/","og_site_name":"\u00c9glise Protestante \u00c9vang\u00e9lique M\u00e9thodiste Agen","article_publisher":"https:\/\/www.facebook.com\/EgliseAgen\/","article_modified_time":"2020-05-17T14:59:29+00:00","twitter_card":"summary_large_image","twitter_site":"@EgliseAgen","twitter_misc":{"Dur\u00e9e de lecture estim\u00e9e":"2 minutes"},"schema":{"@context":"https:\/\/schema.org","@graph":[{"@type":"WebPage","@id":"https:\/\/agen.umc-europe.org\/eglise\/culte-en-direct-du-17-mai-2020\/","url":"https:\/\/agen.umc-europe.org\/eglise\/culte-en-direct-du-17-mai-2020\/","name":"Culte \"en direct\" du 17 Mai 2020 - \u00c9glise Protestante \u00c9vang\u00e9lique M\u00e9thodiste Agen","isPartOf":{"@id":"https:\/\/agen.umc-europe.org\/eglise\/#website"},"datePublished":"2020-05-17T07:17:11+00:00","dateModified":"2020-05-17T14:59:29+00:00","breadcrumb":{"@id":"https:\/\/agen.umc-europe.org\/eglise\/culte-en-direct-du-17-mai-2020\/#breadcrumb"},"inLanguage":"fr-FR","potentialAction":[{"@type":"ReadAction","target":["https:\/\/agen.umc-europe.org\/eglise\/culte-en-direct-du-17-mai-2020\/"]}]},{"@type":"BreadcrumbList","@id":"https:\/\/agen.umc-europe.org\/eglise\/culte-en-direct-du-17-mai-2020\/#breadcrumb","itemListElement":[{"@type":"ListItem","position":1,"name":"Accueil","item":"https:\/\/agen.umc-europe.org\/eglise\/"},{"@type":"ListItem","position":2,"name":"Culte \u00ab\u00a0en direct\u00a0\u00bb du 17 Mai 2020"}]},{"@type":"WebSite","@id":"https:\/\/agen.umc-europe.org\/eglise\/#website","url":"https:\/\/agen.umc-europe.org\/eglise\/","name":"\u00c9glise Protestante \u00c9vang\u00e9lique M\u00e9thodiste Agen","description":"Des chr\u00e9tiens \u00e9vang\u00e9liques au coeur du Lot et Garonne. &quot;Viens et vois!&quot; ( Jean 1:47 )","potentialAction":[{"@type":"SearchAction","target":{"@type":"EntryPoint","urlTemplate":"https:\/\/agen.umc-europe.org\/eglise\/?s={search_term_string}"},"query-input":"required name=search_term_string"}],"inLanguage":"fr-FR"}]}},"_links":{"self":[{"href":"https:\/\/agen.umc-europe.org\/eglise\/wp-json\/wp\/v2\/pages\/6182"}],"collection":[{"href":"https:\/\/agen.umc-europe.org\/eglise\/wp-json\/wp\/v2\/pages"}],"about":[{"href":"https:\/\/agen.umc-europe.org\/eglise\/wp-json\/wp\/v2\/types\/page"}],"author":[{"embeddable":true,"href":"https:\/\/agen.umc-europe.org\/eglise\/wp-json\/wp\/v2\/users\/2"}],"replies":[{"embeddable":true,"href":"https:\/\/agen.umc-europe.org\/eglise\/wp-json\/wp\/v2\/comments?post=6182"}],"version-history":[{"count":5,"href":"https:\/\/agen.umc-europe.org\/eglise\/wp-json\/wp\/v2\/pages\/6182\/revisions"}],"predecessor-version":[{"id":6226,"href":"https:\/\/agen.umc-europe.org\/eglise\/wp-json\/wp\/v2\/pages\/6182\/revisions\/6226"}],"wp:attachment":[{"href":"https:\/\/agen.umc-europe.org\/eglise\/wp-json\/wp\/v2\/media?parent=6182"}],"curies":[{"name":"wp","href":"https:\/\/api.w.org\/{rel}","templated":true}]}}