{"id":6134,"date":"2020-05-11T14:52:32","date_gmt":"2020-05-11T13:52:32","guid":{"rendered":"https:\/\/agen.umc-europe.org\/eglise\/?page_id=6134"},"modified":"2020-05-17T10:12:14","modified_gmt":"2020-05-17T09:12:14","slug":"culte-direct-3-mai-temple-saint-esprit","status":"publish","type":"page","link":"https:\/\/agen.umc-europe.org\/eglise\/culte-direct-3-mai-temple-saint-esprit\/","title":{"rendered":"Culte \u00ab\u00a0en direct\u00a0\u00bb du 3 Mai 2020"},"content":{"rendered":"\n<blockquote class=\"wp-block-quote\"><p>\u00ab Cherchez d&rsquo;abord le r\u00e8gne de Dieu et sa justice, et tout cela vous sera donn\u00e9 par surcro\u00eet. \u00bb  <\/p><cite> Matthieu 6.33 <\/cite><\/blockquote>\n\n\n\n<p>Chantons, louons et partageons la Parole de Dieu, en ce dimanche que l&rsquo;\u00e9glise se mette \u00e0 l&rsquo;\u00e9coute de son Dieu et Seigneur. Je vous invite \u00e0 vivre ce moment \u00e0 partir des chants suivants ainsi qui de la m\u00e9ditation de ce matin.<\/p>\n\n\n\n<h2 class=\"wp-block-heading\">Chants choisis pour le culte du 3 Mai 2020 : <\/h2>\n\n\n\n<figure class=\"wp-block-embed-youtube wp-block-embed is-type-video is-provider-youtube wp-embed-aspect-4-3 wp-has-aspect-ratio\"><div class=\"wp-block-embed__wrapper\">\n<iframe loading=\"lazy\" title=\"Exo Eclats 4- Si tu veux le louer (avec paroles)\" width=\"1024\" height=\"768\" src=\"https:\/\/www.youtube.com\/embed\/mAymPuqzibA?feature=oembed\" frameborder=\"0\" allow=\"accelerometer; autoplay; encrypted-media; gyroscope; picture-in-picture\" allowfullscreen><\/iframe>\n<\/div><figcaption> Si tu veux le louer<\/figcaption><\/figure>\n\n\n\n<figure class=\"wp-block-embed-youtube wp-block-embed is-type-video is-provider-youtube wp-embed-aspect-16-9 wp-has-aspect-ratio\"><div class=\"wp-block-embed__wrapper\">\n<iframe loading=\"lazy\" title=\"Je suis n\u00e9 pour te louer || Instrumental + Paroles\" width=\"1024\" height=\"576\" src=\"https:\/\/www.youtube.com\/embed\/lQlB_WmfL0Q?feature=oembed\" frameborder=\"0\" allow=\"accelerometer; autoplay; encrypted-media; gyroscope; picture-in-picture\" allowfullscreen><\/iframe>\n<\/div><figcaption> Je suis n\u00e9 pour te louer (m\u00e9lodie et paroles, vous pouvez chanter)  <\/figcaption><\/figure>\n\n\n\n<figure class=\"wp-block-embed-youtube wp-block-embed is-type-video is-provider-youtube wp-embed-aspect-4-3 wp-has-aspect-ratio\"><div class=\"wp-block-embed__wrapper\">\n<iframe loading=\"lazy\" title=\"JEM 671 j&#039;ai d\u00e9cid\u00e9\" width=\"1024\" height=\"768\" src=\"https:\/\/www.youtube.com\/embed\/B_w4LHhziNo?feature=oembed\" frameborder=\"0\" allow=\"accelerometer; autoplay; encrypted-media; gyroscope; picture-in-picture\" allowfullscreen><\/iframe>\n<\/div><figcaption> J&rsquo;ai d\u00e9cid\u00e9<\/figcaption><\/figure>\n\n\n\n<h2 class=\"wp-block-heading\">Pr\u00e9dication du 3 Mai 2020: <\/h2>\n\n\n\n<p>Nous poursuivons notre s\u00e9rie sur \u00ab\u00a0L&rsquo;identit\u00e9 du chr\u00e9tien en Christ\u00a0\u00bb. Ce matin, nous r\u00e9fl\u00e9chissions au th\u00e8me : Notre corps est le temple du Saint-Esprit &#8211; 1 Corinthiens 6.12-20<\/p>\n\n\n\n<figure class=\"wp-block-embed-youtube wp-block-embed is-type-video is-provider-youtube wp-embed-aspect-16-9 wp-has-aspect-ratio\"><div class=\"wp-block-embed__wrapper\">\n<iframe loading=\"lazy\" title=\"Notre corps est le temple du Saint-Esprit - 1 Corinthiens 6.12-20\" width=\"1024\" height=\"576\" src=\"https:\/\/www.youtube.com\/embed\/VODVGxYg-s4?feature=oembed\" frameborder=\"0\" allow=\"accelerometer; autoplay; encrypted-media; gyroscope; picture-in-picture\" allowfullscreen><\/iframe>\n<\/div><\/figure>\n\n\n\n<p>Texte du jour<\/p>\n\n\n\n<blockquote class=\"wp-block-quote\"><p>12 Tout m\u2019est permis. Certes, mais tout n\u2019est pas bon pour moi. Tout m\u2019est permis, c\u2019est vrai, mais je ne veux pas me placer sous un esclavage quelconque. 13 \u00ab Les aliments sont faits pour le ventre et le ventre pour les aliments. \u00bb Certes, cependant un jour, Dieu d\u00e9truira l\u2019un comme l\u2019autre. Mais attention\u202f: notre corps, lui, n\u2019a pas \u00e9t\u00e9 fait pour l\u2019inconduite, il est pour le Seigneur et le Seigneur est pour le corps. 14 En effet, comme Dieu a ressuscit\u00e9 le Seigneur, il nous ressuscitera, nous aussi, par sa puissance. 15 Ignorez-vous que vos corps sont des membres de Christ\u202f? Vais-je donc arracher les membres de Christ pour en faire ceux d\u2019une prostitu\u00e9e\u202f? S\u00fbrement pas\u202f! 16 Ou bien, ignorez-vous qu\u2019un homme qui s\u2019unit \u00e0 une prostitu\u00e9e devient un seul corps avec elle\u202f? Car il est \u00e9crit\u202f: Les deux ne feront plus qu\u2019un. 17 Mais celui qui s\u2019unit au Seigneur devient, lui, un seul esprit avec lui. 18 C\u2019est pourquoi, fuyez l\u2019inconduite sexuelle. Tous les autres p\u00e9ch\u00e9s qu\u2019un homme peut commettre n\u2019impliquent pas son corps, mais celui qui se livre \u00e0 l\u2019inconduite p\u00e8che contre son propre corps. 19 Ou bien encore, ignorez-vous que votre corps est le temple m\u00eame du Saint-Esprit qui vous a \u00e9t\u00e9 donn\u00e9 par Dieu et qui, maintenant, demeure en vous\u202f? Vous ne vous appartenez donc pas \u00e0 vous-m\u00eames. 20 Car vous avez \u00e9t\u00e9 rachet\u00e9s \u00e0 grand prix. Honorez donc Dieu dans votre corps. <\/p><cite> 1 Corinthiens 6.12-20 <\/cite><\/blockquote>\n\n\n\n<h2 class=\"wp-block-heading\">Chant suppl\u00e9mentaire apr\u00e8s le message<\/h2>\n\n\n\n<figure class=\"wp-block-embed-youtube wp-block-embed is-type-video is-provider-youtube wp-embed-aspect-16-9 wp-has-aspect-ratio\"><div class=\"wp-block-embed__wrapper\">\n<iframe loading=\"lazy\" title=\"Je veux demeurer dans ta gr\u00e2ce - Corinne Lafitte\" width=\"1024\" height=\"576\" src=\"https:\/\/www.youtube.com\/embed\/RAFCXbhJ0UU?feature=oembed\" frameborder=\"0\" allow=\"accelerometer; autoplay; encrypted-media; gyroscope; picture-in-picture\" allowfullscreen><\/iframe>\n<\/div><figcaption> Je veux demeurer dans ta gr\u00e2ce <\/figcaption><\/figure>\n\n\n\n<h2 class=\"wp-block-heading\">B\u00e9n\u00e9diction et envoi<\/h2>\n\n\n\n<blockquote class=\"wp-block-quote\"><p>\u00ab\u00a0Que Dieu le P\u00e8re et le Seigneur J\u00e9sus-Christ accordent \u00e0 tous les fr\u00e8res et s\u0153urs la paix et l&rsquo;amour, avec la foi. Que Dieu donne sa gr\u00e2ce \u00e0 tous ceux qui aiment notre Seigneur J\u00e9sus-Christ d&rsquo;un amour inalt\u00e9rable. \u00a0\u00bb <\/p><cite> \u00c9ph\u00e9siens 6. 22-23 <\/cite><\/blockquote>\n\n\n\n<p><span style=\"text-decoration: underline;\"><em>Note <\/em><\/span><em>: Cette page \u00e0 pour but de nous permettre finalement de vivre un culte dans des conditions du direct le 3 Mai \u00e0 10h. Mais si vous \u00eates loin d&rsquo;Agen, vous pouvez aussi participer et partager ce culte avec nous en esprit, \u00e0 une autre date, c&rsquo;est pourquoi nous les laissons en ligne. N&rsquo;h\u00e9sitez pas \u00e0 commenter si dessous si vous avez \u00e9t\u00e9 \u00e9difi\u00e9s. <\/em><\/p>\n","protected":false},"excerpt":{"rendered":"<p>\u00ab Cherchez d&rsquo;abord le r\u00e8gne de Dieu et sa justice, et tout cela vous sera donn\u00e9 par surcro\u00eet. \u00bb Matthieu 6.33 Chantons, louons et partageons la Parole de Dieu, en ce dimanche que l&rsquo;\u00e9glise se mette \u00e0 l&rsquo;\u00e9coute de son Dieu et Seigneur. Je vous invite \u00e0 vivre ce moment&#8230;<\/p>\n","protected":false},"author":2,"featured_media":0,"parent":0,"menu_order":0,"comment_status":"open","ping_status":"closed","template":"","meta":{"_monsterinsights_skip_tracking":false,"_monsterinsights_sitenote_active":false,"_monsterinsights_sitenote_note":"","_monsterinsights_sitenote_category":0,"footnotes":""},"yoast_head":"<!-- This site is optimized with the Yoast SEO plugin v21.9.1 - https:\/\/yoast.com\/wordpress\/plugins\/seo\/ -->\n<title>Culte &quot;en direct&quot; du 3 Mai 2020 - \u00c9glise Protestante \u00c9vang\u00e9lique M\u00e9thodiste Agen<\/title>\n<meta name=\"description\" content=\"Nous poursuivons notre s\u00e9rie sur &quot;L&#039;identit\u00e9 du chr\u00e9tien en Christ&quot;. Ce matin, nous r\u00e9fl\u00e9chissions au th\u00e8me : Notre corps est le temple du Saint-Esprit - 1 Corinthiens 6.12-20\" \/>\n<meta name=\"robots\" content=\"index, follow, max-snippet:-1, max-image-preview:large, max-video-preview:-1\" \/>\n<link rel=\"canonical\" href=\"https:\/\/agen.umc-europe.org\/eglise\/culte-direct-3-mai-temple-saint-esprit\/\" \/>\n<meta property=\"og:locale\" content=\"fr_FR\" \/>\n<meta property=\"og:type\" content=\"article\" \/>\n<meta property=\"og:title\" content=\"Culte &quot;en direct&quot; du 3 Mai 2020 - \u00c9glise Protestante \u00c9vang\u00e9lique M\u00e9thodiste Agen\" \/>\n<meta property=\"og:description\" content=\"Nous poursuivons notre s\u00e9rie sur &quot;L&#039;identit\u00e9 du chr\u00e9tien en Christ&quot;. Ce matin, nous r\u00e9fl\u00e9chissions au th\u00e8me : Notre corps est le temple du Saint-Esprit - 1 Corinthiens 6.12-20\" \/>\n<meta property=\"og:url\" content=\"https:\/\/agen.umc-europe.org\/eglise\/culte-direct-3-mai-temple-saint-esprit\/\" \/>\n<meta property=\"og:site_name\" content=\"\u00c9glise Protestante \u00c9vang\u00e9lique M\u00e9thodiste Agen\" \/>\n<meta property=\"article:publisher\" content=\"https:\/\/www.facebook.com\/EgliseAgen\/\" \/>\n<meta property=\"article:modified_time\" content=\"2020-05-17T09:12:14+00:00\" \/>\n<meta name=\"twitter:card\" content=\"summary_large_image\" \/>\n<meta name=\"twitter:site\" content=\"@EgliseAgen\" \/>\n<meta name=\"twitter:label1\" content=\"Dur\u00e9e de lecture estim\u00e9e\" \/>\n\t<meta name=\"twitter:data1\" content=\"3 minutes\" \/>\n<script type=\"application\/ld+json\" class=\"yoast-schema-graph\">{\"@context\":\"https:\/\/schema.org\",\"@graph\":[{\"@type\":\"WebPage\",\"@id\":\"https:\/\/agen.umc-europe.org\/eglise\/culte-direct-3-mai-temple-saint-esprit\/\",\"url\":\"https:\/\/agen.umc-europe.org\/eglise\/culte-direct-3-mai-temple-saint-esprit\/\",\"name\":\"Culte \\\"en direct\\\" du 3 Mai 2020 - \u00c9glise Protestante \u00c9vang\u00e9lique M\u00e9thodiste Agen\",\"isPartOf\":{\"@id\":\"https:\/\/agen.umc-europe.org\/eglise\/#website\"},\"datePublished\":\"2020-05-11T13:52:32+00:00\",\"dateModified\":\"2020-05-17T09:12:14+00:00\",\"description\":\"Nous poursuivons notre s\u00e9rie sur \\\"L'identit\u00e9 du chr\u00e9tien en Christ\\\". Ce matin, nous r\u00e9fl\u00e9chissions au th\u00e8me : Notre corps est le temple du Saint-Esprit - 1 Corinthiens 6.12-20\",\"breadcrumb\":{\"@id\":\"https:\/\/agen.umc-europe.org\/eglise\/culte-direct-3-mai-temple-saint-esprit\/#breadcrumb\"},\"inLanguage\":\"fr-FR\",\"potentialAction\":[{\"@type\":\"ReadAction\",\"target\":[\"https:\/\/agen.umc-europe.org\/eglise\/culte-direct-3-mai-temple-saint-esprit\/\"]}]},{\"@type\":\"BreadcrumbList\",\"@id\":\"https:\/\/agen.umc-europe.org\/eglise\/culte-direct-3-mai-temple-saint-esprit\/#breadcrumb\",\"itemListElement\":[{\"@type\":\"ListItem\",\"position\":1,\"name\":\"Accueil\",\"item\":\"https:\/\/agen.umc-europe.org\/eglise\/\"},{\"@type\":\"ListItem\",\"position\":2,\"name\":\"Culte \u00ab\u00a0en direct\u00a0\u00bb du 3 Mai 2020\"}]},{\"@type\":\"WebSite\",\"@id\":\"https:\/\/agen.umc-europe.org\/eglise\/#website\",\"url\":\"https:\/\/agen.umc-europe.org\/eglise\/\",\"name\":\"\u00c9glise Protestante \u00c9vang\u00e9lique M\u00e9thodiste Agen\",\"description\":\"Des chr\u00e9tiens \u00e9vang\u00e9liques au coeur du Lot et Garonne. &quot;Viens et vois!&quot; ( Jean 1:47 )\",\"potentialAction\":[{\"@type\":\"SearchAction\",\"target\":{\"@type\":\"EntryPoint\",\"urlTemplate\":\"https:\/\/agen.umc-europe.org\/eglise\/?s={search_term_string}\"},\"query-input\":\"required name=search_term_string\"}],\"inLanguage\":\"fr-FR\"}]}<\/script>\n<!-- \/ Yoast SEO plugin. -->","yoast_head_json":{"title":"Culte \"en direct\" du 3 Mai 2020 - \u00c9glise Protestante \u00c9vang\u00e9lique M\u00e9thodiste Agen","description":"Nous poursuivons notre s\u00e9rie sur \"L'identit\u00e9 du chr\u00e9tien en Christ\". Ce matin, nous r\u00e9fl\u00e9chissions au th\u00e8me : Notre corps est le temple du Saint-Esprit - 1 Corinthiens 6.12-20","robots":{"index":"index","follow":"follow","max-snippet":"max-snippet:-1","max-image-preview":"max-image-preview:large","max-video-preview":"max-video-preview:-1"},"canonical":"https:\/\/agen.umc-europe.org\/eglise\/culte-direct-3-mai-temple-saint-esprit\/","og_locale":"fr_FR","og_type":"article","og_title":"Culte \"en direct\" du 3 Mai 2020 - \u00c9glise Protestante \u00c9vang\u00e9lique M\u00e9thodiste Agen","og_description":"Nous poursuivons notre s\u00e9rie sur \"L'identit\u00e9 du chr\u00e9tien en Christ\". Ce matin, nous r\u00e9fl\u00e9chissions au th\u00e8me : Notre corps est le temple du Saint-Esprit - 1 Corinthiens 6.12-20","og_url":"https:\/\/agen.umc-europe.org\/eglise\/culte-direct-3-mai-temple-saint-esprit\/","og_site_name":"\u00c9glise Protestante \u00c9vang\u00e9lique M\u00e9thodiste Agen","article_publisher":"https:\/\/www.facebook.com\/EgliseAgen\/","article_modified_time":"2020-05-17T09:12:14+00:00","twitter_card":"summary_large_image","twitter_site":"@EgliseAgen","twitter_misc":{"Dur\u00e9e de lecture estim\u00e9e":"3 minutes"},"schema":{"@context":"https:\/\/schema.org","@graph":[{"@type":"WebPage","@id":"https:\/\/agen.umc-europe.org\/eglise\/culte-direct-3-mai-temple-saint-esprit\/","url":"https:\/\/agen.umc-europe.org\/eglise\/culte-direct-3-mai-temple-saint-esprit\/","name":"Culte \"en direct\" du 3 Mai 2020 - \u00c9glise Protestante \u00c9vang\u00e9lique M\u00e9thodiste Agen","isPartOf":{"@id":"https:\/\/agen.umc-europe.org\/eglise\/#website"},"datePublished":"2020-05-11T13:52:32+00:00","dateModified":"2020-05-17T09:12:14+00:00","description":"Nous poursuivons notre s\u00e9rie sur \"L'identit\u00e9 du chr\u00e9tien en Christ\". Ce matin, nous r\u00e9fl\u00e9chissions au th\u00e8me : Notre corps est le temple du Saint-Esprit - 1 Corinthiens 6.12-20","breadcrumb":{"@id":"https:\/\/agen.umc-europe.org\/eglise\/culte-direct-3-mai-temple-saint-esprit\/#breadcrumb"},"inLanguage":"fr-FR","potentialAction":[{"@type":"ReadAction","target":["https:\/\/agen.umc-europe.org\/eglise\/culte-direct-3-mai-temple-saint-esprit\/"]}]},{"@type":"BreadcrumbList","@id":"https:\/\/agen.umc-europe.org\/eglise\/culte-direct-3-mai-temple-saint-esprit\/#breadcrumb","itemListElement":[{"@type":"ListItem","position":1,"name":"Accueil","item":"https:\/\/agen.umc-europe.org\/eglise\/"},{"@type":"ListItem","position":2,"name":"Culte \u00ab\u00a0en direct\u00a0\u00bb du 3 Mai 2020"}]},{"@type":"WebSite","@id":"https:\/\/agen.umc-europe.org\/eglise\/#website","url":"https:\/\/agen.umc-europe.org\/eglise\/","name":"\u00c9glise Protestante \u00c9vang\u00e9lique M\u00e9thodiste Agen","description":"Des chr\u00e9tiens \u00e9vang\u00e9liques au coeur du Lot et Garonne. &quot;Viens et vois!&quot; ( Jean 1:47 )","potentialAction":[{"@type":"SearchAction","target":{"@type":"EntryPoint","urlTemplate":"https:\/\/agen.umc-europe.org\/eglise\/?s={search_term_string}"},"query-input":"required name=search_term_string"}],"inLanguage":"fr-FR"}]}},"_links":{"self":[{"href":"https:\/\/agen.umc-europe.org\/eglise\/wp-json\/wp\/v2\/pages\/6134"}],"collection":[{"href":"https:\/\/agen.umc-europe.org\/eglise\/wp-json\/wp\/v2\/pages"}],"about":[{"href":"https:\/\/agen.umc-europe.org\/eglise\/wp-json\/wp\/v2\/types\/page"}],"author":[{"embeddable":true,"href":"https:\/\/agen.umc-europe.org\/eglise\/wp-json\/wp\/v2\/users\/2"}],"replies":[{"embeddable":true,"href":"https:\/\/agen.umc-europe.org\/eglise\/wp-json\/wp\/v2\/comments?post=6134"}],"version-history":[{"count":6,"href":"https:\/\/agen.umc-europe.org\/eglise\/wp-json\/wp\/v2\/pages\/6134\/revisions"}],"predecessor-version":[{"id":6230,"href":"https:\/\/agen.umc-europe.org\/eglise\/wp-json\/wp\/v2\/pages\/6134\/revisions\/6230"}],"wp:attachment":[{"href":"https:\/\/agen.umc-europe.org\/eglise\/wp-json\/wp\/v2\/media?parent=6134"}],"curies":[{"name":"wp","href":"https:\/\/api.w.org\/{rel}","templated":true}]}}