{"id":6118,"date":"2020-05-11T14:43:55","date_gmt":"2020-05-11T13:43:55","guid":{"rendered":"https:\/\/agen.umc-europe.org\/eglise\/?page_id=6118"},"modified":"2020-05-17T10:12:09","modified_gmt":"2020-05-17T09:12:09","slug":"culte-en-direct-du-10-mai-2020","status":"publish","type":"page","link":"https:\/\/agen.umc-europe.org\/eglise\/culte-en-direct-du-10-mai-2020\/","title":{"rendered":"Culte \u00ab\u00a0en direct\u00a0\u00bb du 10 Mai 2020"},"content":{"rendered":"\n<blockquote class=\"wp-block-quote\"><p>\u00ab Mais gr\u00e2ces soient rendues \u00e0 Dieu, qui nous donne la victoire par notre Seigneur J\u00e9sus-Christ! \u00bb<\/p><cite> 1 Corinthiens 15:57 <\/cite><\/blockquote>\n\n\n\n<p>Chantons, louons et partageons ensemble la Parole de Dieu, en ce dimanche matin. Rappelons nous de la victoire de Seigneur J\u00e9sus par ces chants pr\u00e9par\u00e9s par nos amis musiciens et chanteurs de l&rsquo;\u00e9glise des Deux rives Toulouse et de l&rsquo;\u00e9glise de Grenoble. <\/p>\n\n\n\n<p>Nous commen\u00e7ons par la marche au calvaire de J\u00e9sus, et poursuivons sur la victoire \u00e9clatante qu&rsquo;il a ainsi acquise sur le p\u00e9ch\u00e9 et la mort. Il est le Roi de gloire, sa puissance est sans pareille. Il est in\u00e9branlable et c&rsquo;est en lui que nous pouvons puiser la force pour r\u00e9sister au malin. <\/p>\n\n\n\n<h2 class=\"wp-block-heading\">Chants du 10 Mai 2020 : <\/h2>\n\n\n\n<figure class=\"wp-block-embed-youtube wp-block-embed is-type-video is-provider-youtube wp-embed-aspect-16-9 wp-has-aspect-ratio\"><div class=\"wp-block-embed__wrapper\">\n<iframe loading=\"lazy\" title=\"Montre-moi l&#039;aurore (cover) \u00c9glise Protestante Les Deux Rives\" width=\"1024\" height=\"576\" src=\"https:\/\/www.youtube.com\/embed\/IvvpeHGfZ9w?feature=oembed\" frameborder=\"0\" allow=\"accelerometer; autoplay; encrypted-media; gyroscope; picture-in-picture\" allowfullscreen><\/iframe>\n<\/div><figcaption>Montre-moi l&rsquo;aurore <\/figcaption><\/figure>\n\n\n\n<figure class=\"wp-block-embed-youtube wp-block-embed is-type-video is-provider-youtube wp-embed-aspect-16-9 wp-has-aspect-ratio\"><div class=\"wp-block-embed__wrapper\">\n<iframe loading=\"lazy\" title=\"Cantique - Roi serviteur \/ ECE Grenoble\" width=\"1024\" height=\"576\" src=\"https:\/\/www.youtube.com\/embed\/3wqUlZ1U8hI?feature=oembed\" frameborder=\"0\" allow=\"accelerometer; autoplay; encrypted-media; gyroscope; picture-in-picture\" allowfullscreen><\/iframe>\n<\/div><figcaption> Roi serviteur<\/figcaption><\/figure>\n\n\n\n<figure class=\"wp-block-embed-youtube wp-block-embed is-type-video is-provider-youtube wp-embed-aspect-16-9 wp-has-aspect-ratio\"><div class=\"wp-block-embed__wrapper\">\n<iframe loading=\"lazy\" title=\"Christ est Roi (cover) \u00c9glise Protestante Les Deux Rives\" width=\"1024\" height=\"576\" src=\"https:\/\/www.youtube.com\/embed\/2lnDUcKbBbQ?feature=oembed\" frameborder=\"0\" allow=\"accelerometer; autoplay; encrypted-media; gyroscope; picture-in-picture\" allowfullscreen><\/iframe>\n<\/div><figcaption> Christ est Roi <\/figcaption><\/figure>\n\n\n\n<figure class=\"wp-block-embed-youtube wp-block-embed is-type-video is-provider-youtube wp-embed-aspect-16-9 wp-has-aspect-ratio\"><div class=\"wp-block-embed__wrapper\">\n<iframe loading=\"lazy\" title=\"Cantiques - \u00d4 Dieu \/ ECE Grenoble\" width=\"1024\" height=\"576\" src=\"https:\/\/www.youtube.com\/embed\/b80826gP8I4?feature=oembed\" frameborder=\"0\" allow=\"accelerometer; autoplay; encrypted-media; gyroscope; picture-in-picture\" allowfullscreen><\/iframe>\n<\/div><figcaption> \u00d4 Dieu <\/figcaption><\/figure>\n\n\n\n<h2 class=\"wp-block-heading\">Pr\u00e9dication du 10 Mai 2020<\/h2>\n\n\n\n<p>Cette vid\u00e9o est la m\u00e9ditation de ce matin sur le th\u00e8me de \u00ab l&rsquo;identit\u00e9 en Christ &#8211; Adversaire du diable &#8211; 1 Pierre 5.7-11 \u00bb  <\/p>\n\n\n\n<figure class=\"wp-block-embed-youtube wp-block-embed is-type-video is-provider-youtube wp-embed-aspect-16-9 wp-has-aspect-ratio\"><div class=\"wp-block-embed__wrapper\">\n<iframe loading=\"lazy\" title=\"Adversaire du diable - 1 Pierre 5.7-11\" width=\"1024\" height=\"576\" src=\"https:\/\/www.youtube.com\/embed\/P8Q_dhfD-Tw?feature=oembed\" frameborder=\"0\" allow=\"accelerometer; autoplay; encrypted-media; gyroscope; picture-in-picture\" allowfullscreen><\/iframe>\n<\/div><\/figure>\n\n\n\n<h2 class=\"wp-block-heading\">Chants de conclusion : <\/h2>\n\n\n\n<figure class=\"wp-block-embed-youtube wp-block-embed is-type-video is-provider-youtube wp-embed-aspect-16-9 wp-has-aspect-ratio\"><div class=\"wp-block-embed__wrapper\">\n<iframe loading=\"lazy\" title=\"Cantique - Pardon Seigneur, pardon \/ ECE Grenoble\" width=\"1024\" height=\"576\" src=\"https:\/\/www.youtube.com\/embed\/RjNTCpiTgeM?feature=oembed\" frameborder=\"0\" allow=\"accelerometer; autoplay; encrypted-media; gyroscope; picture-in-picture\" allowfullscreen><\/iframe>\n<\/div><figcaption> Pardon Seigneur, pardon <\/figcaption><\/figure>\n\n\n\n<h2 class=\"wp-block-heading\">B\u00e9n\u00e9diction et fin du culte :<\/h2>\n\n\n\n<blockquote class=\"wp-block-quote\"><p>\u00ab\u00a0Rev\u00eatez-vous de toutes les armes de Dieu, afin de pouvoir tenir ferme contre les ruses du diable. Car nous n&rsquo;avons pas \u00e0 lutter contre la chair et le sang, mais contre les dominations, contre les autorit\u00e9s, contre les princes de ce monde de t\u00e9n\u00e8bres, contre les esprits m\u00e9chants dans les lieux c\u00e9lestes. C&rsquo;est pourquoi, prenez toutes les armes de Dieu, afin de pouvoir r\u00e9sister dans le mauvais jour, et tenir ferme apr\u00e8s avoir tout surmont\u00e9.\u00a0\u00bb<\/p><cite> \u00c9ph\u00e9siens 6.11-13  <\/cite><\/blockquote>\n\n\n\n<p><span style=\"text-decoration: underline;\">Note <\/span>: Cette page \u00e0 pour but de nous permettre finalement de vivre un culte dans des conditions du direct le 10 Mai \u00e0 10h. Mais si vous \u00eates loin d&rsquo;Agen, vous pouvez aussi participer et partager ce culte avec nous en esprit, \u00e0 une autre date, c&rsquo;est pourquoi nous les laissons en ligne. N&rsquo;h\u00e9sitez pas \u00e0 commenter si dessous si vous avez \u00e9t\u00e9 \u00e9difi\u00e9s. <\/p>\n","protected":false},"excerpt":{"rendered":"<p>\u00ab Mais gr\u00e2ces soient rendues \u00e0 Dieu, qui nous donne la victoire par notre Seigneur J\u00e9sus-Christ! \u00bb 1 Corinthiens 15:57 Chantons, louons et partageons ensemble la Parole de Dieu, en ce dimanche matin. Rappelons nous de la victoire de Seigneur J\u00e9sus par ces chants pr\u00e9par\u00e9s par nos amis musiciens et&#8230;<\/p>\n","protected":false},"author":2,"featured_media":0,"parent":0,"menu_order":0,"comment_status":"open","ping_status":"closed","template":"","meta":{"_monsterinsights_skip_tracking":false,"_monsterinsights_sitenote_active":false,"_monsterinsights_sitenote_note":"","_monsterinsights_sitenote_category":0,"footnotes":""},"yoast_head":"<!-- This site is optimized with the Yoast SEO plugin v21.9.1 - https:\/\/yoast.com\/wordpress\/plugins\/seo\/ -->\n<title>Adversaire du diable - Culte en direct du 10 Mai 2020<\/title>\n<meta name=\"description\" content=\"Chantons, louons Dieu, en ce dimanche 10 Mai 2020. Rappelons nous de la victoire du Seigneur J\u00e9sus par ces chants et m\u00e9ditons la Parole de Dieu \u00ab Adversaire du diable - 1 Pierre 5.7-11 \u00bb\" \/>\n<meta name=\"robots\" content=\"index, follow, max-snippet:-1, max-image-preview:large, max-video-preview:-1\" \/>\n<link rel=\"canonical\" href=\"https:\/\/agen.umc-europe.org\/eglise\/culte-en-direct-du-10-mai-2020\/\" \/>\n<meta property=\"og:locale\" content=\"fr_FR\" \/>\n<meta property=\"og:type\" content=\"article\" \/>\n<meta property=\"og:title\" content=\"Adversaire du diable - Culte en direct du 10 Mai 2020\" \/>\n<meta property=\"og:description\" content=\"Chantons, louons Dieu, en ce dimanche 10 Mai 2020. Rappelons nous de la victoire du Seigneur J\u00e9sus par ces chants et m\u00e9ditons la Parole de Dieu \u00ab Adversaire du diable - 1 Pierre 5.7-11 \u00bb\" \/>\n<meta property=\"og:url\" content=\"https:\/\/agen.umc-europe.org\/eglise\/culte-en-direct-du-10-mai-2020\/\" \/>\n<meta property=\"og:site_name\" content=\"\u00c9glise Protestante \u00c9vang\u00e9lique M\u00e9thodiste Agen\" \/>\n<meta property=\"article:publisher\" content=\"https:\/\/www.facebook.com\/EgliseAgen\/\" \/>\n<meta property=\"article:modified_time\" content=\"2020-05-17T09:12:09+00:00\" \/>\n<meta name=\"twitter:card\" content=\"summary_large_image\" \/>\n<meta name=\"twitter:site\" content=\"@EgliseAgen\" \/>\n<meta name=\"twitter:label1\" content=\"Dur\u00e9e de lecture estim\u00e9e\" \/>\n\t<meta name=\"twitter:data1\" content=\"2 minutes\" \/>\n<script type=\"application\/ld+json\" class=\"yoast-schema-graph\">{\"@context\":\"https:\/\/schema.org\",\"@graph\":[{\"@type\":\"WebPage\",\"@id\":\"https:\/\/agen.umc-europe.org\/eglise\/culte-en-direct-du-10-mai-2020\/\",\"url\":\"https:\/\/agen.umc-europe.org\/eglise\/culte-en-direct-du-10-mai-2020\/\",\"name\":\"Adversaire du diable - Culte en direct du 10 Mai 2020\",\"isPartOf\":{\"@id\":\"https:\/\/agen.umc-europe.org\/eglise\/#website\"},\"datePublished\":\"2020-05-11T13:43:55+00:00\",\"dateModified\":\"2020-05-17T09:12:09+00:00\",\"description\":\"Chantons, louons Dieu, en ce dimanche 10 Mai 2020. Rappelons nous de la victoire du Seigneur J\u00e9sus par ces chants et m\u00e9ditons la Parole de Dieu \u00ab Adversaire du diable - 1 Pierre 5.7-11 \u00bb\",\"breadcrumb\":{\"@id\":\"https:\/\/agen.umc-europe.org\/eglise\/culte-en-direct-du-10-mai-2020\/#breadcrumb\"},\"inLanguage\":\"fr-FR\",\"potentialAction\":[{\"@type\":\"ReadAction\",\"target\":[\"https:\/\/agen.umc-europe.org\/eglise\/culte-en-direct-du-10-mai-2020\/\"]}]},{\"@type\":\"BreadcrumbList\",\"@id\":\"https:\/\/agen.umc-europe.org\/eglise\/culte-en-direct-du-10-mai-2020\/#breadcrumb\",\"itemListElement\":[{\"@type\":\"ListItem\",\"position\":1,\"name\":\"Accueil\",\"item\":\"https:\/\/agen.umc-europe.org\/eglise\/\"},{\"@type\":\"ListItem\",\"position\":2,\"name\":\"Culte \u00ab\u00a0en direct\u00a0\u00bb du 10 Mai 2020\"}]},{\"@type\":\"WebSite\",\"@id\":\"https:\/\/agen.umc-europe.org\/eglise\/#website\",\"url\":\"https:\/\/agen.umc-europe.org\/eglise\/\",\"name\":\"\u00c9glise Protestante \u00c9vang\u00e9lique M\u00e9thodiste Agen\",\"description\":\"Des chr\u00e9tiens \u00e9vang\u00e9liques au coeur du Lot et Garonne. &quot;Viens et vois!&quot; ( Jean 1:47 )\",\"potentialAction\":[{\"@type\":\"SearchAction\",\"target\":{\"@type\":\"EntryPoint\",\"urlTemplate\":\"https:\/\/agen.umc-europe.org\/eglise\/?s={search_term_string}\"},\"query-input\":\"required name=search_term_string\"}],\"inLanguage\":\"fr-FR\"}]}<\/script>\n<!-- \/ Yoast SEO plugin. -->","yoast_head_json":{"title":"Adversaire du diable - Culte en direct du 10 Mai 2020","description":"Chantons, louons Dieu, en ce dimanche 10 Mai 2020. Rappelons nous de la victoire du Seigneur J\u00e9sus par ces chants et m\u00e9ditons la Parole de Dieu \u00ab Adversaire du diable - 1 Pierre 5.7-11 \u00bb","robots":{"index":"index","follow":"follow","max-snippet":"max-snippet:-1","max-image-preview":"max-image-preview:large","max-video-preview":"max-video-preview:-1"},"canonical":"https:\/\/agen.umc-europe.org\/eglise\/culte-en-direct-du-10-mai-2020\/","og_locale":"fr_FR","og_type":"article","og_title":"Adversaire du diable - Culte en direct du 10 Mai 2020","og_description":"Chantons, louons Dieu, en ce dimanche 10 Mai 2020. Rappelons nous de la victoire du Seigneur J\u00e9sus par ces chants et m\u00e9ditons la Parole de Dieu \u00ab Adversaire du diable - 1 Pierre 5.7-11 \u00bb","og_url":"https:\/\/agen.umc-europe.org\/eglise\/culte-en-direct-du-10-mai-2020\/","og_site_name":"\u00c9glise Protestante \u00c9vang\u00e9lique M\u00e9thodiste Agen","article_publisher":"https:\/\/www.facebook.com\/EgliseAgen\/","article_modified_time":"2020-05-17T09:12:09+00:00","twitter_card":"summary_large_image","twitter_site":"@EgliseAgen","twitter_misc":{"Dur\u00e9e de lecture estim\u00e9e":"2 minutes"},"schema":{"@context":"https:\/\/schema.org","@graph":[{"@type":"WebPage","@id":"https:\/\/agen.umc-europe.org\/eglise\/culte-en-direct-du-10-mai-2020\/","url":"https:\/\/agen.umc-europe.org\/eglise\/culte-en-direct-du-10-mai-2020\/","name":"Adversaire du diable - Culte en direct du 10 Mai 2020","isPartOf":{"@id":"https:\/\/agen.umc-europe.org\/eglise\/#website"},"datePublished":"2020-05-11T13:43:55+00:00","dateModified":"2020-05-17T09:12:09+00:00","description":"Chantons, louons Dieu, en ce dimanche 10 Mai 2020. Rappelons nous de la victoire du Seigneur J\u00e9sus par ces chants et m\u00e9ditons la Parole de Dieu \u00ab Adversaire du diable - 1 Pierre 5.7-11 \u00bb","breadcrumb":{"@id":"https:\/\/agen.umc-europe.org\/eglise\/culte-en-direct-du-10-mai-2020\/#breadcrumb"},"inLanguage":"fr-FR","potentialAction":[{"@type":"ReadAction","target":["https:\/\/agen.umc-europe.org\/eglise\/culte-en-direct-du-10-mai-2020\/"]}]},{"@type":"BreadcrumbList","@id":"https:\/\/agen.umc-europe.org\/eglise\/culte-en-direct-du-10-mai-2020\/#breadcrumb","itemListElement":[{"@type":"ListItem","position":1,"name":"Accueil","item":"https:\/\/agen.umc-europe.org\/eglise\/"},{"@type":"ListItem","position":2,"name":"Culte \u00ab\u00a0en direct\u00a0\u00bb du 10 Mai 2020"}]},{"@type":"WebSite","@id":"https:\/\/agen.umc-europe.org\/eglise\/#website","url":"https:\/\/agen.umc-europe.org\/eglise\/","name":"\u00c9glise Protestante \u00c9vang\u00e9lique M\u00e9thodiste Agen","description":"Des chr\u00e9tiens \u00e9vang\u00e9liques au coeur du Lot et Garonne. &quot;Viens et vois!&quot; ( Jean 1:47 )","potentialAction":[{"@type":"SearchAction","target":{"@type":"EntryPoint","urlTemplate":"https:\/\/agen.umc-europe.org\/eglise\/?s={search_term_string}"},"query-input":"required name=search_term_string"}],"inLanguage":"fr-FR"}]}},"_links":{"self":[{"href":"https:\/\/agen.umc-europe.org\/eglise\/wp-json\/wp\/v2\/pages\/6118"}],"collection":[{"href":"https:\/\/agen.umc-europe.org\/eglise\/wp-json\/wp\/v2\/pages"}],"about":[{"href":"https:\/\/agen.umc-europe.org\/eglise\/wp-json\/wp\/v2\/types\/page"}],"author":[{"embeddable":true,"href":"https:\/\/agen.umc-europe.org\/eglise\/wp-json\/wp\/v2\/users\/2"}],"replies":[{"embeddable":true,"href":"https:\/\/agen.umc-europe.org\/eglise\/wp-json\/wp\/v2\/comments?post=6118"}],"version-history":[{"count":11,"href":"https:\/\/agen.umc-europe.org\/eglise\/wp-json\/wp\/v2\/pages\/6118\/revisions"}],"predecessor-version":[{"id":6228,"href":"https:\/\/agen.umc-europe.org\/eglise\/wp-json\/wp\/v2\/pages\/6118\/revisions\/6228"}],"wp:attachment":[{"href":"https:\/\/agen.umc-europe.org\/eglise\/wp-json\/wp\/v2\/media?parent=6118"}],"curies":[{"name":"wp","href":"https:\/\/api.w.org\/{rel}","templated":true}]}}