{"id":58,"date":"2014-08-25T21:02:37","date_gmt":"2014-08-25T20:02:37","guid":{"rendered":"http:\/\/agen.umc-europe.org\/eglise\/?page_id=58"},"modified":"2017-12-27T20:30:46","modified_gmt":"2017-12-27T19:30:46","slug":"nos-activites","status":"publish","type":"page","link":"https:\/\/agen.umc-europe.org\/eglise\/nos-activites\/","title":{"rendered":"Nos activit\u00e9s"},"content":{"rendered":"<p><a href=\"https:\/\/agen.umc-europe.org\/eglise\/wp-content\/uploads\/2014\/08\/catala2.jpg\"><img loading=\"lazy\" decoding=\"async\" class=\"alignleft size-thumbnail wp-image-30\" src=\"https:\/\/agen.umc-europe.org\/eglise\/wp-content\/uploads\/2014\/08\/catala2-150x150.jpg\" alt=\"catala2\" width=\"150\" height=\"150\" \/><\/a>L&rsquo;Eglise est comme une ruche bourdonnante: en y entrant, vous d\u00e9couvrirez que nombreuses sont les activit\u00e9s propos\u00e9es. Suivant l&rsquo;\u00e2ge et les centres d&rsquo;int\u00e9r\u00eat, chacun peut y trouver son compte, tant recevoir que donner: l&rsquo;Esprit de Dieu y donne ce qu&rsquo;il faut pour l&rsquo;int\u00e9r\u00eat commun.<!--more--><\/p>\n<p>Tous les dimanches \u00e0 10h, les membres de l&rsquo;Eglise se r\u00e9unissent \u00e0 Agen (47) pour un <strong><a title=\"Culte du Dimanche\" href=\"https:\/\/agen.umc-europe.org\/eglise\/nos-activites\/culte-du-dimanche\/\">culte<\/a> dominical<\/strong>\u00a0au cours duquel l&rsquo;occasion est donn\u00e9e de chanter des cantiques et de prier ensemble puis\u00a0d&rsquo;\u00e9couter la pr\u00e9dication d&rsquo;un texte ou th\u00e8me biblique pour commencer la semaine.<\/p>\n<p>L&rsquo;<strong>Ecole du Dimanche<\/strong>\u00a0pour apporter dimanche apr\u00e8s dimanche un enseignement biblique et d\u00e9couvrir la richesse de la pri\u00e8re pour les <a title=\"Enfants et Jeunes\" href=\"https:\/\/agen.umc-europe.org\/eglise\/nos-activites\/enfants-et-jeunes-catechisme\/\">enfants<\/a> de 4 \u00e0 11 ans.<\/p>\n<p>Le <strong>Groupe de KT<\/strong> (<a title=\"Enfants et Jeunes\" href=\"https:\/\/agen.umc-europe.org\/eglise\/nos-activites\/enfants-et-jeunes-catechisme\/\">Cat\u00e9chisme<\/a>) se r\u00e9unit le Samedi apr\u00e8s midi, une \u00e0 deux fois par mois, pour les enfants de 11 \u00e0 13 ans avec les enfants de l&rsquo;\u00e9glise M\u00e9thodiste de Fleurance (32) pour apprendre \u00e0 conna\u00eetre Dieu et la Bible ensemble.<\/p>\n<p>Le\u00a0<strong>Groupe d&rsquo;Intercession<\/strong>\u00a0qui prend \u00e0 coeur de suivre dans la pri\u00e8re ceux qui le souhaitent pour vivre les d\u00e9livrances attendues et entendues.<\/p>\n<p>Le\u00a0<a href=\"https:\/\/agen.umc-europe.org\/eglise\/nos-activites\/parcours-alpha\/\"><strong>parcours alpha<\/strong><\/a>, un programme de d\u00e9couverte de la foi chr\u00e9tienne tr\u00e8s complet propos\u00e9 \u00e0 ceux qui sont pr\u00eats \u00e0 relever ce pari. Les int\u00e9ress\u00e9s partagent un repas un Vendredi soir toutes les deux semaines (de Janvier \u00e0 Mai) et \u00e9changent sur les principaux th\u00e8mes de la <a title=\"Parcours Alpha\" href=\"https:\/\/agen.umc-europe.org\/eglise\/ephesiens-4-les-4-piliers-foi-chretienne\/\">foi chr\u00e9tienne<\/a>.<\/p>\n<p>Des\u00a0<strong><a title=\"\u00c9tude Biblique : D\u00e9couvrir la Bible ensemble\" href=\"https:\/\/agen.umc-europe.org\/eglise\/nos-activites\/etudes-bibliques-en-lot-et-garonne\/\">\u00e9tudes bibliques<\/a> d\u00e9centralis\u00e9es<\/strong>\u00a0ont lieu chaque semaine dans les villages de l&rsquo;agenais, tels Layrac, La Romieu, Tayrac, Bo\u00e9 et Pont du Casse. Autour d&rsquo;une tisane ou d&rsquo;un caf\u00e9, les participants \u00e9tudient et d\u00e9couvrent la Bible et les applications de ces textes \u00e0 la vie du chr\u00e9tien.<\/p>\n<p>Le\u00a0<strong>Groupe de louange<\/strong>\u00a0rassemble les personnes motiv\u00e9es par l&rsquo;apprentissage et l&rsquo;accompagnement de chants d&rsquo;Eglise. La performance n&rsquo;est pas seulement vis\u00e9e, mais aussi la gr\u00e2ce de la communion. Un beau d\u00e9fi \u00e0 relever pour les musiciens ou pour seulement les amis souhaitant chanter \u00e0 la gloire de Dieu.<\/p>\n<p>La\u00a0<strong>Chorale<\/strong>\u00a0s&rsquo;exerce quelques\u00a0samedis par an et \u00e0 l&rsquo;occasion, elle fait profiter l&rsquo;Eglise de ses talents et de son travail. De quoi enrichir les rencontres r\u00e9guli\u00e8res de l&rsquo;Eglise. Et si vous vous joigniez \u00e0 la chorale? Son r\u00e9pertoire est somme toute classique. Mais apportez votre touche, pourquoi pas?!<\/p>\n<p>Le\u00a0<strong>groupe de jeunes<\/strong>\u00a0rassemble les jeunes de 14 \u00e0 25 ans&#8230;. en qu\u00eate d&rsquo;animations saines en fin de semaine et en qu\u00eate spirituelle. Les <a title=\"Enfants et Jeunes\" href=\"https:\/\/agen.umc-europe.org\/eglise\/nos-activites\/enfants-et-jeunes-catechisme\/\">jeunes<\/a> en veulent sur tous les plans. On ne s&rsquo;ennuie pas dans le groupe, on y trouve son compte&#8230; .<\/p>\n<p>&nbsp;<\/p>\n<p>Retrouvez toutes nos activit\u00e9s et les horaires sur le <a title=\"Notre programme annuel\" href=\"https:\/\/agen.umc-europe.org\/eglise\/nos-activites\/le-programme\/\">calendrier<\/a>.<\/p>\n","protected":false},"excerpt":{"rendered":"<p>L&rsquo;Eglise est comme une ruche bourdonnante: en y entrant, vous d\u00e9couvrirez que nombreuses sont les activit\u00e9s propos\u00e9es. Suivant l&rsquo;\u00e2ge et les centres d&rsquo;int\u00e9r\u00eat, chacun peut y trouver son compte, tant recevoir que donner: l&rsquo;Esprit de Dieu y donne ce qu&rsquo;il faut pour l&rsquo;int\u00e9r\u00eat commun.<\/p>\n","protected":false},"author":2,"featured_media":0,"parent":0,"menu_order":0,"comment_status":"open","ping_status":"closed","template":"","meta":{"_monsterinsights_skip_tracking":false,"_monsterinsights_sitenote_active":false,"_monsterinsights_sitenote_note":"","_monsterinsights_sitenote_category":0,"footnotes":""},"yoast_head":"<!-- This site is optimized with the Yoast SEO plugin v21.9.1 - https:\/\/yoast.com\/wordpress\/plugins\/seo\/ -->\n<title>Nos activit\u00e9s hebdomadaires au sein de l&#039;\u00e9glise d&#039;Agen<\/title>\n<meta name=\"description\" content=\"Nombreuses sont les activit\u00e9s propos\u00e9es. Suivant l&#039;\u00e2ge et les centres d&#039;int\u00e9r\u00eat, chacun peut y trouver son compte, tant recevoir que donner ...\" \/>\n<meta name=\"robots\" content=\"index, follow, max-snippet:-1, max-image-preview:large, max-video-preview:-1\" \/>\n<link rel=\"canonical\" href=\"https:\/\/agen.umc-europe.org\/eglise\/nos-activites\/\" \/>\n<meta property=\"og:locale\" content=\"fr_FR\" \/>\n<meta property=\"og:type\" content=\"article\" \/>\n<meta property=\"og:title\" content=\"Nos activit\u00e9s hebdomadaires au sein de l&#039;\u00e9glise d&#039;Agen\" \/>\n<meta property=\"og:description\" content=\"Nombreuses sont les activit\u00e9s propos\u00e9es. Suivant l&#039;\u00e2ge et les centres d&#039;int\u00e9r\u00eat, chacun peut y trouver son compte, tant recevoir que donner ...\" \/>\n<meta property=\"og:url\" content=\"https:\/\/agen.umc-europe.org\/eglise\/nos-activites\/\" \/>\n<meta property=\"og:site_name\" content=\"\u00c9glise Protestante \u00c9vang\u00e9lique M\u00e9thodiste Agen\" \/>\n<meta property=\"article:publisher\" content=\"https:\/\/www.facebook.com\/EgliseAgen\/\" \/>\n<meta property=\"article:modified_time\" content=\"2017-12-27T19:30:46+00:00\" \/>\n<meta property=\"og:image\" content=\"https:\/\/agen.umc-europe.org\/eglise\/wp-content\/uploads\/2014\/08\/catala2-150x150.jpg\" \/>\n<meta name=\"twitter:card\" content=\"summary_large_image\" \/>\n<meta name=\"twitter:site\" content=\"@EgliseAgen\" \/>\n<meta name=\"twitter:label1\" content=\"Dur\u00e9e de lecture estim\u00e9e\" \/>\n\t<meta name=\"twitter:data1\" content=\"2 minutes\" \/>\n<script type=\"application\/ld+json\" class=\"yoast-schema-graph\">{\"@context\":\"https:\/\/schema.org\",\"@graph\":[{\"@type\":\"WebPage\",\"@id\":\"https:\/\/agen.umc-europe.org\/eglise\/nos-activites\/\",\"url\":\"https:\/\/agen.umc-europe.org\/eglise\/nos-activites\/\",\"name\":\"Nos activit\u00e9s hebdomadaires au sein de l'\u00e9glise d'Agen\",\"isPartOf\":{\"@id\":\"https:\/\/agen.umc-europe.org\/eglise\/#website\"},\"datePublished\":\"2014-08-25T20:02:37+00:00\",\"dateModified\":\"2017-12-27T19:30:46+00:00\",\"description\":\"Nombreuses sont les activit\u00e9s propos\u00e9es. Suivant l'\u00e2ge et les centres d'int\u00e9r\u00eat, chacun peut y trouver son compte, tant recevoir que donner ...\",\"breadcrumb\":{\"@id\":\"https:\/\/agen.umc-europe.org\/eglise\/nos-activites\/#breadcrumb\"},\"inLanguage\":\"fr-FR\",\"potentialAction\":[{\"@type\":\"ReadAction\",\"target\":[\"https:\/\/agen.umc-europe.org\/eglise\/nos-activites\/\"]}]},{\"@type\":\"BreadcrumbList\",\"@id\":\"https:\/\/agen.umc-europe.org\/eglise\/nos-activites\/#breadcrumb\",\"itemListElement\":[{\"@type\":\"ListItem\",\"position\":1,\"name\":\"Accueil\",\"item\":\"https:\/\/agen.umc-europe.org\/eglise\/\"},{\"@type\":\"ListItem\",\"position\":2,\"name\":\"Nos activit\u00e9s\"}]},{\"@type\":\"WebSite\",\"@id\":\"https:\/\/agen.umc-europe.org\/eglise\/#website\",\"url\":\"https:\/\/agen.umc-europe.org\/eglise\/\",\"name\":\"\u00c9glise Protestante \u00c9vang\u00e9lique M\u00e9thodiste Agen\",\"description\":\"Des chr\u00e9tiens \u00e9vang\u00e9liques au coeur du Lot et Garonne. &quot;Viens et vois!&quot; ( Jean 1:47 )\",\"potentialAction\":[{\"@type\":\"SearchAction\",\"target\":{\"@type\":\"EntryPoint\",\"urlTemplate\":\"https:\/\/agen.umc-europe.org\/eglise\/?s={search_term_string}\"},\"query-input\":\"required name=search_term_string\"}],\"inLanguage\":\"fr-FR\"}]}<\/script>\n<!-- \/ Yoast SEO plugin. -->","yoast_head_json":{"title":"Nos activit\u00e9s hebdomadaires au sein de l'\u00e9glise d'Agen","description":"Nombreuses sont les activit\u00e9s propos\u00e9es. Suivant l'\u00e2ge et les centres d'int\u00e9r\u00eat, chacun peut y trouver son compte, tant recevoir que donner ...","robots":{"index":"index","follow":"follow","max-snippet":"max-snippet:-1","max-image-preview":"max-image-preview:large","max-video-preview":"max-video-preview:-1"},"canonical":"https:\/\/agen.umc-europe.org\/eglise\/nos-activites\/","og_locale":"fr_FR","og_type":"article","og_title":"Nos activit\u00e9s hebdomadaires au sein de l'\u00e9glise d'Agen","og_description":"Nombreuses sont les activit\u00e9s propos\u00e9es. Suivant l'\u00e2ge et les centres d'int\u00e9r\u00eat, chacun peut y trouver son compte, tant recevoir que donner ...","og_url":"https:\/\/agen.umc-europe.org\/eglise\/nos-activites\/","og_site_name":"\u00c9glise Protestante \u00c9vang\u00e9lique M\u00e9thodiste Agen","article_publisher":"https:\/\/www.facebook.com\/EgliseAgen\/","article_modified_time":"2017-12-27T19:30:46+00:00","og_image":[{"url":"https:\/\/agen.umc-europe.org\/eglise\/wp-content\/uploads\/2014\/08\/catala2-150x150.jpg"}],"twitter_card":"summary_large_image","twitter_site":"@EgliseAgen","twitter_misc":{"Dur\u00e9e de lecture estim\u00e9e":"2 minutes"},"schema":{"@context":"https:\/\/schema.org","@graph":[{"@type":"WebPage","@id":"https:\/\/agen.umc-europe.org\/eglise\/nos-activites\/","url":"https:\/\/agen.umc-europe.org\/eglise\/nos-activites\/","name":"Nos activit\u00e9s hebdomadaires au sein de l'\u00e9glise d'Agen","isPartOf":{"@id":"https:\/\/agen.umc-europe.org\/eglise\/#website"},"datePublished":"2014-08-25T20:02:37+00:00","dateModified":"2017-12-27T19:30:46+00:00","description":"Nombreuses sont les activit\u00e9s propos\u00e9es. Suivant l'\u00e2ge et les centres d'int\u00e9r\u00eat, chacun peut y trouver son compte, tant recevoir que donner ...","breadcrumb":{"@id":"https:\/\/agen.umc-europe.org\/eglise\/nos-activites\/#breadcrumb"},"inLanguage":"fr-FR","potentialAction":[{"@type":"ReadAction","target":["https:\/\/agen.umc-europe.org\/eglise\/nos-activites\/"]}]},{"@type":"BreadcrumbList","@id":"https:\/\/agen.umc-europe.org\/eglise\/nos-activites\/#breadcrumb","itemListElement":[{"@type":"ListItem","position":1,"name":"Accueil","item":"https:\/\/agen.umc-europe.org\/eglise\/"},{"@type":"ListItem","position":2,"name":"Nos activit\u00e9s"}]},{"@type":"WebSite","@id":"https:\/\/agen.umc-europe.org\/eglise\/#website","url":"https:\/\/agen.umc-europe.org\/eglise\/","name":"\u00c9glise Protestante \u00c9vang\u00e9lique M\u00e9thodiste Agen","description":"Des chr\u00e9tiens \u00e9vang\u00e9liques au coeur du Lot et Garonne. &quot;Viens et vois!&quot; ( Jean 1:47 )","potentialAction":[{"@type":"SearchAction","target":{"@type":"EntryPoint","urlTemplate":"https:\/\/agen.umc-europe.org\/eglise\/?s={search_term_string}"},"query-input":"required name=search_term_string"}],"inLanguage":"fr-FR"}]}},"_links":{"self":[{"href":"https:\/\/agen.umc-europe.org\/eglise\/wp-json\/wp\/v2\/pages\/58"}],"collection":[{"href":"https:\/\/agen.umc-europe.org\/eglise\/wp-json\/wp\/v2\/pages"}],"about":[{"href":"https:\/\/agen.umc-europe.org\/eglise\/wp-json\/wp\/v2\/types\/page"}],"author":[{"embeddable":true,"href":"https:\/\/agen.umc-europe.org\/eglise\/wp-json\/wp\/v2\/users\/2"}],"replies":[{"embeddable":true,"href":"https:\/\/agen.umc-europe.org\/eglise\/wp-json\/wp\/v2\/comments?post=58"}],"version-history":[{"count":6,"href":"https:\/\/agen.umc-europe.org\/eglise\/wp-json\/wp\/v2\/pages\/58\/revisions"}],"predecessor-version":[{"id":4842,"href":"https:\/\/agen.umc-europe.org\/eglise\/wp-json\/wp\/v2\/pages\/58\/revisions\/4842"}],"wp:attachment":[{"href":"https:\/\/agen.umc-europe.org\/eglise\/wp-json\/wp\/v2\/media?parent=58"}],"curies":[{"name":"wp","href":"https:\/\/api.w.org\/{rel}","templated":true}]}}