{"id":54,"date":"2014-08-25T21:01:59","date_gmt":"2014-08-25T20:01:59","guid":{"rendered":"http:\/\/agen.umc-europe.org\/eglise\/?page_id=54"},"modified":"2021-10-18T16:40:09","modified_gmt":"2021-10-18T15:40:09","slug":"evangeliques","status":"publish","type":"page","link":"https:\/\/agen.umc-europe.org\/eglise\/evangeliques\/","title":{"rendered":"Qu&rsquo;est ce qu&rsquo;une \u00e9glise \u00e9vang\u00e9lique m\u00e9thodiste ?"},"content":{"rendered":"<h2>Une \u00e9glise\u00a0\u00e9vang\u00e9lique<\/h2>\n<p><img loading=\"lazy\" decoding=\"async\" class=\"alignright wp-image-10 size-full\" src=\"https:\/\/agen.umc-europe.org\/eglise\/wp-content\/uploads\/2014\/08\/croix.jpg\" alt=\"\u00e9glise \u00e9vang\u00e9lique m\u00e9thodiste Agen\" width=\"249\" height=\"170\" \/>Pour comprendre ce qu&rsquo;est une <strong>\u00e9glise \u00e9vang\u00e9lique<\/strong> il faut \u00e9tudier ce que veut dire \u00e9vang\u00e9lique, qui vient du mot \u00ab \u00e9vangile \u00bb (<em>evangelium<\/em> en latin) signifiant \u00ab une bonne nouvelle \u00bb. \u00c9tymologiquement et par d\u00e9finition, les \u00e9vang\u00e9liques sont ainsi les <strong>porteurs de bonnes nouvelles<\/strong>.<\/p>\n<p>Le plus souvent le mot \u00ab \u00e9vangile \u00bb est utilis\u00e9 pour d\u00e9signer les textes qui nous racontent la vie de J\u00e9sus-Christ et son enseignement. Ils sont \u00e9crits par les \u00e9vang\u00e9listes du premier si\u00e8cle : Matthieu, Marc, Luc et Jean.<\/p>\n<p><strong>Les \u00e9vang\u00e9liques<\/strong> sont donc les chr\u00e9tiens qui reconnaissent J\u00e9sus-Christ comme Seigneur, Sauveur et Ma\u00eetre en mettant en pratique son enseignement.<\/p>\n<p>L&rsquo;\u00e9glise \u00e9vang\u00e9lique d&rsquo;Agen (en Lot-et-Garonne) est par cons\u00e9quent\u00a0une \u00e9glise chr\u00e9tienne rassemblant hommes et femmes de tous horizons autour d&rsquo;une m\u00eame foi, pr\u00eats en effet \u00e0 <em>\u00ab\u00a0lutter ensemble pour cette foi que Dieu a donn\u00e9e de fa\u00e7on d\u00e9finitive \u00e0 ceux qui lui appartiennent\u00a0\u00bb<\/em> (Jude 3) et que r\u00e9sume si bien le Symbole des Ap\u00f4tres (ou Credo). Elle reconna\u00eet aussi les cinq premiers Conciles oecum\u00e9niques de l&rsquo;histoire.<\/p>\n<h2><strong><!--more--><a id=\"methodisme\"><\/a><\/strong>Une \u00e9glise m\u00e9thodiste<\/h2>\n<p>Dieu s&rsquo;est servi au 18e si\u00e8cle de son serviteur John Wesley (18e si\u00e8cle) pour revitaliser l&rsquo;\u00e9glise dominante de l&rsquo;\u00e9poque (l&rsquo;Eglise d&rsquo;Angleterre) en appelant d&rsquo;un c\u00f4t\u00e9 les croyants \u00e0 un engagement cons\u00e9quent et en proclamant de l&rsquo;autre l&rsquo;Evangile de partout, et par tous les moyens.<\/p>\n<p>A la suite de son fondateur, l&rsquo;\u00e9glise \u00e9vang\u00e9lique <strong>M\u00e9thodiste<\/strong> met l&rsquo;accent sur la n\u00e9cessaire progression du chr\u00e9tien. Cette marche en avant correspond au terme biblique de sanctification. C&rsquo;est l&rsquo;oeuvre d&rsquo;une vie, c&rsquo;est l&rsquo;oeuvre de l&rsquo;Esprit Saint: Il nous r\u00e9serve pour le P\u00e8re et nous pr\u00e9serve du mal.<\/p>\n<p>Autre pointe du m\u00e9thodisme: l&rsquo;accent mis sur la n\u00e9cessit\u00e9 de proclamer au monde la <a title=\"Matthieu 13v1-17, 36-43 : Mais pourquoi refuse-t-on la Bonne Nouvelle\u00a0?\" href=\"https:\/\/agen.umc-europe.org\/eglise\/matthieu-13v1-17-mais-pourquoi-refuse-t-on-la-bonne-nouvelle\/\"><strong>bonne nouvelle du salut en J\u00e9sus-Christ<\/strong><\/a> par tous les moyens possibles.<\/p>\n<h2>Une \u00e9glise protestante<\/h2>\n<p>L&rsquo;\u00e9glise \u00e9vang\u00e9lique m\u00e9thodiste fait siennes les affirmations fortes de la R\u00e9forme: l&rsquo;enjeu de la <strong>seule gloire de Dieu<\/strong>, le primat de la <a title=\"Galates 5v13 : La gr\u00e2ce de Dieu, une r\u00e9alit\u00e9 m\u00e9connue\u2026\u00a0?\" href=\"https:\/\/agen.umc-europe.org\/eglise\/galates-5v13-grace-dieu-realite-meconnue\/\"><strong>gr\u00e2ce seule<\/strong><\/a>, le caract\u00e8re essentiel de la <a title=\"Eph\u00e9siens 4 : Les 4 piliers de la foi chr\u00e9tienne\" href=\"https:\/\/agen.umc-europe.org\/eglise\/ephesiens-4-les-4-piliers-foi-chretienne\/\"><strong>foi en J\u00e9sus-Christ<\/strong><\/a> pour l&rsquo;obtention du salut, l&rsquo;<a title=\"Mieux comprendre la Bible\" href=\"https:\/\/agen.umc-europe.org\/eglise\/mieux-comprendre-bible\/\"><strong>autorit\u00e9 de la Bible seule<\/strong><\/a> pour juger des choses de la vie et de la foi, la n\u00e9cessit\u00e9 pour tous les croyants de se r\u00e9former sans cesse, l&rsquo;importance du sacerdoce universel, qui encourage chacun \u00e0 apporter sa pierre \u00e0 l&rsquo;\u00e9difice spirituel de l&rsquo;Eglise.<\/p>\n<h2>Une \u00e9glise locale<\/h2>\n<p>Depuis les ann\u00e9es 20, l&rsquo;Eglise Evang\u00e9lique M\u00e9thodiste rayonne dans la r\u00e9gion du Lot-et-Garonne. Elle cherche \u00e0 toucher l&rsquo;ensemble de ses habitants en poursuivant son t\u00e9moignage en paroles et en actes:<\/p>\n<ul>\n<li>en y organisant le <a title=\"Culte du Dimanche\" href=\"https:\/\/agen.umc-europe.org\/eglise\/nos-activites\/culte-du-dimanche\/\">culte<\/a>\u00a0p\u00e9riodiquement<\/li>\n<li>en y tenant des <a title=\"\u00c9tudes Bibliques\" href=\"https:\/\/agen.umc-europe.org\/eglise\/nos-activites\/etudes-bibliques-en-lot-et-garonne\/\">\u00e9tudes bibliques<\/a> d\u00e9centralis\u00e9es<\/li>\n<li>en proposant l&rsquo;instruction religieuse aux adultes, <a title=\"Enfants et Jeunes\" href=\"https:\/\/agen.umc-europe.org\/eglise\/nos-activites\/enfants-et-jeunes-catechisme\/\">aux enfants et aux jeunes<\/a> suivant leur maturit\u00e9<\/li>\n<li>en encourageant l&rsquo;\u00e9vang\u00e9lisation \u00e0 titre individuel<\/li>\n<li>en soutenant les initiatives d&rsquo;\u00e9vang\u00e9lisation localement, en particulier celles qui sont le fait de la Pastorale Agenaise (Eglise R\u00e9form\u00e9e de France, Eglise Adventiste, Mission Vie et Lumi\u00e8re et EEM)<\/li>\n<li>en participant des ann\u00e9es en arri\u00e8re \u00e0 l&rsquo;implantation de nouvelles \u00e9glises M\u00e9thodistes \u00e0 Mont-de-Marsan et Fleurance aujourd&rsquo;hui prosp\u00e8res.<\/li>\n<li>par la cr\u00e9ation et le d\u00e9veloppement depuis plus de 25 ans de la <a title=\"Biblioth\u00e8que de culture biblique\" href=\"https:\/\/agen.umc-europe.org\/eglise\/ressources-bibliques\/bibliotheque-de-culture-biblique\/\">Biblioth\u00e8que de Culture Biblique<\/a>, espace neutre permettant aux Agenais d&rsquo;acc\u00e9der \u00e0 un choix importants d&rsquo;ouvrages, de vid\u00e9os, de CD et de cassettes relatives \u00e0 la foi chr\u00e9tienne. Ce sont les membres et amis de l&rsquo;Eglise Evang\u00e9lique d&rsquo;Agen qui assurent les permanences de la Biblioth\u00e8que.<\/li>\n<li>par sa participation au travail social de Solidarit\u00e9 Chr\u00e9tienne, une des branche agenaises de la Banque Alimentaire. L&rsquo;association, qui est l&rsquo;\u00e9manation des Eglises protestantes de la ville; vise \u00e0 venir en aide aux plus n\u00e9cessiteux du secteur.<\/li>\n<li>par le soutien sans faille apport\u00e9 \u00e0 ESPOIRFM (anciennement RADIO ESPOIR), une <a href=\"http:\/\/www.espoirfm.com\" target=\"_blank\" rel=\"noopener noreferrer\">radio chr\u00e9tienne<\/a> implant\u00e9e \u00e0 Colayrac , qui est l&rsquo;\u00e9manation des Eglises protestantes du d\u00e9partement: une fa\u00e7on non n\u00e9gligeable dans l&rsquo;\u00e9chiquier audiovisuel local d&rsquo;apporter la touche chr\u00e9tienne.<\/li>\n<\/ul>\n<h2>Une \u00e9glise de professants<\/h2>\n<p>Pour les \u00e9vang\u00e9liques, l\u2019\u00c9glise n\u2019est pas un b\u00e2timent ou\u00a0une organisation religieuse hi\u00e9rarchis\u00e9e, mais une communaut\u00e9 fraternelle, o\u00f9 chacun participe selon <a href=\"https:\/\/agen.umc-europe.org\/eglise\/1-corinthiens-12v27-31-dons-de-lesprit-equipent-leglise\/\">les dons du Saint-Esprit<\/a> re\u00e7us.\u00a0Tout en cherchant \u00e0 accueillir en son sein toute personne en recherche spirituelle, l&rsquo;Eglise Evang\u00e9lique M\u00e9thodiste se veut une \u00e9glise de professants, c&rsquo;est-\u00e0-dire qu&rsquo;elle ne compte pour membres avec voix d\u00e9lib\u00e9rative que les croyants ayant pr\u00e9alablement confess\u00e9 publiquement leur foi en J\u00e9sus-Christ, Sauveur et Seigneur.<\/p>\n<p>Toute prise de contact de votre part sera la bienvenue!<\/p>\n<p>Pasteurs : Daniel Morata et Philippe Goold<br \/>\n1874, Avenue du G\u00e9n\u00e9ral Leclerc<br \/>\n47000 AGEN<br \/>\nT\u00e9l: 05 53 96 84 32<br \/>\nMail: eem.agen@umc-europe.org<\/p>\n<h2>Informations compl\u00e9mentaires :<\/h2>\n<ul>\n<li><a href=\"https:\/\/agen.umc-europe.org\/eglise\/la-dime-dieu-et-mon-argent-dans-leglise\/\">Les \u00e9vang\u00e9liques et l&rsquo;argent<\/a><\/li>\n<li><a href=\"https:\/\/agen.umc-europe.org\/eglise\/edito-ca-deborde-de-reconnaissance\/\">La f\u00eate de reconnaissance<\/a><\/li>\n<li><a href=\"https:\/\/agen.umc-europe.org\/eglise\/le-bapteme-chretien-par-immersion-un-symbole\/\">Le bapt\u00eame pour les \u00e9glises \u00e9vang\u00e9liques<\/a><\/li>\n<li>La sainte c\u00e8ne dans la tradition \u00e9vang\u00e9lique<\/li>\n<\/ul>\n","protected":false},"excerpt":{"rendered":"<p>Une \u00e9glise\u00a0\u00e9vang\u00e9lique Pour comprendre ce qu&rsquo;est une \u00e9glise \u00e9vang\u00e9lique il faut \u00e9tudier ce que veut dire \u00e9vang\u00e9lique, qui vient du mot \u00ab \u00e9vangile \u00bb (evangelium en latin) signifiant \u00ab une bonne nouvelle \u00bb. \u00c9tymologiquement et par d\u00e9finition, les \u00e9vang\u00e9liques sont ainsi les porteurs de bonnes nouvelles. Le plus souvent le&#8230;<\/p>\n","protected":false},"author":2,"featured_media":0,"parent":0,"menu_order":0,"comment_status":"open","ping_status":"open","template":"","meta":{"_monsterinsights_skip_tracking":false,"_monsterinsights_sitenote_active":false,"_monsterinsights_sitenote_note":"","_monsterinsights_sitenote_category":0,"footnotes":""},"yoast_head":"<!-- This site is optimized with the Yoast SEO plugin v21.9.1 - https:\/\/yoast.com\/wordpress\/plugins\/seo\/ -->\n<title>Qu&#039;est ce qu&#039;une \u00c9glise \u00e9vang\u00e9lique, protestante &amp; m\u00e9thodiste ?<\/title>\n<meta name=\"description\" content=\"Pr\u00e9sentation de l&#039;\u00e9glise \u00e9vang\u00e9lique d&#039;Agen : Chr\u00e9tienne, Protestante, de professants, m\u00e9thodiste et implant\u00e9e localement en Lot-et-Garonne\" \/>\n<meta name=\"robots\" content=\"index, follow, max-snippet:-1, max-image-preview:large, max-video-preview:-1\" \/>\n<link rel=\"canonical\" href=\"https:\/\/agen.umc-europe.org\/eglise\/evangeliques\/\" \/>\n<meta property=\"og:locale\" content=\"fr_FR\" \/>\n<meta property=\"og:type\" content=\"article\" \/>\n<meta property=\"og:title\" content=\"Qu&#039;est ce qu&#039;une \u00c9glise \u00e9vang\u00e9lique, protestante &amp; m\u00e9thodiste ?\" \/>\n<meta property=\"og:description\" content=\"Pr\u00e9sentation de l&#039;\u00e9glise \u00e9vang\u00e9lique d&#039;Agen : Chr\u00e9tienne, Protestante, de professants, m\u00e9thodiste et implant\u00e9e localement en Lot-et-Garonne\" \/>\n<meta property=\"og:url\" content=\"https:\/\/agen.umc-europe.org\/eglise\/evangeliques\/\" \/>\n<meta property=\"og:site_name\" content=\"\u00c9glise Protestante \u00c9vang\u00e9lique M\u00e9thodiste Agen\" \/>\n<meta property=\"article:publisher\" content=\"https:\/\/www.facebook.com\/EgliseAgen\/\" \/>\n<meta property=\"article:modified_time\" content=\"2021-10-18T15:40:09+00:00\" \/>\n<meta property=\"og:image\" content=\"https:\/\/agen.umc-europe.org\/eglise\/wp-content\/uploads\/2014\/08\/croix.jpg\" \/>\n<meta name=\"twitter:card\" content=\"summary_large_image\" \/>\n<meta name=\"twitter:site\" content=\"@EgliseAgen\" \/>\n<meta name=\"twitter:label1\" content=\"Dur\u00e9e de lecture estim\u00e9e\" \/>\n\t<meta name=\"twitter:data1\" content=\"4 minutes\" \/>\n<script type=\"application\/ld+json\" class=\"yoast-schema-graph\">{\"@context\":\"https:\/\/schema.org\",\"@graph\":[{\"@type\":\"WebPage\",\"@id\":\"https:\/\/agen.umc-europe.org\/eglise\/evangeliques\/\",\"url\":\"https:\/\/agen.umc-europe.org\/eglise\/evangeliques\/\",\"name\":\"Qu'est ce qu'une \u00c9glise \u00e9vang\u00e9lique, protestante & m\u00e9thodiste ?\",\"isPartOf\":{\"@id\":\"https:\/\/agen.umc-europe.org\/eglise\/#website\"},\"datePublished\":\"2014-08-25T20:01:59+00:00\",\"dateModified\":\"2021-10-18T15:40:09+00:00\",\"description\":\"Pr\u00e9sentation de l'\u00e9glise \u00e9vang\u00e9lique d'Agen : Chr\u00e9tienne, Protestante, de professants, m\u00e9thodiste et implant\u00e9e localement en Lot-et-Garonne\",\"breadcrumb\":{\"@id\":\"https:\/\/agen.umc-europe.org\/eglise\/evangeliques\/#breadcrumb\"},\"inLanguage\":\"fr-FR\",\"potentialAction\":[{\"@type\":\"ReadAction\",\"target\":[\"https:\/\/agen.umc-europe.org\/eglise\/evangeliques\/\"]}]},{\"@type\":\"BreadcrumbList\",\"@id\":\"https:\/\/agen.umc-europe.org\/eglise\/evangeliques\/#breadcrumb\",\"itemListElement\":[{\"@type\":\"ListItem\",\"position\":1,\"name\":\"Accueil\",\"item\":\"https:\/\/agen.umc-europe.org\/eglise\/\"},{\"@type\":\"ListItem\",\"position\":2,\"name\":\"Qu&rsquo;est ce qu&rsquo;une \u00e9glise \u00e9vang\u00e9lique m\u00e9thodiste ?\"}]},{\"@type\":\"WebSite\",\"@id\":\"https:\/\/agen.umc-europe.org\/eglise\/#website\",\"url\":\"https:\/\/agen.umc-europe.org\/eglise\/\",\"name\":\"\u00c9glise Protestante \u00c9vang\u00e9lique M\u00e9thodiste Agen\",\"description\":\"Des chr\u00e9tiens \u00e9vang\u00e9liques au coeur du Lot et Garonne. &quot;Viens et vois!&quot; ( Jean 1:47 )\",\"potentialAction\":[{\"@type\":\"SearchAction\",\"target\":{\"@type\":\"EntryPoint\",\"urlTemplate\":\"https:\/\/agen.umc-europe.org\/eglise\/?s={search_term_string}\"},\"query-input\":\"required name=search_term_string\"}],\"inLanguage\":\"fr-FR\"}]}<\/script>\n<!-- \/ Yoast SEO plugin. -->","yoast_head_json":{"title":"Qu'est ce qu'une \u00c9glise \u00e9vang\u00e9lique, protestante & m\u00e9thodiste ?","description":"Pr\u00e9sentation de l'\u00e9glise \u00e9vang\u00e9lique d'Agen : Chr\u00e9tienne, Protestante, de professants, m\u00e9thodiste et implant\u00e9e localement en Lot-et-Garonne","robots":{"index":"index","follow":"follow","max-snippet":"max-snippet:-1","max-image-preview":"max-image-preview:large","max-video-preview":"max-video-preview:-1"},"canonical":"https:\/\/agen.umc-europe.org\/eglise\/evangeliques\/","og_locale":"fr_FR","og_type":"article","og_title":"Qu'est ce qu'une \u00c9glise \u00e9vang\u00e9lique, protestante & m\u00e9thodiste ?","og_description":"Pr\u00e9sentation de l'\u00e9glise \u00e9vang\u00e9lique d'Agen : Chr\u00e9tienne, Protestante, de professants, m\u00e9thodiste et implant\u00e9e localement en Lot-et-Garonne","og_url":"https:\/\/agen.umc-europe.org\/eglise\/evangeliques\/","og_site_name":"\u00c9glise Protestante \u00c9vang\u00e9lique M\u00e9thodiste Agen","article_publisher":"https:\/\/www.facebook.com\/EgliseAgen\/","article_modified_time":"2021-10-18T15:40:09+00:00","og_image":[{"url":"https:\/\/agen.umc-europe.org\/eglise\/wp-content\/uploads\/2014\/08\/croix.jpg"}],"twitter_card":"summary_large_image","twitter_site":"@EgliseAgen","twitter_misc":{"Dur\u00e9e de lecture estim\u00e9e":"4 minutes"},"schema":{"@context":"https:\/\/schema.org","@graph":[{"@type":"WebPage","@id":"https:\/\/agen.umc-europe.org\/eglise\/evangeliques\/","url":"https:\/\/agen.umc-europe.org\/eglise\/evangeliques\/","name":"Qu'est ce qu'une \u00c9glise \u00e9vang\u00e9lique, protestante & m\u00e9thodiste ?","isPartOf":{"@id":"https:\/\/agen.umc-europe.org\/eglise\/#website"},"datePublished":"2014-08-25T20:01:59+00:00","dateModified":"2021-10-18T15:40:09+00:00","description":"Pr\u00e9sentation de l'\u00e9glise \u00e9vang\u00e9lique d'Agen : Chr\u00e9tienne, Protestante, de professants, m\u00e9thodiste et implant\u00e9e localement en Lot-et-Garonne","breadcrumb":{"@id":"https:\/\/agen.umc-europe.org\/eglise\/evangeliques\/#breadcrumb"},"inLanguage":"fr-FR","potentialAction":[{"@type":"ReadAction","target":["https:\/\/agen.umc-europe.org\/eglise\/evangeliques\/"]}]},{"@type":"BreadcrumbList","@id":"https:\/\/agen.umc-europe.org\/eglise\/evangeliques\/#breadcrumb","itemListElement":[{"@type":"ListItem","position":1,"name":"Accueil","item":"https:\/\/agen.umc-europe.org\/eglise\/"},{"@type":"ListItem","position":2,"name":"Qu&rsquo;est ce qu&rsquo;une \u00e9glise \u00e9vang\u00e9lique m\u00e9thodiste ?"}]},{"@type":"WebSite","@id":"https:\/\/agen.umc-europe.org\/eglise\/#website","url":"https:\/\/agen.umc-europe.org\/eglise\/","name":"\u00c9glise Protestante \u00c9vang\u00e9lique M\u00e9thodiste Agen","description":"Des chr\u00e9tiens \u00e9vang\u00e9liques au coeur du Lot et Garonne. &quot;Viens et vois!&quot; ( Jean 1:47 )","potentialAction":[{"@type":"SearchAction","target":{"@type":"EntryPoint","urlTemplate":"https:\/\/agen.umc-europe.org\/eglise\/?s={search_term_string}"},"query-input":"required name=search_term_string"}],"inLanguage":"fr-FR"}]}},"_links":{"self":[{"href":"https:\/\/agen.umc-europe.org\/eglise\/wp-json\/wp\/v2\/pages\/54"}],"collection":[{"href":"https:\/\/agen.umc-europe.org\/eglise\/wp-json\/wp\/v2\/pages"}],"about":[{"href":"https:\/\/agen.umc-europe.org\/eglise\/wp-json\/wp\/v2\/types\/page"}],"author":[{"embeddable":true,"href":"https:\/\/agen.umc-europe.org\/eglise\/wp-json\/wp\/v2\/users\/2"}],"replies":[{"embeddable":true,"href":"https:\/\/agen.umc-europe.org\/eglise\/wp-json\/wp\/v2\/comments?post=54"}],"version-history":[{"count":19,"href":"https:\/\/agen.umc-europe.org\/eglise\/wp-json\/wp\/v2\/pages\/54\/revisions"}],"predecessor-version":[{"id":6432,"href":"https:\/\/agen.umc-europe.org\/eglise\/wp-json\/wp\/v2\/pages\/54\/revisions\/6432"}],"wp:attachment":[{"href":"https:\/\/agen.umc-europe.org\/eglise\/wp-json\/wp\/v2\/media?parent=54"}],"curies":[{"name":"wp","href":"https:\/\/api.w.org\/{rel}","templated":true}]}}