{"id":522,"date":"2014-09-21T21:00:02","date_gmt":"2014-09-21T20:00:02","guid":{"rendered":"http:\/\/agen.umc-europe.org\/eglise\/?page_id=522"},"modified":"2017-12-27T18:53:23","modified_gmt":"2017-12-27T17:53:23","slug":"liens-chretiens","status":"publish","type":"page","link":"https:\/\/agen.umc-europe.org\/eglise\/ressources-bibliques\/liens-chretiens\/","title":{"rendered":"Liens chr\u00e9tiens"},"content":{"rendered":"<p>Dans cette section vous retrouverez des sites \u00ab\u00a0amis\u00a0\u00bb des membres de l&rsquo;<a title=\"Qui sommes nous ?\" href=\"https:\/\/agen.umc-europe.org\/eglise\/evangeliques\/\">\u00e9glise \u00e9vang\u00e9lique d&rsquo;agen<\/a>, qui a compil\u00e9 pour vous quelques liens utiles pour parcourir le web \u00e9vang\u00e9lique francophone.<\/p>\n<h2>Liens locaux en Lot-et-Garonne<\/h2>\n<p>Site de Espoir FM, une radio chr\u00e9tienne au coeur du 47\u00a0que vous pouvez \u00e9couter gr\u00e2ce \u00e0 Internet 24 H sur 24 depuis les quatre coins du monde :\u00a0<a href=\"http:\/\/www.espoirfm.com\/\" target=\"_blank\" rel=\"noopener\">http:\/\/www.espoirfm.com\/<\/a><\/p>\n<p>Site de l&rsquo;association Stand&rsquo;Up cr\u00e9\u00e9e en 2010 et dont le but est de d\u00e9velopper le lien social (organisation de r\u00e9veillons solidaires, etc.) ainsi que le FESTIV&rsquo;ART :\u00a0<a href=\"http:\/\/standup47.com\/\">http:\/\/standup47.com\/<\/a><\/p>\n<p>Site de l&rsquo;association Tipi Ardent, organisatrice de colonies de vacances chr\u00e9tiennes dans le Sud Ouest : <a href=\"http:\/\/www.tipiardent.fr\" target=\"_blank\" rel=\"noopener\">www.tipiardent.fr<\/a><\/p>\n<h2>Sites de l&rsquo;EEM (Eglise \u00e9vang\u00e9lique m\u00e9thodiste)<\/h2>\n<p>Sur le site de l&rsquo;UEEM (Union de l&rsquo;Eglise Evang\u00e9lique M\u00e9thodiste), toutes les informations d&rsquo;ordre historique et dogmatique la concernant sont fournies. Le site tr\u00e8s complet r\u00e9pondra \u00e0 toutes vos questions de fond :\u00a0<a href=\"http:\/\/ueem.umc-europe.org\/\" target=\"_blank\" rel=\"noopener\">http:\/\/ueem.umc-europe.org\/<\/a><\/p>\n<p>EEM Nouvelles Internationales, EEMNI qui fournit sur ce site un ensemble de d\u00e9p\u00eaches relatives \u00e0 la vie de l&rsquo;Eglise Evang\u00e9lique M\u00e9thodiste \u00e0 travers le monde (communaut\u00e9s, oeuvres) ainsi que sur les institutions auxquelles elle participe (COE, KEK, etc&#8230;). Le service publie une liste de diffusion bihebdomadaire, \u00e0 laquelle on peut s&rsquo;abonner gracieusement. :\u00a0<a href=\"http:\/\/eemnews.umc-europe.org\/\" target=\"_blank\" rel=\"noopener\">http:\/\/eemnews.umc-europe.org\/<\/a><\/p>\n<p>Le Messager Chr\u00e9tien, qui est le magazine officiel de l&rsquo;UEEM , vous est pr\u00e9sent\u00e9 ici en ligne :\u00a0<a href=\"http:\/\/enroute.umc-europe.org\/\" target=\"_blank\" rel=\"noopener\">http:\/\/enroute.umc-europe.org\/<\/a><\/p>\n<p>Connexio, R\u00e9seau \u00b7Mission et Diaconie\u00b7 de l\u00b7Eglise Evang\u00e9lique M\u00e9thodiste : <a href=\"http:\/\/www.connexio.ch\/\" target=\"_blank\" rel=\"noopener\">http:\/\/www.connexio.ch\/<\/a><\/p>\n<p>L&rsquo;\u00e9glise soeur d&rsquo;Al\u00e8s dans le Gard : <a href=\"http:\/\/ales.umc-europe.org\/\" target=\"_blank\" rel=\"noopener\">Eglise Al\u00e8s<\/a><\/p>\n<p>Une des \u00e9glises soeurs en Alsace : <a href=\"http:\/\/ueem.umc-europe.org\/communautes\/colmar.html\" target=\"_blank\" rel=\"noopener\">Eglise Colmar<\/a><\/p>\n<h2>Autres sites<\/h2>\n<p><a href=\"http:\/\/www.ab-neuchatel.ch\/eglise\/audio\/messages-2016\/\">Ecouter des messages bibliques audio de l&rsquo;AB de Neuchatel<\/a><\/p>\n<p>Lire et d\u00e9couvrir la Bible<\/p>\n<p><a href=\"http:\/\/www.wcc-coe.org\/wcc\/francais.html\" target=\"_blank\" rel=\"noopener\">COE Fran\u00e7ais<\/a><\/p>\n<p>F\u00e9d\u00e9ration Protestante de France <a href=\"http:\/\/perso.wanadoo.fr\/fpf\/index.htm\" target=\"_blank\" rel=\"noopener\">FPF<\/a><\/p>\n<p>Moteurs de recherche <a href=\"http:\/\/www.laquarium.ch\/\" target=\"_blank\" rel=\"noopener\">Aquarium<\/a><\/p>\n","protected":false},"excerpt":{"rendered":"<p>Dans cette section vous retrouverez des sites \u00ab\u00a0amis\u00a0\u00bb des membres de l&rsquo;\u00e9glise \u00e9vang\u00e9lique d&rsquo;agen, qui a compil\u00e9 pour vous quelques liens utiles pour parcourir le web \u00e9vang\u00e9lique francophone. Liens locaux en Lot-et-Garonne Site de Espoir FM, une radio chr\u00e9tienne au coeur du 47\u00a0que vous pouvez \u00e9couter gr\u00e2ce \u00e0 Internet 24&#8230;<\/p>\n","protected":false},"author":2,"featured_media":0,"parent":132,"menu_order":5,"comment_status":"closed","ping_status":"open","template":"","meta":{"_monsterinsights_skip_tracking":false,"_monsterinsights_sitenote_active":false,"_monsterinsights_sitenote_note":"","_monsterinsights_sitenote_category":0,"footnotes":""},"yoast_head":"<!-- This site is optimized with the Yoast SEO plugin v21.9.1 - https:\/\/yoast.com\/wordpress\/plugins\/seo\/ -->\n<title>Liens chr\u00e9tiens \u00e9vang\u00e9liques et m\u00e9thodistes<\/title>\n<meta name=\"description\" content=\"Dans cette section vous retrouverez des sites &quot;amis&quot; des membres de l&#039;\u00e9glise agen, qui a compil\u00e9 pour vous quelques liens utiles\" \/>\n<meta name=\"robots\" content=\"index, follow, max-snippet:-1, max-image-preview:large, max-video-preview:-1\" \/>\n<link rel=\"canonical\" href=\"https:\/\/agen.umc-europe.org\/eglise\/ressources-bibliques\/liens-chretiens\/\" \/>\n<meta property=\"og:locale\" content=\"fr_FR\" \/>\n<meta property=\"og:type\" content=\"article\" \/>\n<meta property=\"og:title\" content=\"Liens chr\u00e9tiens \u00e9vang\u00e9liques et m\u00e9thodistes\" \/>\n<meta property=\"og:description\" content=\"Dans cette section vous retrouverez des sites &quot;amis&quot; des membres de l&#039;\u00e9glise agen, qui a compil\u00e9 pour vous quelques liens utiles\" \/>\n<meta property=\"og:url\" content=\"https:\/\/agen.umc-europe.org\/eglise\/ressources-bibliques\/liens-chretiens\/\" \/>\n<meta property=\"og:site_name\" content=\"\u00c9glise Protestante \u00c9vang\u00e9lique M\u00e9thodiste Agen\" \/>\n<meta property=\"article:publisher\" content=\"https:\/\/www.facebook.com\/EgliseAgen\/\" \/>\n<meta property=\"article:modified_time\" content=\"2017-12-27T17:53:23+00:00\" \/>\n<meta name=\"twitter:card\" content=\"summary_large_image\" \/>\n<meta name=\"twitter:site\" content=\"@EgliseAgen\" \/>\n<meta name=\"twitter:label1\" content=\"Dur\u00e9e de lecture estim\u00e9e\" \/>\n\t<meta name=\"twitter:data1\" content=\"2 minutes\" \/>\n<script type=\"application\/ld+json\" class=\"yoast-schema-graph\">{\"@context\":\"https:\/\/schema.org\",\"@graph\":[{\"@type\":\"WebPage\",\"@id\":\"https:\/\/agen.umc-europe.org\/eglise\/ressources-bibliques\/liens-chretiens\/\",\"url\":\"https:\/\/agen.umc-europe.org\/eglise\/ressources-bibliques\/liens-chretiens\/\",\"name\":\"Liens chr\u00e9tiens \u00e9vang\u00e9liques et m\u00e9thodistes\",\"isPartOf\":{\"@id\":\"https:\/\/agen.umc-europe.org\/eglise\/#website\"},\"datePublished\":\"2014-09-21T20:00:02+00:00\",\"dateModified\":\"2017-12-27T17:53:23+00:00\",\"description\":\"Dans cette section vous retrouverez des sites \\\"amis\\\" des membres de l'\u00e9glise agen, qui a compil\u00e9 pour vous quelques liens utiles\",\"breadcrumb\":{\"@id\":\"https:\/\/agen.umc-europe.org\/eglise\/ressources-bibliques\/liens-chretiens\/#breadcrumb\"},\"inLanguage\":\"fr-FR\",\"potentialAction\":[{\"@type\":\"ReadAction\",\"target\":[\"https:\/\/agen.umc-europe.org\/eglise\/ressources-bibliques\/liens-chretiens\/\"]}]},{\"@type\":\"BreadcrumbList\",\"@id\":\"https:\/\/agen.umc-europe.org\/eglise\/ressources-bibliques\/liens-chretiens\/#breadcrumb\",\"itemListElement\":[{\"@type\":\"ListItem\",\"position\":1,\"name\":\"Accueil\",\"item\":\"https:\/\/agen.umc-europe.org\/eglise\/\"},{\"@type\":\"ListItem\",\"position\":2,\"name\":\"Ressources Bibliques\",\"item\":\"https:\/\/agen.umc-europe.org\/eglise\/ressources-bibliques\/\"},{\"@type\":\"ListItem\",\"position\":3,\"name\":\"Liens chr\u00e9tiens\"}]},{\"@type\":\"WebSite\",\"@id\":\"https:\/\/agen.umc-europe.org\/eglise\/#website\",\"url\":\"https:\/\/agen.umc-europe.org\/eglise\/\",\"name\":\"\u00c9glise Protestante \u00c9vang\u00e9lique M\u00e9thodiste Agen\",\"description\":\"Des chr\u00e9tiens \u00e9vang\u00e9liques au coeur du Lot et Garonne. &quot;Viens et vois!&quot; ( Jean 1:47 )\",\"potentialAction\":[{\"@type\":\"SearchAction\",\"target\":{\"@type\":\"EntryPoint\",\"urlTemplate\":\"https:\/\/agen.umc-europe.org\/eglise\/?s={search_term_string}\"},\"query-input\":\"required name=search_term_string\"}],\"inLanguage\":\"fr-FR\"}]}<\/script>\n<!-- \/ Yoast SEO plugin. -->","yoast_head_json":{"title":"Liens chr\u00e9tiens \u00e9vang\u00e9liques et m\u00e9thodistes","description":"Dans cette section vous retrouverez des sites \"amis\" des membres de l'\u00e9glise agen, qui a compil\u00e9 pour vous quelques liens utiles","robots":{"index":"index","follow":"follow","max-snippet":"max-snippet:-1","max-image-preview":"max-image-preview:large","max-video-preview":"max-video-preview:-1"},"canonical":"https:\/\/agen.umc-europe.org\/eglise\/ressources-bibliques\/liens-chretiens\/","og_locale":"fr_FR","og_type":"article","og_title":"Liens chr\u00e9tiens \u00e9vang\u00e9liques et m\u00e9thodistes","og_description":"Dans cette section vous retrouverez des sites \"amis\" des membres de l'\u00e9glise agen, qui a compil\u00e9 pour vous quelques liens utiles","og_url":"https:\/\/agen.umc-europe.org\/eglise\/ressources-bibliques\/liens-chretiens\/","og_site_name":"\u00c9glise Protestante \u00c9vang\u00e9lique M\u00e9thodiste Agen","article_publisher":"https:\/\/www.facebook.com\/EgliseAgen\/","article_modified_time":"2017-12-27T17:53:23+00:00","twitter_card":"summary_large_image","twitter_site":"@EgliseAgen","twitter_misc":{"Dur\u00e9e de lecture estim\u00e9e":"2 minutes"},"schema":{"@context":"https:\/\/schema.org","@graph":[{"@type":"WebPage","@id":"https:\/\/agen.umc-europe.org\/eglise\/ressources-bibliques\/liens-chretiens\/","url":"https:\/\/agen.umc-europe.org\/eglise\/ressources-bibliques\/liens-chretiens\/","name":"Liens chr\u00e9tiens \u00e9vang\u00e9liques et m\u00e9thodistes","isPartOf":{"@id":"https:\/\/agen.umc-europe.org\/eglise\/#website"},"datePublished":"2014-09-21T20:00:02+00:00","dateModified":"2017-12-27T17:53:23+00:00","description":"Dans cette section vous retrouverez des sites \"amis\" des membres de l'\u00e9glise agen, qui a compil\u00e9 pour vous quelques liens utiles","breadcrumb":{"@id":"https:\/\/agen.umc-europe.org\/eglise\/ressources-bibliques\/liens-chretiens\/#breadcrumb"},"inLanguage":"fr-FR","potentialAction":[{"@type":"ReadAction","target":["https:\/\/agen.umc-europe.org\/eglise\/ressources-bibliques\/liens-chretiens\/"]}]},{"@type":"BreadcrumbList","@id":"https:\/\/agen.umc-europe.org\/eglise\/ressources-bibliques\/liens-chretiens\/#breadcrumb","itemListElement":[{"@type":"ListItem","position":1,"name":"Accueil","item":"https:\/\/agen.umc-europe.org\/eglise\/"},{"@type":"ListItem","position":2,"name":"Ressources Bibliques","item":"https:\/\/agen.umc-europe.org\/eglise\/ressources-bibliques\/"},{"@type":"ListItem","position":3,"name":"Liens chr\u00e9tiens"}]},{"@type":"WebSite","@id":"https:\/\/agen.umc-europe.org\/eglise\/#website","url":"https:\/\/agen.umc-europe.org\/eglise\/","name":"\u00c9glise Protestante \u00c9vang\u00e9lique M\u00e9thodiste Agen","description":"Des chr\u00e9tiens \u00e9vang\u00e9liques au coeur du Lot et Garonne. &quot;Viens et vois!&quot; ( Jean 1:47 )","potentialAction":[{"@type":"SearchAction","target":{"@type":"EntryPoint","urlTemplate":"https:\/\/agen.umc-europe.org\/eglise\/?s={search_term_string}"},"query-input":"required name=search_term_string"}],"inLanguage":"fr-FR"}]}},"_links":{"self":[{"href":"https:\/\/agen.umc-europe.org\/eglise\/wp-json\/wp\/v2\/pages\/522"}],"collection":[{"href":"https:\/\/agen.umc-europe.org\/eglise\/wp-json\/wp\/v2\/pages"}],"about":[{"href":"https:\/\/agen.umc-europe.org\/eglise\/wp-json\/wp\/v2\/types\/page"}],"author":[{"embeddable":true,"href":"https:\/\/agen.umc-europe.org\/eglise\/wp-json\/wp\/v2\/users\/2"}],"replies":[{"embeddable":true,"href":"https:\/\/agen.umc-europe.org\/eglise\/wp-json\/wp\/v2\/comments?post=522"}],"version-history":[{"count":12,"href":"https:\/\/agen.umc-europe.org\/eglise\/wp-json\/wp\/v2\/pages\/522\/revisions"}],"predecessor-version":[{"id":4816,"href":"https:\/\/agen.umc-europe.org\/eglise\/wp-json\/wp\/v2\/pages\/522\/revisions\/4816"}],"up":[{"embeddable":true,"href":"https:\/\/agen.umc-europe.org\/eglise\/wp-json\/wp\/v2\/pages\/132"}],"wp:attachment":[{"href":"https:\/\/agen.umc-europe.org\/eglise\/wp-json\/wp\/v2\/media?parent=522"}],"curies":[{"name":"wp","href":"https:\/\/api.w.org\/{rel}","templated":true}]}}