{"id":5204,"date":"2018-11-20T14:05:55","date_gmt":"2018-11-20T13:05:55","guid":{"rendered":"http:\/\/agen.umc-europe.org\/eglise\/?page_id=5204"},"modified":"2019-10-26T15:21:12","modified_gmt":"2019-10-26T14:21:12","slug":"convention-biblique-annuelle-novembre-2018","status":"publish","type":"page","link":"https:\/\/agen.umc-europe.org\/eglise\/convention-biblique-annuelle-novembre-2018\/","title":{"rendered":"61e Convention Biblique Novembre 2018"},"content":{"rendered":"<p>La <strong>61e<\/strong> Convention biblique a e\u00fbt lieu du <strong>17-19 Novembre 2018<\/strong>\u00a0dans les nouveaux locaux de l&rsquo;\u00e9glise \u00e0 Agen.<\/p>\n<p><span style=\"text-decoration: underline;\">Th\u00e8mes et orateurs :<\/span><\/p>\n<ul>\n<li>Christian Waldmeyer, professeur de Sciences naturelles \u00e0 la retraite : Le\u00e7ons apprises de l&rsquo;eau, de l&rsquo;argile et du lierre<\/li>\n<li>Yann Newberry, \u00e9cossais, pasteur &amp; auteur : Le coeur de l&rsquo;homme<\/li>\n<\/ul>\n<p><span style=\"text-decoration: underline;\">Programme :<\/span><\/p>\n<p>Vendredi 17 novembre \u00e0 <strong>20h30<\/strong>, avec Yann Newberry : <em>\u00abSoigner son c\u0153ur : le lieu o\u00f9 Dieu travaille\u00bb<\/em><\/p>\n<p>Samedi 18 novembre \u00e0 <strong>10h30<\/strong>, avec Christian Waldmeyer : <em>\u00abL\u2019eau de la vie\u00bb<\/em><\/p>\n<p>Samedi 18 novembre \u00e0 <strong>14h30<\/strong>, avec Yann Newberry : <em>\u00abParler \u00e0 son c\u0153ur : exemples bibliques\u00bb<\/em><\/p>\n<p>Samedi 18 novembre \u00e0 <strong>17h<\/strong>, avec Yann Newberry : Le minist\u00e8re du bateau <a href=\"https:\/\/fr.om.org\/category\/nouvelles-du-logos-hope\/\">\u00ab Logos Hope \u00bb d\u2019Op\u00e9ration Mobilisation<\/a><\/p>\n<p>Samedi 18 novembre \u00e0 <strong>20h30<\/strong>, avec Christian Waldmeyer : <em>\u00abL\u2019argile, Adam le glaiseux\u00bb<\/em><\/p>\n<p>Dimanche 20 novembre \u00e0 <strong>10h<\/strong>, culte avec Yann Newberry : <em>\u00abUn c\u0153ur qui br\u00fble\u00a0: la source du r\u00e9veil\u00bb<\/em><\/p>\n<p>Dimanche 20 novembre \u00e0 <strong>14h30<\/strong>, avec Christian Waldmeyer : <em>\u00abLe lierre, aujourd\u2019hui\u00a0et demain\u00bb<\/em><\/p>\n<p>Des repas seront servis samedi midi et soir ainsi que dimanche midi.<\/p>\n<h2><strong>\u00c9couter les enseignements<\/strong><\/h2>\n<p>Yann Newberry : <em>\u00abSoigner son c\u0153ur : le lieu o\u00f9 Dieu travaille\u00bb<\/em><\/p>\n<!--[if lt IE 9]><script>document.createElement('audio');<\/script><![endif]-->\n<audio class=\"wp-audio-shortcode\" id=\"audio-5204-1\" preload=\"none\" style=\"width: 100%;\" controls=\"controls\"><source type=\"audio\/mpeg\" src=\"https:\/\/agen.umc-europe.org\/eglise\/wp-content\/uploads\/2018\/11\/Convention-Yan-Newberry-1.mp3?_=1\" \/><a href=\"https:\/\/agen.umc-europe.org\/eglise\/wp-content\/uploads\/2018\/11\/Convention-Yan-Newberry-1.mp3\">https:\/\/agen.umc-europe.org\/eglise\/wp-content\/uploads\/2018\/11\/Convention-Yan-Newberry-1.mp3<\/a><\/audio>\n<p>Christian Waldmeyer : <em>\u00abL\u2019eau de la vie\u00bb<\/em><\/p>\n<audio class=\"wp-audio-shortcode\" id=\"audio-5204-2\" preload=\"none\" style=\"width: 100%;\" controls=\"controls\"><source type=\"audio\/mpeg\" src=\"https:\/\/agen.umc-europe.org\/eglise\/wp-content\/uploads\/2018\/11\/Convention-Waldmeyer-1.mp3?_=2\" \/><a href=\"https:\/\/agen.umc-europe.org\/eglise\/wp-content\/uploads\/2018\/11\/Convention-Waldmeyer-1.mp3\">https:\/\/agen.umc-europe.org\/eglise\/wp-content\/uploads\/2018\/11\/Convention-Waldmeyer-1.mp3<\/a><\/audio>\n<p>Yann Newberry : <em>\u00abParler \u00e0 son c\u0153ur : exemples bibliques\u00bb<\/em><\/p>\n<audio class=\"wp-audio-shortcode\" id=\"audio-5204-3\" preload=\"none\" style=\"width: 100%;\" controls=\"controls\"><source type=\"audio\/mpeg\" src=\"https:\/\/agen.umc-europe.org\/eglise\/wp-content\/uploads\/2018\/11\/Convention-Yan-Newberry-2.mp3?_=3\" \/><a href=\"https:\/\/agen.umc-europe.org\/eglise\/wp-content\/uploads\/2018\/11\/Convention-Yan-Newberry-2.mp3\">https:\/\/agen.umc-europe.org\/eglise\/wp-content\/uploads\/2018\/11\/Convention-Yan-Newberry-2.mp3<\/a><\/audio>\n<p>Christian Waldmeyer : <em>\u00abL\u2019argile, Adam le glaiseux\u00bb<\/em><\/p>\n<audio class=\"wp-audio-shortcode\" id=\"audio-5204-4\" preload=\"none\" style=\"width: 100%;\" controls=\"controls\"><source type=\"audio\/mpeg\" src=\"https:\/\/agen.umc-europe.org\/eglise\/wp-content\/uploads\/2018\/11\/Convention-Waldmeyer-2.mp3?_=4\" \/><a href=\"https:\/\/agen.umc-europe.org\/eglise\/wp-content\/uploads\/2018\/11\/Convention-Waldmeyer-2.mp3\">https:\/\/agen.umc-europe.org\/eglise\/wp-content\/uploads\/2018\/11\/Convention-Waldmeyer-2.mp3<\/a><\/audio>\n<p>Yann Newberry : <em>\u00abUn c\u0153ur qui br\u00fble\u00a0: la source du r\u00e9veil\u00bb<\/em><\/p>\n<audio class=\"wp-audio-shortcode\" id=\"audio-5204-5\" preload=\"none\" style=\"width: 100%;\" controls=\"controls\"><source type=\"audio\/mpeg\" src=\"https:\/\/agen.umc-europe.org\/eglise\/wp-content\/uploads\/2018\/11\/Convention-Yan-Newberry-3.mp3?_=5\" \/><a href=\"https:\/\/agen.umc-europe.org\/eglise\/wp-content\/uploads\/2018\/11\/Convention-Yan-Newberry-3.mp3\">https:\/\/agen.umc-europe.org\/eglise\/wp-content\/uploads\/2018\/11\/Convention-Yan-Newberry-3.mp3<\/a><\/audio>\n<p>Christian Waldmeyer : <em>\u00abLe lierre, aujourd\u2019hui\u00a0et demain\u00bb<\/em><\/p>\n<audio class=\"wp-audio-shortcode\" id=\"audio-5204-6\" preload=\"none\" style=\"width: 100%;\" controls=\"controls\"><source type=\"audio\/mpeg\" src=\"https:\/\/agen.umc-europe.org\/eglise\/wp-content\/uploads\/2018\/11\/Convention-Waldmeyer-3.mp3?_=6\" \/><a href=\"https:\/\/agen.umc-europe.org\/eglise\/wp-content\/uploads\/2018\/11\/Convention-Waldmeyer-3.mp3\">https:\/\/agen.umc-europe.org\/eglise\/wp-content\/uploads\/2018\/11\/Convention-Waldmeyer-3.mp3<\/a><\/audio>\n<h2><\/h2>\n","protected":false},"excerpt":{"rendered":"<p>La 61e Convention biblique a e\u00fbt lieu du 17-19 Novembre 2018\u00a0dans les nouveaux locaux de l&rsquo;\u00e9glise \u00e0 Agen. Th\u00e8mes et orateurs : Christian Waldmeyer, professeur de Sciences naturelles \u00e0 la retraite : Le\u00e7ons apprises de l&rsquo;eau, de l&rsquo;argile et du lierre Yann Newberry, \u00e9cossais, pasteur &amp; auteur : Le coeur&#8230;<\/p>\n","protected":false},"author":2,"featured_media":0,"parent":0,"menu_order":0,"comment_status":"closed","ping_status":"closed","template":"","meta":{"_monsterinsights_skip_tracking":false,"_monsterinsights_sitenote_active":false,"_monsterinsights_sitenote_note":"","_monsterinsights_sitenote_category":0,"footnotes":""},"yoast_head":"<!-- This site is optimized with the Yoast SEO plugin v21.9.1 - https:\/\/yoast.com\/wordpress\/plugins\/seo\/ -->\n<title>Convention Biblique Novembre 2018 : Le coeur de l&#039;homme<\/title>\n<meta name=\"description\" content=\"Le coeur de l&#039;homme - Retours sur la convention biblique 2018\" \/>\n<meta name=\"robots\" content=\"index, follow, max-snippet:-1, max-image-preview:large, max-video-preview:-1\" \/>\n<link rel=\"canonical\" href=\"https:\/\/agen.umc-europe.org\/eglise\/convention-biblique-annuelle-novembre-2018\/\" \/>\n<meta property=\"og:locale\" content=\"fr_FR\" \/>\n<meta property=\"og:type\" content=\"article\" \/>\n<meta property=\"og:title\" content=\"Convention Biblique Novembre 2018 : Le coeur de l&#039;homme\" \/>\n<meta property=\"og:description\" content=\"Le coeur de l&#039;homme - Retours sur la convention biblique 2018\" \/>\n<meta property=\"og:url\" content=\"https:\/\/agen.umc-europe.org\/eglise\/convention-biblique-annuelle-novembre-2018\/\" \/>\n<meta property=\"og:site_name\" content=\"\u00c9glise Protestante \u00c9vang\u00e9lique M\u00e9thodiste Agen\" \/>\n<meta property=\"article:publisher\" content=\"https:\/\/www.facebook.com\/EgliseAgen\/\" \/>\n<meta property=\"article:modified_time\" content=\"2019-10-26T14:21:12+00:00\" \/>\n<meta name=\"twitter:card\" content=\"summary_large_image\" \/>\n<meta name=\"twitter:site\" content=\"@EgliseAgen\" \/>\n<meta name=\"twitter:label1\" content=\"Dur\u00e9e de lecture estim\u00e9e\" \/>\n\t<meta name=\"twitter:data1\" content=\"1 minute\" \/>\n<script type=\"application\/ld+json\" class=\"yoast-schema-graph\">{\"@context\":\"https:\/\/schema.org\",\"@graph\":[{\"@type\":\"WebPage\",\"@id\":\"https:\/\/agen.umc-europe.org\/eglise\/convention-biblique-annuelle-novembre-2018\/\",\"url\":\"https:\/\/agen.umc-europe.org\/eglise\/convention-biblique-annuelle-novembre-2018\/\",\"name\":\"Convention Biblique Novembre 2018 : Le coeur de l'homme\",\"isPartOf\":{\"@id\":\"https:\/\/agen.umc-europe.org\/eglise\/#website\"},\"datePublished\":\"2018-11-20T13:05:55+00:00\",\"dateModified\":\"2019-10-26T14:21:12+00:00\",\"description\":\"Le coeur de l'homme - Retours sur la convention biblique 2018\",\"breadcrumb\":{\"@id\":\"https:\/\/agen.umc-europe.org\/eglise\/convention-biblique-annuelle-novembre-2018\/#breadcrumb\"},\"inLanguage\":\"fr-FR\",\"potentialAction\":[{\"@type\":\"ReadAction\",\"target\":[\"https:\/\/agen.umc-europe.org\/eglise\/convention-biblique-annuelle-novembre-2018\/\"]}]},{\"@type\":\"BreadcrumbList\",\"@id\":\"https:\/\/agen.umc-europe.org\/eglise\/convention-biblique-annuelle-novembre-2018\/#breadcrumb\",\"itemListElement\":[{\"@type\":\"ListItem\",\"position\":1,\"name\":\"Accueil\",\"item\":\"https:\/\/agen.umc-europe.org\/eglise\/\"},{\"@type\":\"ListItem\",\"position\":2,\"name\":\"61e Convention Biblique Novembre 2018\"}]},{\"@type\":\"WebSite\",\"@id\":\"https:\/\/agen.umc-europe.org\/eglise\/#website\",\"url\":\"https:\/\/agen.umc-europe.org\/eglise\/\",\"name\":\"\u00c9glise Protestante \u00c9vang\u00e9lique M\u00e9thodiste Agen\",\"description\":\"Des chr\u00e9tiens \u00e9vang\u00e9liques au coeur du Lot et Garonne. &quot;Viens et vois!&quot; ( Jean 1:47 )\",\"potentialAction\":[{\"@type\":\"SearchAction\",\"target\":{\"@type\":\"EntryPoint\",\"urlTemplate\":\"https:\/\/agen.umc-europe.org\/eglise\/?s={search_term_string}\"},\"query-input\":\"required name=search_term_string\"}],\"inLanguage\":\"fr-FR\"}]}<\/script>\n<!-- \/ Yoast SEO plugin. -->","yoast_head_json":{"title":"Convention Biblique Novembre 2018 : Le coeur de l'homme","description":"Le coeur de l'homme - Retours sur la convention biblique 2018","robots":{"index":"index","follow":"follow","max-snippet":"max-snippet:-1","max-image-preview":"max-image-preview:large","max-video-preview":"max-video-preview:-1"},"canonical":"https:\/\/agen.umc-europe.org\/eglise\/convention-biblique-annuelle-novembre-2018\/","og_locale":"fr_FR","og_type":"article","og_title":"Convention Biblique Novembre 2018 : Le coeur de l'homme","og_description":"Le coeur de l'homme - Retours sur la convention biblique 2018","og_url":"https:\/\/agen.umc-europe.org\/eglise\/convention-biblique-annuelle-novembre-2018\/","og_site_name":"\u00c9glise Protestante \u00c9vang\u00e9lique M\u00e9thodiste Agen","article_publisher":"https:\/\/www.facebook.com\/EgliseAgen\/","article_modified_time":"2019-10-26T14:21:12+00:00","twitter_card":"summary_large_image","twitter_site":"@EgliseAgen","twitter_misc":{"Dur\u00e9e de lecture estim\u00e9e":"1 minute"},"schema":{"@context":"https:\/\/schema.org","@graph":[{"@type":"WebPage","@id":"https:\/\/agen.umc-europe.org\/eglise\/convention-biblique-annuelle-novembre-2018\/","url":"https:\/\/agen.umc-europe.org\/eglise\/convention-biblique-annuelle-novembre-2018\/","name":"Convention Biblique Novembre 2018 : Le coeur de l'homme","isPartOf":{"@id":"https:\/\/agen.umc-europe.org\/eglise\/#website"},"datePublished":"2018-11-20T13:05:55+00:00","dateModified":"2019-10-26T14:21:12+00:00","description":"Le coeur de l'homme - Retours sur la convention biblique 2018","breadcrumb":{"@id":"https:\/\/agen.umc-europe.org\/eglise\/convention-biblique-annuelle-novembre-2018\/#breadcrumb"},"inLanguage":"fr-FR","potentialAction":[{"@type":"ReadAction","target":["https:\/\/agen.umc-europe.org\/eglise\/convention-biblique-annuelle-novembre-2018\/"]}]},{"@type":"BreadcrumbList","@id":"https:\/\/agen.umc-europe.org\/eglise\/convention-biblique-annuelle-novembre-2018\/#breadcrumb","itemListElement":[{"@type":"ListItem","position":1,"name":"Accueil","item":"https:\/\/agen.umc-europe.org\/eglise\/"},{"@type":"ListItem","position":2,"name":"61e Convention Biblique Novembre 2018"}]},{"@type":"WebSite","@id":"https:\/\/agen.umc-europe.org\/eglise\/#website","url":"https:\/\/agen.umc-europe.org\/eglise\/","name":"\u00c9glise Protestante \u00c9vang\u00e9lique M\u00e9thodiste Agen","description":"Des chr\u00e9tiens \u00e9vang\u00e9liques au coeur du Lot et Garonne. &quot;Viens et vois!&quot; ( Jean 1:47 )","potentialAction":[{"@type":"SearchAction","target":{"@type":"EntryPoint","urlTemplate":"https:\/\/agen.umc-europe.org\/eglise\/?s={search_term_string}"},"query-input":"required name=search_term_string"}],"inLanguage":"fr-FR"}]}},"_links":{"self":[{"href":"https:\/\/agen.umc-europe.org\/eglise\/wp-json\/wp\/v2\/pages\/5204"}],"collection":[{"href":"https:\/\/agen.umc-europe.org\/eglise\/wp-json\/wp\/v2\/pages"}],"about":[{"href":"https:\/\/agen.umc-europe.org\/eglise\/wp-json\/wp\/v2\/types\/page"}],"author":[{"embeddable":true,"href":"https:\/\/agen.umc-europe.org\/eglise\/wp-json\/wp\/v2\/users\/2"}],"replies":[{"embeddable":true,"href":"https:\/\/agen.umc-europe.org\/eglise\/wp-json\/wp\/v2\/comments?post=5204"}],"version-history":[{"count":5,"href":"https:\/\/agen.umc-europe.org\/eglise\/wp-json\/wp\/v2\/pages\/5204\/revisions"}],"predecessor-version":[{"id":6382,"href":"https:\/\/agen.umc-europe.org\/eglise\/wp-json\/wp\/v2\/pages\/5204\/revisions\/6382"}],"wp:attachment":[{"href":"https:\/\/agen.umc-europe.org\/eglise\/wp-json\/wp\/v2\/media?parent=5204"}],"curies":[{"name":"wp","href":"https:\/\/api.w.org\/{rel}","templated":true}]}}