{"id":4586,"date":"2017-12-16T16:19:58","date_gmt":"2017-12-16T15:19:58","guid":{"rendered":"http:\/\/agen.umc-europe.org\/eglise\/?page_id=4586"},"modified":"2017-12-27T17:19:33","modified_gmt":"2017-12-27T16:19:33","slug":"eglise-de-jesus-christ","status":"publish","type":"page","link":"https:\/\/agen.umc-europe.org\/eglise\/faq-spiritualite\/eglise-de-jesus-christ\/","title":{"rendered":"L&rsquo;\u00e9glise de J\u00e9sus-Christ"},"content":{"rendered":"<p>Du grec Ekklesia, l&rsquo;\u00e9glise signifie une assembl\u00e9e appel\u00e9e \u00ab\u00a0hors de\u00a0\u00bb. \u00a0J\u00e9sus emploie pour la premi\u00e8re fois le mot \u00ab\u00a0\u00e9glise\u00a0\u00bb dans l&rsquo;\u00e9vangile de Matthieu 16v18 : <em>\u00ab\u00a0Et moi, je te dis que tu es Pierre, et que sur cette pierre je \u00a0b\u00e2tirai mon Eglise, et que les portes du s\u00e9jour des morts ne pr\u00e9vaudront point contre elle\u00a0\u00bb<\/em>. Dans le Nouveau Testament, l&rsquo;\u00e9glise repr\u00e9sente ainsi <strong>la communaut\u00e9 des croyants li\u00e9e \u00e0 J\u00e9sus-Christ<\/strong>. Cette \u00e9glise spirituelle est alors, tour \u00e0 tour, d\u00e9crite comme <em>corps du Seigneur<\/em> (chacun des croyants \u00e9tant membre du corps), <em>universelle<\/em>\u00a0ou <em>catholique<\/em> (parce ce que les enfants de Dieu de tous les pays et de tous les milieux en font partie) ou <em>locale<\/em> (une communaut\u00e9 de chr\u00e9tiens actifs dans une localit\u00e9).\u00a0Ici bas, l&rsquo;\u00e9glise est encore imparfaite, incompl\u00e8te et m\u00e9pris\u00e9e, mais avec une destin\u00e9e \u00e9ternelle glorieuse.<\/p>\n<div style=\"display: block; border: 1px solid #888888; border-bottom: none; margin-bottom: 20px; margin-top: 0px;\">\n<p style=\"display: block; background: #888888; text-align: center; height: 27px; line-height: 25px; font-size: 16px; text-transform: uppercase; color: #fff; font-weight: normal; padding-left: 38px;\">L&rsquo;\u00e9glise de J\u00e9sus-Christ<\/p>\n<div style=\"display: block; padding: 8px 8px; border-bottom: 1px solid #888888;\">\n<h5><a title=\"L\u2019\u00e9glise locale, lieu de b\u00e9n\u00e9diction\" href=\"https:\/\/agen.umc-europe.org\/eglise\/psaume-133-matthieu-18v19-20-leglise-locale-lieu-benediction\/\"><img loading=\"lazy\" decoding=\"async\" class=\"alignright\" title=\"L\u2019\u00e9glise locale, lieu de b\u00e9n\u00e9diction\" src=\"https:\/\/agen.umc-europe.org\/eglise\/wp-content\/uploads\/2017\/10\/eglise-locale-benediction-150x150.jpg\" alt=\"L\u2019\u00e9glise locale, lieu de b\u00e9n\u00e9diction\" width=\"150\" height=\"150\" \/>Matthieu 18v19-20 : L\u2019\u00e9glise locale, lieu de b\u00e9n\u00e9diction<\/a><\/h5>\n<p>Par mon engagement personnel avec Dieu, je d\u00e9couvre la vie avec lui et il m\u2019int\u00e8gre alors \u00e0 son corps qui est l\u2019Eglise (pas catholique ou protestante, mais sa famille). Et cela se vit sur le plan local. Et quand on vit cette dimension, l\u2019\u00e9glise locale devient un lieu de b\u00e9n\u00e9diction, c\u2019est-\u00e0-dire l\u2019endroit o\u00f9 Dieu accorde sa gr\u00e2ce tout particuli\u00e8rement.<\/p>\n<\/div>\n<div style=\"display: block; padding: 8px 8px; border-bottom: 1px solid #888888;\">\n<h5><a title=\"L'\u00e9glise : les fr\u00e8res et soeurs de J\u00e9sus, la famille de Dieu\" href=\"https:\/\/agen.umc-europe.org\/eglise\/eglise-freres-et-soeurs-de-jesus-famille-dieu\/\"><img loading=\"lazy\" decoding=\"async\" class=\"alignleft\" title=\"L'\u00e9glise : les fr\u00e8res et soeurs de J\u00e9sus, la famille de Dieu\" src=\"https:\/\/agen.umc-europe.org\/eglise\/wp-content\/uploads\/2017\/07\/eglise-freres-et-soeurs-150x150.jpg\" alt=\"L'\u00e9glise : les fr\u00e8res et soeurs de J\u00e9sus, la famille de Dieu\" width=\"150\" height=\"150\" \/>L&rsquo;\u00e9glise : les fr\u00e8res et soeurs de J\u00e9sus, la famille de Dieu<\/a><\/h5>\n<p>Si nous disons que l\u2019\u00e9glise est le peuple de Dieu, son corps, sa famille, comment r\u00e9agissons-nous ? Est-ce important pour nous ? La notion de \u00ab peuple de fr\u00e8res et soeurs en Christ \u00bb rev\u00eat-elle une importance \u00e0 nos yeux ? Comment cela se concr\u00e9tise-t-il dans nos relations ?\u00a0Cette expression fraternelle est devenue banale et fait perdre son sens profond, si bien que la r\u00e9alit\u00e9 est devenue, elle aussi, banale. Revenons sur ce que la Bible dit au sujet de la fraternit\u00e9 dans l&rsquo;\u00e9glise.<\/p>\n<\/div>\n<div style=\"display: block; padding: 8px 8px; border-bottom: 1px solid #888888;\">\n<h5><a title=\"Une \u00e9glise qui porte du fruit\" href=\"https:\/\/agen.umc-europe.org\/eglise\/actes-2-et-3-une-eglise-qui-porte-du-fruit\/\"><img loading=\"lazy\" decoding=\"async\" class=\"alignright\" style=\"border: 0px;\" title=\"Une \u00e9glise qui porte du fruit\" src=\"https:\/\/agen.umc-europe.org\/eglise\/wp-content\/uploads\/2017\/09\/vie-eglise-fruits-150x150.jpg\" alt=\"Une \u00e9glise qui porte du fruit\" width=\"150\" height=\"150\" \/>Une \u00e9glise qui porte du fruit (Actes 2v37-3v11)<\/a><\/h5>\n<p>Nous trouvons dans les chapitres 2 et 3 du livre des Actes des ap\u00f4tres une Eglise qui progresse, parce que Dieu agit. Mais en m\u00eame temps, Luc montre que cette progression est li\u00e9e \u00e0 ce que ces chr\u00e9tiens vivaient ensemble. Plusieurs principes v\u00e9cus permettent \u00e0 Dieu d\u2019agir et \u00e0 l\u2019Eglise de porter des fruits. Nous allons nous y arr\u00eater en nous rappelant que Dieu donne l\u00e0 un cadre qui lui permet d\u2019agir.<\/p>\n<\/div>\n<div style=\"display: block; padding: 8px 8px; border-bottom: 1px solid #888888;\">\n<h5><a title=\"L\u2019\u00e9glise est le corps du Christ\" href=\"https:\/\/agen.umc-europe.org\/eglise\/1-corinthiens-12-eglise-est-le-corps-du-christ\/\"><img loading=\"lazy\" decoding=\"async\" class=\"alignleft\" title=\"L\u2019\u00e9glise est le corps du Christ\" src=\"https:\/\/agen.umc-europe.org\/eglise\/wp-content\/uploads\/2017\/10\/eglise-corps-du-christ-150x150.jpg\" alt=\"L\u2019\u00e9glise est le corps du Christ\" width=\"150\" height=\"150\" \/>1 Corinthiens 12 : L\u2019\u00e9glise est le corps du Christ<\/a><\/h5>\n<p>Les parties du corps du Christ qui paraissent insignifiantes, sont particuli\u00e8rement n\u00e9cessaires. J\u00e9sus choisit ses amis parmi ces gens \u00absans importance\u00bb.\u00a0Nous voulons, comme Paul le dit, <em>\u00eatre reconnaissants<\/em> pour <em>chacun<\/em> qui fait partie du corps du Christ, qu\u2019est l\u2019Eglise, en remettant \u00e0 leur place ceux qui paraissent insignifiants ou faibles.<\/p>\n<\/div>\n<div style=\"display: block; padding: 8px 8px; border-bottom: 1px solid #888888;\">\n<h5>\u00a0<a href=\"https:\/\/agen.umc-europe.org\/eglise\/1-corinthiens-12v27-31-dons-de-lesprit-equipent-leglise\/\"><img loading=\"lazy\" decoding=\"async\" class=\"alignright\" style=\"border: 0px;\" title=\"Les dons de l'esprit saint\" src=\"https:\/\/agen.umc-europe.org\/eglise\/wp-content\/uploads\/2017\/06\/les-dons-de-l-esprit-saint-150x150.jpg\" alt=\"Les dons de l'esprit saint\" width=\"150\" height=\"150\" \/><\/a><a title=\"Quels sont les dons de l'Esprit saint?\" href=\"https:\/\/agen.umc-europe.org\/eglise\/1-corinthiens-12v27-31-dons-de-lesprit-equipent-leglise\/\">Les dons de l\u2019Esprit Saint ? Ils \u00e9quipent l\u2019Eglise !<\/a><\/h5>\n<p>A la diff\u00e9rence du fruit de l\u2019Esprit (Galates 5v22) qui est donn\u00e9 pour que tous les chr\u00e9tiens le vivent, les dons spirituels sont cette capacit\u00e9 qui vient de Dieu pour \u00eatre v\u00e9cus dans le cadre de l\u2019Eglise et pour elle ; ils ont une dimension surnaturelle, qui d\u00e9passe les capacit\u00e9s humaines. Ils \u00e9quipent l\u2019Eglise !<\/p>\n<\/div>\n<div style=\"display: block; padding: 8px 8px; border-bottom: 1px solid #888888;\">\n<h5><a title=\"La Foi en Dieu\" href=\"https:\/\/agen.umc-europe.org\/eglise\/marc-9-38-40\/\">Marc 9v38-40 : Pourquoi tant de diversit\u00e9s d\u2019expression de la foi que d\u2019Eglises ?<br \/>\n<\/a><\/h5>\n<p>Nous pouvons \u00eatre surpris de constater, lorsque l&rsquo;on rencontre des responsables d\u2019Eglises et des chr\u00e9tiens d\u2019autres Eglises, qu\u2019il n\u2019y a souvent pas de diff\u00e9rences fondamentales quant \u00e0 la foi en Dieu, mais qu\u2019il y a plut\u00f4t des a priori de part et d\u2019autre quant \u00e0 l\u2019expression de cette foi. Autant de diversit\u00e9s d\u2019expression de la foi que d\u2019Eglises ! Et ces a priori fond\u00e9s sur le mode d\u2019expression de la foi, nous servent davantage \u00e0 nous exclure les uns des autres. Dans ce sens, nous pouvons avoir des r\u00e9actions identiques \u00e0 celles des disciples, r\u00e9actions d\u2019exclusion de personnes qui ne nous suivent pas, nous qui sommes avec le Seigneur !<\/p>\n<\/div>\n<\/div>\n","protected":false},"excerpt":{"rendered":"<p>Du grec Ekklesia, l&rsquo;\u00e9glise signifie une assembl\u00e9e appel\u00e9e \u00ab\u00a0hors de\u00a0\u00bb. \u00a0J\u00e9sus emploie pour la premi\u00e8re fois le mot \u00ab\u00a0\u00e9glise\u00a0\u00bb dans l&rsquo;\u00e9vangile de Matthieu 16v18 : \u00ab\u00a0Et moi, je te dis que tu es Pierre, et que sur cette pierre je \u00a0b\u00e2tirai mon Eglise, et que les portes du s\u00e9jour des&#8230;<\/p>\n","protected":false},"author":2,"featured_media":0,"parent":3226,"menu_order":0,"comment_status":"closed","ping_status":"closed","template":"","meta":{"_monsterinsights_skip_tracking":false,"_monsterinsights_sitenote_active":false,"_monsterinsights_sitenote_note":"","_monsterinsights_sitenote_category":0,"footnotes":""},"yoast_head":"<!-- This site is optimized with the Yoast SEO plugin v21.9.1 - https:\/\/yoast.com\/wordpress\/plugins\/seo\/ -->\n<title>L&#039;\u00e9glise de J\u00e9sus-Christ - S\u00e9rie de pr\u00e9dications audio et textes<\/title>\n<meta name=\"description\" content=\"Dans le Nouveau Testament, l&#039;\u00e9glise repr\u00e9sente la communaut\u00e9 des croyants li\u00e9e \u00e0 J\u00e9sus-Christ; une assembl\u00e9e appel\u00e9e &quot;hors de&quot; avec une destin\u00e9e \u00e9ternelle.\" \/>\n<meta name=\"robots\" content=\"index, follow, max-snippet:-1, max-image-preview:large, max-video-preview:-1\" \/>\n<link rel=\"canonical\" href=\"https:\/\/agen.umc-europe.org\/eglise\/faq-spiritualite\/eglise-de-jesus-christ\/\" \/>\n<meta property=\"og:locale\" content=\"fr_FR\" \/>\n<meta property=\"og:type\" content=\"article\" \/>\n<meta property=\"og:title\" content=\"L&#039;\u00e9glise de J\u00e9sus-Christ - S\u00e9rie de pr\u00e9dications audio et textes\" \/>\n<meta property=\"og:description\" content=\"Dans le Nouveau Testament, l&#039;\u00e9glise repr\u00e9sente la communaut\u00e9 des croyants li\u00e9e \u00e0 J\u00e9sus-Christ; une assembl\u00e9e appel\u00e9e &quot;hors de&quot; avec une destin\u00e9e \u00e9ternelle.\" \/>\n<meta property=\"og:url\" content=\"https:\/\/agen.umc-europe.org\/eglise\/faq-spiritualite\/eglise-de-jesus-christ\/\" \/>\n<meta property=\"og:site_name\" content=\"\u00c9glise Protestante \u00c9vang\u00e9lique M\u00e9thodiste Agen\" \/>\n<meta property=\"article:publisher\" content=\"https:\/\/www.facebook.com\/EgliseAgen\/\" \/>\n<meta property=\"article:modified_time\" content=\"2017-12-27T16:19:33+00:00\" \/>\n<meta property=\"og:image\" content=\"https:\/\/agen.umc-europe.org\/eglise\/wp-content\/uploads\/2017\/10\/eglise-locale-benediction-150x150.jpg\" \/>\n<meta name=\"twitter:card\" content=\"summary_large_image\" \/>\n<meta name=\"twitter:site\" content=\"@EgliseAgen\" \/>\n<meta name=\"twitter:label1\" content=\"Dur\u00e9e de lecture estim\u00e9e\" \/>\n\t<meta name=\"twitter:data1\" content=\"3 minutes\" \/>\n<script type=\"application\/ld+json\" class=\"yoast-schema-graph\">{\"@context\":\"https:\/\/schema.org\",\"@graph\":[{\"@type\":\"WebPage\",\"@id\":\"https:\/\/agen.umc-europe.org\/eglise\/faq-spiritualite\/eglise-de-jesus-christ\/\",\"url\":\"https:\/\/agen.umc-europe.org\/eglise\/faq-spiritualite\/eglise-de-jesus-christ\/\",\"name\":\"L'\u00e9glise de J\u00e9sus-Christ - S\u00e9rie de pr\u00e9dications audio et textes\",\"isPartOf\":{\"@id\":\"https:\/\/agen.umc-europe.org\/eglise\/#website\"},\"datePublished\":\"2017-12-16T15:19:58+00:00\",\"dateModified\":\"2017-12-27T16:19:33+00:00\",\"description\":\"Dans le Nouveau Testament, l'\u00e9glise repr\u00e9sente la communaut\u00e9 des croyants li\u00e9e \u00e0 J\u00e9sus-Christ; une assembl\u00e9e appel\u00e9e \\\"hors de\\\" avec une destin\u00e9e \u00e9ternelle.\",\"breadcrumb\":{\"@id\":\"https:\/\/agen.umc-europe.org\/eglise\/faq-spiritualite\/eglise-de-jesus-christ\/#breadcrumb\"},\"inLanguage\":\"fr-FR\",\"potentialAction\":[{\"@type\":\"ReadAction\",\"target\":[\"https:\/\/agen.umc-europe.org\/eglise\/faq-spiritualite\/eglise-de-jesus-christ\/\"]}]},{\"@type\":\"BreadcrumbList\",\"@id\":\"https:\/\/agen.umc-europe.org\/eglise\/faq-spiritualite\/eglise-de-jesus-christ\/#breadcrumb\",\"itemListElement\":[{\"@type\":\"ListItem\",\"position\":1,\"name\":\"Accueil\",\"item\":\"https:\/\/agen.umc-europe.org\/eglise\/\"},{\"@type\":\"ListItem\",\"position\":2,\"name\":\"FAQ &#8211; Spiritualit\u00e9\",\"item\":\"https:\/\/agen.umc-europe.org\/eglise\/faq-spiritualite\/\"},{\"@type\":\"ListItem\",\"position\":3,\"name\":\"L&rsquo;\u00e9glise de J\u00e9sus-Christ\"}]},{\"@type\":\"WebSite\",\"@id\":\"https:\/\/agen.umc-europe.org\/eglise\/#website\",\"url\":\"https:\/\/agen.umc-europe.org\/eglise\/\",\"name\":\"\u00c9glise Protestante \u00c9vang\u00e9lique M\u00e9thodiste Agen\",\"description\":\"Des chr\u00e9tiens \u00e9vang\u00e9liques au coeur du Lot et Garonne. &quot;Viens et vois!&quot; ( Jean 1:47 )\",\"potentialAction\":[{\"@type\":\"SearchAction\",\"target\":{\"@type\":\"EntryPoint\",\"urlTemplate\":\"https:\/\/agen.umc-europe.org\/eglise\/?s={search_term_string}\"},\"query-input\":\"required name=search_term_string\"}],\"inLanguage\":\"fr-FR\"}]}<\/script>\n<!-- \/ Yoast SEO plugin. -->","yoast_head_json":{"title":"L'\u00e9glise de J\u00e9sus-Christ - S\u00e9rie de pr\u00e9dications audio et textes","description":"Dans le Nouveau Testament, l'\u00e9glise repr\u00e9sente la communaut\u00e9 des croyants li\u00e9e \u00e0 J\u00e9sus-Christ; une assembl\u00e9e appel\u00e9e \"hors de\" avec une destin\u00e9e \u00e9ternelle.","robots":{"index":"index","follow":"follow","max-snippet":"max-snippet:-1","max-image-preview":"max-image-preview:large","max-video-preview":"max-video-preview:-1"},"canonical":"https:\/\/agen.umc-europe.org\/eglise\/faq-spiritualite\/eglise-de-jesus-christ\/","og_locale":"fr_FR","og_type":"article","og_title":"L'\u00e9glise de J\u00e9sus-Christ - S\u00e9rie de pr\u00e9dications audio et textes","og_description":"Dans le Nouveau Testament, l'\u00e9glise repr\u00e9sente la communaut\u00e9 des croyants li\u00e9e \u00e0 J\u00e9sus-Christ; une assembl\u00e9e appel\u00e9e \"hors de\" avec une destin\u00e9e \u00e9ternelle.","og_url":"https:\/\/agen.umc-europe.org\/eglise\/faq-spiritualite\/eglise-de-jesus-christ\/","og_site_name":"\u00c9glise Protestante \u00c9vang\u00e9lique M\u00e9thodiste Agen","article_publisher":"https:\/\/www.facebook.com\/EgliseAgen\/","article_modified_time":"2017-12-27T16:19:33+00:00","og_image":[{"url":"https:\/\/agen.umc-europe.org\/eglise\/wp-content\/uploads\/2017\/10\/eglise-locale-benediction-150x150.jpg"}],"twitter_card":"summary_large_image","twitter_site":"@EgliseAgen","twitter_misc":{"Dur\u00e9e de lecture estim\u00e9e":"3 minutes"},"schema":{"@context":"https:\/\/schema.org","@graph":[{"@type":"WebPage","@id":"https:\/\/agen.umc-europe.org\/eglise\/faq-spiritualite\/eglise-de-jesus-christ\/","url":"https:\/\/agen.umc-europe.org\/eglise\/faq-spiritualite\/eglise-de-jesus-christ\/","name":"L'\u00e9glise de J\u00e9sus-Christ - S\u00e9rie de pr\u00e9dications audio et textes","isPartOf":{"@id":"https:\/\/agen.umc-europe.org\/eglise\/#website"},"datePublished":"2017-12-16T15:19:58+00:00","dateModified":"2017-12-27T16:19:33+00:00","description":"Dans le Nouveau Testament, l'\u00e9glise repr\u00e9sente la communaut\u00e9 des croyants li\u00e9e \u00e0 J\u00e9sus-Christ; une assembl\u00e9e appel\u00e9e \"hors de\" avec une destin\u00e9e \u00e9ternelle.","breadcrumb":{"@id":"https:\/\/agen.umc-europe.org\/eglise\/faq-spiritualite\/eglise-de-jesus-christ\/#breadcrumb"},"inLanguage":"fr-FR","potentialAction":[{"@type":"ReadAction","target":["https:\/\/agen.umc-europe.org\/eglise\/faq-spiritualite\/eglise-de-jesus-christ\/"]}]},{"@type":"BreadcrumbList","@id":"https:\/\/agen.umc-europe.org\/eglise\/faq-spiritualite\/eglise-de-jesus-christ\/#breadcrumb","itemListElement":[{"@type":"ListItem","position":1,"name":"Accueil","item":"https:\/\/agen.umc-europe.org\/eglise\/"},{"@type":"ListItem","position":2,"name":"FAQ &#8211; Spiritualit\u00e9","item":"https:\/\/agen.umc-europe.org\/eglise\/faq-spiritualite\/"},{"@type":"ListItem","position":3,"name":"L&rsquo;\u00e9glise de J\u00e9sus-Christ"}]},{"@type":"WebSite","@id":"https:\/\/agen.umc-europe.org\/eglise\/#website","url":"https:\/\/agen.umc-europe.org\/eglise\/","name":"\u00c9glise Protestante \u00c9vang\u00e9lique M\u00e9thodiste Agen","description":"Des chr\u00e9tiens \u00e9vang\u00e9liques au coeur du Lot et Garonne. &quot;Viens et vois!&quot; ( Jean 1:47 )","potentialAction":[{"@type":"SearchAction","target":{"@type":"EntryPoint","urlTemplate":"https:\/\/agen.umc-europe.org\/eglise\/?s={search_term_string}"},"query-input":"required name=search_term_string"}],"inLanguage":"fr-FR"}]}},"_links":{"self":[{"href":"https:\/\/agen.umc-europe.org\/eglise\/wp-json\/wp\/v2\/pages\/4586"}],"collection":[{"href":"https:\/\/agen.umc-europe.org\/eglise\/wp-json\/wp\/v2\/pages"}],"about":[{"href":"https:\/\/agen.umc-europe.org\/eglise\/wp-json\/wp\/v2\/types\/page"}],"author":[{"embeddable":true,"href":"https:\/\/agen.umc-europe.org\/eglise\/wp-json\/wp\/v2\/users\/2"}],"replies":[{"embeddable":true,"href":"https:\/\/agen.umc-europe.org\/eglise\/wp-json\/wp\/v2\/comments?post=4586"}],"version-history":[{"count":6,"href":"https:\/\/agen.umc-europe.org\/eglise\/wp-json\/wp\/v2\/pages\/4586\/revisions"}],"predecessor-version":[{"id":5346,"href":"https:\/\/agen.umc-europe.org\/eglise\/wp-json\/wp\/v2\/pages\/4586\/revisions\/5346"}],"up":[{"embeddable":true,"href":"https:\/\/agen.umc-europe.org\/eglise\/wp-json\/wp\/v2\/pages\/3226"}],"wp:attachment":[{"href":"https:\/\/agen.umc-europe.org\/eglise\/wp-json\/wp\/v2\/media?parent=4586"}],"curies":[{"name":"wp","href":"https:\/\/api.w.org\/{rel}","templated":true}]}}