{"id":448,"date":"2014-09-09T22:38:08","date_gmt":"2014-09-09T21:38:08","guid":{"rendered":"http:\/\/agen.umc-europe.org\/eglise\/?page_id=448"},"modified":"2014-10-17T10:42:08","modified_gmt":"2014-10-17T09:42:08","slug":"le-programme","status":"publish","type":"page","link":"https:\/\/agen.umc-europe.org\/eglise\/nos-activites\/le-programme\/","title":{"rendered":"Notre programme annuel"},"content":{"rendered":"<p>Si vous souhaitez vous joindre \u00e0 nous pour l&rsquo;un de nos \u00e9v\u00e9nements, vous trouverez ci dessous dans le calendrier la liste compl\u00e8te de nos r\u00e9unions. Rejoignez nous, vous \u00eates bienvenu !<\/p>\n<p>\n<table cellspacing=\"1\" cellpadding=\"0\" class=\"calendar-table\">\n<tr>\n                <td colspan=\"7\" class=\"calendar-heading\">\n                    <table border=\"0\" cellpadding=\"0\" cellspacing=\"0\" width=\"100%\">\n                    <tr>\n                    <td class=\"calendar-prev\"><a href=\"https:\/\/agen.umc-europe.org\/eglise\/nos-activites\/le-programme\/?month=mar&amp;yr=2026\">&laquo; Pr\u00e9c\u00e9dent<\/a><\/td>\n                    <td class=\"calendar-month\">Avril 2026<\/td>\n                    <td class=\"calendar-next\"><a href=\"https:\/\/agen.umc-europe.org\/eglise\/nos-activites\/le-programme\/?month=may&amp;yr=2026\">Suivant &raquo;<\/a><\/td>\n                    <\/tr>\n                    <\/table>\n                <\/td>\n<\/tr>\n<tr>\n        <td class=\"weekend-heading\">Dimanche<\/td>\n        <td class=\"normal-day-heading\">Lundi<\/td>\n        <td class=\"normal-day-heading\">Mardi<\/td>\n        <td class=\"normal-day-heading\">Mercredi<\/td>\n        <td class=\"normal-day-heading\">Jeudi<\/td>\n        <td class=\"normal-day-heading\">Vendredi<\/td>\n        <td class=\"weekend-heading\">Samedi<\/td>\n<\/tr>\n<tr>\n        <td class=\"day-without-date\">&nbsp;<\/td>\n        <td class=\"day-without-date\">&nbsp;<\/td>\n        <td class=\"day-without-date\">&nbsp;<\/td>\n        <td class=\"day-with-date no-events\"><span >1<\/span><span class=\"event\"><br \/><\/span><\/td>\n        <td class=\"day-with-date no-events\"><span >2<\/span><span class=\"event\"><br \/><\/span><\/td>\n        <td class=\"day-with-date no-events\"><span >3<\/span><span class=\"event\"><br \/><\/span><\/td>\n        <td class=\"day-with-date no-events\"><span class=\"weekend\">4<\/span><span class=\"event\"><br \/><\/span><\/td>\n<\/tr>\n<tr>\n        <td class=\"day-with-date\"><span class=\"weekend\">5<\/span><span class=\"event\"><br \/><span class=\"calendar_bullet\" style=\"position:relative;display:inline;width:unset;background:none;\">* <\/span><span class=\"calnk\"><a href=\"#\" >Culte<span ><span class=\"event-title\" >Culte<\/span><br \/>\n<span class=\"event-title-break\"><\/span><br \/><strong>Heure:<\/strong> 10 h 00 min<br \/><span class=\"event-content-break\"><\/span><br \/>Tous les Dimanche matin \u00e0 10h30, les membres de l'\u00e9glise se r\u00e9unissent pour participer au culte pendant lequel nous louons Dieu par nos pri\u00e8res, nos chants et o\u00f9 nous \u00e9coutons l'enseignement tir\u00e9 des textes de la Bible.\r\n\r\nUne garderie et \u00e9cole de DImanche sont organis\u00e9s pour les enfants jusqu'\u00e0 11 ans.<\/span><\/a><\/span><br \/><\/span><\/td>\n        <td class=\"day-with-date no-events\"><span >6<\/span><span class=\"event\"><br \/><\/span><\/td>\n        <td class=\"day-with-date\"><span >7<\/span><span class=\"event\"><br \/><span class=\"calendar_bullet\" style=\"position:relative;display:inline;width:unset;background:none;\">* <\/span><span class=\"calnk\"><a href=\"#\" >R\u00e9union de pri\u00e8re<span ><span class=\"event-title\" >R\u00e9union de pri\u00e8re<\/span><br \/>\n<span class=\"event-title-break\"><\/span><br \/><strong>Heure:<\/strong> 14 h 00 min<br \/><span class=\"event-content-break\"><\/span><br \/>Nous nous retrouvons \u00e0 14h00 pour prier Dieu ensemble. Ce moment de louange et de partage nous permet de pr\u00e9senter \u00e0 Dieu nos sujets de joie, de pr\u00e9occupation et de peine.<\/span><\/a><\/span><br \/><\/span><\/td>\n        <td class=\"day-with-date no-events\"><span >8<\/span><span class=\"event\"><br \/><\/span><\/td>\n        <td class=\"day-with-date no-events\"><span >9<\/span><span class=\"event\"><br \/><\/span><\/td>\n        <td class=\"day-with-date no-events\"><span >10<\/span><span class=\"event\"><br \/><\/span><\/td>\n        <td class=\"day-with-date no-events\"><span class=\"weekend\">11<\/span><span class=\"event\"><br \/><\/span><\/td>\n<\/tr>\n<tr>\n        <td class=\"day-with-date\"><span class=\"weekend\">12<\/span><span class=\"event\"><br \/><span class=\"calendar_bullet\" style=\"position:relative;display:inline;width:unset;background:none;\">* <\/span><span class=\"calnk\"><a href=\"#\" >Culte<span ><span class=\"event-title\" >Culte<\/span><br \/>\n<span class=\"event-title-break\"><\/span><br \/><strong>Heure:<\/strong> 10 h 00 min<br \/><span class=\"event-content-break\"><\/span><br \/>Tous les Dimanche matin \u00e0 10h30, les membres de l'\u00e9glise se r\u00e9unissent pour participer au culte pendant lequel nous louons Dieu par nos pri\u00e8res, nos chants et o\u00f9 nous \u00e9coutons l'enseignement tir\u00e9 des textes de la Bible.\r\n\r\nUne garderie et \u00e9cole de DImanche sont organis\u00e9s pour les enfants jusqu'\u00e0 11 ans.<\/span><\/a><\/span><br \/><\/span><\/td>\n        <td class=\"day-with-date no-events\"><span >13<\/span><span class=\"event\"><br \/><\/span><\/td>\n        <td class=\"day-with-date\"><span >14<\/span><span class=\"event\"><br \/><span class=\"calendar_bullet\" style=\"position:relative;display:inline;width:unset;background:none;\">* <\/span><span class=\"calnk\"><a href=\"#\" >R\u00e9union de pri\u00e8re<span ><span class=\"event-title\" >R\u00e9union de pri\u00e8re<\/span><br \/>\n<span class=\"event-title-break\"><\/span><br \/><strong>Heure:<\/strong> 14 h 00 min<br \/><span class=\"event-content-break\"><\/span><br \/>Nous nous retrouvons \u00e0 14h00 pour prier Dieu ensemble. Ce moment de louange et de partage nous permet de pr\u00e9senter \u00e0 Dieu nos sujets de joie, de pr\u00e9occupation et de peine.<\/span><\/a><\/span><br \/><\/span><\/td>\n        <td class=\"day-with-date no-events\"><span >15<\/span><span class=\"event\"><br \/><\/span><\/td>\n        <td class=\"day-with-date no-events\"><span >16<\/span><span class=\"event\"><br \/><\/span><\/td>\n        <td class=\"current-day no-events\"><span >17<\/span><span class=\"event\"><br \/><\/span><\/td>\n        <td class=\"day-with-date no-events\"><span class=\"weekend\">18<\/span><span class=\"event\"><br \/><\/span><\/td>\n<\/tr>\n<tr>\n        <td class=\"day-with-date\"><span class=\"weekend\">19<\/span><span class=\"event\"><br \/><span class=\"calendar_bullet\" style=\"position:relative;display:inline;width:unset;background:none;\">* <\/span><span class=\"calnk\"><a href=\"#\" >Culte<span ><span class=\"event-title\" >Culte<\/span><br \/>\n<span class=\"event-title-break\"><\/span><br \/><strong>Heure:<\/strong> 10 h 00 min<br \/><span class=\"event-content-break\"><\/span><br \/>Tous les Dimanche matin \u00e0 10h30, les membres de l'\u00e9glise se r\u00e9unissent pour participer au culte pendant lequel nous louons Dieu par nos pri\u00e8res, nos chants et o\u00f9 nous \u00e9coutons l'enseignement tir\u00e9 des textes de la Bible.\r\n\r\nUne garderie et \u00e9cole de DImanche sont organis\u00e9s pour les enfants jusqu'\u00e0 11 ans.<\/span><\/a><\/span><br \/><\/span><\/td>\n        <td class=\"day-with-date no-events\"><span >20<\/span><span class=\"event\"><br \/><\/span><\/td>\n        <td class=\"day-with-date\"><span >21<\/span><span class=\"event\"><br \/><span class=\"calendar_bullet\" style=\"position:relative;display:inline;width:unset;background:none;\">* <\/span><span class=\"calnk\"><a href=\"#\" >R\u00e9union de pri\u00e8re<span ><span class=\"event-title\" >R\u00e9union de pri\u00e8re<\/span><br \/>\n<span class=\"event-title-break\"><\/span><br \/><strong>Heure:<\/strong> 14 h 00 min<br \/><span class=\"event-content-break\"><\/span><br \/>Nous nous retrouvons \u00e0 14h00 pour prier Dieu ensemble. Ce moment de louange et de partage nous permet de pr\u00e9senter \u00e0 Dieu nos sujets de joie, de pr\u00e9occupation et de peine.<\/span><\/a><\/span><br \/><\/span><\/td>\n        <td class=\"day-with-date no-events\"><span >22<\/span><span class=\"event\"><br \/><\/span><\/td>\n        <td class=\"day-with-date no-events\"><span >23<\/span><span class=\"event\"><br \/><\/span><\/td>\n        <td class=\"day-with-date no-events\"><span >24<\/span><span class=\"event\"><br \/><\/span><\/td>\n        <td class=\"day-with-date no-events\"><span class=\"weekend\">25<\/span><span class=\"event\"><br \/><\/span><\/td>\n<\/tr>\n<tr>\n        <td class=\"day-with-date\"><span class=\"weekend\">26<\/span><span class=\"event\"><br \/><span class=\"calendar_bullet\" style=\"position:relative;display:inline;width:unset;background:none;\">* <\/span><span class=\"calnk\"><a href=\"#\" >Culte<span ><span class=\"event-title\" >Culte<\/span><br \/>\n<span class=\"event-title-break\"><\/span><br \/><strong>Heure:<\/strong> 10 h 00 min<br \/><span class=\"event-content-break\"><\/span><br \/>Tous les Dimanche matin \u00e0 10h30, les membres de l'\u00e9glise se r\u00e9unissent pour participer au culte pendant lequel nous louons Dieu par nos pri\u00e8res, nos chants et o\u00f9 nous \u00e9coutons l'enseignement tir\u00e9 des textes de la Bible.\r\n\r\nUne garderie et \u00e9cole de DImanche sont organis\u00e9s pour les enfants jusqu'\u00e0 11 ans.<\/span><\/a><\/span><br \/><\/span><\/td>\n        <td class=\"day-with-date no-events\"><span >27<\/span><span class=\"event\"><br \/><\/span><\/td>\n        <td class=\"day-with-date\"><span >28<\/span><span class=\"event\"><br \/><span class=\"calendar_bullet\" style=\"position:relative;display:inline;width:unset;background:none;\">* <\/span><span class=\"calnk\"><a href=\"#\" >R\u00e9union de pri\u00e8re<span ><span class=\"event-title\" >R\u00e9union de pri\u00e8re<\/span><br \/>\n<span class=\"event-title-break\"><\/span><br \/><strong>Heure:<\/strong> 14 h 00 min<br \/><span class=\"event-content-break\"><\/span><br \/>Nous nous retrouvons \u00e0 14h00 pour prier Dieu ensemble. Ce moment de louange et de partage nous permet de pr\u00e9senter \u00e0 Dieu nos sujets de joie, de pr\u00e9occupation et de peine.<\/span><\/a><\/span><br \/><\/span><\/td>\n        <td class=\"day-with-date no-events\"><span >29<\/span><span class=\"event\"><br \/><\/span><\/td>\n        <td class=\"day-with-date no-events\"><span >30<\/span><span class=\"event\"><br \/><\/span><\/td>\n        <td class=\"day-without-date\">&nbsp;<\/td>\n        <td class=\"day-without-date\">&nbsp;<\/td>\n<\/tr>\n<\/table>\n<div class=\"kjo-link\" style=\"visibility:visible !important;display:block !important;\"><p>Calendrier d\u00e9velopp\u00e9 et support\u00e9 par<a href=\"http:\/\/www.kieranoshea.com\">Kieran O'Shea<\/a><\/p><\/div>\n<\/p>\n<p style=\"text-align: center;\">Sauf mention contraire, les activit\u00e9s d&rsquo;\u00e9glise ont lieu \u00e0 \u00ab\u00a0Catala\u00a0\u00bb \u00a0au :<br \/>\n<strong>1874, Avenue du G\u00e9n\u00e9ral Leclerc 47000 AGEN<\/strong>.<\/p>\n","protected":false},"excerpt":{"rendered":"<p>Si vous souhaitez vous joindre \u00e0 nous pour l&rsquo;un de nos \u00e9v\u00e9nements, vous trouverez ci dessous dans le calendrier la liste compl\u00e8te de nos r\u00e9unions. Rejoignez nous, vous \u00eates bienvenu ! &laquo; Pr\u00e9c\u00e9dent Avril 2026 Suivant &raquo; Dimanche Lundi Mardi Mercredi Jeudi Vendredi Samedi &nbsp; &nbsp; &nbsp; 1 2 3&#8230;<\/p>\n","protected":false},"author":2,"featured_media":0,"parent":58,"menu_order":0,"comment_status":"closed","ping_status":"open","template":"","meta":{"_monsterinsights_skip_tracking":false,"_monsterinsights_sitenote_active":false,"_monsterinsights_sitenote_note":"","_monsterinsights_sitenote_category":0,"footnotes":""},"yoast_head":"<!-- This site is optimized with the Yoast SEO plugin v21.9.1 - https:\/\/yoast.com\/wordpress\/plugins\/seo\/ -->\n<title>Calendrier et programme annuel Eglise M\u00e9thodiste Agen<\/title>\n<meta name=\"description\" content=\"Retrouver ici la liste compl\u00e8te des r\u00e9unions de l&#039;\u00e9glise \u00e0 Agen. Rejoignez nous, vous \u00eates bienvenu !\" \/>\n<meta name=\"robots\" content=\"index, follow, max-snippet:-1, max-image-preview:large, max-video-preview:-1\" \/>\n<link rel=\"canonical\" href=\"https:\/\/agen.umc-europe.org\/eglise\/nos-activites\/le-programme\/\" \/>\n<meta property=\"og:locale\" content=\"fr_FR\" \/>\n<meta property=\"og:type\" content=\"article\" \/>\n<meta property=\"og:title\" content=\"Calendrier et programme annuel Eglise M\u00e9thodiste Agen\" \/>\n<meta property=\"og:description\" content=\"Retrouver ici la liste compl\u00e8te des r\u00e9unions de l&#039;\u00e9glise \u00e0 Agen. Rejoignez nous, vous \u00eates bienvenu !\" \/>\n<meta property=\"og:url\" content=\"https:\/\/agen.umc-europe.org\/eglise\/nos-activites\/le-programme\/\" \/>\n<meta property=\"og:site_name\" content=\"\u00c9glise Protestante \u00c9vang\u00e9lique M\u00e9thodiste Agen\" \/>\n<meta property=\"article:publisher\" content=\"https:\/\/www.facebook.com\/EgliseAgen\/\" \/>\n<meta property=\"article:modified_time\" content=\"2014-10-17T09:42:08+00:00\" \/>\n<meta name=\"twitter:card\" content=\"summary_large_image\" \/>\n<meta name=\"twitter:site\" content=\"@EgliseAgen\" \/>\n<script type=\"application\/ld+json\" class=\"yoast-schema-graph\">{\"@context\":\"https:\/\/schema.org\",\"@graph\":[{\"@type\":\"WebPage\",\"@id\":\"https:\/\/agen.umc-europe.org\/eglise\/nos-activites\/le-programme\/\",\"url\":\"https:\/\/agen.umc-europe.org\/eglise\/nos-activites\/le-programme\/\",\"name\":\"Calendrier et programme annuel Eglise M\u00e9thodiste Agen\",\"isPartOf\":{\"@id\":\"https:\/\/agen.umc-europe.org\/eglise\/#website\"},\"datePublished\":\"2014-09-09T21:38:08+00:00\",\"dateModified\":\"2014-10-17T09:42:08+00:00\",\"description\":\"Retrouver ici la liste compl\u00e8te des r\u00e9unions de l'\u00e9glise \u00e0 Agen. Rejoignez nous, vous \u00eates bienvenu !\",\"breadcrumb\":{\"@id\":\"https:\/\/agen.umc-europe.org\/eglise\/nos-activites\/le-programme\/#breadcrumb\"},\"inLanguage\":\"fr-FR\",\"potentialAction\":[{\"@type\":\"ReadAction\",\"target\":[\"https:\/\/agen.umc-europe.org\/eglise\/nos-activites\/le-programme\/\"]}]},{\"@type\":\"BreadcrumbList\",\"@id\":\"https:\/\/agen.umc-europe.org\/eglise\/nos-activites\/le-programme\/#breadcrumb\",\"itemListElement\":[{\"@type\":\"ListItem\",\"position\":1,\"name\":\"Accueil\",\"item\":\"https:\/\/agen.umc-europe.org\/eglise\/\"},{\"@type\":\"ListItem\",\"position\":2,\"name\":\"Nos activit\u00e9s\",\"item\":\"https:\/\/agen.umc-europe.org\/eglise\/nos-activites\/\"},{\"@type\":\"ListItem\",\"position\":3,\"name\":\"Notre programme annuel\"}]},{\"@type\":\"WebSite\",\"@id\":\"https:\/\/agen.umc-europe.org\/eglise\/#website\",\"url\":\"https:\/\/agen.umc-europe.org\/eglise\/\",\"name\":\"\u00c9glise Protestante \u00c9vang\u00e9lique M\u00e9thodiste Agen\",\"description\":\"Des chr\u00e9tiens \u00e9vang\u00e9liques au coeur du Lot et Garonne. &quot;Viens et vois!&quot; ( Jean 1:47 )\",\"potentialAction\":[{\"@type\":\"SearchAction\",\"target\":{\"@type\":\"EntryPoint\",\"urlTemplate\":\"https:\/\/agen.umc-europe.org\/eglise\/?s={search_term_string}\"},\"query-input\":\"required name=search_term_string\"}],\"inLanguage\":\"fr-FR\"}]}<\/script>\n<!-- \/ Yoast SEO plugin. -->","yoast_head_json":{"title":"Calendrier et programme annuel Eglise M\u00e9thodiste Agen","description":"Retrouver ici la liste compl\u00e8te des r\u00e9unions de l'\u00e9glise \u00e0 Agen. Rejoignez nous, vous \u00eates bienvenu !","robots":{"index":"index","follow":"follow","max-snippet":"max-snippet:-1","max-image-preview":"max-image-preview:large","max-video-preview":"max-video-preview:-1"},"canonical":"https:\/\/agen.umc-europe.org\/eglise\/nos-activites\/le-programme\/","og_locale":"fr_FR","og_type":"article","og_title":"Calendrier et programme annuel Eglise M\u00e9thodiste Agen","og_description":"Retrouver ici la liste compl\u00e8te des r\u00e9unions de l'\u00e9glise \u00e0 Agen. Rejoignez nous, vous \u00eates bienvenu !","og_url":"https:\/\/agen.umc-europe.org\/eglise\/nos-activites\/le-programme\/","og_site_name":"\u00c9glise Protestante \u00c9vang\u00e9lique M\u00e9thodiste Agen","article_publisher":"https:\/\/www.facebook.com\/EgliseAgen\/","article_modified_time":"2014-10-17T09:42:08+00:00","twitter_card":"summary_large_image","twitter_site":"@EgliseAgen","schema":{"@context":"https:\/\/schema.org","@graph":[{"@type":"WebPage","@id":"https:\/\/agen.umc-europe.org\/eglise\/nos-activites\/le-programme\/","url":"https:\/\/agen.umc-europe.org\/eglise\/nos-activites\/le-programme\/","name":"Calendrier et programme annuel Eglise M\u00e9thodiste Agen","isPartOf":{"@id":"https:\/\/agen.umc-europe.org\/eglise\/#website"},"datePublished":"2014-09-09T21:38:08+00:00","dateModified":"2014-10-17T09:42:08+00:00","description":"Retrouver ici la liste compl\u00e8te des r\u00e9unions de l'\u00e9glise \u00e0 Agen. Rejoignez nous, vous \u00eates bienvenu !","breadcrumb":{"@id":"https:\/\/agen.umc-europe.org\/eglise\/nos-activites\/le-programme\/#breadcrumb"},"inLanguage":"fr-FR","potentialAction":[{"@type":"ReadAction","target":["https:\/\/agen.umc-europe.org\/eglise\/nos-activites\/le-programme\/"]}]},{"@type":"BreadcrumbList","@id":"https:\/\/agen.umc-europe.org\/eglise\/nos-activites\/le-programme\/#breadcrumb","itemListElement":[{"@type":"ListItem","position":1,"name":"Accueil","item":"https:\/\/agen.umc-europe.org\/eglise\/"},{"@type":"ListItem","position":2,"name":"Nos activit\u00e9s","item":"https:\/\/agen.umc-europe.org\/eglise\/nos-activites\/"},{"@type":"ListItem","position":3,"name":"Notre programme annuel"}]},{"@type":"WebSite","@id":"https:\/\/agen.umc-europe.org\/eglise\/#website","url":"https:\/\/agen.umc-europe.org\/eglise\/","name":"\u00c9glise Protestante \u00c9vang\u00e9lique M\u00e9thodiste Agen","description":"Des chr\u00e9tiens \u00e9vang\u00e9liques au coeur du Lot et Garonne. &quot;Viens et vois!&quot; ( Jean 1:47 )","potentialAction":[{"@type":"SearchAction","target":{"@type":"EntryPoint","urlTemplate":"https:\/\/agen.umc-europe.org\/eglise\/?s={search_term_string}"},"query-input":"required name=search_term_string"}],"inLanguage":"fr-FR"}]}},"_links":{"self":[{"href":"https:\/\/agen.umc-europe.org\/eglise\/wp-json\/wp\/v2\/pages\/448"}],"collection":[{"href":"https:\/\/agen.umc-europe.org\/eglise\/wp-json\/wp\/v2\/pages"}],"about":[{"href":"https:\/\/agen.umc-europe.org\/eglise\/wp-json\/wp\/v2\/types\/page"}],"author":[{"embeddable":true,"href":"https:\/\/agen.umc-europe.org\/eglise\/wp-json\/wp\/v2\/users\/2"}],"replies":[{"embeddable":true,"href":"https:\/\/agen.umc-europe.org\/eglise\/wp-json\/wp\/v2\/comments?post=448"}],"version-history":[{"count":7,"href":"https:\/\/agen.umc-europe.org\/eglise\/wp-json\/wp\/v2\/pages\/448\/revisions"}],"predecessor-version":[{"id":754,"href":"https:\/\/agen.umc-europe.org\/eglise\/wp-json\/wp\/v2\/pages\/448\/revisions\/754"}],"up":[{"embeddable":true,"href":"https:\/\/agen.umc-europe.org\/eglise\/wp-json\/wp\/v2\/pages\/58"}],"wp:attachment":[{"href":"https:\/\/agen.umc-europe.org\/eglise\/wp-json\/wp\/v2\/media?parent=448"}],"curies":[{"name":"wp","href":"https:\/\/api.w.org\/{rel}","templated":true}]}}