{"id":4412,"date":"2017-11-20T21:31:53","date_gmt":"2017-11-20T20:31:53","guid":{"rendered":"http:\/\/agen.umc-europe.org\/eglise\/?page_id=4412"},"modified":"2018-12-10T15:44:34","modified_gmt":"2018-12-10T14:44:34","slug":"convention-biblique-novembre-2017","status":"publish","type":"page","link":"https:\/\/agen.umc-europe.org\/eglise\/convention-biblique-novembre-2017\/","title":{"rendered":"60e Convention Biblique Novembre 2017"},"content":{"rendered":"<p>La <strong>60e<\/strong> Convention biblique aura lieu du <strong>17-19 Novembre 2017<\/strong>\u00a0dans les locaux de l&rsquo;\u00e9glise\u00a01874, Avenue du G\u00e9n\u00e9ral Leclerc 47000 AGEN.<\/p>\n<p><span style=\"text-decoration: underline;\">Th\u00e8mes :<\/span><\/p>\n<ul>\n<li>\u00ab\u00a0La puissance de l&rsquo;amour\u00a0\u00bb avec Pascal Gonzalez, pasteur \u00e0 Toulouse<\/li>\n<li>\u00ab\u00a0Les proverbes : sagesse et instructions pour nos vies\u00a0\u00bb avec S\u00e9bastien Sch\u00f6pperl\u00e9, pasteur \u00e0 Bischwiller (Bas Rhin)<\/li>\n<\/ul>\n<p><span style=\"text-decoration: underline;\">Programme :<\/span><\/p>\n<p>Vendredi 17 novembre \u00e0 <strong>20h30<\/strong>, avec S\u00e9bastien Sch\u00f6pperl\u00e9 : <em>\u00abLa puissance des paroles\u00bb<\/em><\/p>\n<p>Samedi 18 novembre \u00e0 <strong>10h30<\/strong>, avec Pascal Gonzalez : <em>\u00abL&rsquo;h\u00e9r\u00e9sie de l&rsquo;amour : quand l&rsquo;amour nous fait oublier la justice et la v\u00e9rit\u00e9\u00bb<\/em><\/p>\n<p>Samedi 18 novembre \u00e0 <strong>14h30<\/strong>, avec S\u00e9bastien Sch\u00f6pperl\u00e9\u00a0: <em>\u00abMarcher avec confiance en Dieu\u00bb<\/em><\/p>\n<p>Samedi 18 novembre \u00e0 <strong>16h<\/strong>, avec Pascal Gonzalez : <em>\u00abLa force de l&rsquo;amour de Dieu : &lsquo;Ma gr\u00e2ce te suffit&rsquo;\u00bb<\/em><\/p>\n<p>Samedi 18 novembre \u00e0 <strong>20h30<\/strong>, Concert du groupe ALEZ avec Pascal Gonzalez.<\/p>\n<p><img loading=\"lazy\" decoding=\"async\" class=\"size-full aligncenter\" src=\"https:\/\/www.musiquechretiennefrancophone.com\/wp-content\/uploads\/2016\/09\/pascal-gonzalez-alez-tout-le-monde-y-pense-large.jpg\" width=\"450\" height=\"463\" \/><\/p>\n<p>Dimanche 20 novembre \u00e0 <strong>10h<\/strong>, culte avec Pascal Gonzalez : <em>\u00abCroire en un amour qui dure toujours\u00bb<\/em><\/p>\n<p>Dimanche 20 novembre \u00e0 <strong>14h30<\/strong>, avec S\u00e9bastien Sch\u00f6pperl\u00e9 : <em>\u00abVers le succ\u00e8s par l&rsquo;humilit\u00e9\u00bb<\/em><\/p>\n<p>Des repas seront servis samedi midi et soir ainsi que dimanche midi.<\/p>\n<h2><strong>\u00c9couter les enseignements<\/strong><\/h2>\n<p>S\u00e9bastien Sch\u00f6pperl\u00e9 :<\/p>\n<p><em>\u00abLa puissance des paroles\u00bb<\/em><\/p>\n<p><!-- [if lt IE 9]><script>document.createElement('audio');<\/script><![endif]--><br \/>\n<audio id=\"audio-352-1\" class=\"wp-audio-shortcode\" style=\"width: 100%;\" preload=\"none\" controls=\"controls\" data-mce-fragment=\"1\"><source type=\"audio\/mpeg\" src=\"https:\/\/agen.umc-europe.org\/eglise\/wp-content\/uploads\/2017\/11\/schopperle-1.mp3?_=1\" \/><a href=\"https:\/\/agen.umc-europe.org\/eglise\/wp-content\/uploads\/2017\/11\/schopperle-1.mp3\">https:\/\/agen.umc-europe.org\/eglise\/wp-content\/uploads\/2017\/11\/schopperle-1.mp3<\/a><\/audio><\/p>\n<p><em>\u00abMarcher avec confiance en Dieu\u00bb<\/em><\/p>\n<p><audio id=\"audio-352-2\" class=\"wp-audio-shortcode\" style=\"width: 100%;\" preload=\"none\" controls=\"controls\" data-mce-fragment=\"1\"><source type=\"audio\/mpeg\" src=\"https:\/\/agen.umc-europe.org\/eglise\/wp-content\/uploads\/2017\/11\/schopperle-2.mp3?_=2\" \/><a href=\"https:\/\/agen.umc-europe.org\/eglise\/wp-content\/uploads\/2017\/11\/schopperle-2.mp3\">https:\/\/agen.umc-europe.org\/eglise\/wp-content\/uploads\/2017\/11\/schopperle-2.mp3<\/a><\/audio><\/p>\n<p><em>\u00abVers le succ\u00e8s par l\u2019humilit\u00e9\u00bb<\/em><\/p>\n<p><audio id=\"audio-352-3\" class=\"wp-audio-shortcode\" style=\"width: 100%;\" preload=\"none\" controls=\"controls\" data-mce-fragment=\"1\"><source type=\"audio\/mpeg\" src=\"https:\/\/agen.umc-europe.org\/eglise\/wp-content\/uploads\/2017\/11\/schopperle-3.mp3?_=3\" \/><a href=\"https:\/\/agen.umc-europe.org\/eglise\/wp-content\/uploads\/2017\/11\/schopperle-3.mp3\">https:\/\/agen.umc-europe.org\/eglise\/wp-content\/uploads\/2017\/11\/schopperle-3.mp3<\/a><\/audio><\/p>\n<p>Pascal Gonzalez :<\/p>\n<p><em>\u00abL\u2019h\u00e9r\u00e9sie de l\u2019amour : quand l\u2019amour nous fait oublier la justice et la v\u00e9rit\u00e9\u00bb<\/em><\/p>\n<p><audio id=\"audio-352-4\" class=\"wp-audio-shortcode\" style=\"width: 100%;\" preload=\"none\" controls=\"controls\" data-mce-fragment=\"1\"><source type=\"audio\/mpeg\" src=\"https:\/\/agen.umc-europe.org\/eglise\/wp-content\/uploads\/2017\/11\/gonzal\u00e8s-1.mp3?_=4\" \/><a href=\"https:\/\/agen.umc-europe.org\/eglise\/wp-content\/uploads\/2017\/11\/gonzal\u00e8s-1.mp3\">https:\/\/agen.umc-europe.org\/eglise\/wp-content\/uploads\/2017\/11\/gonzal\u00e8s-1.mp3<\/a><\/audio><\/p>\n<p><em>\u00abLa force de l\u2019amour de Dieu : \u2018Ma gr\u00e2ce te suffit\u2019\u00bb<\/em><\/p>\n<p><audio id=\"audio-352-5\" class=\"wp-audio-shortcode\" style=\"width: 100%;\" preload=\"none\" controls=\"controls\" data-mce-fragment=\"1\"><source type=\"audio\/mpeg\" src=\"https:\/\/agen.umc-europe.org\/eglise\/wp-content\/uploads\/2017\/11\/gonzal\u00e8s-2.mp3?_=5\" \/><a href=\"https:\/\/agen.umc-europe.org\/eglise\/wp-content\/uploads\/2017\/11\/gonzal\u00e8s-2.mp3\">https:\/\/agen.umc-europe.org\/eglise\/wp-content\/uploads\/2017\/11\/gonzal\u00e8s-2.mp3<\/a><\/audio><\/p>\n<p><em>\u00abCroire en un amour qui dure toujours\u00bb<\/em><\/p>\n<p><audio id=\"audio-352-6\" class=\"wp-audio-shortcode\" style=\"width: 100%;\" preload=\"none\" controls=\"controls\" data-mce-fragment=\"1\"><source type=\"audio\/mpeg\" src=\"https:\/\/agen.umc-europe.org\/eglise\/wp-content\/uploads\/2017\/11\/gonzal\u00e8s-3.mp3?_=6\" \/><a href=\"https:\/\/agen.umc-europe.org\/eglise\/wp-content\/uploads\/2017\/11\/gonzal\u00e8s-3.mp3\">https:\/\/agen.umc-europe.org\/eglise\/wp-content\/uploads\/2017\/11\/gonzal\u00e8s-3.mp3<\/a><\/audio><\/p>\n<p>Retrouvez tous les d\u00e9tails et les enregistrement sur la page d\u00e9di\u00e9e : <a href=\"https:\/\/agen.umc-europe.org\/eglise\/ressources-bibliques\/convention-biblique-annuelle\/\">Convention biblique<\/a><\/p>\n","protected":false},"excerpt":{"rendered":"<p>La 60e Convention biblique aura lieu du 17-19 Novembre 2017\u00a0dans les locaux de l&rsquo;\u00e9glise\u00a01874, Avenue du G\u00e9n\u00e9ral Leclerc 47000 AGEN. Th\u00e8mes : \u00ab\u00a0La puissance de l&rsquo;amour\u00a0\u00bb avec Pascal Gonzalez, pasteur \u00e0 Toulouse \u00ab\u00a0Les proverbes : sagesse et instructions pour nos vies\u00a0\u00bb avec S\u00e9bastien Sch\u00f6pperl\u00e9, pasteur \u00e0 Bischwiller (Bas Rhin) Programme&#8230;<\/p>\n","protected":false},"author":2,"featured_media":0,"parent":0,"menu_order":0,"comment_status":"closed","ping_status":"closed","template":"","meta":{"_monsterinsights_skip_tracking":false,"_monsterinsights_sitenote_active":false,"_monsterinsights_sitenote_note":"","_monsterinsights_sitenote_category":0,"footnotes":""},"yoast_head":"<!-- This site is optimized with the Yoast SEO plugin v21.9.1 - https:\/\/yoast.com\/wordpress\/plugins\/seo\/ -->\n<title>60e Convention Biblique Novembre 2017 - Eglise \u00e9vang\u00e9lique m\u00e9thodiste Agen<\/title>\n<meta name=\"description\" content=\"La 60e Convention biblique aura lieu du 17-19 Novembre 2017\u00a0dans les locaux de l&#039;\u00e9glise\u00a01874, Avenue du G\u00e9n\u00e9ral Leclerc 47000 AGEN.\" \/>\n<meta name=\"robots\" content=\"index, follow, max-snippet:-1, max-image-preview:large, max-video-preview:-1\" \/>\n<link rel=\"canonical\" href=\"https:\/\/agen.umc-europe.org\/eglise\/convention-biblique-novembre-2017\/\" \/>\n<meta property=\"og:locale\" content=\"fr_FR\" \/>\n<meta property=\"og:type\" content=\"article\" \/>\n<meta property=\"og:title\" content=\"60e Convention Biblique Novembre 2017 - Eglise \u00e9vang\u00e9lique m\u00e9thodiste Agen\" \/>\n<meta property=\"og:description\" content=\"La 60e Convention biblique aura lieu du 17-19 Novembre 2017\u00a0dans les locaux de l&#039;\u00e9glise\u00a01874, Avenue du G\u00e9n\u00e9ral Leclerc 47000 AGEN.\" \/>\n<meta property=\"og:url\" content=\"https:\/\/agen.umc-europe.org\/eglise\/convention-biblique-novembre-2017\/\" \/>\n<meta property=\"og:site_name\" content=\"\u00c9glise Protestante \u00c9vang\u00e9lique M\u00e9thodiste Agen\" \/>\n<meta property=\"article:publisher\" content=\"https:\/\/www.facebook.com\/EgliseAgen\/\" \/>\n<meta property=\"article:modified_time\" content=\"2018-12-10T14:44:34+00:00\" \/>\n<meta property=\"og:image\" content=\"https:\/\/www.musiquechretiennefrancophone.com\/wp-content\/uploads\/2016\/09\/pascal-gonzalez-alez-tout-le-monde-y-pense-large.jpg\" \/>\n<meta name=\"twitter:card\" content=\"summary_large_image\" \/>\n<meta name=\"twitter:site\" content=\"@EgliseAgen\" \/>\n<meta name=\"twitter:label1\" content=\"Dur\u00e9e de lecture estim\u00e9e\" \/>\n\t<meta name=\"twitter:data1\" content=\"2 minutes\" \/>\n<script type=\"application\/ld+json\" class=\"yoast-schema-graph\">{\"@context\":\"https:\/\/schema.org\",\"@graph\":[{\"@type\":\"WebPage\",\"@id\":\"https:\/\/agen.umc-europe.org\/eglise\/convention-biblique-novembre-2017\/\",\"url\":\"https:\/\/agen.umc-europe.org\/eglise\/convention-biblique-novembre-2017\/\",\"name\":\"60e Convention Biblique Novembre 2017 - Eglise \u00e9vang\u00e9lique m\u00e9thodiste Agen\",\"isPartOf\":{\"@id\":\"https:\/\/agen.umc-europe.org\/eglise\/#website\"},\"datePublished\":\"2017-11-20T20:31:53+00:00\",\"dateModified\":\"2018-12-10T14:44:34+00:00\",\"description\":\"La 60e Convention biblique aura lieu du 17-19 Novembre 2017\u00a0dans les locaux de l'\u00e9glise\u00a01874, Avenue du G\u00e9n\u00e9ral Leclerc 47000 AGEN.\",\"breadcrumb\":{\"@id\":\"https:\/\/agen.umc-europe.org\/eglise\/convention-biblique-novembre-2017\/#breadcrumb\"},\"inLanguage\":\"fr-FR\",\"potentialAction\":[{\"@type\":\"ReadAction\",\"target\":[\"https:\/\/agen.umc-europe.org\/eglise\/convention-biblique-novembre-2017\/\"]}]},{\"@type\":\"BreadcrumbList\",\"@id\":\"https:\/\/agen.umc-europe.org\/eglise\/convention-biblique-novembre-2017\/#breadcrumb\",\"itemListElement\":[{\"@type\":\"ListItem\",\"position\":1,\"name\":\"Accueil\",\"item\":\"https:\/\/agen.umc-europe.org\/eglise\/\"},{\"@type\":\"ListItem\",\"position\":2,\"name\":\"60e Convention Biblique Novembre 2017\"}]},{\"@type\":\"WebSite\",\"@id\":\"https:\/\/agen.umc-europe.org\/eglise\/#website\",\"url\":\"https:\/\/agen.umc-europe.org\/eglise\/\",\"name\":\"\u00c9glise Protestante \u00c9vang\u00e9lique M\u00e9thodiste Agen\",\"description\":\"Des chr\u00e9tiens \u00e9vang\u00e9liques au coeur du Lot et Garonne. &quot;Viens et vois!&quot; ( Jean 1:47 )\",\"potentialAction\":[{\"@type\":\"SearchAction\",\"target\":{\"@type\":\"EntryPoint\",\"urlTemplate\":\"https:\/\/agen.umc-europe.org\/eglise\/?s={search_term_string}\"},\"query-input\":\"required name=search_term_string\"}],\"inLanguage\":\"fr-FR\"}]}<\/script>\n<!-- \/ Yoast SEO plugin. -->","yoast_head_json":{"title":"60e Convention Biblique Novembre 2017 - Eglise \u00e9vang\u00e9lique m\u00e9thodiste Agen","description":"La 60e Convention biblique aura lieu du 17-19 Novembre 2017\u00a0dans les locaux de l'\u00e9glise\u00a01874, Avenue du G\u00e9n\u00e9ral Leclerc 47000 AGEN.","robots":{"index":"index","follow":"follow","max-snippet":"max-snippet:-1","max-image-preview":"max-image-preview:large","max-video-preview":"max-video-preview:-1"},"canonical":"https:\/\/agen.umc-europe.org\/eglise\/convention-biblique-novembre-2017\/","og_locale":"fr_FR","og_type":"article","og_title":"60e Convention Biblique Novembre 2017 - Eglise \u00e9vang\u00e9lique m\u00e9thodiste Agen","og_description":"La 60e Convention biblique aura lieu du 17-19 Novembre 2017\u00a0dans les locaux de l'\u00e9glise\u00a01874, Avenue du G\u00e9n\u00e9ral Leclerc 47000 AGEN.","og_url":"https:\/\/agen.umc-europe.org\/eglise\/convention-biblique-novembre-2017\/","og_site_name":"\u00c9glise Protestante \u00c9vang\u00e9lique M\u00e9thodiste Agen","article_publisher":"https:\/\/www.facebook.com\/EgliseAgen\/","article_modified_time":"2018-12-10T14:44:34+00:00","og_image":[{"url":"https:\/\/www.musiquechretiennefrancophone.com\/wp-content\/uploads\/2016\/09\/pascal-gonzalez-alez-tout-le-monde-y-pense-large.jpg"}],"twitter_card":"summary_large_image","twitter_site":"@EgliseAgen","twitter_misc":{"Dur\u00e9e de lecture estim\u00e9e":"2 minutes"},"schema":{"@context":"https:\/\/schema.org","@graph":[{"@type":"WebPage","@id":"https:\/\/agen.umc-europe.org\/eglise\/convention-biblique-novembre-2017\/","url":"https:\/\/agen.umc-europe.org\/eglise\/convention-biblique-novembre-2017\/","name":"60e Convention Biblique Novembre 2017 - Eglise \u00e9vang\u00e9lique m\u00e9thodiste Agen","isPartOf":{"@id":"https:\/\/agen.umc-europe.org\/eglise\/#website"},"datePublished":"2017-11-20T20:31:53+00:00","dateModified":"2018-12-10T14:44:34+00:00","description":"La 60e Convention biblique aura lieu du 17-19 Novembre 2017\u00a0dans les locaux de l'\u00e9glise\u00a01874, Avenue du G\u00e9n\u00e9ral Leclerc 47000 AGEN.","breadcrumb":{"@id":"https:\/\/agen.umc-europe.org\/eglise\/convention-biblique-novembre-2017\/#breadcrumb"},"inLanguage":"fr-FR","potentialAction":[{"@type":"ReadAction","target":["https:\/\/agen.umc-europe.org\/eglise\/convention-biblique-novembre-2017\/"]}]},{"@type":"BreadcrumbList","@id":"https:\/\/agen.umc-europe.org\/eglise\/convention-biblique-novembre-2017\/#breadcrumb","itemListElement":[{"@type":"ListItem","position":1,"name":"Accueil","item":"https:\/\/agen.umc-europe.org\/eglise\/"},{"@type":"ListItem","position":2,"name":"60e Convention Biblique Novembre 2017"}]},{"@type":"WebSite","@id":"https:\/\/agen.umc-europe.org\/eglise\/#website","url":"https:\/\/agen.umc-europe.org\/eglise\/","name":"\u00c9glise Protestante \u00c9vang\u00e9lique M\u00e9thodiste Agen","description":"Des chr\u00e9tiens \u00e9vang\u00e9liques au coeur du Lot et Garonne. &quot;Viens et vois!&quot; ( Jean 1:47 )","potentialAction":[{"@type":"SearchAction","target":{"@type":"EntryPoint","urlTemplate":"https:\/\/agen.umc-europe.org\/eglise\/?s={search_term_string}"},"query-input":"required name=search_term_string"}],"inLanguage":"fr-FR"}]}},"_links":{"self":[{"href":"https:\/\/agen.umc-europe.org\/eglise\/wp-json\/wp\/v2\/pages\/4412"}],"collection":[{"href":"https:\/\/agen.umc-europe.org\/eglise\/wp-json\/wp\/v2\/pages"}],"about":[{"href":"https:\/\/agen.umc-europe.org\/eglise\/wp-json\/wp\/v2\/types\/page"}],"author":[{"embeddable":true,"href":"https:\/\/agen.umc-europe.org\/eglise\/wp-json\/wp\/v2\/users\/2"}],"replies":[{"embeddable":true,"href":"https:\/\/agen.umc-europe.org\/eglise\/wp-json\/wp\/v2\/comments?post=4412"}],"version-history":[{"count":3,"href":"https:\/\/agen.umc-europe.org\/eglise\/wp-json\/wp\/v2\/pages\/4412\/revisions"}],"predecessor-version":[{"id":5224,"href":"https:\/\/agen.umc-europe.org\/eglise\/wp-json\/wp\/v2\/pages\/4412\/revisions\/5224"}],"wp:attachment":[{"href":"https:\/\/agen.umc-europe.org\/eglise\/wp-json\/wp\/v2\/media?parent=4412"}],"curies":[{"name":"wp","href":"https:\/\/api.w.org\/{rel}","templated":true}]}}