{"id":362,"date":"2014-09-08T21:13:12","date_gmt":"2014-09-08T20:13:12","guid":{"rendered":"http:\/\/agen.umc-europe.org\/eglise\/?page_id=362"},"modified":"2017-12-16T23:18:56","modified_gmt":"2017-12-16T22:18:56","slug":"bibliotheque-de-culture-biblique","status":"publish","type":"page","link":"https:\/\/agen.umc-europe.org\/eglise\/ressources-bibliques\/bibliotheque-de-culture-biblique\/","title":{"rendered":"Biblioth\u00e8que de culture biblique \u00e0 Agen"},"content":{"rendered":"<h2><strong>Pr\u00e9sentation de la biblioth\u00e8que<\/strong><\/h2>\n<p>La Biblioth\u00e8que de Culture biblique est une biblioth\u00e8que chr\u00e9tienne <strong>de pr\u00eat<\/strong>, elle ne vend rien !<\/p>\n<p>Chacun peut devenir membre et emprunter ouvrages, CD ou DVD selon les r\u00e8gles de pr\u00eats usuels d&rsquo;une association.<\/p>\n<p>Elle est situ\u00e9e au\u00a01874, Avenue du G\u00e9n\u00e9ral Leclerc 47000 AGEN<\/p>\n<h3><strong>Horaires d&rsquo;ouverture<\/strong><\/h3>\n<ul>\n<li>Samedi : 15h \u00e0 19h (sur rendez-vous par t\u00e9l\u00e9phone)<\/li>\n<li>Dimanche : 11h30 \u00e0 12h30<\/li>\n<\/ul>\n<h2><strong>Histoire de son \u00a0implantation \u00e0 Agen<\/strong><\/h2>\n<p>C&rsquo;est en 1979, au c\u0153ur de la ville d&rsquo;Agen, modeste capitale du pruneau et l&rsquo;une des r\u00e9gions marqu\u00e9e par le protestantisme, qu&rsquo;une nouvelle association loi 1901, \u00e9tait cr\u00e9e mettant en place une Biblioth\u00e8que de Culture Biblique qui ouvrait ses portes au 171, Boulevard de la R\u00e9publique, puis en 1988 d\u00e9cide d&rsquo;acheter un local plus grand situ\u00e9 au 38, cours du 14 juillet. Plus tard en 2012, la biblioth\u00e8que f\u00fbt transf\u00e9r\u00e9 dans les locaux de l&rsquo;\u00e9glise m\u00e9thodiste au\u00a01874, Avenue du G\u00e9n\u00e9ral Leclerc<\/p>\n<p>Cette initiative est n\u00e9e de la volont\u00e9 d&rsquo;un groupe de jeunes membres de l&rsquo;Eglise M\u00e9thodiste d&rsquo;Agen de mettre \u00e0 la disposition des <strong>Lot et Garonnais<\/strong> mati\u00e8re \u00e0 r\u00e9flexion sur tout ce qui a trait \u00e0 la foi chr\u00e9tienne, suivant tous les registres et les go\u00fbts, le tout \u00e0 des fins d&rsquo;\u00e9vang\u00e9lisation.<\/p>\n<p>Ne touchant aucune subvention publique ext\u00e9rieure, les besoins de la <strong>Biblioth\u00e8que<\/strong> sont couverts par les dons et par les souscriptions de ses membres. D&rsquo;ailleurs pour garder un contact r\u00e9gulier avec les emprunteurs et leur faire part de nos nouveaut\u00e9s, un petit journal de liaison est publi\u00e9 et leur est adress\u00e9, pour ceux qui le souhaitent, au rythme de 2 \u00e9ditions par an.<\/p>\n<p>Depuis le d\u00e9but des ann\u00e9es 2000, la Biblioth\u00e8que de Culture Biblique s&rsquo;est offerte de nombreux film DVD comportant un <a title=\"Messages et pr\u00e9dications audio\" href=\"https:\/\/agen.umc-europe.org\/eglise\/ressources-bibliques\/messages-et-predications-audio\/\">message chr\u00e9tien<\/a> ainsi qu&rsquo;une large collection de CDs d&rsquo;auteurs et de groupe de musique chr\u00e9tiens.<\/p>\n<h2><strong>Catalogue de la biblioth\u00e8que<\/strong><\/h2>\n<p>-A venir-<\/p>\n","protected":false},"excerpt":{"rendered":"<p>Pr\u00e9sentation de la biblioth\u00e8que La Biblioth\u00e8que de Culture biblique est une biblioth\u00e8que chr\u00e9tienne de pr\u00eat, elle ne vend rien ! Chacun peut devenir membre et emprunter ouvrages, CD ou DVD selon les r\u00e8gles de pr\u00eats usuels d&rsquo;une association. Elle est situ\u00e9e au\u00a01874, Avenue du G\u00e9n\u00e9ral Leclerc 47000 AGEN Horaires d&rsquo;ouverture&#8230;<\/p>\n","protected":false},"author":2,"featured_media":4602,"parent":132,"menu_order":2,"comment_status":"closed","ping_status":"open","template":"","meta":{"_monsterinsights_skip_tracking":false,"_monsterinsights_sitenote_active":false,"_monsterinsights_sitenote_note":"","_monsterinsights_sitenote_category":0,"footnotes":""},"yoast_head":"<!-- This site is optimized with the Yoast SEO plugin v21.9.1 - https:\/\/yoast.com\/wordpress\/plugins\/seo\/ -->\n<title>Biblioth\u00e8que de culture biblique \u00e0 Agen - Livres, CDs, DVDs chr\u00e9tiens<\/title>\n<meta name=\"description\" content=\"Agen, Cette biblioth\u00e8que de pr\u00eat met \u00e0 disposition des Lot-et-Garonnais mati\u00e8re \u00e0 r\u00e9flexion sur tout ce qui a trait \u00e0 la foi chr\u00e9tienne : Livres, CDs, DVDs.\" \/>\n<meta name=\"robots\" content=\"index, follow, max-snippet:-1, max-image-preview:large, max-video-preview:-1\" \/>\n<link rel=\"canonical\" href=\"https:\/\/agen.umc-europe.org\/eglise\/ressources-bibliques\/bibliotheque-de-culture-biblique\/\" \/>\n<meta property=\"og:locale\" content=\"fr_FR\" \/>\n<meta property=\"og:type\" content=\"article\" \/>\n<meta property=\"og:title\" content=\"Biblioth\u00e8que de culture biblique \u00e0 Agen - Livres, CDs, DVDs chr\u00e9tiens\" \/>\n<meta property=\"og:description\" content=\"Agen, Cette biblioth\u00e8que de pr\u00eat met \u00e0 disposition des Lot-et-Garonnais mati\u00e8re \u00e0 r\u00e9flexion sur tout ce qui a trait \u00e0 la foi chr\u00e9tienne : Livres, CDs, DVDs.\" \/>\n<meta property=\"og:url\" content=\"https:\/\/agen.umc-europe.org\/eglise\/ressources-bibliques\/bibliotheque-de-culture-biblique\/\" \/>\n<meta property=\"og:site_name\" content=\"\u00c9glise Protestante \u00c9vang\u00e9lique M\u00e9thodiste Agen\" \/>\n<meta property=\"article:publisher\" content=\"https:\/\/www.facebook.com\/EgliseAgen\/\" \/>\n<meta property=\"article:modified_time\" content=\"2017-12-16T22:18:56+00:00\" \/>\n<meta property=\"og:image\" content=\"https:\/\/agen.umc-europe.org\/eglise\/wp-content\/uploads\/2017\/12\/bibliotheque1_hp.jpg\" \/>\n\t<meta property=\"og:image:width\" content=\"1025\" \/>\n\t<meta property=\"og:image:height\" content=\"200\" \/>\n\t<meta property=\"og:image:type\" content=\"image\/jpeg\" \/>\n<meta name=\"twitter:card\" content=\"summary_large_image\" \/>\n<meta name=\"twitter:site\" content=\"@EgliseAgen\" \/>\n<meta name=\"twitter:label1\" content=\"Dur\u00e9e de lecture estim\u00e9e\" \/>\n\t<meta name=\"twitter:data1\" content=\"2 minutes\" \/>\n<script type=\"application\/ld+json\" class=\"yoast-schema-graph\">{\"@context\":\"https:\/\/schema.org\",\"@graph\":[{\"@type\":\"WebPage\",\"@id\":\"https:\/\/agen.umc-europe.org\/eglise\/ressources-bibliques\/bibliotheque-de-culture-biblique\/\",\"url\":\"https:\/\/agen.umc-europe.org\/eglise\/ressources-bibliques\/bibliotheque-de-culture-biblique\/\",\"name\":\"Biblioth\u00e8que de culture biblique \u00e0 Agen - Livres, CDs, DVDs chr\u00e9tiens\",\"isPartOf\":{\"@id\":\"https:\/\/agen.umc-europe.org\/eglise\/#website\"},\"datePublished\":\"2014-09-08T20:13:12+00:00\",\"dateModified\":\"2017-12-16T22:18:56+00:00\",\"description\":\"Agen, Cette biblioth\u00e8que de pr\u00eat met \u00e0 disposition des Lot-et-Garonnais mati\u00e8re \u00e0 r\u00e9flexion sur tout ce qui a trait \u00e0 la foi chr\u00e9tienne : Livres, CDs, DVDs.\",\"breadcrumb\":{\"@id\":\"https:\/\/agen.umc-europe.org\/eglise\/ressources-bibliques\/bibliotheque-de-culture-biblique\/#breadcrumb\"},\"inLanguage\":\"fr-FR\",\"potentialAction\":[{\"@type\":\"ReadAction\",\"target\":[\"https:\/\/agen.umc-europe.org\/eglise\/ressources-bibliques\/bibliotheque-de-culture-biblique\/\"]}]},{\"@type\":\"BreadcrumbList\",\"@id\":\"https:\/\/agen.umc-europe.org\/eglise\/ressources-bibliques\/bibliotheque-de-culture-biblique\/#breadcrumb\",\"itemListElement\":[{\"@type\":\"ListItem\",\"position\":1,\"name\":\"Accueil\",\"item\":\"https:\/\/agen.umc-europe.org\/eglise\/\"},{\"@type\":\"ListItem\",\"position\":2,\"name\":\"Ressources Bibliques\",\"item\":\"https:\/\/agen.umc-europe.org\/eglise\/ressources-bibliques\/\"},{\"@type\":\"ListItem\",\"position\":3,\"name\":\"Biblioth\u00e8que de culture biblique \u00e0 Agen\"}]},{\"@type\":\"WebSite\",\"@id\":\"https:\/\/agen.umc-europe.org\/eglise\/#website\",\"url\":\"https:\/\/agen.umc-europe.org\/eglise\/\",\"name\":\"\u00c9glise Protestante \u00c9vang\u00e9lique M\u00e9thodiste Agen\",\"description\":\"Des chr\u00e9tiens \u00e9vang\u00e9liques au coeur du Lot et Garonne. &quot;Viens et vois!&quot; ( Jean 1:47 )\",\"potentialAction\":[{\"@type\":\"SearchAction\",\"target\":{\"@type\":\"EntryPoint\",\"urlTemplate\":\"https:\/\/agen.umc-europe.org\/eglise\/?s={search_term_string}\"},\"query-input\":\"required name=search_term_string\"}],\"inLanguage\":\"fr-FR\"}]}<\/script>\n<!-- \/ Yoast SEO plugin. -->","yoast_head_json":{"title":"Biblioth\u00e8que de culture biblique \u00e0 Agen - Livres, CDs, DVDs chr\u00e9tiens","description":"Agen, Cette biblioth\u00e8que de pr\u00eat met \u00e0 disposition des Lot-et-Garonnais mati\u00e8re \u00e0 r\u00e9flexion sur tout ce qui a trait \u00e0 la foi chr\u00e9tienne : Livres, CDs, DVDs.","robots":{"index":"index","follow":"follow","max-snippet":"max-snippet:-1","max-image-preview":"max-image-preview:large","max-video-preview":"max-video-preview:-1"},"canonical":"https:\/\/agen.umc-europe.org\/eglise\/ressources-bibliques\/bibliotheque-de-culture-biblique\/","og_locale":"fr_FR","og_type":"article","og_title":"Biblioth\u00e8que de culture biblique \u00e0 Agen - Livres, CDs, DVDs chr\u00e9tiens","og_description":"Agen, Cette biblioth\u00e8que de pr\u00eat met \u00e0 disposition des Lot-et-Garonnais mati\u00e8re \u00e0 r\u00e9flexion sur tout ce qui a trait \u00e0 la foi chr\u00e9tienne : Livres, CDs, DVDs.","og_url":"https:\/\/agen.umc-europe.org\/eglise\/ressources-bibliques\/bibliotheque-de-culture-biblique\/","og_site_name":"\u00c9glise Protestante \u00c9vang\u00e9lique M\u00e9thodiste Agen","article_publisher":"https:\/\/www.facebook.com\/EgliseAgen\/","article_modified_time":"2017-12-16T22:18:56+00:00","og_image":[{"width":1025,"height":200,"url":"https:\/\/agen.umc-europe.org\/eglise\/wp-content\/uploads\/2017\/12\/bibliotheque1_hp.jpg","type":"image\/jpeg"}],"twitter_card":"summary_large_image","twitter_site":"@EgliseAgen","twitter_misc":{"Dur\u00e9e de lecture estim\u00e9e":"2 minutes"},"schema":{"@context":"https:\/\/schema.org","@graph":[{"@type":"WebPage","@id":"https:\/\/agen.umc-europe.org\/eglise\/ressources-bibliques\/bibliotheque-de-culture-biblique\/","url":"https:\/\/agen.umc-europe.org\/eglise\/ressources-bibliques\/bibliotheque-de-culture-biblique\/","name":"Biblioth\u00e8que de culture biblique \u00e0 Agen - Livres, CDs, DVDs chr\u00e9tiens","isPartOf":{"@id":"https:\/\/agen.umc-europe.org\/eglise\/#website"},"datePublished":"2014-09-08T20:13:12+00:00","dateModified":"2017-12-16T22:18:56+00:00","description":"Agen, Cette biblioth\u00e8que de pr\u00eat met \u00e0 disposition des Lot-et-Garonnais mati\u00e8re \u00e0 r\u00e9flexion sur tout ce qui a trait \u00e0 la foi chr\u00e9tienne : Livres, CDs, DVDs.","breadcrumb":{"@id":"https:\/\/agen.umc-europe.org\/eglise\/ressources-bibliques\/bibliotheque-de-culture-biblique\/#breadcrumb"},"inLanguage":"fr-FR","potentialAction":[{"@type":"ReadAction","target":["https:\/\/agen.umc-europe.org\/eglise\/ressources-bibliques\/bibliotheque-de-culture-biblique\/"]}]},{"@type":"BreadcrumbList","@id":"https:\/\/agen.umc-europe.org\/eglise\/ressources-bibliques\/bibliotheque-de-culture-biblique\/#breadcrumb","itemListElement":[{"@type":"ListItem","position":1,"name":"Accueil","item":"https:\/\/agen.umc-europe.org\/eglise\/"},{"@type":"ListItem","position":2,"name":"Ressources Bibliques","item":"https:\/\/agen.umc-europe.org\/eglise\/ressources-bibliques\/"},{"@type":"ListItem","position":3,"name":"Biblioth\u00e8que de culture biblique \u00e0 Agen"}]},{"@type":"WebSite","@id":"https:\/\/agen.umc-europe.org\/eglise\/#website","url":"https:\/\/agen.umc-europe.org\/eglise\/","name":"\u00c9glise Protestante \u00c9vang\u00e9lique M\u00e9thodiste Agen","description":"Des chr\u00e9tiens \u00e9vang\u00e9liques au coeur du Lot et Garonne. &quot;Viens et vois!&quot; ( Jean 1:47 )","potentialAction":[{"@type":"SearchAction","target":{"@type":"EntryPoint","urlTemplate":"https:\/\/agen.umc-europe.org\/eglise\/?s={search_term_string}"},"query-input":"required name=search_term_string"}],"inLanguage":"fr-FR"}]}},"_links":{"self":[{"href":"https:\/\/agen.umc-europe.org\/eglise\/wp-json\/wp\/v2\/pages\/362"}],"collection":[{"href":"https:\/\/agen.umc-europe.org\/eglise\/wp-json\/wp\/v2\/pages"}],"about":[{"href":"https:\/\/agen.umc-europe.org\/eglise\/wp-json\/wp\/v2\/types\/page"}],"author":[{"embeddable":true,"href":"https:\/\/agen.umc-europe.org\/eglise\/wp-json\/wp\/v2\/users\/2"}],"replies":[{"embeddable":true,"href":"https:\/\/agen.umc-europe.org\/eglise\/wp-json\/wp\/v2\/comments?post=362"}],"version-history":[{"count":10,"href":"https:\/\/agen.umc-europe.org\/eglise\/wp-json\/wp\/v2\/pages\/362\/revisions"}],"predecessor-version":[{"id":4362,"href":"https:\/\/agen.umc-europe.org\/eglise\/wp-json\/wp\/v2\/pages\/362\/revisions\/4362"}],"up":[{"embeddable":true,"href":"https:\/\/agen.umc-europe.org\/eglise\/wp-json\/wp\/v2\/pages\/132"}],"wp:featuredmedia":[{"embeddable":true,"href":"https:\/\/agen.umc-europe.org\/eglise\/wp-json\/wp\/v2\/media\/4602"}],"wp:attachment":[{"href":"https:\/\/agen.umc-europe.org\/eglise\/wp-json\/wp\/v2\/media?parent=362"}],"curies":[{"name":"wp","href":"https:\/\/api.w.org\/{rel}","templated":true}]}}