{"id":3548,"date":"2017-09-06T21:58:25","date_gmt":"2017-09-06T20:58:25","guid":{"rendered":"http:\/\/agen.umc-europe.org\/eglise\/?page_id=3548"},"modified":"2017-09-06T21:58:25","modified_gmt":"2017-09-06T20:58:25","slug":"copyright-et-informations-legales","status":"publish","type":"page","link":"https:\/\/agen.umc-europe.org\/eglise\/copyright-et-informations-legales\/","title":{"rendered":"Copyright et informations legales"},"content":{"rendered":"<h1>Mentions l\u00e9gales<\/h1>\n<h2>Informations l\u00e9gales<\/h2>\n<p>Le site agen.umc-europe.org est \u00e9dit\u00e9 par :<\/p>\n<p>Eglise m\u00e9thodiste Agen<br \/>\n1874, Avenue du G\u00e9n\u00e9ral Leclerc 47000 AGEN<br \/>\nContact : 05 53 96 84 32<br \/>\neem.agen@umc-europe.org<\/p>\n<h2>Droit d&rsquo;auteur et propri\u00e9t\u00e9 intellectuelle :<\/h2>\n<p>L&rsquo;ensemble des textes et images, apparaissant sur le site agen.umc-europe.org, sont prot\u00e9g\u00e9s par la loi sur la propri\u00e9t\u00e9 intellectuelle. Aucun \u00e9l\u00e9ment du site (textes, images, logos &#8230;) ne peut \u00eatre copi\u00e9, reproduit ou distribu\u00e9 de quelque mani\u00e8re que ce soit, partiellement ou int\u00e9gralement, sans l&rsquo;autorisation \u00e9crite et pr\u00e9alable de l&rsquo;\u00e9diteur de ce site.<\/p>\n<p>Nous autorisons la copie partielle d&rsquo;un extrait d&rsquo;article, sur un site web ou un blog \u00e0 condition de limiter la citation \u00e0 500 caract\u00e8res et de mentioner \u00ab Source : \u00bb suivi d&rsquo;un lien vers le texte d&rsquo;origine ne comportant pas l&rsquo;attribut rel=nofollow<\/p>\n","protected":false},"excerpt":{"rendered":"<p>Mentions l\u00e9gales Informations l\u00e9gales Le site agen.umc-europe.org est \u00e9dit\u00e9 par : Eglise m\u00e9thodiste Agen 1874, Avenue du G\u00e9n\u00e9ral Leclerc 47000 AGEN Contact : 05 53 96 84 32 eem.agen@umc-europe.org Droit d&rsquo;auteur et propri\u00e9t\u00e9 intellectuelle : L&rsquo;ensemble des textes et images, apparaissant sur le site agen.umc-europe.org, sont prot\u00e9g\u00e9s par la loi&#8230;<\/p>\n","protected":false},"author":2,"featured_media":0,"parent":0,"menu_order":0,"comment_status":"closed","ping_status":"closed","template":"","meta":{"_monsterinsights_skip_tracking":false,"_monsterinsights_sitenote_active":false,"_monsterinsights_sitenote_note":"","_monsterinsights_sitenote_category":0,"footnotes":""},"yoast_head":"<!-- This site is optimized with the Yoast SEO plugin v21.9.1 - https:\/\/yoast.com\/wordpress\/plugins\/seo\/ -->\n<title>Copyright et informations legales - \u00c9glise Protestante \u00c9vang\u00e9lique M\u00e9thodiste Agen<\/title>\n<meta name=\"robots\" content=\"index, follow, max-snippet:-1, max-image-preview:large, max-video-preview:-1\" \/>\n<link rel=\"canonical\" href=\"https:\/\/agen.umc-europe.org\/eglise\/copyright-et-informations-legales\/\" \/>\n<meta property=\"og:locale\" content=\"fr_FR\" \/>\n<meta property=\"og:type\" content=\"article\" \/>\n<meta property=\"og:title\" content=\"Copyright et informations legales - \u00c9glise Protestante \u00c9vang\u00e9lique M\u00e9thodiste Agen\" \/>\n<meta property=\"og:description\" content=\"Mentions l\u00e9gales Informations l\u00e9gales Le site agen.umc-europe.org est \u00e9dit\u00e9 par : Eglise m\u00e9thodiste Agen 1874, Avenue du G\u00e9n\u00e9ral Leclerc 47000 AGEN Contact : 05 53 96 84 32 eem.agen@umc-europe.org Droit d&rsquo;auteur et propri\u00e9t\u00e9 intellectuelle : L&rsquo;ensemble des textes et images, apparaissant sur le site agen.umc-europe.org, sont prot\u00e9g\u00e9s par la loi...\" \/>\n<meta property=\"og:url\" content=\"https:\/\/agen.umc-europe.org\/eglise\/copyright-et-informations-legales\/\" \/>\n<meta property=\"og:site_name\" content=\"\u00c9glise Protestante \u00c9vang\u00e9lique M\u00e9thodiste Agen\" \/>\n<meta property=\"article:publisher\" content=\"https:\/\/www.facebook.com\/EgliseAgen\/\" \/>\n<meta name=\"twitter:card\" content=\"summary_large_image\" \/>\n<meta name=\"twitter:site\" content=\"@EgliseAgen\" \/>\n<meta name=\"twitter:label1\" content=\"Dur\u00e9e de lecture estim\u00e9e\" \/>\n\t<meta name=\"twitter:data1\" content=\"1 minute\" \/>\n<script type=\"application\/ld+json\" class=\"yoast-schema-graph\">{\"@context\":\"https:\/\/schema.org\",\"@graph\":[{\"@type\":\"WebPage\",\"@id\":\"https:\/\/agen.umc-europe.org\/eglise\/copyright-et-informations-legales\/\",\"url\":\"https:\/\/agen.umc-europe.org\/eglise\/copyright-et-informations-legales\/\",\"name\":\"Copyright et informations legales - \u00c9glise Protestante \u00c9vang\u00e9lique M\u00e9thodiste Agen\",\"isPartOf\":{\"@id\":\"https:\/\/agen.umc-europe.org\/eglise\/#website\"},\"datePublished\":\"2017-09-06T20:58:25+00:00\",\"dateModified\":\"2017-09-06T20:58:25+00:00\",\"breadcrumb\":{\"@id\":\"https:\/\/agen.umc-europe.org\/eglise\/copyright-et-informations-legales\/#breadcrumb\"},\"inLanguage\":\"fr-FR\",\"potentialAction\":[{\"@type\":\"ReadAction\",\"target\":[\"https:\/\/agen.umc-europe.org\/eglise\/copyright-et-informations-legales\/\"]}]},{\"@type\":\"BreadcrumbList\",\"@id\":\"https:\/\/agen.umc-europe.org\/eglise\/copyright-et-informations-legales\/#breadcrumb\",\"itemListElement\":[{\"@type\":\"ListItem\",\"position\":1,\"name\":\"Accueil\",\"item\":\"https:\/\/agen.umc-europe.org\/eglise\/\"},{\"@type\":\"ListItem\",\"position\":2,\"name\":\"Copyright et informations legales\"}]},{\"@type\":\"WebSite\",\"@id\":\"https:\/\/agen.umc-europe.org\/eglise\/#website\",\"url\":\"https:\/\/agen.umc-europe.org\/eglise\/\",\"name\":\"\u00c9glise Protestante \u00c9vang\u00e9lique M\u00e9thodiste Agen\",\"description\":\"Des chr\u00e9tiens \u00e9vang\u00e9liques au coeur du Lot et Garonne. &quot;Viens et vois!&quot; ( Jean 1:47 )\",\"potentialAction\":[{\"@type\":\"SearchAction\",\"target\":{\"@type\":\"EntryPoint\",\"urlTemplate\":\"https:\/\/agen.umc-europe.org\/eglise\/?s={search_term_string}\"},\"query-input\":\"required name=search_term_string\"}],\"inLanguage\":\"fr-FR\"}]}<\/script>\n<!-- \/ Yoast SEO plugin. -->","yoast_head_json":{"title":"Copyright et informations legales - \u00c9glise Protestante \u00c9vang\u00e9lique M\u00e9thodiste Agen","robots":{"index":"index","follow":"follow","max-snippet":"max-snippet:-1","max-image-preview":"max-image-preview:large","max-video-preview":"max-video-preview:-1"},"canonical":"https:\/\/agen.umc-europe.org\/eglise\/copyright-et-informations-legales\/","og_locale":"fr_FR","og_type":"article","og_title":"Copyright et informations legales - \u00c9glise Protestante \u00c9vang\u00e9lique M\u00e9thodiste Agen","og_description":"Mentions l\u00e9gales Informations l\u00e9gales Le site agen.umc-europe.org est \u00e9dit\u00e9 par : Eglise m\u00e9thodiste Agen 1874, Avenue du G\u00e9n\u00e9ral Leclerc 47000 AGEN Contact : 05 53 96 84 32 eem.agen@umc-europe.org Droit d&rsquo;auteur et propri\u00e9t\u00e9 intellectuelle : L&rsquo;ensemble des textes et images, apparaissant sur le site agen.umc-europe.org, sont prot\u00e9g\u00e9s par la loi...","og_url":"https:\/\/agen.umc-europe.org\/eglise\/copyright-et-informations-legales\/","og_site_name":"\u00c9glise Protestante \u00c9vang\u00e9lique M\u00e9thodiste Agen","article_publisher":"https:\/\/www.facebook.com\/EgliseAgen\/","twitter_card":"summary_large_image","twitter_site":"@EgliseAgen","twitter_misc":{"Dur\u00e9e de lecture estim\u00e9e":"1 minute"},"schema":{"@context":"https:\/\/schema.org","@graph":[{"@type":"WebPage","@id":"https:\/\/agen.umc-europe.org\/eglise\/copyright-et-informations-legales\/","url":"https:\/\/agen.umc-europe.org\/eglise\/copyright-et-informations-legales\/","name":"Copyright et informations legales - \u00c9glise Protestante \u00c9vang\u00e9lique M\u00e9thodiste Agen","isPartOf":{"@id":"https:\/\/agen.umc-europe.org\/eglise\/#website"},"datePublished":"2017-09-06T20:58:25+00:00","dateModified":"2017-09-06T20:58:25+00:00","breadcrumb":{"@id":"https:\/\/agen.umc-europe.org\/eglise\/copyright-et-informations-legales\/#breadcrumb"},"inLanguage":"fr-FR","potentialAction":[{"@type":"ReadAction","target":["https:\/\/agen.umc-europe.org\/eglise\/copyright-et-informations-legales\/"]}]},{"@type":"BreadcrumbList","@id":"https:\/\/agen.umc-europe.org\/eglise\/copyright-et-informations-legales\/#breadcrumb","itemListElement":[{"@type":"ListItem","position":1,"name":"Accueil","item":"https:\/\/agen.umc-europe.org\/eglise\/"},{"@type":"ListItem","position":2,"name":"Copyright et informations legales"}]},{"@type":"WebSite","@id":"https:\/\/agen.umc-europe.org\/eglise\/#website","url":"https:\/\/agen.umc-europe.org\/eglise\/","name":"\u00c9glise Protestante \u00c9vang\u00e9lique M\u00e9thodiste Agen","description":"Des chr\u00e9tiens \u00e9vang\u00e9liques au coeur du Lot et Garonne. &quot;Viens et vois!&quot; ( Jean 1:47 )","potentialAction":[{"@type":"SearchAction","target":{"@type":"EntryPoint","urlTemplate":"https:\/\/agen.umc-europe.org\/eglise\/?s={search_term_string}"},"query-input":"required name=search_term_string"}],"inLanguage":"fr-FR"}]}},"_links":{"self":[{"href":"https:\/\/agen.umc-europe.org\/eglise\/wp-json\/wp\/v2\/pages\/3548"}],"collection":[{"href":"https:\/\/agen.umc-europe.org\/eglise\/wp-json\/wp\/v2\/pages"}],"about":[{"href":"https:\/\/agen.umc-europe.org\/eglise\/wp-json\/wp\/v2\/types\/page"}],"author":[{"embeddable":true,"href":"https:\/\/agen.umc-europe.org\/eglise\/wp-json\/wp\/v2\/users\/2"}],"replies":[{"embeddable":true,"href":"https:\/\/agen.umc-europe.org\/eglise\/wp-json\/wp\/v2\/comments?post=3548"}],"version-history":[{"count":1,"href":"https:\/\/agen.umc-europe.org\/eglise\/wp-json\/wp\/v2\/pages\/3548\/revisions"}],"predecessor-version":[{"id":3550,"href":"https:\/\/agen.umc-europe.org\/eglise\/wp-json\/wp\/v2\/pages\/3548\/revisions\/3550"}],"wp:attachment":[{"href":"https:\/\/agen.umc-europe.org\/eglise\/wp-json\/wp\/v2\/media?parent=3548"}],"curies":[{"name":"wp","href":"https:\/\/api.w.org\/{rel}","templated":true}]}}