{"id":352,"date":"2014-09-08T21:07:57","date_gmt":"2014-09-08T20:07:57","guid":{"rendered":"http:\/\/agen.umc-europe.org\/eglise\/?page_id=352"},"modified":"2024-11-15T19:47:23","modified_gmt":"2024-11-15T18:47:23","slug":"convention-biblique-annuelle","status":"publish","type":"page","link":"https:\/\/agen.umc-europe.org\/eglise\/ressources-bibliques\/convention-biblique-annuelle\/","title":{"rendered":"Convention Biblique Annuelle"},"content":{"rendered":"\n<h2 class=\"wp-block-heading\"><strong>Histoire de la convention biblique annuelle d&rsquo;Agen<\/strong><\/h2>\n\n\n\n<p>De par ses origines fortement rurales (suisses), l\u2019Eglise \u00c9vang\u00e9lique M\u00e9thodiste d\u2019Agen (EEM Agen) organisait&nbsp;\u00e0 la p\u00e9riode creuse des travaux des champs, un <strong>temps de retraite spirituelle<\/strong>. Malgr\u00e9 l\u2019\u00e9largissement de la base des croyants, issus d\u00e9sormais de toutes les couches sociales et de toutes origines, ce temps de r\u00e9flexion et d&rsquo;\u00e9tude de la Bible intitul\u00e9 \u00abConvention biblique\u00bb est devenu un <strong>rendez-vous incontournable<\/strong> du programme protestant Lot-et-Garonnais au coeur de l\u2019automne avec des orateurs de renom&#8230;.<\/p>\n\n\n<div class=\"wp-block-image\">\n<figure class=\"aligncenter\"><a href=\"https:\/\/agen.umc-europe.org\/eglise\/wp-content\/uploads\/2017\/06\/bible-sans-erreurs.jpg\"><img loading=\"lazy\" decoding=\"async\" width=\"1025\" height=\"200\" src=\"https:\/\/agen.umc-europe.org\/eglise\/wp-content\/uploads\/2017\/06\/bible-sans-erreurs.jpg\" alt=\"La Bible est-elle sans erreurs ?\" class=\"wp-image-2852\" srcset=\"https:\/\/agen.umc-europe.org\/eglise\/wp-content\/uploads\/2017\/06\/bible-sans-erreurs.jpg 1025w, https:\/\/agen.umc-europe.org\/eglise\/wp-content\/uploads\/2017\/06\/bible-sans-erreurs-300x59.jpg 300w, https:\/\/agen.umc-europe.org\/eglise\/wp-content\/uploads\/2017\/06\/bible-sans-erreurs-768x150.jpg 768w, https:\/\/agen.umc-europe.org\/eglise\/wp-content\/uploads\/2017\/06\/bible-sans-erreurs-1024x200.jpg 1024w\" sizes=\"(max-width: 1025px) 100vw, 1025px\" \/><\/a><\/figure><\/div>\n\n\n<h2 class=\"wp-block-heading\"><strong>Dates et programme<\/strong><\/h2>\n\n\n\n<p>La <strong>67e<\/strong> Convention biblique aura lieu du <strong>15-17 Novembre 2024<\/strong>\u00a0dans les locaux de l&rsquo;\u00e9glise \u00e0 Agen. <\/p>\n\n\n\n<p>Nous aurons l&rsquo;intervention d&rsquo;un seul orateur, <strong>Sylvain Rom\u00e9rowski, <\/strong>auteur et professeur de th\u00e9ologie, et un de concert et de louange, le Samedi soir avec l&rsquo;artiste chr\u00e9tien <strong>Pat Berning<\/strong>.<\/p>\n\n\n\n<p><span style=\"text-decoration: underline;\">Th\u00e8me et orateur :<\/span><\/p>\n\n\n\n<h3 class=\"wp-block-heading has-text-align-center\">Isra\u00ebl dans l\u2019histoire du salut<\/h3>\n\n\n\n<p class=\"has-text-align-center\">La place d\u2019Isra\u00ebl dans le plan de Dieu est un sujet complexe et fait partie des sujets controvers\u00e9s parmi les \u00e9vang\u00e9liques. Notre orateur, d\u2019origine juive, nous pr\u00e9sente le fruit de ses ann\u00e9es d\u2019analyse des \u00e9crits bibliques.<\/p>\n\n\n\n<p class=\"has-text-align-center\"><em>Sylvain Rom\u00e9rowski, auteur et professeur de th\u00e9ologie<\/em><\/p>\n\n\n\n<p><span style=\"text-decoration: underline;\">Programme :<\/span><\/p>\n\n\n\n<ul>\n<li>Vendredi 15 \u00e0 20h30: Isra\u00ebl sous l\u2019ancienne alliance<\/li>\n\n\n\n<li>Samedi 16 \u00e0 10h30: Isra\u00ebl dans les proph\u00e9ties de l\u2019Ancien Testament<\/li>\n\n\n\n<li>Samedi 16 \u00e0 14h30: Le pays d\u2019Isra\u00ebl dans l\u2019histoire du salut<\/li>\n\n\n\n<li><strong>Samedi 18 \u00e0 20h00: Concert de louange avec Pat Berning<\/strong><\/li>\n\n\n\n<li>Dimanche 19 \u00e0 10h: Culte et pr\u00e9dication de l&rsquo;orateur<\/li>\n\n\n\n<li>Dimanche 19 \u00e0 14h30: L\u2019enseignement de l&rsquo;\u00e9p\u00eetre aux Romains<\/li>\n<\/ul>\n\n\n\n<p class=\"has-text-align-center\"><strong>Entr\u00e9e libre et gratuite !<\/strong><br><em>Libre participation aux frais pour le repas servi le Samedi midi.<\/em><br><em>Le repas du Dimanche midi sera une agape, ce qui est apport\u00e9 par chacun sera mis en commun pour tous.<\/em><\/p>\n\n\n\n<p><\/p>\n\n\n\n<h2 class=\"wp-block-heading\"><strong>\u00c9couter les enseignements<\/strong><\/h2>\n\n\n\n<p>Les enseignements seront retransmis en direct sur <a href=\"https:\/\/www.youtube.com\/channel\/UCnyBrjp8mqcc4RQbZC93Y6w\">la cha\u00eene youtube de l&rsquo;\u00e9glise m\u00e9thodiste d&rsquo;Agen<\/a><\/p>\n\n\n\n<h2 class=\"wp-block-heading\"><strong>Dates et programmes des pr\u00e9c\u00e9dentes conventions <\/strong><\/h2>\n\n\n\n<p>La <strong>65e<\/strong> Convention biblique du <strong>18-20 Novembre 2022<\/strong> est disponible sur Youtube. <a href=\"https:\/\/www.youtube.com\/playlist?list=PL7NXsb91-5lWJVN_pglM2pL8yNuCykhUm\">Plus de d\u00e9tails<\/a><\/p>\n\n\n\n<p>La <strong>64e<\/strong> Convention biblique du <strong>19-21 Novembre 2021<\/strong> est disponible sur notre cha\u00eene Youtube : <a href=\"https:\/\/www.youtube.com\/playlist?list=PL7NXsb91-5lXDPia5l-XgKwsY2m3zc2oO\">\u00ab\u00a0Heureux ceux qui ont le c\u0153ur pur, car ils verront Dieu !\u00a0\u00bb<\/a><\/p>\n\n\n\n<p>La <strong>63e<\/strong> Convention biblique <strong>2020 <\/strong>est disponible sur notre cha\u00eene Youtube : <a href=\"https:\/\/www.youtube.com\/playlist?list=PL7NXsb91-5lVgunSyb9W5Xrv_evw-HXte\">\u00ab\u00a0La croissance spirituelle du chr\u00e9tien\u00a0\u00bb<\/a> et <a href=\"https:\/\/www.youtube.com\/playlist?list=PL7NXsb91-5lXjxL2lZvYBVduLkly44xfc\">\u00ab\u00a0L&rsquo;\u00e9glise\u00a0\u00bb<\/a><\/p>\n\n\n\n<p>La <strong>62e<\/strong> Convention biblique a e\u00fbt lieu du <strong>15-17 Novembre 2019<\/strong> \u00e0 Agen. <a href=\"https:\/\/agen.umc-europe.org\/eglise\/62e-convention-biblique-novembre-2019\/\">Plus de d\u00e9tails<\/a><\/p>\n\n\n\n<p>La <strong>61e<\/strong> Convention biblique a e\u00fbt lieu du <strong>17-19 Novembre 2018<\/strong> \u00e0 Agen. <a href=\"https:\/\/agen.umc-europe.org\/eglise\/convention-biblique-annuelle-novembre-2018\/\">Plus de d\u00e9tails<\/a><\/p>\n\n\n\n<p>La <strong>60e<\/strong> Convention biblique a e\u00fbt lieu du <strong>19-21 Novembre 2017<\/strong> \u00e0 Agen. <a href=\"https:\/\/agen.umc-europe.org\/eglise\/convention-biblique-novembre-2017\/\">Plus de d\u00e9tails<\/a><\/p>\n\n\n\n<p>La <strong>59e<\/strong> Convention biblique a e\u00fbt lieu du <strong>18-20 Novembre 2016<\/strong>&nbsp;\u00e0 Agen. <a href=\"https:\/\/agen.umc-europe.org\/eglise\/convention-biblique-2016\/\">Plus de d\u00e9tails<\/a><\/p>\n\n\n\n<p>La <strong>58e<\/strong> Convention biblique a e\u00fbt lieu du&nbsp;<strong>20-22 Novembre 2015<\/strong> \u00e0 Agen. <a href=\"https:\/\/agen.umc-europe.org\/eglise\/convention-biblique-annuelle-novembre-2015\/\">Plus de d\u00e9tails<\/a><\/p>\n\n\n\n<p>La <strong>57e<\/strong> Convention biblique a e\u00fbt lieu du <strong>21-23 Novembre 2014<\/strong> \u00e0 Agen. <a href=\"https:\/\/agen.umc-europe.org\/eglise\/convention-biblique-novembre-2014\/\">Plus de d\u00e9tails<\/a><\/p>\n","protected":false},"excerpt":{"rendered":"<p>Histoire de la convention biblique annuelle d&rsquo;Agen De par ses origines fortement rurales (suisses), l\u2019Eglise \u00c9vang\u00e9lique M\u00e9thodiste d\u2019Agen (EEM Agen) organisait&nbsp;\u00e0 la p\u00e9riode creuse des travaux des champs, un temps de retraite spirituelle. Malgr\u00e9 l\u2019\u00e9largissement de la base des croyants, issus d\u00e9sormais de toutes les couches sociales et de toutes&#8230;<\/p>\n","protected":false},"author":2,"featured_media":0,"parent":132,"menu_order":2,"comment_status":"closed","ping_status":"open","template":"","meta":{"_monsterinsights_skip_tracking":false,"_monsterinsights_sitenote_active":false,"_monsterinsights_sitenote_note":"","_monsterinsights_sitenote_category":0,"footnotes":""},"yoast_head":"<!-- This site is optimized with the Yoast SEO plugin v21.9.1 - https:\/\/yoast.com\/wordpress\/plugins\/seo\/ -->\n<title>Convention Biblique Annuelle en Novembre \u00e0 Agen<\/title>\n<meta name=\"description\" content=\"La Convention biblique est devenu un rendez-vous incontournable du programme protestant lot-et-garonnais au coeur de l\u2019automne avec des orateurs de renom\" \/>\n<meta name=\"robots\" content=\"index, follow, max-snippet:-1, max-image-preview:large, max-video-preview:-1\" \/>\n<link rel=\"canonical\" href=\"https:\/\/agen.umc-europe.org\/eglise\/ressources-bibliques\/convention-biblique-annuelle\/\" \/>\n<meta property=\"og:locale\" content=\"fr_FR\" \/>\n<meta property=\"og:type\" content=\"article\" \/>\n<meta property=\"og:title\" content=\"Convention Biblique Annuelle en Novembre \u00e0 Agen\" \/>\n<meta property=\"og:description\" content=\"La Convention biblique est devenu un rendez-vous incontournable du programme protestant lot-et-garonnais au coeur de l\u2019automne avec des orateurs de renom\" \/>\n<meta property=\"og:url\" content=\"https:\/\/agen.umc-europe.org\/eglise\/ressources-bibliques\/convention-biblique-annuelle\/\" \/>\n<meta property=\"og:site_name\" content=\"\u00c9glise Protestante \u00c9vang\u00e9lique M\u00e9thodiste Agen\" \/>\n<meta property=\"article:publisher\" content=\"https:\/\/www.facebook.com\/EgliseAgen\/\" \/>\n<meta property=\"article:modified_time\" content=\"2024-11-15T18:47:23+00:00\" \/>\n<meta property=\"og:image\" content=\"https:\/\/agen.umc-europe.org\/eglise\/wp-content\/uploads\/2017\/06\/bible-sans-erreurs.jpg\" \/>\n<meta name=\"twitter:card\" content=\"summary_large_image\" \/>\n<meta name=\"twitter:site\" content=\"@EgliseAgen\" \/>\n<meta name=\"twitter:label1\" content=\"Dur\u00e9e de lecture estim\u00e9e\" \/>\n\t<meta name=\"twitter:data1\" content=\"3 minutes\" \/>\n<script type=\"application\/ld+json\" class=\"yoast-schema-graph\">{\"@context\":\"https:\/\/schema.org\",\"@graph\":[{\"@type\":\"WebPage\",\"@id\":\"https:\/\/agen.umc-europe.org\/eglise\/ressources-bibliques\/convention-biblique-annuelle\/\",\"url\":\"https:\/\/agen.umc-europe.org\/eglise\/ressources-bibliques\/convention-biblique-annuelle\/\",\"name\":\"Convention Biblique Annuelle en Novembre \u00e0 Agen\",\"isPartOf\":{\"@id\":\"https:\/\/agen.umc-europe.org\/eglise\/#website\"},\"datePublished\":\"2014-09-08T20:07:57+00:00\",\"dateModified\":\"2024-11-15T18:47:23+00:00\",\"description\":\"La Convention biblique est devenu un rendez-vous incontournable du programme protestant lot-et-garonnais au coeur de l\u2019automne avec des orateurs de renom\",\"breadcrumb\":{\"@id\":\"https:\/\/agen.umc-europe.org\/eglise\/ressources-bibliques\/convention-biblique-annuelle\/#breadcrumb\"},\"inLanguage\":\"fr-FR\",\"potentialAction\":[{\"@type\":\"ReadAction\",\"target\":[\"https:\/\/agen.umc-europe.org\/eglise\/ressources-bibliques\/convention-biblique-annuelle\/\"]}]},{\"@type\":\"BreadcrumbList\",\"@id\":\"https:\/\/agen.umc-europe.org\/eglise\/ressources-bibliques\/convention-biblique-annuelle\/#breadcrumb\",\"itemListElement\":[{\"@type\":\"ListItem\",\"position\":1,\"name\":\"Accueil\",\"item\":\"https:\/\/agen.umc-europe.org\/eglise\/\"},{\"@type\":\"ListItem\",\"position\":2,\"name\":\"Ressources Bibliques\",\"item\":\"https:\/\/agen.umc-europe.org\/eglise\/ressources-bibliques\/\"},{\"@type\":\"ListItem\",\"position\":3,\"name\":\"Convention Biblique Annuelle\"}]},{\"@type\":\"WebSite\",\"@id\":\"https:\/\/agen.umc-europe.org\/eglise\/#website\",\"url\":\"https:\/\/agen.umc-europe.org\/eglise\/\",\"name\":\"\u00c9glise Protestante \u00c9vang\u00e9lique M\u00e9thodiste Agen\",\"description\":\"Des chr\u00e9tiens \u00e9vang\u00e9liques au coeur du Lot et Garonne. &quot;Viens et vois!&quot; ( Jean 1:47 )\",\"potentialAction\":[{\"@type\":\"SearchAction\",\"target\":{\"@type\":\"EntryPoint\",\"urlTemplate\":\"https:\/\/agen.umc-europe.org\/eglise\/?s={search_term_string}\"},\"query-input\":\"required name=search_term_string\"}],\"inLanguage\":\"fr-FR\"}]}<\/script>\n<!-- \/ Yoast SEO plugin. -->","yoast_head_json":{"title":"Convention Biblique Annuelle en Novembre \u00e0 Agen","description":"La Convention biblique est devenu un rendez-vous incontournable du programme protestant lot-et-garonnais au coeur de l\u2019automne avec des orateurs de renom","robots":{"index":"index","follow":"follow","max-snippet":"max-snippet:-1","max-image-preview":"max-image-preview:large","max-video-preview":"max-video-preview:-1"},"canonical":"https:\/\/agen.umc-europe.org\/eglise\/ressources-bibliques\/convention-biblique-annuelle\/","og_locale":"fr_FR","og_type":"article","og_title":"Convention Biblique Annuelle en Novembre \u00e0 Agen","og_description":"La Convention biblique est devenu un rendez-vous incontournable du programme protestant lot-et-garonnais au coeur de l\u2019automne avec des orateurs de renom","og_url":"https:\/\/agen.umc-europe.org\/eglise\/ressources-bibliques\/convention-biblique-annuelle\/","og_site_name":"\u00c9glise Protestante \u00c9vang\u00e9lique M\u00e9thodiste Agen","article_publisher":"https:\/\/www.facebook.com\/EgliseAgen\/","article_modified_time":"2024-11-15T18:47:23+00:00","og_image":[{"url":"https:\/\/agen.umc-europe.org\/eglise\/wp-content\/uploads\/2017\/06\/bible-sans-erreurs.jpg"}],"twitter_card":"summary_large_image","twitter_site":"@EgliseAgen","twitter_misc":{"Dur\u00e9e de lecture estim\u00e9e":"3 minutes"},"schema":{"@context":"https:\/\/schema.org","@graph":[{"@type":"WebPage","@id":"https:\/\/agen.umc-europe.org\/eglise\/ressources-bibliques\/convention-biblique-annuelle\/","url":"https:\/\/agen.umc-europe.org\/eglise\/ressources-bibliques\/convention-biblique-annuelle\/","name":"Convention Biblique Annuelle en Novembre \u00e0 Agen","isPartOf":{"@id":"https:\/\/agen.umc-europe.org\/eglise\/#website"},"datePublished":"2014-09-08T20:07:57+00:00","dateModified":"2024-11-15T18:47:23+00:00","description":"La Convention biblique est devenu un rendez-vous incontournable du programme protestant lot-et-garonnais au coeur de l\u2019automne avec des orateurs de renom","breadcrumb":{"@id":"https:\/\/agen.umc-europe.org\/eglise\/ressources-bibliques\/convention-biblique-annuelle\/#breadcrumb"},"inLanguage":"fr-FR","potentialAction":[{"@type":"ReadAction","target":["https:\/\/agen.umc-europe.org\/eglise\/ressources-bibliques\/convention-biblique-annuelle\/"]}]},{"@type":"BreadcrumbList","@id":"https:\/\/agen.umc-europe.org\/eglise\/ressources-bibliques\/convention-biblique-annuelle\/#breadcrumb","itemListElement":[{"@type":"ListItem","position":1,"name":"Accueil","item":"https:\/\/agen.umc-europe.org\/eglise\/"},{"@type":"ListItem","position":2,"name":"Ressources Bibliques","item":"https:\/\/agen.umc-europe.org\/eglise\/ressources-bibliques\/"},{"@type":"ListItem","position":3,"name":"Convention Biblique Annuelle"}]},{"@type":"WebSite","@id":"https:\/\/agen.umc-europe.org\/eglise\/#website","url":"https:\/\/agen.umc-europe.org\/eglise\/","name":"\u00c9glise Protestante \u00c9vang\u00e9lique M\u00e9thodiste Agen","description":"Des chr\u00e9tiens \u00e9vang\u00e9liques au coeur du Lot et Garonne. &quot;Viens et vois!&quot; ( Jean 1:47 )","potentialAction":[{"@type":"SearchAction","target":{"@type":"EntryPoint","urlTemplate":"https:\/\/agen.umc-europe.org\/eglise\/?s={search_term_string}"},"query-input":"required name=search_term_string"}],"inLanguage":"fr-FR"}]}},"_links":{"self":[{"href":"https:\/\/agen.umc-europe.org\/eglise\/wp-json\/wp\/v2\/pages\/352"}],"collection":[{"href":"https:\/\/agen.umc-europe.org\/eglise\/wp-json\/wp\/v2\/pages"}],"about":[{"href":"https:\/\/agen.umc-europe.org\/eglise\/wp-json\/wp\/v2\/types\/page"}],"author":[{"embeddable":true,"href":"https:\/\/agen.umc-europe.org\/eglise\/wp-json\/wp\/v2\/users\/2"}],"replies":[{"embeddable":true,"href":"https:\/\/agen.umc-europe.org\/eglise\/wp-json\/wp\/v2\/comments?post=352"}],"version-history":[{"count":109,"href":"https:\/\/agen.umc-europe.org\/eglise\/wp-json\/wp\/v2\/pages\/352\/revisions"}],"predecessor-version":[{"id":6705,"href":"https:\/\/agen.umc-europe.org\/eglise\/wp-json\/wp\/v2\/pages\/352\/revisions\/6705"}],"up":[{"embeddable":true,"href":"https:\/\/agen.umc-europe.org\/eglise\/wp-json\/wp\/v2\/pages\/132"}],"wp:attachment":[{"href":"https:\/\/agen.umc-europe.org\/eglise\/wp-json\/wp\/v2\/media?parent=352"}],"curies":[{"name":"wp","href":"https:\/\/api.w.org\/{rel}","templated":true}]}}