{"id":3377,"date":"2017-08-20T17:35:10","date_gmt":"2017-08-20T16:35:10","guid":{"rendered":"http:\/\/agen.umc-europe.org\/eglise\/?page_id=3377"},"modified":"2017-12-25T22:03:03","modified_gmt":"2017-12-25T21:03:03","slug":"les-psaumes","status":"publish","type":"page","link":"https:\/\/agen.umc-europe.org\/eglise\/faq-spiritualite\/les-psaumes\/","title":{"rendered":"Les Psaumes dans la Bible &#8211; Po\u00e8mes et chants religieux d&rsquo;Isra\u00ebl"},"content":{"rendered":"<p>Dans la Bible, les psaumes (ou le livre des psaumes) sont un recueil de po\u00e8mes religieux qui \u00e9taient le plus souvent chant\u00e9es dans le temple en Isra\u00ebl. Il y a <strong>150 psaumes, r\u00e9partis en 5 livres<\/strong> \u00e0 l&rsquo;instar du Pentateuque, mais r\u00e9dig\u00e9s par plusieurs auteurs diff\u00e9rents. Un grand nombre de psaumes (au moins 73) sont r\u00e9dig\u00e9s par le <strong>roi David<\/strong>, qui \u00e9tait exceptionnellement dou\u00e9 pour la po\u00e9sie, la musique et le chant. Nombre de psaumes refl\u00e8tent les diff\u00e9rentes p\u00e9riodes de la vie du chantre d&rsquo;Isra\u00ebl devenu roi (Ps 13, 18, 23, 32, 34, 51, 52, 57 etc.). D&rsquo;autres psaumes sont l&rsquo;oeuvre des <strong>fils de Kor\u00e9<\/strong> (11 psaumes : 41, 44, 45, 46, 47, 48, 49, 84, 85, 87, 88) qui \u00e9taient chantres du peuple de Dieu, ou de la famille d&rsquo;<strong>Asaph<\/strong> (12 psaumes 50 et 73 \u00e0 83) eux aussi musiciens et chantres dans le temple.<\/p>\n<p>Les Psaumes comportent toutes les expressions des mouvements de l&rsquo;\u00e2me humaine. On y retrouve adoration, pri\u00e8re, intercession, confession, supplication, crainte, souffrance, espoir, assurance du pardon et communion avec Dieu, qui y apparait proche, vivant, \u00e0 l&rsquo;\u00e9coute de son peuple, mais aussi puissant dans son jugement.<\/p>\n<p>De tr\u00e8s nombreux psaumes comportent des r\u00e9f\u00e9rences ou proph\u00e9ties li\u00e9s au Messie, l&rsquo;envoy\u00e9 de Dieu; ils sont dits <strong>psaumes messianiques<\/strong>. J\u00e9sus-Christ accomplira en sa naissance, sa vie et sa mort un grand nombre de ces proph\u00e9ties; le reste des proph\u00e9ties seront accomplies \u00e0 la fin des temps, lors de son retour.<\/p>\n<p>Retrouvez ci dessous des exhortations issues de diff\u00e9rents psaumes. Elles constituent pour tous une vraie source de b\u00e9n\u00e9diction et d&rsquo;encouragement.<\/p>\n<div style=\"display: block; border: 1px solid #888888; border-bottom: none; margin-bottom: 20px; margin-top: 0px;\">\n<p style=\"display: block; background: #888888; text-align: center; height: 27px; line-height: 25px; font-size: 16px; text-transform: uppercase; color: #fff; font-weight: normal; padding-left: 38px;\">Le livre des Psaumes<\/p>\n<div style=\"display: block; padding: 8px 8px; border-bottom: 1px solid #888888;\">\n<h5><a title=\"Psaume 10 Bible et violence\" href=\"https:\/\/agen.umc-europe.org\/eglise\/psaume-10-reponse-bible-violence\/\"><img loading=\"lazy\" decoding=\"async\" class=\"alignleft\" title=\"Psaume 10 Bible et violence\" src=\"https:\/\/agen.umc-europe.org\/eglise\/wp-content\/uploads\/2017\/06\/la-reponse-Bible-a-la-violence-150x150.jpg\" alt=\"Psaume 10 Bible et violence\" width=\"150\" height=\"150\" \/>Psaume 10 : La r\u00e9ponse de la Bible \u00e0 la violence<\/a><\/h5>\n<p>Le<strong> Psaume 10<\/strong> d\u00e9crit le malheur que les violents provoquent : \u00ab Il assassine l\u2019innocent ; il attrape le malheureux ; le faible tombe, assomm\u00e9, en son pouvoir \u00bb (v8-10) : nous sommes dans un monde o\u00f9 celui qui r\u00e9pand la violence \u00e9crase le faible. Ecoutons la Bible qui parle de la racine de la violence et apporte une r\u00e9ponse qui va au plus profond : le coeur humain.<\/p>\n<\/div>\n<div style=\"display: block; padding: 8px 8px; border-bottom: 1px solid #888888;\">\n<h5><a title=\"Psaume 19 Dieu parle\" href=\"https:\/\/agen.umc-europe.org\/eglise\/psaume-19-dieu-parle-ecoute-voix-seigneur\/\"><img loading=\"lazy\" decoding=\"async\" class=\"alignright\" title=\"Psaume 19 Dieu parle\" src=\"https:\/\/agen.umc-europe.org\/eglise\/wp-content\/uploads\/2017\/11\/dieu-parle-ecoute-vois-seigneur-150x150.jpg\" alt=\"Psaume 19 Dieu parle \u00e0 l'homme\" width=\"150\" height=\"150\" \/>Psaume 19 : Dieu parle, \u00e9coute la voix du Seigneur<\/a><\/h5>\n<p>\u00ab Les cieux racontent la gloire de Dieu et l\u2019\u00e9tendue c\u00e9leste annonce l\u2019\u0153uvre de ses mains. \u00bb v2. Lorsque Dieu parle, c&rsquo;est le ciel tout entier qui publie ! Dans le Psaume 19 Dieu communique avec l&rsquo;homme par divers moyens. Alors \u00e9coute la voix du Seigneur !<\/p>\n<\/div>\n<div style=\"display: block; padding: 8px 8px; border-bottom: 1px solid #888888;\">\n<h5><a title=\"Psaume 36 Les m\u00e9chants\" href=\"https:\/\/agen.umc-europe.org\/eglise\/psaume-36-les-mechants\/\"><img loading=\"lazy\" decoding=\"async\" class=\"alignleft\" title=\"Psaume 36 Les m\u00e9chants\" src=\"https:\/\/agen.umc-europe.org\/eglise\/wp-content\/uploads\/2017\/08\/psaume-36-les-mechants-150x150.jpg\" alt=\"Psaume 36 Les m\u00e9chants\" width=\"150\" height=\"150\" \/>Psaume 36 : Comment est-il possible qu\u2019il y ait des m\u00e9chants ?<\/a><\/h5>\n<p>Ce psaume pose le probl\u00e8me \u00ab Comment le m\u00e9chant peut-il se permettre d\u2019exister devant Dieu ? \u00bb Le raisonnement dans lequel le m\u00e9chant s\u2019est enferm\u00e9 repose sur la non-punition imm\u00e9diate de son p\u00e9ch\u00e9. Du coup, il conclut que Dieu ne voit rien et ne peut pas agir. Le psalmiste, qui d\u00e9crit alors la bont\u00e9 de Dieu se demande alors, face \u00e0 un Dieu si grand, si bon, comment le m\u00e9chant peut pers\u00e9v\u00e9rer dans sa voie ? Comment ne comprend-il pas cette bont\u00e9 de Dieu ?<\/p>\n<\/div>\n<div style=\"display: block; padding: 8px 8px; border-bottom: 1px solid #888888;\">\n<h5><a title=\"Psaume 37 : Le hasard n'existe pas !\" href=\"https:\/\/agen.umc-europe.org\/eglise\/le-hasard-n-existe-pas-rencontre-dieu-psaume-37\/\"><img loading=\"lazy\" decoding=\"async\" class=\"alignright\" style=\"border: 0px;\" title=\"Psaume 37 : Le hasard n'existe pas !\" src=\"https:\/\/agen.umc-europe.org\/eglise\/wp-content\/uploads\/2017\/06\/le-hasard-n-existe-pas-rencontre-dieu-150x150.jpg\" alt=\"Psaume 37 : Le hasard n'existe pas !\" width=\"150\" height=\"150\" \/>Psaume 37 : Le hasard n&rsquo;existe pas ! Rencontrez Dieu !<\/a><\/h5>\n<p>Dans la Bible, le hasard porte un nom et il est une personne : l\u2019Eternel Dieu. Remettez-lui votre sort, comptez sur lui : il agira (Psaume 37).\u00a0Cela ne me garantit pas des difficult\u00e9s. Mais c\u2019est lui qui dirige ma vie ; il ouvre et ferme les portes, \u00e0 condition que je m\u2019attende \u00e0 lui, dans un esprit d\u2019ob\u00e9issance \u00e0 sa Parole. Il a agi en ma faveur, il agira.<\/p>\n<\/div>\n<div style=\"display: block; padding: 8px 8px; border-bottom: 1px solid #888888;\">\n<h5><a title=\"Psaume 61 : Conduis-moi sur le rocher inaccessible\" href=\"https:\/\/agen.umc-europe.org\/eglise\/psaume-61v3-conduis-rocher-inaccessible\/\"><img loading=\"lazy\" decoding=\"async\" class=\"alignleft\" style=\"border: 0px;\" title=\"Psaume 61 : Conduis-moi sur le rocher inaccessible\" src=\"https:\/\/agen.umc-europe.org\/eglise\/wp-content\/uploads\/2017\/06\/rocher-inaccessible-150x150.jpg\" alt=\"Psaume 61 : Conduis-moi sur le rocher inaccessible\" width=\"150\" height=\"150\" \/>Psaume 61 : Conduis-moi sur le rocher inaccessible<\/a><\/h5>\n<p>L\u2019image de l\u2019escalade d\u2019un rocher a quelque chose d\u2019excitant !\u2026 Mais l\u2019ascension peut faire peur. Les difficult\u00e9s sont l\u00e0, multiples, impr\u00e9vues. A certains moments, nous sommes devant un mur impossible \u00e0 franchir. Dans la vie, cet aveu peut conduire au d\u00e9couragement. Chez David, le psalmiste, il conduit \u00e0 l\u2019attente en Dieu ; il fait monter une pri\u00e8re \u00e0 celui qui l\u2019a souvent d\u00e9livr\u00e9 de voies infranchissables ou qui paraissaient sans issue. \u00ab Conduis-moi sur le rocher que je ne peux atteindre \u00bb.<\/p>\n<\/div>\n<div style=\"display: block; padding: 8px 8px; border-bottom: 1px solid #888888;\">\n<h5><a title=\"La Foi en Dieu\" href=\"https:\/\/agen.umc-europe.org\/eglise\/quelques-fois-demande-jai-foi-ps-78v32-39-mt-14v22-33\/\"><img loading=\"lazy\" decoding=\"async\" class=\"alignright\" title=\"La Foi en Dieu\" src=\"https:\/\/agen.umc-europe.org\/eglise\/wp-content\/uploads\/2017\/08\/avoir-la-foi-en-dieu-150x150.jpg\" alt=\"La Foi en Dieu\" width=\"150\" height=\"150\" \/>Psaume 78 : \u00abQuelques fois, je me demande si j\u2019ai la foi\u2026\u00bb<\/a><\/h5>\n<p>Ah ! Que c\u2019est formidable d\u2019avoir une foi d\u00e9bordante, d\u2019\u00eatre un chr\u00e9tien engag\u00e9, d\u2019\u00eatre toujours solide dans sa foi, de conna\u00eetre exaucement sur exaucement, de vivre des victoires sur le p\u00e9ch\u00e9, d\u2019\u00eatre un chr\u00e9tien hyper spirituel, quoi. Mais\u2026 je me demande si \u00e7a a \u00e9t\u00e9 un jour le cas\u2026 et quelques fois je m\u2019interroge : est-ce que j\u2019ai la foi ?<\/p>\n<\/div>\n<div style=\"display: block; padding: 8px 8px; border-bottom: 1px solid #888888;\">\n<h5><a title=\"Psaume 100 : Servez l\u2019Eternel avec joie !\" href=\"https:\/\/agen.umc-europe.org\/eglise\/psaume-100-servez-leternel-avec-joie\/\"><img loading=\"lazy\" decoding=\"async\" class=\"alignleft\" style=\"border: 0px;\" title=\"Psaume 100 : Servez l\u2019Eternel avec joie !\" src=\"https:\/\/agen.umc-europe.org\/eglise\/wp-content\/uploads\/2017\/06\/cep-sarment-vigne-150x150.jpg\" alt=\"Psaume 100 : Servez l\u2019Eternel avec joie !\" width=\"150\" height=\"150\" \/>Psaume 100 : Servez l\u2019Eternel avec joie !<\/a><\/h5>\n<p>Pour notre marche avec Dieu, le but est clair : \u00ab Servez l\u2019Eternel avec joie ! \u00bb (Psaume 100v2). Nous allons nous arr\u00eater sur ces 3 termes ; 3 attitudes qui, en d\u00e9finitive, s\u2019opposent \u00e0 la tendance humaine et qui vont \u00e0 l\u2019encontre des pratiques naturelles.<\/p>\n<\/div>\n<div style=\"display: block; padding: 8px 8px; border-bottom: 1px solid #888888;\">\n<h5><a title=\"Psaume 133 eglise locale lieu de b\u00e9n\u00e9diction\" href=\"https:\/\/agen.umc-europe.org\/eglise\/psaume-133-matthieu-18v19-20-leglise-locale-lieu-benediction\/\"><img loading=\"lazy\" decoding=\"async\" class=\"alignright\" title=\"Psaume 133 eglise locale lieu de b\u00e9n\u00e9diction\" src=\"https:\/\/agen.umc-europe.org\/eglise\/wp-content\/uploads\/2017\/10\/eglise-locale-benediction-150x150.jpg\" alt=\"Psaume 133 eglise locale lieu de b\u00e9n\u00e9diction\" width=\"150\" height=\"150\" \/>Psaume 133 : L\u2019\u00e9glise locale, lieu de b\u00e9n\u00e9diction<\/a><\/h5>\n<p>\u00ab Qu\u2019il est bon, qu\u2019il est agr\u00e9able pour des fr\u00e8res d\u2019\u00eatre ensemble ! Car c\u2019est l\u00e0 que le Seigneur donne sa b\u00e9n\u00e9diction, la vie pour toujours \u00bb. La cons\u00e9quence sur la vie de ceux qui sont unis en Dieu, c\u2019est qu\u2019il se passe des choses extraordinaires. Dieu est pr\u00e9sent et source de b\u00e9n\u00e9dictions! Peut-\u00eatre\u00a0faudrait-il r\u00e9viser dans notre conception de l\u2019\u00e9glise locale \u00e0 la lumi\u00e8re de ce psaume ?<\/p>\n<\/div>\n<\/div>\n","protected":false},"excerpt":{"rendered":"<p>Dans la Bible, les psaumes (ou le livre des psaumes) sont un recueil de po\u00e8mes religieux qui \u00e9taient le plus souvent chant\u00e9es dans le temple en Isra\u00ebl. Il y a 150 psaumes, r\u00e9partis en 5 livres \u00e0 l&rsquo;instar du Pentateuque, mais r\u00e9dig\u00e9s par plusieurs auteurs diff\u00e9rents. Un grand nombre de&#8230;<\/p>\n","protected":false},"author":2,"featured_media":0,"parent":3226,"menu_order":0,"comment_status":"closed","ping_status":"closed","template":"","meta":{"_monsterinsights_skip_tracking":false,"_monsterinsights_sitenote_active":false,"_monsterinsights_sitenote_note":"","_monsterinsights_sitenote_category":0,"footnotes":""},"yoast_head":"<!-- This site is optimized with the Yoast SEO plugin v21.9.1 - https:\/\/yoast.com\/wordpress\/plugins\/seo\/ -->\n<title>Les Psaumes de la Bible - Po\u00e8mes et chants religieux d&#039;Isra\u00ebl<\/title>\n<meta name=\"description\" content=\"Les psaumes (ou le livre des psaumes) sont un recueil de po\u00e8mes religieux qui \u00e9taient le plus souvent chant\u00e9es dans le temple en Isra\u00ebl.\" \/>\n<meta name=\"robots\" content=\"index, follow, max-snippet:-1, max-image-preview:large, max-video-preview:-1\" \/>\n<link rel=\"canonical\" href=\"https:\/\/agen.umc-europe.org\/eglise\/faq-spiritualite\/les-psaumes\/\" \/>\n<meta property=\"og:locale\" content=\"fr_FR\" \/>\n<meta property=\"og:type\" content=\"article\" \/>\n<meta property=\"og:title\" content=\"Les Psaumes de la Bible - Po\u00e8mes et chants religieux d&#039;Isra\u00ebl\" \/>\n<meta property=\"og:description\" content=\"Les psaumes (ou le livre des psaumes) sont un recueil de po\u00e8mes religieux qui \u00e9taient le plus souvent chant\u00e9es dans le temple en Isra\u00ebl.\" \/>\n<meta property=\"og:url\" content=\"https:\/\/agen.umc-europe.org\/eglise\/faq-spiritualite\/les-psaumes\/\" \/>\n<meta property=\"og:site_name\" content=\"\u00c9glise Protestante \u00c9vang\u00e9lique M\u00e9thodiste Agen\" \/>\n<meta property=\"article:publisher\" content=\"https:\/\/www.facebook.com\/EgliseAgen\/\" \/>\n<meta property=\"article:modified_time\" content=\"2017-12-25T21:03:03+00:00\" \/>\n<meta property=\"og:image\" content=\"https:\/\/agen.umc-europe.org\/eglise\/wp-content\/uploads\/2017\/06\/la-reponse-Bible-a-la-violence-150x150.jpg\" \/>\n<meta name=\"twitter:card\" content=\"summary_large_image\" \/>\n<meta name=\"twitter:site\" content=\"@EgliseAgen\" \/>\n<meta name=\"twitter:label1\" content=\"Dur\u00e9e de lecture estim\u00e9e\" \/>\n\t<meta name=\"twitter:data1\" content=\"4 minutes\" \/>\n<script type=\"application\/ld+json\" class=\"yoast-schema-graph\">{\"@context\":\"https:\/\/schema.org\",\"@graph\":[{\"@type\":\"WebPage\",\"@id\":\"https:\/\/agen.umc-europe.org\/eglise\/faq-spiritualite\/les-psaumes\/\",\"url\":\"https:\/\/agen.umc-europe.org\/eglise\/faq-spiritualite\/les-psaumes\/\",\"name\":\"Les Psaumes de la Bible - Po\u00e8mes et chants religieux d'Isra\u00ebl\",\"isPartOf\":{\"@id\":\"https:\/\/agen.umc-europe.org\/eglise\/#website\"},\"datePublished\":\"2017-08-20T16:35:10+00:00\",\"dateModified\":\"2017-12-25T21:03:03+00:00\",\"description\":\"Les psaumes (ou le livre des psaumes) sont un recueil de po\u00e8mes religieux qui \u00e9taient le plus souvent chant\u00e9es dans le temple en Isra\u00ebl.\",\"breadcrumb\":{\"@id\":\"https:\/\/agen.umc-europe.org\/eglise\/faq-spiritualite\/les-psaumes\/#breadcrumb\"},\"inLanguage\":\"fr-FR\",\"potentialAction\":[{\"@type\":\"ReadAction\",\"target\":[\"https:\/\/agen.umc-europe.org\/eglise\/faq-spiritualite\/les-psaumes\/\"]}]},{\"@type\":\"BreadcrumbList\",\"@id\":\"https:\/\/agen.umc-europe.org\/eglise\/faq-spiritualite\/les-psaumes\/#breadcrumb\",\"itemListElement\":[{\"@type\":\"ListItem\",\"position\":1,\"name\":\"Accueil\",\"item\":\"https:\/\/agen.umc-europe.org\/eglise\/\"},{\"@type\":\"ListItem\",\"position\":2,\"name\":\"FAQ &#8211; Spiritualit\u00e9\",\"item\":\"https:\/\/agen.umc-europe.org\/eglise\/faq-spiritualite\/\"},{\"@type\":\"ListItem\",\"position\":3,\"name\":\"Les Psaumes dans la Bible &#8211; Po\u00e8mes et chants religieux d&rsquo;Isra\u00ebl\"}]},{\"@type\":\"WebSite\",\"@id\":\"https:\/\/agen.umc-europe.org\/eglise\/#website\",\"url\":\"https:\/\/agen.umc-europe.org\/eglise\/\",\"name\":\"\u00c9glise Protestante \u00c9vang\u00e9lique M\u00e9thodiste Agen\",\"description\":\"Des chr\u00e9tiens \u00e9vang\u00e9liques au coeur du Lot et Garonne. &quot;Viens et vois!&quot; ( Jean 1:47 )\",\"potentialAction\":[{\"@type\":\"SearchAction\",\"target\":{\"@type\":\"EntryPoint\",\"urlTemplate\":\"https:\/\/agen.umc-europe.org\/eglise\/?s={search_term_string}\"},\"query-input\":\"required name=search_term_string\"}],\"inLanguage\":\"fr-FR\"}]}<\/script>\n<!-- \/ Yoast SEO plugin. -->","yoast_head_json":{"title":"Les Psaumes de la Bible - Po\u00e8mes et chants religieux d'Isra\u00ebl","description":"Les psaumes (ou le livre des psaumes) sont un recueil de po\u00e8mes religieux qui \u00e9taient le plus souvent chant\u00e9es dans le temple en Isra\u00ebl.","robots":{"index":"index","follow":"follow","max-snippet":"max-snippet:-1","max-image-preview":"max-image-preview:large","max-video-preview":"max-video-preview:-1"},"canonical":"https:\/\/agen.umc-europe.org\/eglise\/faq-spiritualite\/les-psaumes\/","og_locale":"fr_FR","og_type":"article","og_title":"Les Psaumes de la Bible - Po\u00e8mes et chants religieux d'Isra\u00ebl","og_description":"Les psaumes (ou le livre des psaumes) sont un recueil de po\u00e8mes religieux qui \u00e9taient le plus souvent chant\u00e9es dans le temple en Isra\u00ebl.","og_url":"https:\/\/agen.umc-europe.org\/eglise\/faq-spiritualite\/les-psaumes\/","og_site_name":"\u00c9glise Protestante \u00c9vang\u00e9lique M\u00e9thodiste Agen","article_publisher":"https:\/\/www.facebook.com\/EgliseAgen\/","article_modified_time":"2017-12-25T21:03:03+00:00","og_image":[{"url":"https:\/\/agen.umc-europe.org\/eglise\/wp-content\/uploads\/2017\/06\/la-reponse-Bible-a-la-violence-150x150.jpg"}],"twitter_card":"summary_large_image","twitter_site":"@EgliseAgen","twitter_misc":{"Dur\u00e9e de lecture estim\u00e9e":"4 minutes"},"schema":{"@context":"https:\/\/schema.org","@graph":[{"@type":"WebPage","@id":"https:\/\/agen.umc-europe.org\/eglise\/faq-spiritualite\/les-psaumes\/","url":"https:\/\/agen.umc-europe.org\/eglise\/faq-spiritualite\/les-psaumes\/","name":"Les Psaumes de la Bible - Po\u00e8mes et chants religieux d'Isra\u00ebl","isPartOf":{"@id":"https:\/\/agen.umc-europe.org\/eglise\/#website"},"datePublished":"2017-08-20T16:35:10+00:00","dateModified":"2017-12-25T21:03:03+00:00","description":"Les psaumes (ou le livre des psaumes) sont un recueil de po\u00e8mes religieux qui \u00e9taient le plus souvent chant\u00e9es dans le temple en Isra\u00ebl.","breadcrumb":{"@id":"https:\/\/agen.umc-europe.org\/eglise\/faq-spiritualite\/les-psaumes\/#breadcrumb"},"inLanguage":"fr-FR","potentialAction":[{"@type":"ReadAction","target":["https:\/\/agen.umc-europe.org\/eglise\/faq-spiritualite\/les-psaumes\/"]}]},{"@type":"BreadcrumbList","@id":"https:\/\/agen.umc-europe.org\/eglise\/faq-spiritualite\/les-psaumes\/#breadcrumb","itemListElement":[{"@type":"ListItem","position":1,"name":"Accueil","item":"https:\/\/agen.umc-europe.org\/eglise\/"},{"@type":"ListItem","position":2,"name":"FAQ &#8211; Spiritualit\u00e9","item":"https:\/\/agen.umc-europe.org\/eglise\/faq-spiritualite\/"},{"@type":"ListItem","position":3,"name":"Les Psaumes dans la Bible &#8211; Po\u00e8mes et chants religieux d&rsquo;Isra\u00ebl"}]},{"@type":"WebSite","@id":"https:\/\/agen.umc-europe.org\/eglise\/#website","url":"https:\/\/agen.umc-europe.org\/eglise\/","name":"\u00c9glise Protestante \u00c9vang\u00e9lique M\u00e9thodiste Agen","description":"Des chr\u00e9tiens \u00e9vang\u00e9liques au coeur du Lot et Garonne. &quot;Viens et vois!&quot; ( Jean 1:47 )","potentialAction":[{"@type":"SearchAction","target":{"@type":"EntryPoint","urlTemplate":"https:\/\/agen.umc-europe.org\/eglise\/?s={search_term_string}"},"query-input":"required name=search_term_string"}],"inLanguage":"fr-FR"}]}},"_links":{"self":[{"href":"https:\/\/agen.umc-europe.org\/eglise\/wp-json\/wp\/v2\/pages\/3377"}],"collection":[{"href":"https:\/\/agen.umc-europe.org\/eglise\/wp-json\/wp\/v2\/pages"}],"about":[{"href":"https:\/\/agen.umc-europe.org\/eglise\/wp-json\/wp\/v2\/types\/page"}],"author":[{"embeddable":true,"href":"https:\/\/agen.umc-europe.org\/eglise\/wp-json\/wp\/v2\/users\/2"}],"replies":[{"embeddable":true,"href":"https:\/\/agen.umc-europe.org\/eglise\/wp-json\/wp\/v2\/comments?post=3377"}],"version-history":[{"count":17,"href":"https:\/\/agen.umc-europe.org\/eglise\/wp-json\/wp\/v2\/pages\/3377\/revisions"}],"predecessor-version":[{"id":4688,"href":"https:\/\/agen.umc-europe.org\/eglise\/wp-json\/wp\/v2\/pages\/3377\/revisions\/4688"}],"up":[{"embeddable":true,"href":"https:\/\/agen.umc-europe.org\/eglise\/wp-json\/wp\/v2\/pages\/3226"}],"wp:attachment":[{"href":"https:\/\/agen.umc-europe.org\/eglise\/wp-json\/wp\/v2\/media?parent=3377"}],"curies":[{"name":"wp","href":"https:\/\/api.w.org\/{rel}","templated":true}]}}