{"id":3280,"date":"2017-08-13T21:20:40","date_gmt":"2017-08-13T20:20:40","guid":{"rendered":"http:\/\/agen.umc-europe.org\/eglise\/?page_id=3280"},"modified":"2017-12-27T18:44:30","modified_gmt":"2017-12-27T17:44:30","slug":"plan-du-salut","status":"publish","type":"page","link":"https:\/\/agen.umc-europe.org\/eglise\/faq-spiritualite\/plan-du-salut\/","title":{"rendered":"Plan du salut"},"content":{"rendered":"<p>Retrouvez avec nous cette semaine une s\u00e9rie d&rsquo;enseignements bibliques pr\u00e9sentant le Plan du Salut en J\u00e9sus Christ.\u00a0En 9 messages nous \u00e9voquerons ensemble les points principaux pr\u00e9sent\u00e9s par la Bible sur le Salut.\u00a0Retrouvez nous chaque jour ! Commentez ! Partagez ! Re-tweetez !<\/p>\n<div style=\"display: block; border: 1px solid #888888; border-bottom: none; margin-bottom: 20px; margin-top: 0px;\">\n<p style=\"display: block; background: #888888; text-align: center; height: 27px; line-height: 25px; font-size: 16px; text-transform: uppercase; color: #fff; font-weight: normal; padding-left: 38px;\">Le Plan du salut en J\u00e9sus-Christ<\/p>\n<div style=\"display: block; padding: 8px 8px; border-bottom: 1px solid #888888;\">\n<h5><a title=\"Notre Dieu s'est fait homme\" href=\"https:\/\/agen.umc-europe.org\/eglise\/jean-1v1-18-noel-dieu-se-fait-homme\/\"><img loading=\"lazy\" decoding=\"async\" class=\"alignright\" title=\"Notre Dieu s'est fait homme\" src=\"https:\/\/agen.umc-europe.org\/eglise\/wp-content\/uploads\/2017\/06\/noel-dieu-fait-homme-150x150.jpg\" alt=\"Notre Dieu s'est fait homme\" width=\"150\" height=\"150\" \/>(1\/9) : A Noel, Dieu s&rsquo;est fait homme<\/a><\/h5>\n<p>Le Fils de Dieu est venu sur la terre #Noel #UnFilsVousEstDonn\u00e9.\u00a0Voil\u00e0 le but de Dieu; il savait que le salut passait pour l\u2019\u00eatre humain par l\u2019incarnation : J\u00e9sus-Christ, Fils de Dieu fait homme. Luther disait : \u00ab A quoi te sert que le Christ soit n\u00e9 dans une \u00e9table il y a si longtemps s\u2019il ne na\u00eet aujourd\u2019hui dans ton c\u0153ur ? \u00bb<\/p>\n<\/div>\n<div style=\"display: block; padding: 8px 8px; border-bottom: 1px solid #888888;\">\n<h5><a title=\"Christ est mort \u00e0 la croix\" href=\"https:\/\/agen.umc-europe.org\/eglise\/pepita-steinberg-zinzendorf-autour-croix\/\"><img loading=\"lazy\" decoding=\"async\" class=\"alignleft\" style=\"border: 0px;\" title=\"Christ est mort \u00e0 la croix\" src=\"https:\/\/agen.umc-europe.org\/eglise\/wp-content\/uploads\/2017\/06\/crucifixion-de-jesus-croix-150x150.jpg\" alt=\"Christ est mort \u00e0 la croix\" width=\"150\" height=\"150\" \/>(2\/9) : C&rsquo;est \u00e0 la croix que tout se joue. Christ a donn\u00e9 sa vie pour tous.<\/a><\/h5>\n<p>Peut-\u00eatre nous connaissons beaucoup de choses sur Dieu ; mais le plus important est de venir et de revenir \u00e0 la croix de J\u00e9sus-Christ; pour comprendre ce que le Seigneur a fait pour nous. En retour, que pouvons-nous faire, si ce n\u2019est de lui offrir notre vie ?<\/p>\n<\/div>\n<div style=\"display: block; padding: 8px 8px; border-bottom: 1px solid #888888;\">\n<h5><a title=\"J\u00e9sus est la seule porte\" href=\"https:\/\/agen.umc-europe.org\/eglise\/jean-10v9-jesus-dit-je-suis-la-porte\/\"><img loading=\"lazy\" decoding=\"async\" class=\"alignright\" title=\"J\u00e9sus est la seule porte\" src=\"https:\/\/agen.umc-europe.org\/eglise\/wp-content\/uploads\/2017\/06\/jesus-dit-je-suis-la-porte-1-150x150.jpg\" alt=\"J\u00e9sus est la seule porte\" width=\"150\" height=\"150\" \/>(3\/9) : Il n&rsquo;y a qu&rsquo;un seul chemin pour aller \u00e0 Dieu le P\u00e8re.<\/a><\/h5>\n<p>Pour \u00eatre sauv\u00e9, il est n\u00e9cessaire de conna\u00eetre Dieu et d\u2019\u00eatre connu de lui. Passer par la porte qui est J\u00e9sus permet de le conna\u00eetre personnellement, intimement ; il est celui qu\u2019on ne voit pas, le Ressuscit\u00e9, mais qui agit et qui transforme les vies. Malheureusement, dit J\u00e9sus, bien peu de personnes trouvent cette vie : \u00ab Etroite est la porte, resserr\u00e9 le chemin qui m\u00e8nent \u00e0 la vie, et\u2026 il y en a peu qui les trouvent \u00bb<\/p>\n<\/div>\n<div style=\"display: block; padding: 8px 8px; border-bottom: 1px solid #888888;\">\n<h5><a title=\"La gr\u00e2ce imm\u00e9rit\u00e9e nous est accord\u00e9e !\" href=\"https:\/\/agen.umc-europe.org\/eglise\/galates-5v13-grace-dieu-realite-meconnue\/\"><img loading=\"lazy\" decoding=\"async\" class=\"alignleft\" style=\"border: 0px;\" title=\"La gr\u00e2ce imm\u00e9rit\u00e9e nous est accord\u00e9e !\" src=\"https:\/\/agen.umc-europe.org\/eglise\/wp-content\/uploads\/2017\/08\/la-grace-de-dieu-150x150.jpg\" alt=\"La gr\u00e2ce imm\u00e9rit\u00e9e nous est accord\u00e9e !\" width=\"150\" height=\"150\" \/>(4\/9) : La gr\u00e2ce de Dieu &#8211; Christ s&rsquo;est offert !<\/a><\/h5>\n<p>On n\u2019est pas justifi\u00e9 aux yeux de Dieu parce qu\u2019on est juste dans sa conduite, mais parce qu\u2019on a accept\u00e9 la gr\u00e2ce de Dieu. Pour vivre cette gr\u00e2ce, il faut accepter d\u2019\u00eatre accept\u00e9 par Dieu, tel qu\u2019on est. Alors, \u00ab d\u00e9clar\u00e9s justes par sa gr\u00e2ce, nous devenons les h\u00e9ritiers de la vie \u00e9ternelle \u00bb (Tite 3v7). Nous sommes sauv\u00e9s par gr\u00e2ce, un point c\u2019est tout.<\/p>\n<\/div>\n<div style=\"display: block; padding: 8px 8px; border-bottom: 1px solid #888888;\">\n<h5><a title=\"Salut par gr\u00e2ce, au moyen de la Foi\" href=\"https:\/\/agen.umc-europe.org\/eglise\/quelques-fois-demande-jai-foi-ps-78v32-39-mt-14v22-33\/\"><img loading=\"lazy\" decoding=\"async\" class=\"alignright\" title=\"Salut par gr\u00e2ce, au moyen de la Foi\" src=\"https:\/\/agen.umc-europe.org\/eglise\/wp-content\/uploads\/2017\/08\/avoir-la-foi-en-dieu-150x150.jpg\" alt=\"Salut par gr\u00e2ce, au moyen de la Foi\" width=\"150\" height=\"150\" \/>(5\/9) : Salut par gr\u00e2ce, au moyen de la Foi !<\/a><\/h5>\n<p>Il nous est demand\u00e9 de croire au sacrifice de J\u00e9sus \u00e0 la croix! Croire, c\u2019est regarder vers le Seigneur ; alors il n\u2019y a pas de petite ou de grande foi : c\u2019est la foi que J\u00e9sus r\u00e9clame pour nous. \u00ab\u00a0C&rsquo;est par la gr\u00e2ce que vous \u00eates sauv\u00e9s, au moyen de la foi !\u00a0\u00bb (Eph\u00e9siens 2v8).<\/p>\n<\/div>\n<div style=\"display: block; padding: 8px 8px; border-bottom: 1px solid #888888;\">\n<h5><a title=\"Sans moi vous ne pouvez rien faire dit J\u00e9sus\" href=\"https:\/\/agen.umc-europe.org\/eglise\/jean-15v5-sans-moi-vous-ne-pouvez-rien-faire-dit-jesus\/\"><img loading=\"lazy\" decoding=\"async\" class=\"alignleft\" style=\"border: 0px;\" title=\"Sans moi vous ne pouvez rien faire dit J\u00e9sus\" src=\"https:\/\/agen.umc-europe.org\/eglise\/wp-content\/uploads\/2017\/06\/cep-sarment-vigne-150x150.jpg\" alt=\"Sans moi vous ne pouvez rien faire dit J\u00e9sus\" width=\"150\" height=\"150\" \/>(6\/9) : Sans Christ, nous ne pouvons rien faire.<\/a><\/h5>\n<p>Christ est la seule r\u00e9ponse \u00e0 toutes nos questions sur l&rsquo;existence. Il est la source de notre salut, et il est la vie pour chacun de nous. J\u00e9sus dit : \u00ab\u00a0Celui qui demeure en moi et en qui je demeure portera du fruit en abondance &#8230;\u00a0\u00bb. Notre Dieu fait de grandes choses aujourd\u2019hui encore, pour ceux qui sont unis \u00e0 lui.<\/p>\n<\/div>\n<div style=\"display: block; padding: 8px 8px; border-bottom: 1px solid #888888;\">\n<h5><a title=\"La parabole du bon grain et de l\u2019ivraie\" href=\"https:\/\/agen.umc-europe.org\/eglise\/matthieu-13-la-parabole-bon-grain-ivraie\/\"><img loading=\"lazy\" decoding=\"async\" class=\"alignright\" title=\"La parabole du bon grain et de l\u2019ivraie\" src=\"https:\/\/agen.umc-europe.org\/eglise\/wp-content\/uploads\/2017\/06\/parabole-bon-grain-ivraie-150x150.jpg\" alt=\"La parabole du bon grain et de l\u2019ivraie\" width=\"150\" height=\"150\" \/>(7\/9) : J\u00e9sus-Christ le seul Juge<\/a><\/h5>\n<p>A la fin des temps il ferra le tri entre le bon grain et l&rsquo;ivraie. Retrouvez cette belle parabole de J\u00e9sus sur le bon grain et l\u2019ivraie. Mais l\u2019Evangile laisse supposer que nous pourrions avoir des surprises dans ce tri final. Les justes ne sont pas forc\u00e9ment ceux que nous pensions&#8230;<\/p>\n<\/div>\n<div style=\"display: block; padding: 8px 8px; border-bottom: 1px solid #888888;\">\n<h5><a title=\"Mais pourquoi refuse-t-on la Bonne Nouvelle ?\" href=\"https:\/\/agen.umc-europe.org\/eglise\/matthieu-13v1-17-mais-pourquoi-refuse-t-on-la-bonne-nouvelle\/\"><img loading=\"lazy\" decoding=\"async\" class=\"alignleft\" style=\"border: 0px;\" title=\"b\" src=\"https:\/\/agen.umc-europe.org\/eglise\/wp-content\/uploads\/2017\/06\/refus-bonne-nouvelle-salut-jesus-christ-150x150.jpg\" alt=\"Mais pourquoi refuse-t-on la Bonne Nouvelle ?\" width=\"150\" height=\"150\" \/>(8\/9) : Croire ou refuser la Bonne Nouvelle ?<\/a><\/h5>\n<p>C&rsquo;est \u00e0 l&rsquo;homme &#8211; \u00e0 chacun &#8211; de se positionner. Il faut pour cela reconna\u00eetre notre \u00e9tat de p\u00e9cheur et recevoir le pardon divin. Le v\u00e9ritable fond du refus c&rsquo;est la peur de changer; de laisser quelqu\u2019un d\u2019autre que soi (Dieu) diriger sa vie. Ce qui est d\u00e9terminant, c\u2019est le d\u00e9sir profond d\u2019\u00eatre gu\u00e9ri par Dieu.<\/p>\n<\/div>\n<div style=\"display: block; padding: 8px 8px; border-bottom: 1px solid #888888;\">\n<h5><a title=\"Quel sort final pour ceux qui n\u2019ont pas entendu le message du salut ?\" href=\"https:\/\/agen.umc-europe.org\/eglise\/romains-2v1-16-le-salut\/\"><img loading=\"lazy\" decoding=\"async\" class=\"alignright\" title=\"Le jugement de Dieu\" src=\"https:\/\/agen.umc-europe.org\/eglise\/wp-content\/uploads\/2017\/08\/jugement-de-dieu-150x150.jpg\" alt=\"Quel sort final pour ceux qui n\u2019ont pas entendu le message du salut ?\" width=\"150\" height=\"150\" \/>(9\/9) : Et si je refuse de croire ? Qu&rsquo;en est-il ?<\/a><\/h5>\n<p>Quel sort final pour ceux qui n\u2019ont pas entendu et re\u00e7u le message du salut ? La Bible r\u00e9pond que Dieu jugera chacun. Apr\u00e8s le jugement de Dieu la Bible nous dit qu\u2019ensuite ce sera l\u2019\u00e9ternit\u00e9, soit avec Dieu, soit loin de lui.<\/p>\n<\/div>\n<\/div>\n","protected":false},"excerpt":{"rendered":"<p>Retrouvez avec nous cette semaine une s\u00e9rie d&rsquo;enseignements bibliques pr\u00e9sentant le Plan du Salut en J\u00e9sus Christ.\u00a0En 9 messages nous \u00e9voquerons ensemble les points principaux pr\u00e9sent\u00e9s par la Bible sur le Salut.\u00a0Retrouvez nous chaque jour ! Commentez ! Partagez ! Re-tweetez ! Le Plan du salut en J\u00e9sus-Christ (1\/9) :&#8230;<\/p>\n","protected":false},"author":2,"featured_media":0,"parent":3226,"menu_order":0,"comment_status":"closed","ping_status":"closed","template":"","meta":{"_monsterinsights_skip_tracking":false,"_monsterinsights_sitenote_active":false,"_monsterinsights_sitenote_note":"","_monsterinsights_sitenote_category":0,"footnotes":""},"yoast_head":"<!-- This site is optimized with the Yoast SEO plugin v21.9.1 - https:\/\/yoast.com\/wordpress\/plugins\/seo\/ -->\n<title>Plan du salut - \u00c9glise Protestante \u00c9vang\u00e9lique M\u00e9thodiste Agen<\/title>\n<meta name=\"description\" content=\"Retrouvez avec nous 9 enseignements bibliques pr\u00e9sentant le Plan du Salut en J\u00e9sus Christ.\" \/>\n<meta name=\"robots\" content=\"index, follow, max-snippet:-1, max-image-preview:large, max-video-preview:-1\" \/>\n<link rel=\"canonical\" href=\"https:\/\/agen.umc-europe.org\/eglise\/faq-spiritualite\/plan-du-salut\/\" \/>\n<meta property=\"og:locale\" content=\"fr_FR\" \/>\n<meta property=\"og:type\" content=\"article\" \/>\n<meta property=\"og:title\" content=\"Plan du salut - \u00c9glise Protestante \u00c9vang\u00e9lique M\u00e9thodiste Agen\" \/>\n<meta property=\"og:description\" content=\"Retrouvez avec nous 9 enseignements bibliques pr\u00e9sentant le Plan du Salut en J\u00e9sus Christ.\" \/>\n<meta property=\"og:url\" content=\"https:\/\/agen.umc-europe.org\/eglise\/faq-spiritualite\/plan-du-salut\/\" \/>\n<meta property=\"og:site_name\" content=\"\u00c9glise Protestante \u00c9vang\u00e9lique M\u00e9thodiste Agen\" \/>\n<meta property=\"article:publisher\" content=\"https:\/\/www.facebook.com\/EgliseAgen\/\" \/>\n<meta property=\"article:modified_time\" content=\"2017-12-27T17:44:30+00:00\" \/>\n<meta property=\"og:image\" content=\"https:\/\/agen.umc-europe.org\/eglise\/wp-content\/uploads\/2017\/06\/noel-dieu-fait-homme-150x150.jpg\" \/>\n<meta name=\"twitter:card\" content=\"summary_large_image\" \/>\n<meta name=\"twitter:site\" content=\"@EgliseAgen\" \/>\n<meta name=\"twitter:label1\" content=\"Dur\u00e9e de lecture estim\u00e9e\" \/>\n\t<meta name=\"twitter:data1\" content=\"3 minutes\" \/>\n<script type=\"application\/ld+json\" class=\"yoast-schema-graph\">{\"@context\":\"https:\/\/schema.org\",\"@graph\":[{\"@type\":\"WebPage\",\"@id\":\"https:\/\/agen.umc-europe.org\/eglise\/faq-spiritualite\/plan-du-salut\/\",\"url\":\"https:\/\/agen.umc-europe.org\/eglise\/faq-spiritualite\/plan-du-salut\/\",\"name\":\"Plan du salut - \u00c9glise Protestante \u00c9vang\u00e9lique M\u00e9thodiste Agen\",\"isPartOf\":{\"@id\":\"https:\/\/agen.umc-europe.org\/eglise\/#website\"},\"datePublished\":\"2017-08-13T20:20:40+00:00\",\"dateModified\":\"2017-12-27T17:44:30+00:00\",\"description\":\"Retrouvez avec nous 9 enseignements bibliques pr\u00e9sentant le Plan du Salut en J\u00e9sus Christ.\",\"breadcrumb\":{\"@id\":\"https:\/\/agen.umc-europe.org\/eglise\/faq-spiritualite\/plan-du-salut\/#breadcrumb\"},\"inLanguage\":\"fr-FR\",\"potentialAction\":[{\"@type\":\"ReadAction\",\"target\":[\"https:\/\/agen.umc-europe.org\/eglise\/faq-spiritualite\/plan-du-salut\/\"]}]},{\"@type\":\"BreadcrumbList\",\"@id\":\"https:\/\/agen.umc-europe.org\/eglise\/faq-spiritualite\/plan-du-salut\/#breadcrumb\",\"itemListElement\":[{\"@type\":\"ListItem\",\"position\":1,\"name\":\"Accueil\",\"item\":\"https:\/\/agen.umc-europe.org\/eglise\/\"},{\"@type\":\"ListItem\",\"position\":2,\"name\":\"FAQ &#8211; Spiritualit\u00e9\",\"item\":\"https:\/\/agen.umc-europe.org\/eglise\/faq-spiritualite\/\"},{\"@type\":\"ListItem\",\"position\":3,\"name\":\"Plan du salut\"}]},{\"@type\":\"WebSite\",\"@id\":\"https:\/\/agen.umc-europe.org\/eglise\/#website\",\"url\":\"https:\/\/agen.umc-europe.org\/eglise\/\",\"name\":\"\u00c9glise Protestante \u00c9vang\u00e9lique M\u00e9thodiste Agen\",\"description\":\"Des chr\u00e9tiens \u00e9vang\u00e9liques au coeur du Lot et Garonne. &quot;Viens et vois!&quot; ( Jean 1:47 )\",\"potentialAction\":[{\"@type\":\"SearchAction\",\"target\":{\"@type\":\"EntryPoint\",\"urlTemplate\":\"https:\/\/agen.umc-europe.org\/eglise\/?s={search_term_string}\"},\"query-input\":\"required name=search_term_string\"}],\"inLanguage\":\"fr-FR\"}]}<\/script>\n<!-- \/ Yoast SEO plugin. -->","yoast_head_json":{"title":"Plan du salut - \u00c9glise Protestante \u00c9vang\u00e9lique M\u00e9thodiste Agen","description":"Retrouvez avec nous 9 enseignements bibliques pr\u00e9sentant le Plan du Salut en J\u00e9sus Christ.","robots":{"index":"index","follow":"follow","max-snippet":"max-snippet:-1","max-image-preview":"max-image-preview:large","max-video-preview":"max-video-preview:-1"},"canonical":"https:\/\/agen.umc-europe.org\/eglise\/faq-spiritualite\/plan-du-salut\/","og_locale":"fr_FR","og_type":"article","og_title":"Plan du salut - \u00c9glise Protestante \u00c9vang\u00e9lique M\u00e9thodiste Agen","og_description":"Retrouvez avec nous 9 enseignements bibliques pr\u00e9sentant le Plan du Salut en J\u00e9sus Christ.","og_url":"https:\/\/agen.umc-europe.org\/eglise\/faq-spiritualite\/plan-du-salut\/","og_site_name":"\u00c9glise Protestante \u00c9vang\u00e9lique M\u00e9thodiste Agen","article_publisher":"https:\/\/www.facebook.com\/EgliseAgen\/","article_modified_time":"2017-12-27T17:44:30+00:00","og_image":[{"url":"https:\/\/agen.umc-europe.org\/eglise\/wp-content\/uploads\/2017\/06\/noel-dieu-fait-homme-150x150.jpg"}],"twitter_card":"summary_large_image","twitter_site":"@EgliseAgen","twitter_misc":{"Dur\u00e9e de lecture estim\u00e9e":"3 minutes"},"schema":{"@context":"https:\/\/schema.org","@graph":[{"@type":"WebPage","@id":"https:\/\/agen.umc-europe.org\/eglise\/faq-spiritualite\/plan-du-salut\/","url":"https:\/\/agen.umc-europe.org\/eglise\/faq-spiritualite\/plan-du-salut\/","name":"Plan du salut - \u00c9glise Protestante \u00c9vang\u00e9lique M\u00e9thodiste Agen","isPartOf":{"@id":"https:\/\/agen.umc-europe.org\/eglise\/#website"},"datePublished":"2017-08-13T20:20:40+00:00","dateModified":"2017-12-27T17:44:30+00:00","description":"Retrouvez avec nous 9 enseignements bibliques pr\u00e9sentant le Plan du Salut en J\u00e9sus Christ.","breadcrumb":{"@id":"https:\/\/agen.umc-europe.org\/eglise\/faq-spiritualite\/plan-du-salut\/#breadcrumb"},"inLanguage":"fr-FR","potentialAction":[{"@type":"ReadAction","target":["https:\/\/agen.umc-europe.org\/eglise\/faq-spiritualite\/plan-du-salut\/"]}]},{"@type":"BreadcrumbList","@id":"https:\/\/agen.umc-europe.org\/eglise\/faq-spiritualite\/plan-du-salut\/#breadcrumb","itemListElement":[{"@type":"ListItem","position":1,"name":"Accueil","item":"https:\/\/agen.umc-europe.org\/eglise\/"},{"@type":"ListItem","position":2,"name":"FAQ &#8211; Spiritualit\u00e9","item":"https:\/\/agen.umc-europe.org\/eglise\/faq-spiritualite\/"},{"@type":"ListItem","position":3,"name":"Plan du salut"}]},{"@type":"WebSite","@id":"https:\/\/agen.umc-europe.org\/eglise\/#website","url":"https:\/\/agen.umc-europe.org\/eglise\/","name":"\u00c9glise Protestante \u00c9vang\u00e9lique M\u00e9thodiste Agen","description":"Des chr\u00e9tiens \u00e9vang\u00e9liques au coeur du Lot et Garonne. &quot;Viens et vois!&quot; ( Jean 1:47 )","potentialAction":[{"@type":"SearchAction","target":{"@type":"EntryPoint","urlTemplate":"https:\/\/agen.umc-europe.org\/eglise\/?s={search_term_string}"},"query-input":"required name=search_term_string"}],"inLanguage":"fr-FR"}]}},"_links":{"self":[{"href":"https:\/\/agen.umc-europe.org\/eglise\/wp-json\/wp\/v2\/pages\/3280"}],"collection":[{"href":"https:\/\/agen.umc-europe.org\/eglise\/wp-json\/wp\/v2\/pages"}],"about":[{"href":"https:\/\/agen.umc-europe.org\/eglise\/wp-json\/wp\/v2\/types\/page"}],"author":[{"embeddable":true,"href":"https:\/\/agen.umc-europe.org\/eglise\/wp-json\/wp\/v2\/users\/2"}],"replies":[{"embeddable":true,"href":"https:\/\/agen.umc-europe.org\/eglise\/wp-json\/wp\/v2\/comments?post=3280"}],"version-history":[{"count":22,"href":"https:\/\/agen.umc-europe.org\/eglise\/wp-json\/wp\/v2\/pages\/3280\/revisions"}],"predecessor-version":[{"id":4796,"href":"https:\/\/agen.umc-europe.org\/eglise\/wp-json\/wp\/v2\/pages\/3280\/revisions\/4796"}],"up":[{"embeddable":true,"href":"https:\/\/agen.umc-europe.org\/eglise\/wp-json\/wp\/v2\/pages\/3226"}],"wp:attachment":[{"href":"https:\/\/agen.umc-europe.org\/eglise\/wp-json\/wp\/v2\/media?parent=3280"}],"curies":[{"name":"wp","href":"https:\/\/api.w.org\/{rel}","templated":true}]}}