{"id":260,"date":"2014-09-04T21:56:25","date_gmt":"2014-09-04T20:56:25","guid":{"rendered":"http:\/\/agen.umc-europe.org\/eglise\/?page_id=260"},"modified":"2017-12-27T18:30:06","modified_gmt":"2017-12-27T17:30:06","slug":"notre-histoire-pasteur-a-waechter","status":"publish","type":"page","link":"https:\/\/agen.umc-europe.org\/eglise\/notre-histoire-introduction\/notre-histoire-pasteur-a-waechter\/","title":{"rendered":"Notre Histoire &#8211; Albert Waechter (1973 &#8211; 93)"},"content":{"rendered":"<h2><em>T\u00e9moignage du pasteur Albert Waechter de 1973 \u00e0 1993<\/em><\/h2>\n<p>Pour unifier l&rsquo;\u00e9glise, le pasteur Albert Waechter et son \u00e9pouse et m\u00eame de toute la famille pastorale dans les fermes, dans les communes comme dans la ville avait toujours comme motivation le souci de la transmission de l&rsquo;Evangile dans un esprit non discriminatoire. C&rsquo;est ainsi qu&rsquo;\u00e0 pu na\u00eetre une atmosph\u00e8re de confiance r\u00e9ciproque au sein du Conseil de l&rsquo;Eglise comme dans l&rsquo;ensemble de la paroisse. L\u00e0 o\u00f9 les r\u00e9unions ont \u00e9t\u00e9 mensuelles ou bimensuelles, les tourn\u00e9es en Dordogne ont, elles, \u00e9t\u00e9 plus espac\u00e9es tout en restant malgr\u00e9 tout r\u00e9guli\u00e8res.<\/p>\n<h2><em>Diversit\u00e9 des engagements<\/em><\/h2>\n<p>Aux activit\u00e9s de base de l&rsquo;Eglise, diverses autres , plus ponctuelles, ont \u00e9t\u00e9 r\u00e9alis\u00e9es:<\/p>\n<ul>\n<li>Un <a title=\"Enfants et Jeunes\" href=\"https:\/\/agen.umc-europe.org\/eglise\/nos-activites\/enfants-et-jeunes-catechisme\/\">club d&rsquo;enfants<\/a> en semaine \u00e0 Agen et \u00e0 Lectoure.<\/li>\n<li>Des rencontres \u00e0 Marmande certains dimanches apr\u00e8s-midi.<\/li>\n<li>Pendant plusieurs ann\u00e9es, notre chorale s&rsquo;est jointe \u00e0 celle de l&rsquo;Eglise R\u00e9form\u00e9e d&rsquo;Agen en vue d&rsquo;un culte de No\u00ebl \u00e0 la prison d&rsquo;Agen.<\/li>\n<li>Plusieurs camps ont \u00e9galement \u00e9t\u00e9 organis\u00e9s:<br \/>\n1976 camp d&rsquo;enfants sous tentes \u00e0 Catala<br \/>\n1979 camp d&rsquo;enfants, sous tentes \u00e0 Cambes, Villeneuve-sur-Lot<br \/>\n1980 + 85 Camp de jeunes venant d&rsquo;Alsace<br \/>\n1978 Camp d&rsquo;\u00e9vang\u00e9lisation avec le concours des P\u00e8lerins du Pays de Montb\u00e9liard au Lac des 3 Vall\u00e9es \u00e0 Lecture<br \/>\n1986 Un autre camp d&rsquo;\u00e9vang\u00e9lisation au m\u00eame endroit<\/li>\n<\/ul>\n<ul>\n<li>Deux week-ends de formation pour moniteurs de l&rsquo;<a title=\"Enfants et Jeunes\" href=\"https:\/\/agen.umc-europe.org\/eglise\/nos-activites\/enfants-et-jeunes-catechisme\/\">Ecole du Dimanche<\/a> anim\u00e9s par:<br \/>\na) des agents de l&rsquo;Association pour l&rsquo;\u00e9vang\u00e9lisation des Enfants<br \/>\nb) Mlle C.L. de Beno\u00eet de la Ligue pour la Lecture de la Bible.<\/li>\n<\/ul>\n<h2><em>Une Eglise qui a le souci de l&rsquo;\u00e9vang\u00e9lisation<\/em><\/h2>\n<ul>\n<li>De 77 \u00e0 86, le pasteur Waechter a assur\u00e9 la coordination et la g\u00e9rance d&rsquo;une Exposition Biblique men\u00e9e dans des foyers, des fermes aussi bien que dans des salles publiques de 1981-85 \u00e0 raison d&rsquo;un film par mois durant les mois d&rsquo;hiver.<\/li>\n<li>Dans le cadre des activit\u00e9s d&rsquo;Op\u00e9ration Mobilisation, le Sud Ouest \u00e9tait programm\u00e9 pour l&rsquo;\u00e9t\u00e9 84. Douze \u00e9quipes y furent envoy\u00e9es pour une activit\u00e9 de trois semaines. Nos locaux ont servi de lieu de stockage et de r\u00e9partition de la litt\u00e9rature. Deux \u00e9quipes oeuvraient sous note responsabilit\u00e9 \u00e0 Agen et \u00e0 Fleurance.<\/li>\n<li>Plusieurs groupes de Covenant Players ont \u00e9galement exerc\u00e9 leur activit\u00e9 dans notre \u00e9glise.<\/li>\n<li>Une action \u00ab\u00a0P\u00e2tisserie\u00a0\u00bb fut lanc\u00e9e en automne 86 par nos jeunes en vue du financement de leur voyage \u00e0 Utrecht pour participer \u00e0 \u00ab\u00a0Mission 87\u00a0\u00bb. Une bonne quarantaine de jeunes de l&rsquo;Agenais, originaires de divers horizons y ont particip\u00e9 et vont en revenir engag\u00e9s pour l&rsquo;oeuvre de Dieu.<\/li>\n<li>Pendant de nombreuses ann\u00e9es ont e\u00fbt lieu des rencontres \u00e0 Sum\u00e8ne (Gard) en vue de la formation des lyc\u00e9ens pour le t\u00e9moignage chr\u00e9tien dans leur milieu. Ainsi ont \u00e9t\u00e9 form\u00e9s des Clubs Bibliques Lyc\u00e9ens (CBL) tant au Lyc\u00e9e Technique qu&rsquo;\u00e0 Palissy, d\u00e9pendant de la pr\u00e9sence de jeunes chr\u00e9tiens dans ces \u00e9tablissements. A la rentr\u00e9e de 78, une demande d&rsquo;ouverture d&rsquo;une <a title=\"Biblioth\u00e8que de culture biblique\" href=\"https:\/\/agen.umc-europe.org\/eglise\/ressources-bibliques\/bibliotheque-de-culture-biblique\/\">biblioth\u00e8que de pr\u00eat<\/a> fut adress\u00e9e par eux au Conseil de l&rsquo;Eglise devant servir comme instrument de contact en milieu scolaire. On attendait surtout une aide financi\u00e8re pour l&rsquo;achat de quelques appropri\u00e9s \u00e0 l&rsquo;\u00e9vang\u00e9lisation des jeunes qui seraient entrepos\u00e9s dans notre foyer.<\/li>\n<\/ul>\n<h2><em>La cr\u00e9ation de la Biblioth\u00e8que<\/em><\/h2>\n<p>Cette demande a suscit\u00e9 une r\u00e9flexion plus profonde au sein du Conseil aboutissant \u00e0 la cr\u00e9ation de l&rsquo;<a title=\"Biblioth\u00e8que de culture biblique\" href=\"https:\/\/agen.umc-europe.org\/eglise\/ressources-bibliques\/bibliotheque-de-culture-biblique\/\">Association Culturelle Biblique <\/a>(ACB &#8211; Association loi 1901) en vue de l&rsquo;ouverture d&rsquo;une biblioth\u00e8que de pr\u00eat en lieu neutre au centre-ville. Cette association est compos\u00e9e de membres affili\u00e9s \u00e0 notre Eglise.<\/p>\n<p>Voici quelques faits ou dates qui sont en relation avec cette branche d&rsquo;activit\u00e9:<br \/>\n&#8211; le <strong>financement<\/strong> est obtenu par des personnes qui s&rsquo;engagent \u00e0 verser une somme mensuelle dont elles ont personnellement d\u00e9termin\u00e9 le montant. Cette contribution ne doit d&rsquo;aucune mani\u00e8re affecter les offrandes destin\u00e9es \u00e0 la vie de l&rsquo;Eglise. Elle peut \u00eatre interrompue \u00e0 tout moment, apr\u00e8s en avoir averti le pr\u00e9sident de l&rsquo;association (ACB).<br \/>\n&#8211; La r\u00e9alisation de cette oeuvre ne s&rsquo;est faite que lorsqu&rsquo;une souscription financi\u00e8re avait garanti la possiblit\u00e9 d&rsquo;une gestion saine de cette entreprise.<br \/>\n&#8211; Le avril 1979 a eu lieu l&rsquo;<strong>assembl\u00e9e constitutive<\/strong> de l&rsquo;Association.<br \/>\n&#8211; En ao\u00fbt de la m\u00eame ann\u00e9e, un local est lou\u00e9 au pris de 350,00 F au 171, Bld de la R\u00e9publique.<br \/>\n&#8211; Une entente avec le g\u00e9rant de la Maison de la Bible de Bordeaux a pu \u00eatre obtenue par laquelle un nombre important de livres est fourni avant l&rsquo;ouverture de la Biblioth\u00e8que. Le paiement est \u00e9chelonn\u00e9 sur quelques mois.<br \/>\n&#8211; Le 7 janvier 1980, la porte de la Biblioth\u00e8que s&rsquo;ouvre au public avec quelques 800 livres sur les rayons. Elle est ouverte les lundi, mercredi et samedi.<br \/>\n&#8211; Les permanences sont assur\u00e9es par des b\u00e9n\u00e9voles. On constate d\u00e8s le d\u00e9but que le taux de lecture au sein de l&rsquo;Eglise est sensiblement augment\u00e9. Les th\u00e8mes accessibles ont produit cet int\u00e9r\u00eat. Du fait que l&rsquo;ouverture est faite en hiver, les lecteurs ont aussi davantage de temps \u00e0 y consacrer. Mais rapidement le public se joint aux utilisateurs internes. Ce public a ses racines en ville comme dans les villages. Si certaines personnes sont ancr\u00e9es dans une Eglise, d&rsquo;autres ne le sont pas.<\/p>\n<p>En septembre 1987, un local sis au 38, Cours du 14 Juillet a pu \u00eatre achet\u00e9 par l&rsquo;Eglise Evang\u00e9lique M\u00e9thodiste (EEM) d&rsquo;Agen, qui le pr\u00e9pare en vue de le mettre \u00e0 la disposition de l&rsquo;ACB. &#8211; Les frais d&rsquo;achat ont \u00e9t\u00e9 couverts par l&rsquo;ACB avec une aide partielle de l&rsquo;UEEM-.<\/p>\n<p>La transformation ayant \u00e9t\u00e9 achev\u00e9e, la biblioth\u00e8que y est am\u00e9nag\u00e9e le 14 avril 1988. Le 17 mai de la m\u00eame ann\u00e9e a eu lieu l&rsquo;inauguration officielle en pr\u00e9sence de personnalit\u00e9s civiles et religieuses. Sont pr\u00e9sents: Monsieur le Maire d&rsquo;Agen, son adjoint charg\u00e9 des affaires culturelles, le Vicaire de l&rsquo;Ev\u00each\u00e9, les pasteurs Joseph et Bourgeois de l&rsquo;ERF, Boussi\u00e8re des ADD de Villeneuve-sur-Lot en qualit\u00e9 de pr\u00e9sident de Radio Espoir, le responsable de la Communaut\u00e9 Isra\u00e9lite d&rsquo;Agen.<\/p>\n<h2><em>L&rsquo;implication de l&rsquo;Eglise dans la cr\u00e9ation et la marche de RADIO ESPOIR<\/em><\/h2>\n<p>L&rsquo;\u00e9ch\u00e9ance du mandat du Pr\u00e9sident de la r\u00e9publique laisse entrevoir l&rsquo;acc\u00e8s \u00e0 la radio (bande FM). Apr\u00e8s la rentr\u00e9e des classes de 1981, de multiples rencontres ont lieu entre membres et responsables de diverses Eglises du d\u00e9partement. Les Eglises suivantes sont repr\u00e9sent\u00e9es: les Assembl\u00e9es de Dieu, l&rsquo;Eglise R\u00e9form\u00e9e Evang\u00e9lique Ind\u00e9pendante, l&rsquo;Eglise Evang\u00e9lique Libre, l&rsquo;Eglise R\u00e9form\u00e9e de France, nous-m\u00eame et quelques personnes d&rsquo;autres milieux. Le 23 novembre 1981 a eu lieu dans notre foyer l&rsquo;Assembl\u00e9e Constitutive de l&rsquo;Association <a href=\"http:\/\/www.espoirfm.com\">Radio Espoir<\/a>. Dans un premier temps les enregistrements d&rsquo;\u00e9missions que notre \u00e9quipe allait fournir furent faits, d&rsquo;abord dans une chambre \u00e0 Catala, puis au salon de la famille Weber \u00e0 Astaffort, et cela jusqu&rsquo;au jour o\u00f9 un studio sp\u00e9cialement construit au 2e garage de Catala a pu \u00eatre mis en service (fin 1984). Le 31 mars 1988, une antenne d&rsquo;\u00e9mission (de liaison) est mont\u00e9e dans notre parc.<\/p>\n<h2><em>La d\u00e9marche pionni\u00e8re de l&rsquo;Eglise d&rsquo;Agen: implantation d&rsquo;Eglise<\/em><\/h2>\n<h3><strong>\u00e0 Fleurance<\/strong><\/h3>\n<p>Le double d\u00e9sir, celui de sortir l&rsquo;Eglise d&rsquo;Agen de sa solitude par rapport \u00e0 son \u00e9loignement g\u00e9ographique des Eglises soeurs du nord-Est, et celui d&rsquo;avancer dans la propagation de l&rsquo;Evangile dans le Sud-Ouest, a eu comme objectif \u00e0 atteindre dans un temps ind\u00e9termin\u00e9, la cr\u00e9ation de deux postes suppl\u00e9mentaires dans le Sud-Ouest.<\/p>\n<p>Lors de l&rsquo;Assembl\u00e9e G\u00e9n\u00e9rale de l&rsquo;UEEM en mars 1975, ce besoin fut exprim\u00e9 devant les d\u00e9l\u00e9gu\u00e9s r\u00e9unis. La pr\u00e9sence d&rsquo;un couple retrait\u00e9 \u00e0 Fleurance (Gers) actif dans l&rsquo;\u00e9vang\u00e9lisation, avec lequel nous sommes entr\u00e9s en relation en 1977, fut le premier jalon vers l&rsquo;ouverture d&rsquo;un tel poste.<\/p>\n<p>Dans un premier temps, M. et Mme Andr\u00e9 Merle nous rejoignaient le dimanche matin au culte d&rsquo;Agen (par car). Ils \u00e9taient \u00e9galement pr\u00e9sents \u00e0 la r\u00e9union du 4e dimanche du mois, dans l&rsquo;apr\u00e8s-midi \u00e0 Lectoure. Le jour est venu o\u00f9 nous avons, par mesure de facilit\u00e9, transf\u00e9r\u00e9 cette rencontre de Lectoure \u00e0 Fleurance, o\u00f9 nous nous r\u00e9unissions dans leur living. A partir du mois d&rsquo;octobre 1981, nous \u00e9tions amen\u00e9s \u00e0 nous y r\u00e9unir deux dimanches apr\u00e8s-midis par mois, ainsi que deux mercredi soir par mois. Cette activit\u00e9 fut maintenue jusqu&rsquo;\u00e0 l&rsquo;arriv\u00e9e de la famille Francis Petithory le 17 avril 1985, qui, en sa qualit\u00e9 d&rsquo;\u00e9vang\u00e9liste, fut charg\u00e9 par l&rsquo;UEEM du d\u00e9veloppement de ce poste.<\/p>\n<h3><strong>\u00e0 Mont-de-Marsan<\/strong><\/h3>\n<p>C&rsquo;est pendant ces m\u00eames ann\u00e9es qu&rsquo;une famille de notre Eglise d&rsquo;Agen, est professionnellement install\u00e9e \u00e0 Mont-de-Marsan (Landes). L\u00e0, elle fait connaissance d&rsquo;amis chr\u00e9tiens et d\u00e9cident ensemble la cr\u00e9ation d&rsquo;une Eglise de maison. C&rsquo;est \u00e0 ce stade&#8230;. que le groupe en question cherche le soutien d&rsquo;une Union d&rsquo;Eglises et s&rsquo;adresse \u00e0 l&rsquo;UEEM en vue du placement d&rsquo;un pasteur. La r\u00e9ponse positive du Comit\u00e9 Directeur en harmonie avec les instances suisses se concr\u00e9tise par l&rsquo;envoi d&rsquo;une famille, qui y est install\u00e9e le 10 ao\u00fbt 1987.<\/p>\n<p>Dor\u00e9navant, des rencontres pastorales ont lieu tous les deux\/trois mois. Elles permettent des \u00e9changes fraternels et pastoraux, ainsi qu&rsquo;une programmation des activit\u00e9s r\u00e9gionales inter-\u00e9glises. Gr\u00e2ce \u00e0 des hommes s\u00e9rieux et solides, tels que MM. Merle et Brancaz \u00e0 Fleurance et de la famille Loupia \u00e0 Mont-de-Marsan, ainsi que l&rsquo;implication de l&rsquo;Eglise d&rsquo;Agen, la continuit\u00e9 de l&rsquo;oeuvre dans ces deux villes a pu \u00eatre maintenue.<\/p>\n<p>Nous gardons un souvenir reconnaissant envers le Seigneur qui nous a octroy\u00e9 une mesure particuli\u00e8re de sa gr\u00e2ce. Notre reconnaissance est \u00e9galement grande et constante envers les fr\u00e8res des trois Eglises qui se sont investis dans le service du Seigneur pour assurer les cultes l\u00e0 o\u00f9 le besoin se faisait sentir.<\/p>\n<p>L&rsquo;arriv\u00e9e de la famille J.R. Otge au d\u00e9but ao\u00fbt 89 \u00e0 Fleurance et de la famille Cl. Grunenwald le 13 septembre de la m\u00eame ann\u00e9e fut d&rsquo;un grand soulagement.<\/p>\n<h2><em>Consolider les murs: travaux de restauration<\/em><\/h2>\n<p>En vue de la sauvegarde du patrimoine de l&rsquo;Eglise, de gros efforts, tant financiers que manuels ont \u00e9t\u00e9 entrepris. Parmi ces investissements et travaux figurent les peintures, les menues et grosses r\u00e9parations, la r\u00e9vision et le remplacement de meubles et de mat\u00e9riel faisant partie de la propri\u00e9t\u00e9 de Catala.<br \/>\nQuelques gros travaux m\u00e9ritent n\u00e9anmoins \u00eatre cit\u00e9s:<br \/>\n&#8211; En 1973, les trois fa\u00e7ades de la maison ont \u00e9t\u00e9 d\u00e9cr\u00e9pies et refaites.<br \/>\n&#8211; En 1981, la salle de culte est r\u00e9nov\u00e9e.<br \/>\n&#8211; En 1983, est install\u00e9 le chauffage central dans la maison et dans le foyer.<br \/>\n&#8211; Dans les ann\u00e9es 83 et 84, le garage en bois est d\u00e9moli et remplac\u00e9 par le studio d&rsquo;enregistrement radio.<br \/>\n&#8211; En janvier 1985, un chantier est ouvert en vue de la modification du couloir int\u00e9rieur, d&rsquo;une chambre et de la salle de bains. La cage d&rsquo;escaliers est refaite. Les travaux durent quelques semaines et n\u00e9cessitent un grand engagement financier.<br \/>\n&#8211; Apr\u00e8s de multiples d\u00e9marches aupr\u00e8s des autorit\u00e9s de la ville et du d\u00e9partement, nous recevons l&rsquo;autorisation d&rsquo;abattre un platane \u00e0 l&rsquo;entr\u00e9e du pal en vue d&rsquo;une sur\u00e9l\u00e9vation du trottoir. Ces travaux sont r\u00e9alis\u00e9s en 1991 et 1992.<br \/>\nL&rsquo;abattage du platane et le rev\u00eatement de l&rsquo;entr\u00e9e sont les seuls travaux qui n&rsquo;ont pas \u00e9t\u00e9 faits par une main d&rsquo;oeuvre b\u00e9n\u00e9vole.<\/p>\n<h3><em>A chacun sa pierre dans l&rsquo;\u00e9dification du corps du Christ<\/em><\/h3>\n<p>Le culte du 1er ao\u00fbt 1993 fut consacr\u00e9 au d\u00e9part de la famille pastorale tout autant qu&rsquo;\u00e0 l&rsquo;<a title=\"Notre histoire \u2013 L\u2019\u00e8re Jean Philippe Waechter (1993-2003)\" href=\"https:\/\/agen.umc-europe.org\/eglise\/notre-histoire-introduction\/notre-histoire-pasteur-jp-waechter\/\">accueil de la future famille pastorale.<\/a> Nous assurions n\u00e9anmoins encore les services courants jusqu&rsquo;\u00e0 la fin du m\u00eame mois.<\/p>\n<p style=\"text-align: right;\">Albert Waechter, pasteur<\/p>\n","protected":false},"excerpt":{"rendered":"<p>T\u00e9moignage du pasteur Albert Waechter de 1973 \u00e0 1993 Pour unifier l&rsquo;\u00e9glise, le pasteur Albert Waechter et son \u00e9pouse et m\u00eame de toute la famille pastorale dans les fermes, dans les communes comme dans la ville avait toujours comme motivation le souci de la transmission de l&rsquo;Evangile dans un esprit&#8230;<\/p>\n","protected":false},"author":2,"featured_media":0,"parent":86,"menu_order":6,"comment_status":"open","ping_status":"closed","template":"","meta":{"_monsterinsights_skip_tracking":false,"_monsterinsights_sitenote_active":false,"_monsterinsights_sitenote_note":"","_monsterinsights_sitenote_category":0,"footnotes":""},"yoast_head":"<!-- This site is optimized with the Yoast SEO plugin v21.9.1 - https:\/\/yoast.com\/wordpress\/plugins\/seo\/ -->\n<title>Notre Histoire - Albert Waechter (1973 - 93)<\/title>\n<meta name=\"description\" content=\"20 de service pastoral sur Agen qui permettent \u00e0 l&#039;\u00e9glise de retrouver unit\u00e9 et allant pour l&#039;\u00e9vang\u00e9lisation de la ville et alentours\" \/>\n<meta name=\"robots\" content=\"index, follow, max-snippet:-1, max-image-preview:large, max-video-preview:-1\" \/>\n<link rel=\"canonical\" href=\"https:\/\/agen.umc-europe.org\/eglise\/notre-histoire-introduction\/notre-histoire-pasteur-a-waechter\/\" \/>\n<meta property=\"og:locale\" content=\"fr_FR\" \/>\n<meta property=\"og:type\" content=\"article\" \/>\n<meta property=\"og:title\" content=\"Notre Histoire - Albert Waechter (1973 - 93)\" \/>\n<meta property=\"og:description\" content=\"20 de service pastoral sur Agen qui permettent \u00e0 l&#039;\u00e9glise de retrouver unit\u00e9 et allant pour l&#039;\u00e9vang\u00e9lisation de la ville et alentours\" \/>\n<meta property=\"og:url\" content=\"https:\/\/agen.umc-europe.org\/eglise\/notre-histoire-introduction\/notre-histoire-pasteur-a-waechter\/\" \/>\n<meta property=\"og:site_name\" content=\"\u00c9glise Protestante \u00c9vang\u00e9lique M\u00e9thodiste Agen\" \/>\n<meta property=\"article:publisher\" content=\"https:\/\/www.facebook.com\/EgliseAgen\/\" \/>\n<meta property=\"article:modified_time\" content=\"2017-12-27T17:30:06+00:00\" \/>\n<meta name=\"twitter:card\" content=\"summary_large_image\" \/>\n<meta name=\"twitter:site\" content=\"@EgliseAgen\" \/>\n<meta name=\"twitter:label1\" content=\"Dur\u00e9e de lecture estim\u00e9e\" \/>\n\t<meta name=\"twitter:data1\" content=\"10 minutes\" \/>\n<script type=\"application\/ld+json\" class=\"yoast-schema-graph\">{\"@context\":\"https:\/\/schema.org\",\"@graph\":[{\"@type\":\"WebPage\",\"@id\":\"https:\/\/agen.umc-europe.org\/eglise\/notre-histoire-introduction\/notre-histoire-pasteur-a-waechter\/\",\"url\":\"https:\/\/agen.umc-europe.org\/eglise\/notre-histoire-introduction\/notre-histoire-pasteur-a-waechter\/\",\"name\":\"Notre Histoire - Albert Waechter (1973 - 93)\",\"isPartOf\":{\"@id\":\"https:\/\/agen.umc-europe.org\/eglise\/#website\"},\"datePublished\":\"2014-09-04T20:56:25+00:00\",\"dateModified\":\"2017-12-27T17:30:06+00:00\",\"description\":\"20 de service pastoral sur Agen qui permettent \u00e0 l'\u00e9glise de retrouver unit\u00e9 et allant pour l'\u00e9vang\u00e9lisation de la ville et alentours\",\"breadcrumb\":{\"@id\":\"https:\/\/agen.umc-europe.org\/eglise\/notre-histoire-introduction\/notre-histoire-pasteur-a-waechter\/#breadcrumb\"},\"inLanguage\":\"fr-FR\",\"potentialAction\":[{\"@type\":\"ReadAction\",\"target\":[\"https:\/\/agen.umc-europe.org\/eglise\/notre-histoire-introduction\/notre-histoire-pasteur-a-waechter\/\"]}]},{\"@type\":\"BreadcrumbList\",\"@id\":\"https:\/\/agen.umc-europe.org\/eglise\/notre-histoire-introduction\/notre-histoire-pasteur-a-waechter\/#breadcrumb\",\"itemListElement\":[{\"@type\":\"ListItem\",\"position\":1,\"name\":\"Accueil\",\"item\":\"https:\/\/agen.umc-europe.org\/eglise\/\"},{\"@type\":\"ListItem\",\"position\":2,\"name\":\"Notre histoire &#8211; Introduction\",\"item\":\"https:\/\/agen.umc-europe.org\/eglise\/notre-histoire-introduction\/\"},{\"@type\":\"ListItem\",\"position\":3,\"name\":\"Notre Histoire &#8211; Albert Waechter (1973 &#8211; 93)\"}]},{\"@type\":\"WebSite\",\"@id\":\"https:\/\/agen.umc-europe.org\/eglise\/#website\",\"url\":\"https:\/\/agen.umc-europe.org\/eglise\/\",\"name\":\"\u00c9glise Protestante \u00c9vang\u00e9lique M\u00e9thodiste Agen\",\"description\":\"Des chr\u00e9tiens \u00e9vang\u00e9liques au coeur du Lot et Garonne. &quot;Viens et vois!&quot; ( Jean 1:47 )\",\"potentialAction\":[{\"@type\":\"SearchAction\",\"target\":{\"@type\":\"EntryPoint\",\"urlTemplate\":\"https:\/\/agen.umc-europe.org\/eglise\/?s={search_term_string}\"},\"query-input\":\"required name=search_term_string\"}],\"inLanguage\":\"fr-FR\"}]}<\/script>\n<!-- \/ Yoast SEO plugin. -->","yoast_head_json":{"title":"Notre Histoire - Albert Waechter (1973 - 93)","description":"20 de service pastoral sur Agen qui permettent \u00e0 l'\u00e9glise de retrouver unit\u00e9 et allant pour l'\u00e9vang\u00e9lisation de la ville et alentours","robots":{"index":"index","follow":"follow","max-snippet":"max-snippet:-1","max-image-preview":"max-image-preview:large","max-video-preview":"max-video-preview:-1"},"canonical":"https:\/\/agen.umc-europe.org\/eglise\/notre-histoire-introduction\/notre-histoire-pasteur-a-waechter\/","og_locale":"fr_FR","og_type":"article","og_title":"Notre Histoire - Albert Waechter (1973 - 93)","og_description":"20 de service pastoral sur Agen qui permettent \u00e0 l'\u00e9glise de retrouver unit\u00e9 et allant pour l'\u00e9vang\u00e9lisation de la ville et alentours","og_url":"https:\/\/agen.umc-europe.org\/eglise\/notre-histoire-introduction\/notre-histoire-pasteur-a-waechter\/","og_site_name":"\u00c9glise Protestante \u00c9vang\u00e9lique M\u00e9thodiste Agen","article_publisher":"https:\/\/www.facebook.com\/EgliseAgen\/","article_modified_time":"2017-12-27T17:30:06+00:00","twitter_card":"summary_large_image","twitter_site":"@EgliseAgen","twitter_misc":{"Dur\u00e9e de lecture estim\u00e9e":"10 minutes"},"schema":{"@context":"https:\/\/schema.org","@graph":[{"@type":"WebPage","@id":"https:\/\/agen.umc-europe.org\/eglise\/notre-histoire-introduction\/notre-histoire-pasteur-a-waechter\/","url":"https:\/\/agen.umc-europe.org\/eglise\/notre-histoire-introduction\/notre-histoire-pasteur-a-waechter\/","name":"Notre Histoire - Albert Waechter (1973 - 93)","isPartOf":{"@id":"https:\/\/agen.umc-europe.org\/eglise\/#website"},"datePublished":"2014-09-04T20:56:25+00:00","dateModified":"2017-12-27T17:30:06+00:00","description":"20 de service pastoral sur Agen qui permettent \u00e0 l'\u00e9glise de retrouver unit\u00e9 et allant pour l'\u00e9vang\u00e9lisation de la ville et alentours","breadcrumb":{"@id":"https:\/\/agen.umc-europe.org\/eglise\/notre-histoire-introduction\/notre-histoire-pasteur-a-waechter\/#breadcrumb"},"inLanguage":"fr-FR","potentialAction":[{"@type":"ReadAction","target":["https:\/\/agen.umc-europe.org\/eglise\/notre-histoire-introduction\/notre-histoire-pasteur-a-waechter\/"]}]},{"@type":"BreadcrumbList","@id":"https:\/\/agen.umc-europe.org\/eglise\/notre-histoire-introduction\/notre-histoire-pasteur-a-waechter\/#breadcrumb","itemListElement":[{"@type":"ListItem","position":1,"name":"Accueil","item":"https:\/\/agen.umc-europe.org\/eglise\/"},{"@type":"ListItem","position":2,"name":"Notre histoire &#8211; Introduction","item":"https:\/\/agen.umc-europe.org\/eglise\/notre-histoire-introduction\/"},{"@type":"ListItem","position":3,"name":"Notre Histoire &#8211; Albert Waechter (1973 &#8211; 93)"}]},{"@type":"WebSite","@id":"https:\/\/agen.umc-europe.org\/eglise\/#website","url":"https:\/\/agen.umc-europe.org\/eglise\/","name":"\u00c9glise Protestante \u00c9vang\u00e9lique M\u00e9thodiste Agen","description":"Des chr\u00e9tiens \u00e9vang\u00e9liques au coeur du Lot et Garonne. &quot;Viens et vois!&quot; ( Jean 1:47 )","potentialAction":[{"@type":"SearchAction","target":{"@type":"EntryPoint","urlTemplate":"https:\/\/agen.umc-europe.org\/eglise\/?s={search_term_string}"},"query-input":"required name=search_term_string"}],"inLanguage":"fr-FR"}]}},"_links":{"self":[{"href":"https:\/\/agen.umc-europe.org\/eglise\/wp-json\/wp\/v2\/pages\/260"}],"collection":[{"href":"https:\/\/agen.umc-europe.org\/eglise\/wp-json\/wp\/v2\/pages"}],"about":[{"href":"https:\/\/agen.umc-europe.org\/eglise\/wp-json\/wp\/v2\/types\/page"}],"author":[{"embeddable":true,"href":"https:\/\/agen.umc-europe.org\/eglise\/wp-json\/wp\/v2\/users\/2"}],"replies":[{"embeddable":true,"href":"https:\/\/agen.umc-europe.org\/eglise\/wp-json\/wp\/v2\/comments?post=260"}],"version-history":[{"count":5,"href":"https:\/\/agen.umc-europe.org\/eglise\/wp-json\/wp\/v2\/pages\/260\/revisions"}],"predecessor-version":[{"id":4762,"href":"https:\/\/agen.umc-europe.org\/eglise\/wp-json\/wp\/v2\/pages\/260\/revisions\/4762"}],"up":[{"embeddable":true,"href":"https:\/\/agen.umc-europe.org\/eglise\/wp-json\/wp\/v2\/pages\/86"}],"wp:attachment":[{"href":"https:\/\/agen.umc-europe.org\/eglise\/wp-json\/wp\/v2\/media?parent=260"}],"curies":[{"name":"wp","href":"https:\/\/api.w.org\/{rel}","templated":true}]}}