{"id":250,"date":"2014-09-04T21:41:25","date_gmt":"2014-09-04T20:41:25","guid":{"rendered":"http:\/\/agen.umc-europe.org\/eglise\/?page_id=250"},"modified":"2017-08-28T20:43:05","modified_gmt":"2017-08-28T19:43:05","slug":"notre-histoire-la-mutation","status":"publish","type":"page","link":"https:\/\/agen.umc-europe.org\/eglise\/notre-histoire-introduction\/notre-histoire-la-mutation\/","title":{"rendered":"Notre Histoire &#8211; La mutation (1962 &#8211; 73)"},"content":{"rendered":"<p>Lors d&rsquo;une Assembl\u00e9e G\u00e9n\u00e9rale de l&rsquo;Union des Eglises \u00c9vang\u00e9liques M\u00e9thodistes (UEEM) \u00e0 Strasbourg, un invit\u00e9 bien connu d\u00e9signait l&rsquo;Eglise d&rsquo;Agen comme une <strong>\u00ab\u00a0\u00e9claboussure dans le Sud Ouest\u00a0\u00bb<\/strong> par rapport aux autres Eglises d&rsquo;Alsace et du Nord-Est. A bien des moments, les 1000 km qui s\u00e9parent ces deux r\u00e9gions ont pes\u00e9 sur la desserte de ce poste pastoral.<\/p>\n<p>Histoire de l&rsquo;<a title=\"Notre histoire \u2013 Introduction\" href=\"https:\/\/agen.umc-europe.org\/eglise\/notre-histoire-introduction\/\">\u00e9glise agenaise<\/a> a fait que, 45 ans apr\u00e8s sa cr\u00e9ation, le groupe des chr\u00e9tiens se r\u00e9unissant dans ces lieux \u00e9tait toujours appel\u00e9 par les a\u00een\u00e9s de la r\u00e9gion \u00ab\u00a0l&rsquo;Eglise Suisse\u00a0\u00bb. Cette appellation ne favorisait pas toujours le rayonnement souhait\u00e9 dans cette r\u00e9gion.<\/p>\n<p>De plus si, durant plus de 30 ans (1926-1962), le poste pastoral avait connu une bonne stabilit\u00e9, les 10 ans qui ont suivi voyaient les occupants du presbyt\u00e8re changer \u00e0 quatre reprises. Ce n\u2019\u00e9tait pas de bon gr\u00e9 mais, dans la plupart des cas, sous la pression des circonstances que ces changements ont \u00e9t\u00e9 op\u00e9r\u00e9s.<\/p>\n<p>Le pasteur <strong>Samuel Lauber<\/strong> a tout d&rsquo;abord rejoint l&rsquo;\u00e9glise d&rsquo;Agen pour un an et demi (1962-1963). Il f\u00fbt remplac\u00e9 par un autre pasteur fran\u00e7ais <strong>Christian Roman<\/strong> de 1964 \u00e0 1967. Un nouveau pasteur <strong>Roger Brunet<\/strong> pris le poste de 1967 \u00e0 1973.<\/p>\n<h2><em>Une \u00e9glise en mutation<\/em><\/h2>\n<p>Pendant cette p\u00e9riode, trois autres changements marquant ont e\u00fbt lieu:<br \/>\n&#8211; Les cultes et r\u00e9unions bilingues ont \u00e9t\u00e9 remplac\u00e9s par des rencontres en langue fran\u00e7aise uniquement,<br \/>\n&#8211; La pratique du p\u00e9dobaptisme a donn\u00e9 place au <a href=\"https:\/\/agen.umc-europe.org\/eglise\/le-bapteme-chretien-par-immersion-un-symbole\/\">bapt\u00eame d&rsquo;adulte par immersion<\/a>,<br \/>\n&#8211; La fusion de la \u00ab\u00a0Evangelische Gemeinschaft\u00a0\u00bb et de l'\u00a0\u00bbEglise Evang\u00e9lique M\u00e9thodiste\u00a0\u00bb en 1968 a \u00e9t\u00e9 r\u00e9alis\u00e9e au niveau international et donc appliqu\u00e9e localement.<\/p>\n<p>Comme dans bien des cas, tous ces changements n&rsquo;ont pas eu une approbation unanime. Des sensibilit\u00e9s vari\u00e9es s&rsquo;exprimaient, voire s&rsquo;affrontaient occasionnellement. Les aspirations des uns et des autres vers d&rsquo;autres d\u00e9nominations se faisaient sentir, et le d\u00e9veloppement d&rsquo;une stabilit\u00e9 interne \u00e9tait la t\u00e2che la plus importante pour le pasteur <a title=\"Notre Histoire \u2013 Albert Waechter (1973 \u2013 93)\" href=\"https:\/\/agen.umc-europe.org\/eglise\/notre-histoire-introduction\/notre-histoire-pasteur-a-waechter\/\">Albert Waechter<\/a> qui rejoignait Agen en 1973.<\/p>\n","protected":false},"excerpt":{"rendered":"<p>Lors d&rsquo;une Assembl\u00e9e G\u00e9n\u00e9rale de l&rsquo;Union des Eglises \u00c9vang\u00e9liques M\u00e9thodistes (UEEM) \u00e0 Strasbourg, un invit\u00e9 bien connu d\u00e9signait l&rsquo;Eglise d&rsquo;Agen comme une \u00ab\u00a0\u00e9claboussure dans le Sud Ouest\u00a0\u00bb par rapport aux autres Eglises d&rsquo;Alsace et du Nord-Est. A bien des moments, les 1000 km qui s\u00e9parent ces deux r\u00e9gions ont pes\u00e9&#8230;<\/p>\n","protected":false},"author":2,"featured_media":0,"parent":86,"menu_order":5,"comment_status":"open","ping_status":"closed","template":"","meta":{"_monsterinsights_skip_tracking":false,"_monsterinsights_sitenote_active":false,"_monsterinsights_sitenote_note":"","_monsterinsights_sitenote_category":0,"footnotes":""},"yoast_head":"<!-- This site is optimized with the Yoast SEO plugin v21.9.1 - https:\/\/yoast.com\/wordpress\/plugins\/seo\/ -->\n<title>Une \u00e9glise en mutation<\/title>\n<meta name=\"description\" content=\"Une \u00e9glise en mutation avec plusieurs postes pastoraux successifs\" \/>\n<meta name=\"robots\" content=\"index, follow, max-snippet:-1, max-image-preview:large, max-video-preview:-1\" \/>\n<link rel=\"canonical\" href=\"https:\/\/agen.umc-europe.org\/eglise\/notre-histoire-introduction\/notre-histoire-la-mutation\/\" \/>\n<meta property=\"og:locale\" content=\"fr_FR\" \/>\n<meta property=\"og:type\" content=\"article\" \/>\n<meta property=\"og:title\" content=\"Une \u00e9glise en mutation\" \/>\n<meta property=\"og:description\" content=\"Une \u00e9glise en mutation avec plusieurs postes pastoraux successifs\" \/>\n<meta property=\"og:url\" content=\"https:\/\/agen.umc-europe.org\/eglise\/notre-histoire-introduction\/notre-histoire-la-mutation\/\" \/>\n<meta property=\"og:site_name\" content=\"\u00c9glise Protestante \u00c9vang\u00e9lique M\u00e9thodiste Agen\" \/>\n<meta property=\"article:publisher\" content=\"https:\/\/www.facebook.com\/EgliseAgen\/\" \/>\n<meta property=\"article:modified_time\" content=\"2017-08-28T19:43:05+00:00\" \/>\n<meta name=\"twitter:card\" content=\"summary_large_image\" \/>\n<meta name=\"twitter:site\" content=\"@EgliseAgen\" \/>\n<meta name=\"twitter:label1\" content=\"Dur\u00e9e de lecture estim\u00e9e\" \/>\n\t<meta name=\"twitter:data1\" content=\"2 minutes\" \/>\n<script type=\"application\/ld+json\" class=\"yoast-schema-graph\">{\"@context\":\"https:\/\/schema.org\",\"@graph\":[{\"@type\":\"WebPage\",\"@id\":\"https:\/\/agen.umc-europe.org\/eglise\/notre-histoire-introduction\/notre-histoire-la-mutation\/\",\"url\":\"https:\/\/agen.umc-europe.org\/eglise\/notre-histoire-introduction\/notre-histoire-la-mutation\/\",\"name\":\"Une \u00e9glise en mutation\",\"isPartOf\":{\"@id\":\"https:\/\/agen.umc-europe.org\/eglise\/#website\"},\"datePublished\":\"2014-09-04T20:41:25+00:00\",\"dateModified\":\"2017-08-28T19:43:05+00:00\",\"description\":\"Une \u00e9glise en mutation avec plusieurs postes pastoraux successifs\",\"breadcrumb\":{\"@id\":\"https:\/\/agen.umc-europe.org\/eglise\/notre-histoire-introduction\/notre-histoire-la-mutation\/#breadcrumb\"},\"inLanguage\":\"fr-FR\",\"potentialAction\":[{\"@type\":\"ReadAction\",\"target\":[\"https:\/\/agen.umc-europe.org\/eglise\/notre-histoire-introduction\/notre-histoire-la-mutation\/\"]}]},{\"@type\":\"BreadcrumbList\",\"@id\":\"https:\/\/agen.umc-europe.org\/eglise\/notre-histoire-introduction\/notre-histoire-la-mutation\/#breadcrumb\",\"itemListElement\":[{\"@type\":\"ListItem\",\"position\":1,\"name\":\"Accueil\",\"item\":\"https:\/\/agen.umc-europe.org\/eglise\/\"},{\"@type\":\"ListItem\",\"position\":2,\"name\":\"Notre histoire &#8211; Introduction\",\"item\":\"https:\/\/agen.umc-europe.org\/eglise\/notre-histoire-introduction\/\"},{\"@type\":\"ListItem\",\"position\":3,\"name\":\"Notre Histoire &#8211; La mutation (1962 &#8211; 73)\"}]},{\"@type\":\"WebSite\",\"@id\":\"https:\/\/agen.umc-europe.org\/eglise\/#website\",\"url\":\"https:\/\/agen.umc-europe.org\/eglise\/\",\"name\":\"\u00c9glise Protestante \u00c9vang\u00e9lique M\u00e9thodiste Agen\",\"description\":\"Des chr\u00e9tiens \u00e9vang\u00e9liques au coeur du Lot et Garonne. &quot;Viens et vois!&quot; ( Jean 1:47 )\",\"potentialAction\":[{\"@type\":\"SearchAction\",\"target\":{\"@type\":\"EntryPoint\",\"urlTemplate\":\"https:\/\/agen.umc-europe.org\/eglise\/?s={search_term_string}\"},\"query-input\":\"required name=search_term_string\"}],\"inLanguage\":\"fr-FR\"}]}<\/script>\n<!-- \/ Yoast SEO plugin. -->","yoast_head_json":{"title":"Une \u00e9glise en mutation","description":"Une \u00e9glise en mutation avec plusieurs postes pastoraux successifs","robots":{"index":"index","follow":"follow","max-snippet":"max-snippet:-1","max-image-preview":"max-image-preview:large","max-video-preview":"max-video-preview:-1"},"canonical":"https:\/\/agen.umc-europe.org\/eglise\/notre-histoire-introduction\/notre-histoire-la-mutation\/","og_locale":"fr_FR","og_type":"article","og_title":"Une \u00e9glise en mutation","og_description":"Une \u00e9glise en mutation avec plusieurs postes pastoraux successifs","og_url":"https:\/\/agen.umc-europe.org\/eglise\/notre-histoire-introduction\/notre-histoire-la-mutation\/","og_site_name":"\u00c9glise Protestante \u00c9vang\u00e9lique M\u00e9thodiste Agen","article_publisher":"https:\/\/www.facebook.com\/EgliseAgen\/","article_modified_time":"2017-08-28T19:43:05+00:00","twitter_card":"summary_large_image","twitter_site":"@EgliseAgen","twitter_misc":{"Dur\u00e9e de lecture estim\u00e9e":"2 minutes"},"schema":{"@context":"https:\/\/schema.org","@graph":[{"@type":"WebPage","@id":"https:\/\/agen.umc-europe.org\/eglise\/notre-histoire-introduction\/notre-histoire-la-mutation\/","url":"https:\/\/agen.umc-europe.org\/eglise\/notre-histoire-introduction\/notre-histoire-la-mutation\/","name":"Une \u00e9glise en mutation","isPartOf":{"@id":"https:\/\/agen.umc-europe.org\/eglise\/#website"},"datePublished":"2014-09-04T20:41:25+00:00","dateModified":"2017-08-28T19:43:05+00:00","description":"Une \u00e9glise en mutation avec plusieurs postes pastoraux successifs","breadcrumb":{"@id":"https:\/\/agen.umc-europe.org\/eglise\/notre-histoire-introduction\/notre-histoire-la-mutation\/#breadcrumb"},"inLanguage":"fr-FR","potentialAction":[{"@type":"ReadAction","target":["https:\/\/agen.umc-europe.org\/eglise\/notre-histoire-introduction\/notre-histoire-la-mutation\/"]}]},{"@type":"BreadcrumbList","@id":"https:\/\/agen.umc-europe.org\/eglise\/notre-histoire-introduction\/notre-histoire-la-mutation\/#breadcrumb","itemListElement":[{"@type":"ListItem","position":1,"name":"Accueil","item":"https:\/\/agen.umc-europe.org\/eglise\/"},{"@type":"ListItem","position":2,"name":"Notre histoire &#8211; Introduction","item":"https:\/\/agen.umc-europe.org\/eglise\/notre-histoire-introduction\/"},{"@type":"ListItem","position":3,"name":"Notre Histoire &#8211; La mutation (1962 &#8211; 73)"}]},{"@type":"WebSite","@id":"https:\/\/agen.umc-europe.org\/eglise\/#website","url":"https:\/\/agen.umc-europe.org\/eglise\/","name":"\u00c9glise Protestante \u00c9vang\u00e9lique M\u00e9thodiste Agen","description":"Des chr\u00e9tiens \u00e9vang\u00e9liques au coeur du Lot et Garonne. &quot;Viens et vois!&quot; ( Jean 1:47 )","potentialAction":[{"@type":"SearchAction","target":{"@type":"EntryPoint","urlTemplate":"https:\/\/agen.umc-europe.org\/eglise\/?s={search_term_string}"},"query-input":"required name=search_term_string"}],"inLanguage":"fr-FR"}]}},"_links":{"self":[{"href":"https:\/\/agen.umc-europe.org\/eglise\/wp-json\/wp\/v2\/pages\/250"}],"collection":[{"href":"https:\/\/agen.umc-europe.org\/eglise\/wp-json\/wp\/v2\/pages"}],"about":[{"href":"https:\/\/agen.umc-europe.org\/eglise\/wp-json\/wp\/v2\/types\/page"}],"author":[{"embeddable":true,"href":"https:\/\/agen.umc-europe.org\/eglise\/wp-json\/wp\/v2\/users\/2"}],"replies":[{"embeddable":true,"href":"https:\/\/agen.umc-europe.org\/eglise\/wp-json\/wp\/v2\/comments?post=250"}],"version-history":[{"count":6,"href":"https:\/\/agen.umc-europe.org\/eglise\/wp-json\/wp\/v2\/pages\/250\/revisions"}],"predecessor-version":[{"id":3432,"href":"https:\/\/agen.umc-europe.org\/eglise\/wp-json\/wp\/v2\/pages\/250\/revisions\/3432"}],"up":[{"embeddable":true,"href":"https:\/\/agen.umc-europe.org\/eglise\/wp-json\/wp\/v2\/pages\/86"}],"wp:attachment":[{"href":"https:\/\/agen.umc-europe.org\/eglise\/wp-json\/wp\/v2\/media?parent=250"}],"curies":[{"name":"wp","href":"https:\/\/api.w.org\/{rel}","templated":true}]}}