{"id":244,"date":"2014-09-03T20:21:55","date_gmt":"2014-09-03T19:21:55","guid":{"rendered":"http:\/\/agen.umc-europe.org\/eglise\/?page_id=244"},"modified":"2017-12-27T20:31:59","modified_gmt":"2017-12-27T19:31:59","slug":"notre-histoire-pasteur-zimmermann","status":"publish","type":"page","link":"https:\/\/agen.umc-europe.org\/eglise\/notre-histoire-introduction\/notre-histoire-pasteur-zimmermann\/","title":{"rendered":"Notre histoire &#8211; La tranche Zimmermann (1946-1962)"},"content":{"rendered":"<h2><em>1946 \/ Arriv\u00e9e de la nouvelle famille pastorale<\/em><\/h2>\n<p>En juin 1946, le pasteur A Zimmermann vient pour la premi\u00e8re fois \u00e0 Agen, apr\u00e8s avoir \u00e9t\u00e9 envoy\u00e9 par la Conf\u00e9rence. Mais ne pouvant d\u00e9m\u00e9nager que fin novembre son minist\u00e8re d\u00e9buta avec une \u00e9glise de 56 membres. Malheureusement suite \u00e0 des d\u00e9c\u00e8s et d\u00e9parts vers la Suisse le nombre de membres baissa rapidement. Malgr\u00e9 cela, l&rsquo;\u00e9glise comptait encore dans ses statistiques 102 membres. Pendant les 16 ann\u00e9es de minist\u00e8re 115 enfants f\u00fbrent baptis\u00e9s, 121 confirm\u00e9s, 91 enterrements f\u00fbrent c\u00e9l\u00e9br\u00e9s pour 44 mariages.<\/p>\n<h2><em>Evolution: passage de l&rsquo;allemand au fran\u00e7ais<\/em><\/h2>\n<p>Pendant ces 16 ann\u00e9es, le travail a chang\u00e9 consid\u00e9rablement. En 1946, tous les cultes \u00e9taient tenus en langue allemande. Il n&rsquo;existait qu&rsquo;un seul culte en langue fran\u00e7aise, \u00e0 Vivens. A son terme, les cultes allemands n&rsquo;avaient plus cours. Il n&rsquo;y avait plus que des cultes fran\u00e7ais ou bilingues. En 1946, beaucoup de <a title=\"\u00c9tude Biblique : D\u00e9couvrir la Bible ensemble\" href=\"https:\/\/agen.umc-europe.org\/eglise\/nos-activites\/etudes-bibliques-en-lot-et-garonne\/\">petits groupes \u00e9taient r\u00e9pandus dans le d\u00e9partement<\/a>, qui ne se connaissaient pas ou que tr\u00e8s peu, parce que les moyens de transport faisaient d\u00e9faut.<\/p>\n<p>Apr\u00e8s la guerre, les choses se sont am\u00e9lior\u00e9es. Nombre de gens pouvaient s&rsquo;acheter une voiture et donc, pour apprendre \u00e0 mieux nous conna\u00eetre et renforcer l&rsquo;appartenance \u00e0 l&rsquo;Assembl\u00e9e Evang\u00e9lique, d&rsquo;annuler les r\u00e9unions de toutes les annexes tous les premiers dimanches du mois afin de permettre \u00e0 tout le monde de se rassembler dans l&rsquo;apr\u00e8s-midi \u00e0 Agen.<\/p>\n<h2><em>Fr\u00e9quentation plus grande du culte<\/em><\/h2>\n<p>A chaque rencontre, 60 \u00e0 80 personnes se r\u00e9unissent au culte avec aussi quelques Fran\u00e7ais qui assistent aux cultes. Beaucoup de Suisses, hommes et femmes, se sont mari\u00e9s avec des Fran\u00e7ais et d&rsquo;autres gens qui proviennent d&rsquo;autres \u00e9glises libres (M\u00e9thodistes, Baptistes) non repr\u00e9sent\u00e9es \u00e0 Agen viennent se joignent \u00e0 l&rsquo;\u00e9glise. Ceux ci ont \u00e9veill\u00e9 le d\u00e9sir d&rsquo;un <a title=\"Culte du Dimanche\" href=\"https:\/\/agen.umc-europe.org\/eglise\/nos-activites\/culte-du-dimanche\/\">culte hebdomadaire \u00e0 Agen<\/a>.<\/p>\n<p>Il f\u00fbt r\u00e9pondu favorablement \u00e0 cette demande ainsi qu&rsquo;\u00e0 la mise en place d&rsquo;\u00e9tudes bibliques et des cours de <a title=\"Cat\u00e9chisme - Enfants et Jeunes\" href=\"https:\/\/agen.umc-europe.org\/eglise\/nos-activites\/enfants-et-jeunes-catechisme\/\">cat\u00e9chisme <\/a>avec les enfants. Entre No\u00ebl et le Jour de l&rsquo;An, les Rameaux et P\u00e2ques, tous les enfants concern\u00e9s viennent suivre \u00e0 Agen le cours de cat\u00e9chisme ; cela repr\u00e9sentait \u00e0 chaque fois de 20 \u00e0 30 enfants.<\/p>\n<h2><em>Nouvelles initiatives: la Convention des jeunes, le Carrefour des Femmes<\/em><\/h2>\n<p>Il convient de mentionner aussi au cours de ces ann\u00e9es, le lancement des Conventions pour les jeunes, puis ce fut le Carrefour des Femmes, qui avaient lieu \u00e0 Agen pendant 2\/3 jours, \u00e0 chaque fois, 15 \u00e0 25 femmes y participaient.<\/p>\n<h2><em>Relations inter-\u00e9glises<\/em><\/h2>\n<p>Avec l&rsquo;Eglise R\u00e9form\u00e9e de France, nous avons de tr\u00e8s bonnes relations notamment avec le pasteur Appia \u00e9tait ici avec lequel des \u00e9changes de chaire f\u00fbrent organis\u00e9 et plusieurs r\u00e9unions communes.<\/p>\n<h2><em>Travaux apr\u00e8s l&rsquo;\u00e9preuve de l&rsquo;inondation en 1952<\/em><\/h2>\n<p>L&rsquo;\u00e9glise a beaucoup construit et fait de nombreuses transformations dans le b\u00e2timent pendant ces 16 ann\u00e9es. Apr\u00e8s la grande inondation en 1952, de l&rsquo;argent a \u00e9t\u00e9 collect\u00e9 en Am\u00e9rique, en Suisse et en Alsace ; gr\u00e2ce \u00e0 cet argent, l&rsquo;\u00e9glise a pu r\u00e9nover enti\u00e8rement le rez-de-chausss\u00e9e. Tout ce qui \u00e9tait en bois a \u00e9t\u00e9 enlev\u00e9 et cr\u00e9pi avec du ciment solide. Le to\u00eet avait besoin d&rsquo;\u00eatre refait \u00e0 neuf. Deux chambres \u00e0 coucher ont \u00e9t\u00e9 am\u00e9nag\u00e9es. Une chambre pour pensionnaire \u00e9ventuel a \u00e9t\u00e9 aggrandie et remeubl\u00e9e. Le foyer a \u00e9t\u00e9 aussi agrandi. Derri\u00e8re l&rsquo;\u00e9glise, une petite remise a \u00e9t\u00e9 construite. La cl\u00f4ture du jardin a \u00e9t\u00e9 remise \u00e0 neuf, de m\u00eame que la canalisation pour l&rsquo;assainissement comme une nouvelle terrasse autour de la maison. Le tout pour un montant de 1,8 million d&rsquo;anciens francs.<\/p>\n<h2><em>S\u00e9jours d&rsquo;enfants en Suisse<\/em><\/h2>\n<p>Pendant ces seize ann\u00e9es, le pasteur Zimmermann a emmen\u00e9 des centaines d&rsquo;enfants en Suisse pour un s\u00e9jour de deux mois. Ce travail avait \u00e9t\u00e9 d\u00e9j\u00e0 initi\u00e9 par son pr\u00e9decesseur. Mais ce qui \u00e9tait nouveau, c&rsquo;\u00e9tait que des centaines d&rsquo;enfants suisses \u00e9taient amen\u00e9s chaque ann\u00e9e dans notre r\u00e9gion afin d&rsquo;y passer des vacances. A travers ces transports d&rsquo;enfants, beaucoup de liens amicaux \u00e9taient cr\u00e9\u00e9s entre les Suisses (d&rsquo;ici) et les Suisses \u00e0 l&rsquo;\u00e9tranger.<\/p>\n<p style=\"text-align: right;\">Alfred ZIMMERMANN<\/p>\n","protected":false},"excerpt":{"rendered":"<p>1946 \/ Arriv\u00e9e de la nouvelle famille pastorale En juin 1946, le pasteur A Zimmermann vient pour la premi\u00e8re fois \u00e0 Agen, apr\u00e8s avoir \u00e9t\u00e9 envoy\u00e9 par la Conf\u00e9rence. Mais ne pouvant d\u00e9m\u00e9nager que fin novembre son minist\u00e8re d\u00e9buta avec une \u00e9glise de 56 membres. Malheureusement suite \u00e0 des d\u00e9c\u00e8s&#8230;<\/p>\n","protected":false},"author":2,"featured_media":0,"parent":86,"menu_order":4,"comment_status":"open","ping_status":"closed","template":"","meta":{"_monsterinsights_skip_tracking":false,"_monsterinsights_sitenote_active":false,"_monsterinsights_sitenote_note":"","_monsterinsights_sitenote_category":0,"footnotes":""},"yoast_head":"<!-- This site is optimized with the Yoast SEO plugin v21.9.1 - https:\/\/yoast.com\/wordpress\/plugins\/seo\/ -->\n<title>Apr\u00e8s guerre et dans ses nouveaux locaux, l&#039;\u00e9glise prend racine<\/title>\n<meta name=\"description\" content=\"L&#039;\u00e9glise m\u00e9thodiste s&#039;\u00e9tablie fermement sur Agen Lot-et-Garonne\" \/>\n<meta name=\"robots\" content=\"index, follow, max-snippet:-1, max-image-preview:large, max-video-preview:-1\" \/>\n<link rel=\"canonical\" href=\"https:\/\/agen.umc-europe.org\/eglise\/notre-histoire-introduction\/notre-histoire-pasteur-zimmermann\/\" \/>\n<meta property=\"og:locale\" content=\"fr_FR\" \/>\n<meta property=\"og:type\" content=\"article\" \/>\n<meta property=\"og:title\" content=\"Apr\u00e8s guerre et dans ses nouveaux locaux, l&#039;\u00e9glise prend racine\" \/>\n<meta property=\"og:description\" content=\"L&#039;\u00e9glise m\u00e9thodiste s&#039;\u00e9tablie fermement sur Agen Lot-et-Garonne\" \/>\n<meta property=\"og:url\" content=\"https:\/\/agen.umc-europe.org\/eglise\/notre-histoire-introduction\/notre-histoire-pasteur-zimmermann\/\" \/>\n<meta property=\"og:site_name\" content=\"\u00c9glise Protestante \u00c9vang\u00e9lique M\u00e9thodiste Agen\" \/>\n<meta property=\"article:publisher\" content=\"https:\/\/www.facebook.com\/EgliseAgen\/\" \/>\n<meta property=\"article:modified_time\" content=\"2017-12-27T19:31:59+00:00\" \/>\n<meta name=\"twitter:card\" content=\"summary_large_image\" \/>\n<meta name=\"twitter:site\" content=\"@EgliseAgen\" \/>\n<meta name=\"twitter:label1\" content=\"Dur\u00e9e de lecture estim\u00e9e\" \/>\n\t<meta name=\"twitter:data1\" content=\"4 minutes\" \/>\n<script type=\"application\/ld+json\" class=\"yoast-schema-graph\">{\"@context\":\"https:\/\/schema.org\",\"@graph\":[{\"@type\":\"WebPage\",\"@id\":\"https:\/\/agen.umc-europe.org\/eglise\/notre-histoire-introduction\/notre-histoire-pasteur-zimmermann\/\",\"url\":\"https:\/\/agen.umc-europe.org\/eglise\/notre-histoire-introduction\/notre-histoire-pasteur-zimmermann\/\",\"name\":\"Apr\u00e8s guerre et dans ses nouveaux locaux, l'\u00e9glise prend racine\",\"isPartOf\":{\"@id\":\"https:\/\/agen.umc-europe.org\/eglise\/#website\"},\"datePublished\":\"2014-09-03T19:21:55+00:00\",\"dateModified\":\"2017-12-27T19:31:59+00:00\",\"description\":\"L'\u00e9glise m\u00e9thodiste s'\u00e9tablie fermement sur Agen Lot-et-Garonne\",\"breadcrumb\":{\"@id\":\"https:\/\/agen.umc-europe.org\/eglise\/notre-histoire-introduction\/notre-histoire-pasteur-zimmermann\/#breadcrumb\"},\"inLanguage\":\"fr-FR\",\"potentialAction\":[{\"@type\":\"ReadAction\",\"target\":[\"https:\/\/agen.umc-europe.org\/eglise\/notre-histoire-introduction\/notre-histoire-pasteur-zimmermann\/\"]}]},{\"@type\":\"BreadcrumbList\",\"@id\":\"https:\/\/agen.umc-europe.org\/eglise\/notre-histoire-introduction\/notre-histoire-pasteur-zimmermann\/#breadcrumb\",\"itemListElement\":[{\"@type\":\"ListItem\",\"position\":1,\"name\":\"Accueil\",\"item\":\"https:\/\/agen.umc-europe.org\/eglise\/\"},{\"@type\":\"ListItem\",\"position\":2,\"name\":\"Notre histoire &#8211; Introduction\",\"item\":\"https:\/\/agen.umc-europe.org\/eglise\/notre-histoire-introduction\/\"},{\"@type\":\"ListItem\",\"position\":3,\"name\":\"Notre histoire &#8211; La tranche Zimmermann (1946-1962)\"}]},{\"@type\":\"WebSite\",\"@id\":\"https:\/\/agen.umc-europe.org\/eglise\/#website\",\"url\":\"https:\/\/agen.umc-europe.org\/eglise\/\",\"name\":\"\u00c9glise Protestante \u00c9vang\u00e9lique M\u00e9thodiste Agen\",\"description\":\"Des chr\u00e9tiens \u00e9vang\u00e9liques au coeur du Lot et Garonne. &quot;Viens et vois!&quot; ( Jean 1:47 )\",\"potentialAction\":[{\"@type\":\"SearchAction\",\"target\":{\"@type\":\"EntryPoint\",\"urlTemplate\":\"https:\/\/agen.umc-europe.org\/eglise\/?s={search_term_string}\"},\"query-input\":\"required name=search_term_string\"}],\"inLanguage\":\"fr-FR\"}]}<\/script>\n<!-- \/ Yoast SEO plugin. -->","yoast_head_json":{"title":"Apr\u00e8s guerre et dans ses nouveaux locaux, l'\u00e9glise prend racine","description":"L'\u00e9glise m\u00e9thodiste s'\u00e9tablie fermement sur Agen Lot-et-Garonne","robots":{"index":"index","follow":"follow","max-snippet":"max-snippet:-1","max-image-preview":"max-image-preview:large","max-video-preview":"max-video-preview:-1"},"canonical":"https:\/\/agen.umc-europe.org\/eglise\/notre-histoire-introduction\/notre-histoire-pasteur-zimmermann\/","og_locale":"fr_FR","og_type":"article","og_title":"Apr\u00e8s guerre et dans ses nouveaux locaux, l'\u00e9glise prend racine","og_description":"L'\u00e9glise m\u00e9thodiste s'\u00e9tablie fermement sur Agen Lot-et-Garonne","og_url":"https:\/\/agen.umc-europe.org\/eglise\/notre-histoire-introduction\/notre-histoire-pasteur-zimmermann\/","og_site_name":"\u00c9glise Protestante \u00c9vang\u00e9lique M\u00e9thodiste Agen","article_publisher":"https:\/\/www.facebook.com\/EgliseAgen\/","article_modified_time":"2017-12-27T19:31:59+00:00","twitter_card":"summary_large_image","twitter_site":"@EgliseAgen","twitter_misc":{"Dur\u00e9e de lecture estim\u00e9e":"4 minutes"},"schema":{"@context":"https:\/\/schema.org","@graph":[{"@type":"WebPage","@id":"https:\/\/agen.umc-europe.org\/eglise\/notre-histoire-introduction\/notre-histoire-pasteur-zimmermann\/","url":"https:\/\/agen.umc-europe.org\/eglise\/notre-histoire-introduction\/notre-histoire-pasteur-zimmermann\/","name":"Apr\u00e8s guerre et dans ses nouveaux locaux, l'\u00e9glise prend racine","isPartOf":{"@id":"https:\/\/agen.umc-europe.org\/eglise\/#website"},"datePublished":"2014-09-03T19:21:55+00:00","dateModified":"2017-12-27T19:31:59+00:00","description":"L'\u00e9glise m\u00e9thodiste s'\u00e9tablie fermement sur Agen Lot-et-Garonne","breadcrumb":{"@id":"https:\/\/agen.umc-europe.org\/eglise\/notre-histoire-introduction\/notre-histoire-pasteur-zimmermann\/#breadcrumb"},"inLanguage":"fr-FR","potentialAction":[{"@type":"ReadAction","target":["https:\/\/agen.umc-europe.org\/eglise\/notre-histoire-introduction\/notre-histoire-pasteur-zimmermann\/"]}]},{"@type":"BreadcrumbList","@id":"https:\/\/agen.umc-europe.org\/eglise\/notre-histoire-introduction\/notre-histoire-pasteur-zimmermann\/#breadcrumb","itemListElement":[{"@type":"ListItem","position":1,"name":"Accueil","item":"https:\/\/agen.umc-europe.org\/eglise\/"},{"@type":"ListItem","position":2,"name":"Notre histoire &#8211; Introduction","item":"https:\/\/agen.umc-europe.org\/eglise\/notre-histoire-introduction\/"},{"@type":"ListItem","position":3,"name":"Notre histoire &#8211; La tranche Zimmermann (1946-1962)"}]},{"@type":"WebSite","@id":"https:\/\/agen.umc-europe.org\/eglise\/#website","url":"https:\/\/agen.umc-europe.org\/eglise\/","name":"\u00c9glise Protestante \u00c9vang\u00e9lique M\u00e9thodiste Agen","description":"Des chr\u00e9tiens \u00e9vang\u00e9liques au coeur du Lot et Garonne. &quot;Viens et vois!&quot; ( Jean 1:47 )","potentialAction":[{"@type":"SearchAction","target":{"@type":"EntryPoint","urlTemplate":"https:\/\/agen.umc-europe.org\/eglise\/?s={search_term_string}"},"query-input":"required name=search_term_string"}],"inLanguage":"fr-FR"}]}},"_links":{"self":[{"href":"https:\/\/agen.umc-europe.org\/eglise\/wp-json\/wp\/v2\/pages\/244"}],"collection":[{"href":"https:\/\/agen.umc-europe.org\/eglise\/wp-json\/wp\/v2\/pages"}],"about":[{"href":"https:\/\/agen.umc-europe.org\/eglise\/wp-json\/wp\/v2\/types\/page"}],"author":[{"embeddable":true,"href":"https:\/\/agen.umc-europe.org\/eglise\/wp-json\/wp\/v2\/users\/2"}],"replies":[{"embeddable":true,"href":"https:\/\/agen.umc-europe.org\/eglise\/wp-json\/wp\/v2\/comments?post=244"}],"version-history":[{"count":7,"href":"https:\/\/agen.umc-europe.org\/eglise\/wp-json\/wp\/v2\/pages\/244\/revisions"}],"predecessor-version":[{"id":4848,"href":"https:\/\/agen.umc-europe.org\/eglise\/wp-json\/wp\/v2\/pages\/244\/revisions\/4848"}],"up":[{"embeddable":true,"href":"https:\/\/agen.umc-europe.org\/eglise\/wp-json\/wp\/v2\/pages\/86"}],"wp:attachment":[{"href":"https:\/\/agen.umc-europe.org\/eglise\/wp-json\/wp\/v2\/media?parent=244"}],"curies":[{"name":"wp","href":"https:\/\/api.w.org\/{rel}","templated":true}]}}