{"id":238,"date":"2014-09-03T20:04:00","date_gmt":"2014-09-03T19:04:00","guid":{"rendered":"http:\/\/agen.umc-europe.org\/eglise\/?page_id=238"},"modified":"2017-12-27T18:27:29","modified_gmt":"2017-12-27T17:27:29","slug":"notre-histoire-pasteur-jp-waechter","status":"publish","type":"page","link":"https:\/\/agen.umc-europe.org\/eglise\/notre-histoire-introduction\/notre-histoire-pasteur-jp-waechter\/","title":{"rendered":"Notre histoire &#8211; L&rsquo;\u00e8re Jean Philippe Waechter (1993-2003)"},"content":{"rendered":"<h2><em>Vie de l&rsquo;\u00e9glise<\/em><\/h2>\n<p>Le besoin de relancer l&rsquo;esprit de pri\u00e8re a marqu\u00e9 les coeurs ces derni\u00e8res ann\u00e9es; un groupe d&rsquo;intercession s&rsquo;est ainsi form\u00e9, qui se r\u00e9unit apr\u00e8s le premier culte du mois pour \u00e9changer les sujets de pri\u00e8res et constater les progr\u00e8s de l&rsquo;oeuvre du Seigneur dans les coeurs. <em>\u00ab\u00a0La pri\u00e8re du juste est d&rsquo;une grande efficacit\u00e9.\u00a0\u00bb<\/em><\/p>\n<p>L&rsquo;id\u00e9e de gagner le quartier par l&rsquo;Evangile fait aussi son chemin. Le cin\u00e9-d\u00e9bat a ainsi vu le jour r\u00e9cemment: \u00e0 travers un film on ne peut plus classique ou courant, une discussion et un t\u00e9moignage chr\u00e9tien sont amorc\u00e9s.<\/p>\n<p>L&rsquo;encadrement du <a title=\"Culte du Dimanche\" href=\"https:\/\/agen.umc-europe.org\/eglise\/nos-activites\/culte-du-dimanche\/\">culte<\/a>\u00a0sur le plan musical prend forme ces derni\u00e8res ann\u00e9es: le <a title=\"Musiques chr\u00e9tiennes\" href=\"https:\/\/agen.umc-europe.org\/eglise\/ressources-bibliques\/musiques-chretiennes\/\">groupe de louange<\/a> s&rsquo;est constitu\u00e9 et se dote d&rsquo;un r\u00e9pertoire de plus en plus consistant. Sous leur conduite, l&rsquo;Eglise prend \u00e0 plaisir \u00e0 chanter. L&rsquo;Eglise m\u00e9thodiste de Neuch\u00e2tel a fourni un cadeau de choix \u00e0 l&rsquo;Eglise d&rsquo;Agen, un piano, de quoi rehausser le chant de l&rsquo;assembl\u00e9e. D&rsquo;autres musiciens s&rsquo;ajoutent au groupe de sorte que la louange fuse le dimanche des coeurs et des instruments <strong>Soli Deo Gloria<\/strong>. Quant &lsquo;\u00e0 l&rsquo;Eglise de Gen\u00e8ve, elle a fait un don substantiel \u00e0 l&rsquo;Eglise d&rsquo;Agen lui permettant d&rsquo;acqu\u00e9rir une centaine de recueil d&rsquo;Arc en Ciel. Son r\u00e9pertoire s&rsquo;enrichit d&rsquo;autant. Dans cette d\u00e9cennie, l&rsquo;Eglise est pass\u00e9e des bancs rustres aux chaises hyperconfortables. Le culte se d\u00e9roule dans des conditions optimales, surtout que dans le m\u00eame temps la sonorisation a \u00e9t\u00e9 revue et am\u00e9lior\u00e9e consid\u00e9rablement. <em>\u00ab\u00a0Tout mon \u00eatre louera le Seigneur.\u00a0\u00bb<\/em><\/p>\n<h2><em>Convention Biblique<\/em><\/h2>\n<p>L&rsquo;Eglise perp\u00e9tue depuis les ann\u00e9es d&rsquo;avant guerre ce qu&rsquo;on appelle dans le <a href=\"https:\/\/agen.umc-europe.org\/eglise\/nos-activites\/etudes-bibliques-en-lot-et-garonne\/\">Lot-et-Garonne<\/a> la <a title=\"Convention Biblique Annuelle\" href=\"https:\/\/agen.umc-europe.org\/eglise\/ressources-bibliques\/convention-biblique-annuelle\/\">Convention Biblique<\/a>, un temps de retraite spirituelle sur deux \u00e0 trois jours avec des orateurs invit\u00e9s pour la circonstance pour apporter un enseignement consistant et permettre aux croyants un temps de <strong>ressourcement spirituel<\/strong>. Ainsi avons-nous accueilli dans la d\u00e9cennie:<\/p>\n<ul>\n<li><strong>1993<\/strong>: Jean-Pierre Civelli<\/li>\n<li><strong>1994<\/strong> Avec Fr\u00e9dy SCHMIDT et l&rsquo;\u00e9v\u00eaque Heinrich BOLLETER avec un tour d&rsquo;horizon de la mission de l&rsquo;Eglise \u00e0 l&rsquo;\u00e9poque contemporaine<\/li>\n<li><strong>1995<\/strong> \u00ab\u00a0Sant\u00e9, diaconie, la foi en actes\u00a0\u00bb avec Daniel Osswald et Christian Klopfenstein<\/li>\n<li><strong>1996<\/strong>: Ren\u00e9 LAMEY, Pasteur de l&rsquo;Eglise Evang\u00e9lique M\u00e9thodiste de Mont-de-Marsan \u00a0\u00bb Le mal et la souffrance, d&rsquo;apr\u00e8s Job \u00a0\u00bb et John FEATHERSTONE, Auteur-Compositeur-Interpr\u00e8te \u00a0\u00bb La louange en esprit et en v\u00e9rit\u00e9 \u00ab\u00a0<\/li>\n<li><strong>1997<\/strong>: Michel BOURLIER, pasteur de l&rsquo;Eglise Evang\u00e9lique M\u00e9thodiste Emmanuel de Strasbourg \u00a0\u00bb La libert\u00e9 du chr\u00e9tien \u00a0\u00bb et Frank HORTON, Ancien Doyen de l&rsquo;Institut Biblique Emma\u00fcs de St-L\u00e9gier (Suisse) \u00a0\u00bb Malachie : proph\u00e9tie d&rsquo;une \u00e9tonnante actualit\u00e9\u00a0\u00bb<\/li>\n<li><strong>1998<\/strong> \u00ab\u00a0La Mission au service de Dieu et des hommes\u00a0\u00bb avec avec Alain VILORIA et Gandhi MARINOVA missionnaires de l\u2019Alliance Evang\u00e9lique Missionnaire (AEM) et le pasteur Daniel NUSSBAUMER de l\u2019Eglise Evang\u00e9lique M\u00e9thodiste de Gen\u00e8ve<\/li>\n<li><strong>1999<\/strong> \u00ab\u00a0Les rapports entre les g\u00e9n\u00e9rations: conflit ou coop\u00e9ration?\u00a0\u00bb avec le pasteur Richard DOULIERE et le pasteur Robert GILLET, de l\u2019Eglise Evang\u00e9lique M\u00e9thodiste de Fleurance<\/li>\n<li><strong>2000<\/strong> \u00ab\u00a0L&rsquo;\u00e9glise belle sous tous rapports\u00a0\u00bb avec l\u2019\u00e9vang\u00e9liste Antoine GILARDI et le pasteur Pierre LACOSTE (UEEL &#8211; Orthez)<\/li>\n<li><strong>2001<\/strong> \u00ab\u00a0La relation d&rsquo;aide , un d\u00e9fi : Etre \u00e0 demeure &#8230; Libre de l&rsquo;occultisme\u00a0\u00bb avec le pasteur Pete PETERSON et le pasteur Fr\u00e9d\u00e9ric TRAVIER, (France-Evang\u00e9lisation)<\/li>\n<li><strong>2002<\/strong> \u00ab\u00a0Fragilit\u00e9 et accompagnement du couple\u00a0\u00bb avec G\u00e9rard HOAREAU Mission VIE &amp; FAMILLE<\/li>\n<\/ul>\n<h2><em>Temps forts<\/em><\/h2>\n<p>Les <strong>bapt\u00eames<\/strong> sont toujours un \u00e9v\u00e9nement de premier ordre dans la vie d&rsquo;une Eglise. Une douzaine d&rsquo;amis ont pris face aux fr\u00e8res et soeurs de l&rsquo;Eglise un <a href=\"https:\/\/agen.umc-europe.org\/eglise\/le-bapteme-chretien-par-immersion-un-symbole\/\">engagement d\u00e9cisif vis-\u00e0-vis du Christ par le bapt\u00eame<\/a>. Une \u00e9tape importante dans leur vie pr\u00e9liminaire \u00e0 d&rsquo;autres.<br \/>\nAutre \u00e9v\u00e9nement v\u00e9cu avec solennit\u00e9, le <strong>mariage<\/strong>: une dizaine de couples se sont ainsi unis devant Dieu en pr\u00e9sence de la communaut\u00e9.<br \/>\nLes <strong>obs\u00e8ques<\/strong> sont aussi un moment d&rsquo;intense \u00e9motion, quand il s&rsquo;agit de prendre cong\u00e9 de quelqu&rsquo;un qu&rsquo;on aime. C&rsquo;est aussi l&rsquo;occasion d&rsquo;annoncer l&rsquo;Evangile de la r\u00e9surrection aux amis et parents du d\u00e9funt pr\u00e9sents lors du service fun\u00e8bre.<br \/>\nLes <strong>f\u00eates de No\u00ebl<\/strong> n&rsquo;ont pas failli \u00e0 la r\u00e8gle: enfants et moins jeunes ont donn\u00e9 le meilleur d&rsquo;eux-m\u00eames pour attester la bonne nouvelle par le chant et les animations. Jusqu&rsquo;\u00e0 exporter la f\u00eate dans le Gers, au Coupets, avec les enfants de l&rsquo;<a title=\"Enfants et Jeunes\" href=\"https:\/\/agen.umc-europe.org\/eglise\/nos-activites\/enfants-et-jeunes-catechisme\/\">Ecole du Dimanche<\/a> en pr\u00e9sence de voisins et d&rsquo;amis.<br \/>\nTous les deux ans, l&rsquo;Eglise a tenu une Exposition de produits d&rsquo;artisanat dans le cadre d&rsquo;un partenariat avec le SEL (<a href=\"http:\/\/www.selfrance.org\/\" target=\"_blank\" rel=\"noopener\">Service d&rsquo;Entraide et de Liaison<\/a>), une fa\u00e7on pour elle de soutenir le commerce \u00e9quitable.<br \/>\nL&rsquo;Eglise s&rsquo;est rarement pay\u00e9e des sorties. Mais il y en a une qui grave les esprits, une visite guid\u00e9e \u00e0 la Fondation John BOST \u00e0 la Force (pr\u00e8s de Bergerac) pour d\u00e9couvrir cette oeuvre social, t\u00e9moin encore de nos jours de l&rsquo;attention du Christ pour les handicap\u00e9s.<br \/>\nEn 1996 eut lieu aussi le <strong>jubil\u00e9 de l&rsquo;Eglise<\/strong>: les 50 ans de son implantation dans la propri\u00e9t\u00e9 de CATALA et les 70 ans de sa naissance dans cette ville des pruneaux. La F\u00eate de la Reconnaissance 96 eut un cachet particulier avec en particulier la pr\u00e9sence de plusieurs t\u00e9moins de la premi\u00e8re heure, dont l&rsquo;\u00e9pouse du pasteur Nyffeler.<br \/>\nAutre nouveaut\u00e9: aux <strong>rencontres annuelles de l&rsquo;Ascension<\/strong>, les trois Eglises m\u00e9thodistes du secteur ont pris l&rsquo;habitude d&rsquo;ajouter un autre rendez-vous tous les deux ans: un week-end inter-\u00e9glise au ch\u00e2teau de <a href=\"http:\/\/www.agapevillage.com\/fr\/ctl-312235-.html\" target=\"_blank\" rel=\"noopener\">Peyreguilhot <\/a>autour d&rsquo;un th\u00e8me porteur (en l&rsquo;an 2000: \u00ab\u00a02000 ans de christianisme\u00a0\u00bb et en l&rsquo;an 2002: \u00ab\u00a0pr\u00eats pour le retour de J\u00e9sus\u00a0\u00bb- chaque Eglise se chargeant d&rsquo;une partie de l&rsquo;organisation et de l&rsquo;animation. Tous en ont retir\u00e9 le plus grand profit.<\/p>\n<p>Le groupe f\u00e9minin rassemblant les soeurs de l&rsquo;Eglise ont pris plaisir de se r\u00e9unir r\u00e9guli\u00e8rement pour l&rsquo;\u00e9dification mutuelle mais ont aussi eu \u00e0 coeur de toucher les femmes de leur entourage sur le plan spirituel en organisant des go\u00fbters th\u00e9matiques \u00e0 intervalles r\u00e9guliers soit dans des restaurants, soit dans des lieux neutres.<\/p>\n<h2><em>Travaux dans l&rsquo;Eglise<\/em><\/h2>\n<p>La chapelle a fait en 1994 l&rsquo;objet de divers travaux de r\u00e9fection : la couverture du toit, l&rsquo;installation du chauffage central dans la salle de culte, la pose de plaques en fer forg\u00e9 sur les vitrages et la r\u00e9fection de la fa\u00e7ade de l&rsquo;Eglise. Le chantier s&rsquo;est poursuivie dans l&rsquo;ann\u00e9e par la r\u00e9novation int\u00e9rieure de la Salle de Culte, le changement de chaire, l&rsquo;am\u00e9nagement du grenier en dortoir pour les jeunes et le remplacement de plusieurs fen\u00eatres du presbyt\u00e8re.<\/p>\n<h2><em>Biblioth\u00e8que<\/em><\/h2>\n<p>L&rsquo;Eglise a eu l&rsquo;intuition qu&rsquo;une <a title=\"Biblioth\u00e8que de culture biblique\" href=\"https:\/\/agen.umc-europe.org\/eglise\/ressources-bibliques\/bibliotheque-de-culture-biblique\/\">Biblioth\u00e8que <\/a>ayant pignon sur rue et offrant une grande palette de produits (livres, vid\u00e9os, cassettes audio, CD) int\u00e9resserait le public \u00e0 la foi chr\u00e9tienne. La Biblioth\u00e8que, tout en ayant une assise ind\u00e9pendante de l&rsquo;Eglise, est compos\u00e9e de membres de l&rsquo;Eglise et constitue une t\u00eate de pont de l&rsquo;Eglise en mati\u00e8re d&rsquo;\u00e9vang\u00e9lisation dans la ville d&rsquo;Agen. Au fil des ann\u00e9es, le nombre de nouvelles inscriptions ne cesse de cro\u00eetre par le simple bouche \u00e0 oreille. Les responsables auront le souci de fid\u00e9liser les nouveaux venus en particulier par l&rsquo;envoi r\u00e9gulier (2 X par an) d&rsquo;un journal \u00ab\u00a0Liaison\u00a0\u00bb, trait d&rsquo;union entre la Biblioth\u00e8que et ses usagers.<\/p>\n<h2><em>Pastorale d\u00e9partementale et agenaise<\/em><\/h2>\n<p>Au cours de ces Eglises protestantes d&rsquo;Agen tendent \u00e0 se rapprocher d&rsquo;une mani\u00e8re significative par la mise en oeuvre de rencontres publiques communes (par exemple sur le th\u00e8me de l&rsquo;Etranger, des sectes ou de l&rsquo;Eglise pers\u00e9cut\u00e9e), de concerts (Chorale de la Facult\u00e9 de Th\u00e9ologie d&rsquo;Aix-en-Provence). Ce rapprochement joue aussi au niveau des pasteurs du d\u00e9partement du Lot-et-Garonne, qui d\u00e9cident dans le cadre de cette pastorale de se constituer en antenne de la FEDERATION PROTESTANTE DE FRANCE (Protestantisme 47)&#8230; Si l&rsquo;\u00e9lan sera bris\u00e9 en l&rsquo;an 2000 \u00e0 l&rsquo;\u00e9chelle d\u00e9partementale, la collaboration demeure vive \u00e0 ce jour entre quatre Eglises agenaises (Eglise R\u00e9form\u00e9e de France, Eglise Adventiste, Eglise Vie et Lumi\u00e8re et Eglise Evang\u00e9lique M\u00e9thodiste)<\/p>\n<h2><em>Radio Espoir<\/em><\/h2>\n<p>Radio Espoir, fruit du rapprochement des Eglises protestantes du d\u00e9partement en 1982, poursuit dans cette d\u00e9cennie sa mission: plus que jamais, il demeure ce m\u00e9dia efficace au service de l&rsquo;Evangile dans le d\u00e9partement du Lot-et-Garonne.<br \/>\nL&rsquo;EEM d&rsquo;Agen apporte sa contribution \u00e0 cette belle oeuvre \u00e0 travers b\u00e9n\u00e9voles et permanents. Le pasteur J. P. Waechter endossera la pr\u00e9sidence de la radio pendant 7 ans jusqu&rsquo;\u00e0 l&rsquo;ann\u00e9e de son d\u00e9part.<br \/>\nRadio Espoir sera un lieu o\u00f9 sera pens\u00e9e et retravaill\u00e9e en permanence durant ces ann\u00e9es la communication de l&rsquo;Evangile au coeur du monde moderne. C&rsquo;est aussi le lieu de toutes les exp\u00e9rimentations techniques; <a title=\"Radio Espoir\" href=\"http:\/\/www.espoirfm.com\" target=\"_blank\" rel=\"noopener\">Radio Espoir<\/a> osera le passage au num\u00e9rique d\u00e8s 1997, misera sur une nouvelle technologie en 2003 pour la production et la diffusion des programmes en num\u00e9rique et en bonne pionni\u00e8re sera aussi pr\u00e9sente sur le net, non seulement par son site, mais aussi par sa diffusion en direct 24h sur 24.<\/p>\n<p style=\"text-align: right;\">Jean Philippe Waechter (1993-2003)<\/p>\n","protected":false},"excerpt":{"rendered":"<p>Vie de l&rsquo;\u00e9glise Le besoin de relancer l&rsquo;esprit de pri\u00e8re a marqu\u00e9 les coeurs ces derni\u00e8res ann\u00e9es; un groupe d&rsquo;intercession s&rsquo;est ainsi form\u00e9, qui se r\u00e9unit apr\u00e8s le premier culte du mois pour \u00e9changer les sujets de pri\u00e8res et constater les progr\u00e8s de l&rsquo;oeuvre du Seigneur dans les coeurs. \u00ab\u00a0La&#8230;<\/p>\n","protected":false},"author":2,"featured_media":0,"parent":86,"menu_order":8,"comment_status":"open","ping_status":"closed","template":"","meta":{"_monsterinsights_skip_tracking":false,"_monsterinsights_sitenote_active":false,"_monsterinsights_sitenote_note":"","_monsterinsights_sitenote_category":0,"footnotes":""},"yoast_head":"<!-- This site is optimized with the Yoast SEO plugin v21.9.1 - https:\/\/yoast.com\/wordpress\/plugins\/seo\/ -->\n<title>Notre histoire - L&#039;\u00e8re Jean Philippe Waechter (1993-2003)<\/title>\n<meta name=\"description\" content=\"Le pasteur JP Waechter \u00e9tait en poste pendant 10 ans sur Agen. Retour sur son minist\u00e8re.\" \/>\n<meta name=\"robots\" content=\"index, follow, max-snippet:-1, max-image-preview:large, max-video-preview:-1\" \/>\n<link rel=\"canonical\" href=\"https:\/\/agen.umc-europe.org\/eglise\/notre-histoire-introduction\/notre-histoire-pasteur-jp-waechter\/\" \/>\n<meta property=\"og:locale\" content=\"fr_FR\" \/>\n<meta property=\"og:type\" content=\"article\" \/>\n<meta property=\"og:title\" content=\"Notre histoire - L&#039;\u00e8re Jean Philippe Waechter (1993-2003)\" \/>\n<meta property=\"og:description\" content=\"Le pasteur JP Waechter \u00e9tait en poste pendant 10 ans sur Agen. Retour sur son minist\u00e8re.\" \/>\n<meta property=\"og:url\" content=\"https:\/\/agen.umc-europe.org\/eglise\/notre-histoire-introduction\/notre-histoire-pasteur-jp-waechter\/\" \/>\n<meta property=\"og:site_name\" content=\"\u00c9glise Protestante \u00c9vang\u00e9lique M\u00e9thodiste Agen\" \/>\n<meta property=\"article:publisher\" content=\"https:\/\/www.facebook.com\/EgliseAgen\/\" \/>\n<meta property=\"article:modified_time\" content=\"2017-12-27T17:27:29+00:00\" \/>\n<meta name=\"twitter:card\" content=\"summary_large_image\" \/>\n<meta name=\"twitter:site\" content=\"@EgliseAgen\" \/>\n<meta name=\"twitter:label1\" content=\"Dur\u00e9e de lecture estim\u00e9e\" \/>\n\t<meta name=\"twitter:data1\" content=\"8 minutes\" \/>\n<script type=\"application\/ld+json\" class=\"yoast-schema-graph\">{\"@context\":\"https:\/\/schema.org\",\"@graph\":[{\"@type\":\"WebPage\",\"@id\":\"https:\/\/agen.umc-europe.org\/eglise\/notre-histoire-introduction\/notre-histoire-pasteur-jp-waechter\/\",\"url\":\"https:\/\/agen.umc-europe.org\/eglise\/notre-histoire-introduction\/notre-histoire-pasteur-jp-waechter\/\",\"name\":\"Notre histoire - L'\u00e8re Jean Philippe Waechter (1993-2003)\",\"isPartOf\":{\"@id\":\"https:\/\/agen.umc-europe.org\/eglise\/#website\"},\"datePublished\":\"2014-09-03T19:04:00+00:00\",\"dateModified\":\"2017-12-27T17:27:29+00:00\",\"description\":\"Le pasteur JP Waechter \u00e9tait en poste pendant 10 ans sur Agen. Retour sur son minist\u00e8re.\",\"breadcrumb\":{\"@id\":\"https:\/\/agen.umc-europe.org\/eglise\/notre-histoire-introduction\/notre-histoire-pasteur-jp-waechter\/#breadcrumb\"},\"inLanguage\":\"fr-FR\",\"potentialAction\":[{\"@type\":\"ReadAction\",\"target\":[\"https:\/\/agen.umc-europe.org\/eglise\/notre-histoire-introduction\/notre-histoire-pasteur-jp-waechter\/\"]}]},{\"@type\":\"BreadcrumbList\",\"@id\":\"https:\/\/agen.umc-europe.org\/eglise\/notre-histoire-introduction\/notre-histoire-pasteur-jp-waechter\/#breadcrumb\",\"itemListElement\":[{\"@type\":\"ListItem\",\"position\":1,\"name\":\"Accueil\",\"item\":\"https:\/\/agen.umc-europe.org\/eglise\/\"},{\"@type\":\"ListItem\",\"position\":2,\"name\":\"Notre histoire &#8211; Introduction\",\"item\":\"https:\/\/agen.umc-europe.org\/eglise\/notre-histoire-introduction\/\"},{\"@type\":\"ListItem\",\"position\":3,\"name\":\"Notre histoire &#8211; L&rsquo;\u00e8re Jean Philippe Waechter (1993-2003)\"}]},{\"@type\":\"WebSite\",\"@id\":\"https:\/\/agen.umc-europe.org\/eglise\/#website\",\"url\":\"https:\/\/agen.umc-europe.org\/eglise\/\",\"name\":\"\u00c9glise Protestante \u00c9vang\u00e9lique M\u00e9thodiste Agen\",\"description\":\"Des chr\u00e9tiens \u00e9vang\u00e9liques au coeur du Lot et Garonne. &quot;Viens et vois!&quot; ( Jean 1:47 )\",\"potentialAction\":[{\"@type\":\"SearchAction\",\"target\":{\"@type\":\"EntryPoint\",\"urlTemplate\":\"https:\/\/agen.umc-europe.org\/eglise\/?s={search_term_string}\"},\"query-input\":\"required name=search_term_string\"}],\"inLanguage\":\"fr-FR\"}]}<\/script>\n<!-- \/ Yoast SEO plugin. -->","yoast_head_json":{"title":"Notre histoire - L'\u00e8re Jean Philippe Waechter (1993-2003)","description":"Le pasteur JP Waechter \u00e9tait en poste pendant 10 ans sur Agen. Retour sur son minist\u00e8re.","robots":{"index":"index","follow":"follow","max-snippet":"max-snippet:-1","max-image-preview":"max-image-preview:large","max-video-preview":"max-video-preview:-1"},"canonical":"https:\/\/agen.umc-europe.org\/eglise\/notre-histoire-introduction\/notre-histoire-pasteur-jp-waechter\/","og_locale":"fr_FR","og_type":"article","og_title":"Notre histoire - L'\u00e8re Jean Philippe Waechter (1993-2003)","og_description":"Le pasteur JP Waechter \u00e9tait en poste pendant 10 ans sur Agen. Retour sur son minist\u00e8re.","og_url":"https:\/\/agen.umc-europe.org\/eglise\/notre-histoire-introduction\/notre-histoire-pasteur-jp-waechter\/","og_site_name":"\u00c9glise Protestante \u00c9vang\u00e9lique M\u00e9thodiste Agen","article_publisher":"https:\/\/www.facebook.com\/EgliseAgen\/","article_modified_time":"2017-12-27T17:27:29+00:00","twitter_card":"summary_large_image","twitter_site":"@EgliseAgen","twitter_misc":{"Dur\u00e9e de lecture estim\u00e9e":"8 minutes"},"schema":{"@context":"https:\/\/schema.org","@graph":[{"@type":"WebPage","@id":"https:\/\/agen.umc-europe.org\/eglise\/notre-histoire-introduction\/notre-histoire-pasteur-jp-waechter\/","url":"https:\/\/agen.umc-europe.org\/eglise\/notre-histoire-introduction\/notre-histoire-pasteur-jp-waechter\/","name":"Notre histoire - L'\u00e8re Jean Philippe Waechter (1993-2003)","isPartOf":{"@id":"https:\/\/agen.umc-europe.org\/eglise\/#website"},"datePublished":"2014-09-03T19:04:00+00:00","dateModified":"2017-12-27T17:27:29+00:00","description":"Le pasteur JP Waechter \u00e9tait en poste pendant 10 ans sur Agen. Retour sur son minist\u00e8re.","breadcrumb":{"@id":"https:\/\/agen.umc-europe.org\/eglise\/notre-histoire-introduction\/notre-histoire-pasteur-jp-waechter\/#breadcrumb"},"inLanguage":"fr-FR","potentialAction":[{"@type":"ReadAction","target":["https:\/\/agen.umc-europe.org\/eglise\/notre-histoire-introduction\/notre-histoire-pasteur-jp-waechter\/"]}]},{"@type":"BreadcrumbList","@id":"https:\/\/agen.umc-europe.org\/eglise\/notre-histoire-introduction\/notre-histoire-pasteur-jp-waechter\/#breadcrumb","itemListElement":[{"@type":"ListItem","position":1,"name":"Accueil","item":"https:\/\/agen.umc-europe.org\/eglise\/"},{"@type":"ListItem","position":2,"name":"Notre histoire &#8211; Introduction","item":"https:\/\/agen.umc-europe.org\/eglise\/notre-histoire-introduction\/"},{"@type":"ListItem","position":3,"name":"Notre histoire &#8211; L&rsquo;\u00e8re Jean Philippe Waechter (1993-2003)"}]},{"@type":"WebSite","@id":"https:\/\/agen.umc-europe.org\/eglise\/#website","url":"https:\/\/agen.umc-europe.org\/eglise\/","name":"\u00c9glise Protestante \u00c9vang\u00e9lique M\u00e9thodiste Agen","description":"Des chr\u00e9tiens \u00e9vang\u00e9liques au coeur du Lot et Garonne. &quot;Viens et vois!&quot; ( Jean 1:47 )","potentialAction":[{"@type":"SearchAction","target":{"@type":"EntryPoint","urlTemplate":"https:\/\/agen.umc-europe.org\/eglise\/?s={search_term_string}"},"query-input":"required name=search_term_string"}],"inLanguage":"fr-FR"}]}},"_links":{"self":[{"href":"https:\/\/agen.umc-europe.org\/eglise\/wp-json\/wp\/v2\/pages\/238"}],"collection":[{"href":"https:\/\/agen.umc-europe.org\/eglise\/wp-json\/wp\/v2\/pages"}],"about":[{"href":"https:\/\/agen.umc-europe.org\/eglise\/wp-json\/wp\/v2\/types\/page"}],"author":[{"embeddable":true,"href":"https:\/\/agen.umc-europe.org\/eglise\/wp-json\/wp\/v2\/users\/2"}],"replies":[{"embeddable":true,"href":"https:\/\/agen.umc-europe.org\/eglise\/wp-json\/wp\/v2\/comments?post=238"}],"version-history":[{"count":9,"href":"https:\/\/agen.umc-europe.org\/eglise\/wp-json\/wp\/v2\/pages\/238\/revisions"}],"predecessor-version":[{"id":4758,"href":"https:\/\/agen.umc-europe.org\/eglise\/wp-json\/wp\/v2\/pages\/238\/revisions\/4758"}],"up":[{"embeddable":true,"href":"https:\/\/agen.umc-europe.org\/eglise\/wp-json\/wp\/v2\/pages\/86"}],"wp:attachment":[{"href":"https:\/\/agen.umc-europe.org\/eglise\/wp-json\/wp\/v2\/media?parent=238"}],"curies":[{"name":"wp","href":"https:\/\/api.w.org\/{rel}","templated":true}]}}