{"id":2238,"date":"2016-11-20T13:13:42","date_gmt":"2016-11-20T12:13:42","guid":{"rendered":"http:\/\/agen.umc-europe.org\/eglise\/?page_id=2238"},"modified":"2018-11-16T16:42:20","modified_gmt":"2018-11-16T15:42:20","slug":"convention-biblique-annuelle-novembre-2015","status":"publish","type":"page","link":"https:\/\/agen.umc-europe.org\/eglise\/convention-biblique-annuelle-novembre-2015\/","title":{"rendered":"58e Convention Biblique Novembre 2015"},"content":{"rendered":"<p>La <strong>55e<\/strong> Convention biblique a e\u00fbt lieu du\u00a0<strong>20-22 Novembre 2015<\/strong> dans les locaux de l&rsquo;\u00e9glise \u00e0 Agen.<\/p>\n<p><span style=\"text-decoration: underline;\">Th\u00e8mes : <\/span><\/p>\n<ul>\n<li>Comment et pourquoi prier ?<\/li>\n<li>L&rsquo;importance de prendre du temps avec Dieu<\/li>\n<li>Comment conna\u00eetre la volont\u00e9 de Dieu ?<\/li>\n<\/ul>\n<p><span style=\"text-decoration: underline;\">Programme :<\/span><\/p>\n<p>Vendredi 20 novembre \u00e0 <strong>20h30<\/strong>, avec David Sutherland : <em>\u00abPourquoi prier selon les Psaumes ?\u00bb<\/em><\/p>\n<p>Samedi 21 novembre \u00e0 <strong>10h30<\/strong>, avec Pascal Maurin : <em>\u00abPrendre du temps avec Dieu\u00bb<\/em><\/p>\n<p>Samedi 21 novembre \u00e0 <strong>14h30<\/strong>, avec David Sutherland : <em>\u00abComment conna\u00eetre la volont\u00e9 de Dieu ?\u00bb<\/em><\/p>\n<p>Samedi 21 novembre \u00e0 <strong>20h30<\/strong>, avec Pascal Maurin : <em>\u00abL&rsquo;appel de Jonas\u00bb<\/em> avec la participation exceptionnelle de la chorale \u00ab\u00a0Voici les jours viennent\u00a0\u00bb.<\/p>\n<p>Dimanche 22 novembre \u00e0 <strong>10h<\/strong>, culte avec David Sutherland : <em>\u00abQuelle est la religion que Dieu n&rsquo;aime pas ? (2 Cor 3v17)\u00bb<\/em><\/p>\n<p>Dimanche 22 novembre \u00e0 <strong>14h30<\/strong>, avec Pascal Maurin : <em>\u00abLe temps avec Dieu : comment l&rsquo;entretenir ?\u00bb<\/em><\/p>\n<p>Des repas seront servis samedi midi et soir ainsi que dimanche midi &#8211; T\u00e9l : Jean-Ruben Otge : 05 53 96 84 32<\/p>\n<h2><strong>\u00c9couter les enseignements<\/strong><\/h2>\n<p>David Sutherland : <em>\u00abPourquoi prier selon les Psaumes ?\u00bb<\/em> <a href=\"https:\/\/agen.umc-europe.org\/eglise\/wp-content\/uploads\/2015\/11\/20151120-David-Sutherland-Pourquoi-prier-selon-les-Psaumes.mp3\">[t\u00e9l\u00e9charger]<\/a><\/p>\n<!--[if lt IE 9]><script>document.createElement('audio');<\/script><![endif]-->\n<audio class=\"wp-audio-shortcode\" id=\"audio-2238-1\" preload=\"none\" style=\"width: 100%;\" controls=\"controls\"><source type=\"audio\/mpeg\" src=\"https:\/\/agen.umc-europe.org\/eglise\/wp-content\/uploads\/2015\/11\/20151120-David-Sutherland-Pourquoi-prier-selon-les-Psaumes.mp3?_=1\" \/><a href=\"https:\/\/agen.umc-europe.org\/eglise\/wp-content\/uploads\/2015\/11\/20151120-David-Sutherland-Pourquoi-prier-selon-les-Psaumes.mp3\">https:\/\/agen.umc-europe.org\/eglise\/wp-content\/uploads\/2015\/11\/20151120-David-Sutherland-Pourquoi-prier-selon-les-Psaumes.mp3<\/a><\/audio>\n<p>Pascal Maurin : <em>\u00abPrendre du temps avec Dieu\u00bb<\/em> <a href=\"https:\/\/agen.umc-europe.org\/eglise\/wp-content\/uploads\/2015\/11\/20151121-Pascal-Maurin-Prendre-du-temps-avec-Dieu.mp3\">[t\u00e9l\u00e9charger]<\/a><\/p>\n<audio class=\"wp-audio-shortcode\" id=\"audio-2238-2\" preload=\"none\" style=\"width: 100%;\" controls=\"controls\"><source type=\"audio\/mpeg\" src=\"https:\/\/agen.umc-europe.org\/eglise\/wp-content\/uploads\/2015\/11\/20151121-Pascal-Maurin-Prendre-du-temps-avec-Dieu.mp3?_=2\" \/><a href=\"https:\/\/agen.umc-europe.org\/eglise\/wp-content\/uploads\/2015\/11\/20151121-Pascal-Maurin-Prendre-du-temps-avec-Dieu.mp3\">https:\/\/agen.umc-europe.org\/eglise\/wp-content\/uploads\/2015\/11\/20151121-Pascal-Maurin-Prendre-du-temps-avec-Dieu.mp3<\/a><\/audio>\n<p>David Sutherland : <em>\u00abComment conna\u00eetre la volont\u00e9 de Dieu ?\u00bb<\/em> <a href=\"https:\/\/agen.umc-europe.org\/eglise\/wp-content\/uploads\/2015\/11\/20151121-David-Sutherland-Connaitre-la-volont\u00e9-de-Dieu.mp3\">[t\u00e9l\u00e9charger]<\/a><\/p>\n<audio class=\"wp-audio-shortcode\" id=\"audio-2238-3\" preload=\"none\" style=\"width: 100%;\" controls=\"controls\"><source type=\"audio\/mpeg\" src=\"https:\/\/agen.umc-europe.org\/eglise\/wp-content\/uploads\/2015\/11\/20151121-David-Sutherland-Connaitre-la-volont\u00e9-de-Dieu.mp3?_=3\" \/><a href=\"https:\/\/agen.umc-europe.org\/eglise\/wp-content\/uploads\/2015\/11\/20151121-David-Sutherland-Connaitre-la-volont\u00e9-de-Dieu.mp3\">https:\/\/agen.umc-europe.org\/eglise\/wp-content\/uploads\/2015\/11\/20151121-David-Sutherland-Connaitre-la-volont\u00e9-de-Dieu.mp3<\/a><\/audio>\n<p>Pascal Maurin : <em>\u00abL&rsquo;appel de Jonas\u00bb<\/em><a href=\"https:\/\/agen.umc-europe.org\/eglise\/wp-content\/uploads\/2015\/11\/20151121-Pascal-Maurin-Appel-de-jonas.mp3\">[t\u00e9l\u00e9charger]<\/a><\/p>\n<audio class=\"wp-audio-shortcode\" id=\"audio-2238-4\" preload=\"none\" style=\"width: 100%;\" controls=\"controls\"><source type=\"audio\/mpeg\" src=\"https:\/\/agen.umc-europe.org\/eglise\/wp-content\/uploads\/2015\/11\/20151121-Pascal-Maurin-Appel-de-jonas.mp3?_=4\" \/><a href=\"https:\/\/agen.umc-europe.org\/eglise\/wp-content\/uploads\/2015\/11\/20151121-Pascal-Maurin-Appel-de-jonas.mp3\">https:\/\/agen.umc-europe.org\/eglise\/wp-content\/uploads\/2015\/11\/20151121-Pascal-Maurin-Appel-de-jonas.mp3<\/a><\/audio>\n<p>David Sutherland : <em>\u00abQuelle est la religion que Dieu n&rsquo;aime pas ? (2 Cor 3v17)\u00bb<\/em><a href=\"https:\/\/agen.umc-europe.org\/eglise\/wp-content\/uploads\/2015\/11\/20151122-David-Sutherland-Quelle-est-la-religion-que-Dieu-naime-pas.mp3\">[t\u00e9l\u00e9charger]<\/a><\/p>\n<audio class=\"wp-audio-shortcode\" id=\"audio-2238-5\" preload=\"none\" style=\"width: 100%;\" controls=\"controls\"><source type=\"audio\/mpeg\" src=\"https:\/\/agen.umc-europe.org\/eglise\/wp-content\/uploads\/2015\/11\/20151122-David-Sutherland-Quelle-est-la-religion-que-Dieu-naime-pas.mp3?_=5\" \/><a href=\"https:\/\/agen.umc-europe.org\/eglise\/wp-content\/uploads\/2015\/11\/20151122-David-Sutherland-Quelle-est-la-religion-que-Dieu-naime-pas.mp3\">https:\/\/agen.umc-europe.org\/eglise\/wp-content\/uploads\/2015\/11\/20151122-David-Sutherland-Quelle-est-la-religion-que-Dieu-naime-pas.mp3<\/a><\/audio>\n<p>Pascal Maurin : <em>\u00abLe temps avec Dieu : comment l&rsquo;entretenir ?\u00bb<\/em> <a href=\"https:\/\/agen.umc-europe.org\/eglise\/wp-content\/uploads\/2015\/11\/201511222-Pascal-Maurin-le-temps-avec-Dieu-comment-l-entretenir.mp3\">[t\u00e9l\u00e9charger]<\/a><\/p>\n<audio class=\"wp-audio-shortcode\" id=\"audio-2238-6\" preload=\"none\" style=\"width: 100%;\" controls=\"controls\"><source type=\"audio\/mpeg\" src=\"https:\/\/agen.umc-europe.org\/eglise\/wp-content\/uploads\/2015\/11\/201511222-Pascal-Maurin-le-temps-avec-Dieu-comment-l-entretenir.mp3?_=6\" \/><a href=\"https:\/\/agen.umc-europe.org\/eglise\/wp-content\/uploads\/2015\/11\/201511222-Pascal-Maurin-le-temps-avec-Dieu-comment-l-entretenir.mp3\">https:\/\/agen.umc-europe.org\/eglise\/wp-content\/uploads\/2015\/11\/201511222-Pascal-Maurin-le-temps-avec-Dieu-comment-l-entretenir.mp3<\/a><\/audio>\n","protected":false},"excerpt":{"rendered":"<p>La 55e Convention biblique a e\u00fbt lieu du\u00a020-22 Novembre 2015 dans les locaux de l&rsquo;\u00e9glise \u00e0 Agen. Th\u00e8mes : Comment et pourquoi prier ? L&rsquo;importance de prendre du temps avec Dieu Comment conna\u00eetre la volont\u00e9 de Dieu ? Programme : Vendredi 20 novembre \u00e0 20h30, avec David Sutherland : \u00abPourquoi&#8230;<\/p>\n","protected":false},"author":2,"featured_media":0,"parent":0,"menu_order":0,"comment_status":"closed","ping_status":"closed","template":"","meta":{"_monsterinsights_skip_tracking":false,"_monsterinsights_sitenote_active":false,"_monsterinsights_sitenote_note":"","_monsterinsights_sitenote_category":0,"footnotes":""},"yoast_head":"<!-- This site is optimized with the Yoast SEO plugin v21.9.1 - https:\/\/yoast.com\/wordpress\/plugins\/seo\/ -->\n<title>Convention Biblique Novembre 2015 : La pri\u00e8re dans la Bible<\/title>\n<meta name=\"description\" content=\"Comment et pourquoi prier ? L&#039;importance de prendre du temps avec Dieu. Comment conna\u00eetre la volont\u00e9 de Dieu ? Retours sur la convention biblique 2015\" \/>\n<meta name=\"robots\" content=\"index, follow, max-snippet:-1, max-image-preview:large, max-video-preview:-1\" \/>\n<link rel=\"canonical\" href=\"https:\/\/agen.umc-europe.org\/eglise\/convention-biblique-annuelle-novembre-2015\/\" \/>\n<meta property=\"og:locale\" content=\"fr_FR\" \/>\n<meta property=\"og:type\" content=\"article\" \/>\n<meta property=\"og:title\" content=\"Convention Biblique Novembre 2015 : La pri\u00e8re dans la Bible\" \/>\n<meta property=\"og:description\" content=\"Comment et pourquoi prier ? L&#039;importance de prendre du temps avec Dieu. Comment conna\u00eetre la volont\u00e9 de Dieu ? Retours sur la convention biblique 2015\" \/>\n<meta property=\"og:url\" content=\"https:\/\/agen.umc-europe.org\/eglise\/convention-biblique-annuelle-novembre-2015\/\" \/>\n<meta property=\"og:site_name\" content=\"\u00c9glise Protestante \u00c9vang\u00e9lique M\u00e9thodiste Agen\" \/>\n<meta property=\"article:publisher\" content=\"https:\/\/www.facebook.com\/EgliseAgen\/\" \/>\n<meta property=\"article:modified_time\" content=\"2018-11-16T15:42:20+00:00\" \/>\n<meta name=\"twitter:card\" content=\"summary_large_image\" \/>\n<meta name=\"twitter:site\" content=\"@EgliseAgen\" \/>\n<meta name=\"twitter:label1\" content=\"Dur\u00e9e de lecture estim\u00e9e\" \/>\n\t<meta name=\"twitter:data1\" content=\"1 minute\" \/>\n<script type=\"application\/ld+json\" class=\"yoast-schema-graph\">{\"@context\":\"https:\/\/schema.org\",\"@graph\":[{\"@type\":\"WebPage\",\"@id\":\"https:\/\/agen.umc-europe.org\/eglise\/convention-biblique-annuelle-novembre-2015\/\",\"url\":\"https:\/\/agen.umc-europe.org\/eglise\/convention-biblique-annuelle-novembre-2015\/\",\"name\":\"Convention Biblique Novembre 2015 : La pri\u00e8re dans la Bible\",\"isPartOf\":{\"@id\":\"https:\/\/agen.umc-europe.org\/eglise\/#website\"},\"datePublished\":\"2016-11-20T12:13:42+00:00\",\"dateModified\":\"2018-11-16T15:42:20+00:00\",\"description\":\"Comment et pourquoi prier ? L'importance de prendre du temps avec Dieu. Comment conna\u00eetre la volont\u00e9 de Dieu ? Retours sur la convention biblique 2015\",\"breadcrumb\":{\"@id\":\"https:\/\/agen.umc-europe.org\/eglise\/convention-biblique-annuelle-novembre-2015\/#breadcrumb\"},\"inLanguage\":\"fr-FR\",\"potentialAction\":[{\"@type\":\"ReadAction\",\"target\":[\"https:\/\/agen.umc-europe.org\/eglise\/convention-biblique-annuelle-novembre-2015\/\"]}]},{\"@type\":\"BreadcrumbList\",\"@id\":\"https:\/\/agen.umc-europe.org\/eglise\/convention-biblique-annuelle-novembre-2015\/#breadcrumb\",\"itemListElement\":[{\"@type\":\"ListItem\",\"position\":1,\"name\":\"Accueil\",\"item\":\"https:\/\/agen.umc-europe.org\/eglise\/\"},{\"@type\":\"ListItem\",\"position\":2,\"name\":\"58e Convention Biblique Novembre 2015\"}]},{\"@type\":\"WebSite\",\"@id\":\"https:\/\/agen.umc-europe.org\/eglise\/#website\",\"url\":\"https:\/\/agen.umc-europe.org\/eglise\/\",\"name\":\"\u00c9glise Protestante \u00c9vang\u00e9lique M\u00e9thodiste Agen\",\"description\":\"Des chr\u00e9tiens \u00e9vang\u00e9liques au coeur du Lot et Garonne. &quot;Viens et vois!&quot; ( Jean 1:47 )\",\"potentialAction\":[{\"@type\":\"SearchAction\",\"target\":{\"@type\":\"EntryPoint\",\"urlTemplate\":\"https:\/\/agen.umc-europe.org\/eglise\/?s={search_term_string}\"},\"query-input\":\"required name=search_term_string\"}],\"inLanguage\":\"fr-FR\"}]}<\/script>\n<!-- \/ Yoast SEO plugin. -->","yoast_head_json":{"title":"Convention Biblique Novembre 2015 : La pri\u00e8re dans la Bible","description":"Comment et pourquoi prier ? L'importance de prendre du temps avec Dieu. Comment conna\u00eetre la volont\u00e9 de Dieu ? Retours sur la convention biblique 2015","robots":{"index":"index","follow":"follow","max-snippet":"max-snippet:-1","max-image-preview":"max-image-preview:large","max-video-preview":"max-video-preview:-1"},"canonical":"https:\/\/agen.umc-europe.org\/eglise\/convention-biblique-annuelle-novembre-2015\/","og_locale":"fr_FR","og_type":"article","og_title":"Convention Biblique Novembre 2015 : La pri\u00e8re dans la Bible","og_description":"Comment et pourquoi prier ? L'importance de prendre du temps avec Dieu. Comment conna\u00eetre la volont\u00e9 de Dieu ? Retours sur la convention biblique 2015","og_url":"https:\/\/agen.umc-europe.org\/eglise\/convention-biblique-annuelle-novembre-2015\/","og_site_name":"\u00c9glise Protestante \u00c9vang\u00e9lique M\u00e9thodiste Agen","article_publisher":"https:\/\/www.facebook.com\/EgliseAgen\/","article_modified_time":"2018-11-16T15:42:20+00:00","twitter_card":"summary_large_image","twitter_site":"@EgliseAgen","twitter_misc":{"Dur\u00e9e de lecture estim\u00e9e":"1 minute"},"schema":{"@context":"https:\/\/schema.org","@graph":[{"@type":"WebPage","@id":"https:\/\/agen.umc-europe.org\/eglise\/convention-biblique-annuelle-novembre-2015\/","url":"https:\/\/agen.umc-europe.org\/eglise\/convention-biblique-annuelle-novembre-2015\/","name":"Convention Biblique Novembre 2015 : La pri\u00e8re dans la Bible","isPartOf":{"@id":"https:\/\/agen.umc-europe.org\/eglise\/#website"},"datePublished":"2016-11-20T12:13:42+00:00","dateModified":"2018-11-16T15:42:20+00:00","description":"Comment et pourquoi prier ? L'importance de prendre du temps avec Dieu. Comment conna\u00eetre la volont\u00e9 de Dieu ? Retours sur la convention biblique 2015","breadcrumb":{"@id":"https:\/\/agen.umc-europe.org\/eglise\/convention-biblique-annuelle-novembre-2015\/#breadcrumb"},"inLanguage":"fr-FR","potentialAction":[{"@type":"ReadAction","target":["https:\/\/agen.umc-europe.org\/eglise\/convention-biblique-annuelle-novembre-2015\/"]}]},{"@type":"BreadcrumbList","@id":"https:\/\/agen.umc-europe.org\/eglise\/convention-biblique-annuelle-novembre-2015\/#breadcrumb","itemListElement":[{"@type":"ListItem","position":1,"name":"Accueil","item":"https:\/\/agen.umc-europe.org\/eglise\/"},{"@type":"ListItem","position":2,"name":"58e Convention Biblique Novembre 2015"}]},{"@type":"WebSite","@id":"https:\/\/agen.umc-europe.org\/eglise\/#website","url":"https:\/\/agen.umc-europe.org\/eglise\/","name":"\u00c9glise Protestante \u00c9vang\u00e9lique M\u00e9thodiste Agen","description":"Des chr\u00e9tiens \u00e9vang\u00e9liques au coeur du Lot et Garonne. &quot;Viens et vois!&quot; ( Jean 1:47 )","potentialAction":[{"@type":"SearchAction","target":{"@type":"EntryPoint","urlTemplate":"https:\/\/agen.umc-europe.org\/eglise\/?s={search_term_string}"},"query-input":"required name=search_term_string"}],"inLanguage":"fr-FR"}]}},"_links":{"self":[{"href":"https:\/\/agen.umc-europe.org\/eglise\/wp-json\/wp\/v2\/pages\/2238"}],"collection":[{"href":"https:\/\/agen.umc-europe.org\/eglise\/wp-json\/wp\/v2\/pages"}],"about":[{"href":"https:\/\/agen.umc-europe.org\/eglise\/wp-json\/wp\/v2\/types\/page"}],"author":[{"embeddable":true,"href":"https:\/\/agen.umc-europe.org\/eglise\/wp-json\/wp\/v2\/users\/2"}],"replies":[{"embeddable":true,"href":"https:\/\/agen.umc-europe.org\/eglise\/wp-json\/wp\/v2\/comments?post=2238"}],"version-history":[{"count":4,"href":"https:\/\/agen.umc-europe.org\/eglise\/wp-json\/wp\/v2\/pages\/2238\/revisions"}],"predecessor-version":[{"id":5206,"href":"https:\/\/agen.umc-europe.org\/eglise\/wp-json\/wp\/v2\/pages\/2238\/revisions\/5206"}],"wp:attachment":[{"href":"https:\/\/agen.umc-europe.org\/eglise\/wp-json\/wp\/v2\/media?parent=2238"}],"curies":[{"name":"wp","href":"https:\/\/api.w.org\/{rel}","templated":true}]}}