{"id":1794,"date":"2015-10-04T12:45:20","date_gmt":"2015-10-04T11:45:20","guid":{"rendered":"http:\/\/agen.umc-europe.org\/eglise\/?page_id=1794"},"modified":"2018-11-16T16:44:43","modified_gmt":"2018-11-16T15:44:43","slug":"convention-biblique-novembre-2014","status":"publish","type":"page","link":"https:\/\/agen.umc-europe.org\/eglise\/convention-biblique-novembre-2014\/","title":{"rendered":"57e Convention Biblique 2014"},"content":{"rendered":"<p>La <strong>57e<\/strong> Convention biblique a e\u00fbt lieu cette ann\u00e9e du <strong>21-23 Novembre 2014<\/strong> dans les locaux de l&rsquo;\u00e9glise \u00e0 Agen.<\/p>\n<p><span style=\"text-decoration: underline;\">Th\u00e8mes : <\/span><\/p>\n<ul>\n<li>Dieu qui r\u00e9pare des relations impossibles (Vie de Joseph et Jacob) par Antoine Da Silva (Pasteur Bischwiller)<\/li>\n<li>Esther et la Main qui gouverne notre monde (Vie d&rsquo;Esther) par Vincent Bourrel (Pasteur Toulouse)<\/li>\n<\/ul>\n<p><span style=\"text-decoration: underline;\">Programme :<\/span><\/p>\n<p>Vendredi 21 novembre \u00e0 <strong>20h30<\/strong>, avec Antoine Da Silva : <em>\u00ab Une famille bien mal partie \u00bb<\/em><\/p>\n<p>Samedi 22 novembre \u00e0 <strong>10h30<\/strong>, avec Vincent Bourrel : <em>\u00ab Dieu est l\u00e0, m\u00eame si tu ne le vois pas \u00bb<\/em><\/p>\n<p>Samedi 22 novembre \u00e0 <strong>14h30<\/strong>, avec Antoine Da Silva : <em>\u00ab Fa\u00e7onn\u00e9 pour \u00eatre un instrument de b\u00e9n\u00e9diction \u00bb<\/em><\/p>\n<p>Samedi 22 novembre \u00e0 <strong>20h30<\/strong>, avec Vincent Bourrel : <em>\u00ab Mais que faire en temps de crise ? \u00bb<\/em><\/p>\n<p>Dimanche 23 novembre \u00e0 <strong>10h<\/strong>, avec Antoine Da Silva : <em>\u00ab Des c\u0153urs consol\u00e9s par la noblesse d\u2019un Berger \u00bb<\/em><\/p>\n<p>Dimanche 23 novembre \u00e0 <strong>14h30<\/strong>, avec Vincent Bourrel : <em>\u00ab Le sort et le Dieu souverain \u00bb<\/em><\/p>\n<p>Des repas seront servis samedi midi et soir ainsi que dimanche midi &#8211; T\u00e9l : Jean-Ruben Otge : 05 53 96 84 32<\/p>\n<p>&nbsp;<\/p>\n<h2><strong>\u00c9couter les enseignements<\/strong><\/h2>\n<p><strong>Vie d&rsquo;Esther<\/strong> (1\/3) Vincent Bourrel : <em>\u00ab Dieu est l\u00e0, m\u00eame si tu ne le vois pas \u00bb<\/em><\/p>\n<!--[if lt IE 9]><script>document.createElement('audio');<\/script><![endif]-->\n<audio class=\"wp-audio-shortcode\" id=\"audio-1794-1\" preload=\"none\" style=\"width: 100%;\" controls=\"controls\"><source type=\"audio\/mpeg\" src=\"https:\/\/agen.umc-europe.org\/eglise\/wp-content\/uploads\/2015\/02\/20141122-Vincent-Bourrel-Dieu-est-l\u00e0-m\u00eame-si-tu-le-vois-pas.mp3?_=1\" \/><a href=\"https:\/\/agen.umc-europe.org\/eglise\/wp-content\/uploads\/2015\/02\/20141122-Vincent-Bourrel-Dieu-est-l\u00e0-m\u00eame-si-tu-le-vois-pas.mp3\">https:\/\/agen.umc-europe.org\/eglise\/wp-content\/uploads\/2015\/02\/20141122-Vincent-Bourrel-Dieu-est-l\u00e0-m\u00eame-si-tu-le-vois-pas.mp3<\/a><\/audio>\n<p><strong>Vie d&rsquo;Esther<\/strong> (2\/3) Vincent Bourrel : <em>\u00ab Mais que faire en temps de crise ? \u00bb<\/em><\/p>\n<audio class=\"wp-audio-shortcode\" id=\"audio-1794-2\" preload=\"none\" style=\"width: 100%;\" controls=\"controls\"><source type=\"audio\/mpeg\" src=\"https:\/\/agen.umc-europe.org\/eglise\/wp-content\/uploads\/2015\/02\/20141122-Vincent-Bourrel-Que-faire-en-temps-de-crise.mp3?_=2\" \/><a href=\"https:\/\/agen.umc-europe.org\/eglise\/wp-content\/uploads\/2015\/02\/20141122-Vincent-Bourrel-Que-faire-en-temps-de-crise.mp3\">https:\/\/agen.umc-europe.org\/eglise\/wp-content\/uploads\/2015\/02\/20141122-Vincent-Bourrel-Que-faire-en-temps-de-crise.mp3<\/a><\/audio>\n<p><strong>Vie d&rsquo;Esther<\/strong> (3\/3) Vincent Bourrel : <em>\u00ab Le sort et la souverainet\u00e9 de Dieu \u00bb<\/em><\/p>\n<audio class=\"wp-audio-shortcode\" id=\"audio-1794-3\" preload=\"none\" style=\"width: 100%;\" controls=\"controls\"><source type=\"audio\/mpeg\" src=\"https:\/\/agen.umc-europe.org\/eglise\/wp-content\/uploads\/2015\/02\/20141123-Vincent-Bourrel-Le-sort-et-la-souverainet\u00e9-de-Dieu.mp3?_=3\" \/><a href=\"https:\/\/agen.umc-europe.org\/eglise\/wp-content\/uploads\/2015\/02\/20141123-Vincent-Bourrel-Le-sort-et-la-souverainet\u00e9-de-Dieu.mp3\">https:\/\/agen.umc-europe.org\/eglise\/wp-content\/uploads\/2015\/02\/20141123-Vincent-Bourrel-Le-sort-et-la-souverainet\u00e9-de-Dieu.mp3<\/a><\/audio>\n<hr \/>\n<p><strong>Vie de Joseph et Jacob<\/strong> (1\/3) Antoine Da Silva : <em>\u00ab Une famille bien mal partie \u00bb<\/em><\/p>\n<p><strong>Vie de Joseph et Jacob<\/strong> (2\/3) Antoine Da Silva : <em>\u00ab Fa\u00e7onn\u00e9 pour \u00eatre un instrument de b\u00e9n\u00e9diction \u00bb<\/em><\/p>\n<p><strong>Vie de Joseph et Jacob<\/strong> (3\/3) Antoine Da Silva : <em>\u00ab Des c\u0153urs consol\u00e9s par la noblesse d\u2019un Berger \u00bb<\/em><\/p>\n<p>&nbsp;<\/p>\n","protected":false},"excerpt":{"rendered":"<p>La 57e Convention biblique a e\u00fbt lieu cette ann\u00e9e du 21-23 Novembre 2014 dans les locaux de l&rsquo;\u00e9glise \u00e0 Agen. Th\u00e8mes : Dieu qui r\u00e9pare des relations impossibles (Vie de Joseph et Jacob) par Antoine Da Silva (Pasteur Bischwiller) Esther et la Main qui gouverne notre monde (Vie d&rsquo;Esther) par&#8230;<\/p>\n","protected":false},"author":2,"featured_media":0,"parent":0,"menu_order":0,"comment_status":"closed","ping_status":"closed","template":"","meta":{"_monsterinsights_skip_tracking":false,"_monsterinsights_sitenote_active":false,"_monsterinsights_sitenote_note":"","_monsterinsights_sitenote_category":0,"footnotes":""},"yoast_head":"<!-- This site is optimized with the Yoast SEO plugin v21.9.1 - https:\/\/yoast.com\/wordpress\/plugins\/seo\/ -->\n<title>Convention biblique Agen : Vies de Joseph, Jacob et Esther<\/title>\n<meta name=\"description\" content=\"Convention biblique Agen : Vies de Joseph, Jacob et Esther\" \/>\n<meta name=\"robots\" content=\"index, follow, max-snippet:-1, max-image-preview:large, max-video-preview:-1\" \/>\n<link rel=\"canonical\" href=\"https:\/\/agen.umc-europe.org\/eglise\/convention-biblique-novembre-2014\/\" \/>\n<meta property=\"og:locale\" content=\"fr_FR\" \/>\n<meta property=\"og:type\" content=\"article\" \/>\n<meta property=\"og:title\" content=\"Convention biblique Agen : Vies de Joseph, Jacob et Esther\" \/>\n<meta property=\"og:description\" content=\"Convention biblique Agen : Vies de Joseph, Jacob et Esther\" \/>\n<meta property=\"og:url\" content=\"https:\/\/agen.umc-europe.org\/eglise\/convention-biblique-novembre-2014\/\" \/>\n<meta property=\"og:site_name\" content=\"\u00c9glise Protestante \u00c9vang\u00e9lique M\u00e9thodiste Agen\" \/>\n<meta property=\"article:publisher\" content=\"https:\/\/www.facebook.com\/EgliseAgen\/\" \/>\n<meta property=\"article:modified_time\" content=\"2018-11-16T15:44:43+00:00\" \/>\n<meta name=\"twitter:card\" content=\"summary_large_image\" \/>\n<meta name=\"twitter:site\" content=\"@EgliseAgen\" \/>\n<meta name=\"twitter:label1\" content=\"Dur\u00e9e de lecture estim\u00e9e\" \/>\n\t<meta name=\"twitter:data1\" content=\"1 minute\" \/>\n<script type=\"application\/ld+json\" class=\"yoast-schema-graph\">{\"@context\":\"https:\/\/schema.org\",\"@graph\":[{\"@type\":\"WebPage\",\"@id\":\"https:\/\/agen.umc-europe.org\/eglise\/convention-biblique-novembre-2014\/\",\"url\":\"https:\/\/agen.umc-europe.org\/eglise\/convention-biblique-novembre-2014\/\",\"name\":\"Convention biblique Agen : Vies de Joseph, Jacob et Esther\",\"isPartOf\":{\"@id\":\"https:\/\/agen.umc-europe.org\/eglise\/#website\"},\"datePublished\":\"2015-10-04T11:45:20+00:00\",\"dateModified\":\"2018-11-16T15:44:43+00:00\",\"description\":\"Convention biblique Agen : Vies de Joseph, Jacob et Esther\",\"breadcrumb\":{\"@id\":\"https:\/\/agen.umc-europe.org\/eglise\/convention-biblique-novembre-2014\/#breadcrumb\"},\"inLanguage\":\"fr-FR\",\"potentialAction\":[{\"@type\":\"ReadAction\",\"target\":[\"https:\/\/agen.umc-europe.org\/eglise\/convention-biblique-novembre-2014\/\"]}]},{\"@type\":\"BreadcrumbList\",\"@id\":\"https:\/\/agen.umc-europe.org\/eglise\/convention-biblique-novembre-2014\/#breadcrumb\",\"itemListElement\":[{\"@type\":\"ListItem\",\"position\":1,\"name\":\"Accueil\",\"item\":\"https:\/\/agen.umc-europe.org\/eglise\/\"},{\"@type\":\"ListItem\",\"position\":2,\"name\":\"57e Convention Biblique 2014\"}]},{\"@type\":\"WebSite\",\"@id\":\"https:\/\/agen.umc-europe.org\/eglise\/#website\",\"url\":\"https:\/\/agen.umc-europe.org\/eglise\/\",\"name\":\"\u00c9glise Protestante \u00c9vang\u00e9lique M\u00e9thodiste Agen\",\"description\":\"Des chr\u00e9tiens \u00e9vang\u00e9liques au coeur du Lot et Garonne. &quot;Viens et vois!&quot; ( Jean 1:47 )\",\"potentialAction\":[{\"@type\":\"SearchAction\",\"target\":{\"@type\":\"EntryPoint\",\"urlTemplate\":\"https:\/\/agen.umc-europe.org\/eglise\/?s={search_term_string}\"},\"query-input\":\"required name=search_term_string\"}],\"inLanguage\":\"fr-FR\"}]}<\/script>\n<!-- \/ Yoast SEO plugin. -->","yoast_head_json":{"title":"Convention biblique Agen : Vies de Joseph, Jacob et Esther","description":"Convention biblique Agen : Vies de Joseph, Jacob et Esther","robots":{"index":"index","follow":"follow","max-snippet":"max-snippet:-1","max-image-preview":"max-image-preview:large","max-video-preview":"max-video-preview:-1"},"canonical":"https:\/\/agen.umc-europe.org\/eglise\/convention-biblique-novembre-2014\/","og_locale":"fr_FR","og_type":"article","og_title":"Convention biblique Agen : Vies de Joseph, Jacob et Esther","og_description":"Convention biblique Agen : Vies de Joseph, Jacob et Esther","og_url":"https:\/\/agen.umc-europe.org\/eglise\/convention-biblique-novembre-2014\/","og_site_name":"\u00c9glise Protestante \u00c9vang\u00e9lique M\u00e9thodiste Agen","article_publisher":"https:\/\/www.facebook.com\/EgliseAgen\/","article_modified_time":"2018-11-16T15:44:43+00:00","twitter_card":"summary_large_image","twitter_site":"@EgliseAgen","twitter_misc":{"Dur\u00e9e de lecture estim\u00e9e":"1 minute"},"schema":{"@context":"https:\/\/schema.org","@graph":[{"@type":"WebPage","@id":"https:\/\/agen.umc-europe.org\/eglise\/convention-biblique-novembre-2014\/","url":"https:\/\/agen.umc-europe.org\/eglise\/convention-biblique-novembre-2014\/","name":"Convention biblique Agen : Vies de Joseph, Jacob et Esther","isPartOf":{"@id":"https:\/\/agen.umc-europe.org\/eglise\/#website"},"datePublished":"2015-10-04T11:45:20+00:00","dateModified":"2018-11-16T15:44:43+00:00","description":"Convention biblique Agen : Vies de Joseph, Jacob et Esther","breadcrumb":{"@id":"https:\/\/agen.umc-europe.org\/eglise\/convention-biblique-novembre-2014\/#breadcrumb"},"inLanguage":"fr-FR","potentialAction":[{"@type":"ReadAction","target":["https:\/\/agen.umc-europe.org\/eglise\/convention-biblique-novembre-2014\/"]}]},{"@type":"BreadcrumbList","@id":"https:\/\/agen.umc-europe.org\/eglise\/convention-biblique-novembre-2014\/#breadcrumb","itemListElement":[{"@type":"ListItem","position":1,"name":"Accueil","item":"https:\/\/agen.umc-europe.org\/eglise\/"},{"@type":"ListItem","position":2,"name":"57e Convention Biblique 2014"}]},{"@type":"WebSite","@id":"https:\/\/agen.umc-europe.org\/eglise\/#website","url":"https:\/\/agen.umc-europe.org\/eglise\/","name":"\u00c9glise Protestante \u00c9vang\u00e9lique M\u00e9thodiste Agen","description":"Des chr\u00e9tiens \u00e9vang\u00e9liques au coeur du Lot et Garonne. &quot;Viens et vois!&quot; ( Jean 1:47 )","potentialAction":[{"@type":"SearchAction","target":{"@type":"EntryPoint","urlTemplate":"https:\/\/agen.umc-europe.org\/eglise\/?s={search_term_string}"},"query-input":"required name=search_term_string"}],"inLanguage":"fr-FR"}]}},"_links":{"self":[{"href":"https:\/\/agen.umc-europe.org\/eglise\/wp-json\/wp\/v2\/pages\/1794"}],"collection":[{"href":"https:\/\/agen.umc-europe.org\/eglise\/wp-json\/wp\/v2\/pages"}],"about":[{"href":"https:\/\/agen.umc-europe.org\/eglise\/wp-json\/wp\/v2\/types\/page"}],"author":[{"embeddable":true,"href":"https:\/\/agen.umc-europe.org\/eglise\/wp-json\/wp\/v2\/users\/2"}],"replies":[{"embeddable":true,"href":"https:\/\/agen.umc-europe.org\/eglise\/wp-json\/wp\/v2\/comments?post=1794"}],"version-history":[{"count":4,"href":"https:\/\/agen.umc-europe.org\/eglise\/wp-json\/wp\/v2\/pages\/1794\/revisions"}],"predecessor-version":[{"id":5230,"href":"https:\/\/agen.umc-europe.org\/eglise\/wp-json\/wp\/v2\/pages\/1794\/revisions\/5230"}],"wp:attachment":[{"href":"https:\/\/agen.umc-europe.org\/eglise\/wp-json\/wp\/v2\/media?parent=1794"}],"curies":[{"name":"wp","href":"https:\/\/api.w.org\/{rel}","templated":true}]}}