{"id":170,"date":"2014-08-30T08:03:11","date_gmt":"2014-08-30T07:03:11","guid":{"rendered":"http:\/\/agen.umc-europe.org\/eglise\/?page_id=170"},"modified":"2017-12-27T17:00:40","modified_gmt":"2017-12-27T16:00:40","slug":"enfants-et-jeunes-catechisme","status":"publish","type":"page","link":"https:\/\/agen.umc-europe.org\/eglise\/nos-activites\/enfants-et-jeunes-catechisme\/","title":{"rendered":"Cat\u00e9chisme pour Enfants et Jeunes"},"content":{"rendered":"<p><strong>Club d&rsquo;enfants<\/strong> : Samedi de 14h30 \u2013 16h30 tous les 15 jours<\/p>\n<p><em>Tu aimes chanter ? Bricoler ? Apprendre des histoires de la Bible ? Le club d&rsquo;enfants est fait pour toi. Il se d\u00e9roule toutes les trois semaines, le samedi (hors vacances) entre 14h30 et 16h30. A chaque rencontre nous d\u00e9couvrons la Bible tout en s&rsquo;amusant autour de jeux, de bricolages et de chants. Et pour les gourmands, il y a toujours un bon go\u00fbter. Alors viens nous rejoindre !!<\/em><\/p>\n<p><strong>Ecole du Dimanche &amp;\u00a0Garderie<\/strong> : Dimanche de 10h30 \u2013 11h45 au cours du culte<\/p>\n<p><em>Nous souhaitons que les enfants, eux aussi, aient l&rsquo;occasion de conna\u00eetre J\u00e9sus et de participer \u00e0 l&rsquo;\u00e9glise. Ainsi, les enfants de 4 \u00e0 10 ans peuvent, chaque <a title=\"Culte du Dimanche\" href=\"https:\/\/agen.umc-europe.org\/eglise\/nos-activites\/culte-du-dimanche\/\">dimanche matin<\/a>, se retrouver avec des moniteurs chr\u00e9tiens qui leur expliquent l&rsquo;\u00e9vangile de J\u00e9sus Christ de mani\u00e8re adapt\u00e9e \u00e0 leur \u00e2ge et \u00e0 leurs besoins. Tout ceci de fa\u00e7on ludique, par des r\u00e9cits bibliques, des chants et des jeux.<br \/>\nLes tout-petits de 6 mois \u00e0 3 ans ont aussi une garderie permettant aux parents de rester concentr\u00e9s sur le <a title=\"Culte du Dimanche\" href=\"https:\/\/agen.umc-europe.org\/eglise\/nos-activites\/culte-du-dimanche\/\">culte<\/a>\u00a0et la pr\u00e9dication de la Bible.<\/em><\/p>\n<p><strong>KT (Cat\u00e9chisme)<\/strong> de la 6\u00e8me \u00e0 fin de 4\u00e8me : Samedi de 18h \u00e0 21h30 tous les mois<\/p>\n<p><em>Une fin d&rsquo;apr\u00e8s midi o\u00f9 on se retrouve entre jeunes coll\u00e9giens avec les pasteurs de Fleurance et d&rsquo;Agen. On a un moment de partage autour de la Bible o\u00f9 l&rsquo;on approfondi des sujets de la vie de tous les jours (\u00ab\u00a0qu&rsquo;est-ce que la r\u00e9ussite? L&rsquo;argent ?) le tout dans une bonne ambiance et de bons fous rire.<\/em><\/p>\n<p><strong>Groupe de jeunes<\/strong>\u00a0: Samedi tous les 15 jours de 19h00 \u00e0 22h30<\/p>\n<p><em>Pour la tranche d&rsquo;\u00e2ge au dessus (et jusqu&rsquo;\u00e0 25 ans), les jeunes se retrouvent un Samedi soir sur deux (\u00e0 partir de 19h), pour un repas et des \u00e9changes autour de la <a title=\"\u00c9tude Biblique : D\u00e9couvrir la Bible ensemble\" href=\"https:\/\/agen.umc-europe.org\/eglise\/nos-activites\/etudes-bibliques-en-lot-et-garonne\/\">Bible<\/a>, des jeux, du sport et d&rsquo;autres activit\u00e9s (concerts, th\u00e9\u00e2tre, m\u00eemes).<\/em><\/p>\n<p>&nbsp;<\/p>\n<p>Retrouvez toutes nos activit\u00e9s et les horaires sur le <a title=\"Notre programme annuel\" href=\"https:\/\/agen.umc-europe.org\/eglise\/nos-activites\/le-programme\/\">calendrier<\/a>.<\/p>\n","protected":false},"excerpt":{"rendered":"<p>Club d&rsquo;enfants : Samedi de 14h30 \u2013 16h30 tous les 15 jours Tu aimes chanter ? Bricoler ? Apprendre des histoires de la Bible ? Le club d&rsquo;enfants est fait pour toi. Il se d\u00e9roule toutes les trois semaines, le samedi (hors vacances) entre 14h30 et 16h30. A chaque rencontre&#8230;<\/p>\n","protected":false},"author":2,"featured_media":0,"parent":58,"menu_order":2,"comment_status":"open","ping_status":"open","template":"","meta":{"_monsterinsights_skip_tracking":false,"_monsterinsights_sitenote_active":false,"_monsterinsights_sitenote_note":"","_monsterinsights_sitenote_category":0,"footnotes":""},"yoast_head":"<!-- This site is optimized with the Yoast SEO plugin v21.9.1 - https:\/\/yoast.com\/wordpress\/plugins\/seo\/ -->\n<title>Activit\u00e9s enfants et jeunes dans l&#039;\u00e9glise d&#039;Agen (cat\u00e9chisme)<\/title>\n<meta name=\"description\" content=\"J\u00e9sus a dit dans l&#039;\u00e9vangile de Luc 18:16 &quot;Laissez venir \u00e0 moi les petits enfants, et ne les en emp\u00eachez pas; car le royaume de Dieu est pour ceux qui leur ressemblent.&quot;\" \/>\n<meta name=\"robots\" content=\"index, follow, max-snippet:-1, max-image-preview:large, max-video-preview:-1\" \/>\n<link rel=\"canonical\" href=\"https:\/\/agen.umc-europe.org\/eglise\/nos-activites\/enfants-et-jeunes-catechisme\/\" \/>\n<meta property=\"og:locale\" content=\"fr_FR\" \/>\n<meta property=\"og:type\" content=\"article\" \/>\n<meta property=\"og:title\" content=\"Activit\u00e9s enfants et jeunes dans l&#039;\u00e9glise d&#039;Agen (cat\u00e9chisme)\" \/>\n<meta property=\"og:description\" content=\"J\u00e9sus a dit dans l&#039;\u00e9vangile de Luc 18:16 &quot;Laissez venir \u00e0 moi les petits enfants, et ne les en emp\u00eachez pas; car le royaume de Dieu est pour ceux qui leur ressemblent.&quot;\" \/>\n<meta property=\"og:url\" content=\"https:\/\/agen.umc-europe.org\/eglise\/nos-activites\/enfants-et-jeunes-catechisme\/\" \/>\n<meta property=\"og:site_name\" content=\"\u00c9glise Protestante \u00c9vang\u00e9lique M\u00e9thodiste Agen\" \/>\n<meta property=\"article:publisher\" content=\"https:\/\/www.facebook.com\/EgliseAgen\/\" \/>\n<meta property=\"article:modified_time\" content=\"2017-12-27T16:00:40+00:00\" \/>\n<meta name=\"twitter:card\" content=\"summary_large_image\" \/>\n<meta name=\"twitter:site\" content=\"@EgliseAgen\" \/>\n<meta name=\"twitter:label1\" content=\"Dur\u00e9e de lecture estim\u00e9e\" \/>\n\t<meta name=\"twitter:data1\" content=\"2 minutes\" \/>\n<script type=\"application\/ld+json\" class=\"yoast-schema-graph\">{\"@context\":\"https:\/\/schema.org\",\"@graph\":[{\"@type\":\"WebPage\",\"@id\":\"https:\/\/agen.umc-europe.org\/eglise\/nos-activites\/enfants-et-jeunes-catechisme\/\",\"url\":\"https:\/\/agen.umc-europe.org\/eglise\/nos-activites\/enfants-et-jeunes-catechisme\/\",\"name\":\"Activit\u00e9s enfants et jeunes dans l'\u00e9glise d'Agen (cat\u00e9chisme)\",\"isPartOf\":{\"@id\":\"https:\/\/agen.umc-europe.org\/eglise\/#website\"},\"datePublished\":\"2014-08-30T07:03:11+00:00\",\"dateModified\":\"2017-12-27T16:00:40+00:00\",\"description\":\"J\u00e9sus a dit dans l'\u00e9vangile de Luc 18:16 \\\"Laissez venir \u00e0 moi les petits enfants, et ne les en emp\u00eachez pas; car le royaume de Dieu est pour ceux qui leur ressemblent.\\\"\",\"breadcrumb\":{\"@id\":\"https:\/\/agen.umc-europe.org\/eglise\/nos-activites\/enfants-et-jeunes-catechisme\/#breadcrumb\"},\"inLanguage\":\"fr-FR\",\"potentialAction\":[{\"@type\":\"ReadAction\",\"target\":[\"https:\/\/agen.umc-europe.org\/eglise\/nos-activites\/enfants-et-jeunes-catechisme\/\"]}]},{\"@type\":\"BreadcrumbList\",\"@id\":\"https:\/\/agen.umc-europe.org\/eglise\/nos-activites\/enfants-et-jeunes-catechisme\/#breadcrumb\",\"itemListElement\":[{\"@type\":\"ListItem\",\"position\":1,\"name\":\"Accueil\",\"item\":\"https:\/\/agen.umc-europe.org\/eglise\/\"},{\"@type\":\"ListItem\",\"position\":2,\"name\":\"Nos activit\u00e9s\",\"item\":\"https:\/\/agen.umc-europe.org\/eglise\/nos-activites\/\"},{\"@type\":\"ListItem\",\"position\":3,\"name\":\"Cat\u00e9chisme pour Enfants et Jeunes\"}]},{\"@type\":\"WebSite\",\"@id\":\"https:\/\/agen.umc-europe.org\/eglise\/#website\",\"url\":\"https:\/\/agen.umc-europe.org\/eglise\/\",\"name\":\"\u00c9glise Protestante \u00c9vang\u00e9lique M\u00e9thodiste Agen\",\"description\":\"Des chr\u00e9tiens \u00e9vang\u00e9liques au coeur du Lot et Garonne. &quot;Viens et vois!&quot; ( Jean 1:47 )\",\"potentialAction\":[{\"@type\":\"SearchAction\",\"target\":{\"@type\":\"EntryPoint\",\"urlTemplate\":\"https:\/\/agen.umc-europe.org\/eglise\/?s={search_term_string}\"},\"query-input\":\"required name=search_term_string\"}],\"inLanguage\":\"fr-FR\"}]}<\/script>\n<!-- \/ Yoast SEO plugin. -->","yoast_head_json":{"title":"Activit\u00e9s enfants et jeunes dans l'\u00e9glise d'Agen (cat\u00e9chisme)","description":"J\u00e9sus a dit dans l'\u00e9vangile de Luc 18:16 \"Laissez venir \u00e0 moi les petits enfants, et ne les en emp\u00eachez pas; car le royaume de Dieu est pour ceux qui leur ressemblent.\"","robots":{"index":"index","follow":"follow","max-snippet":"max-snippet:-1","max-image-preview":"max-image-preview:large","max-video-preview":"max-video-preview:-1"},"canonical":"https:\/\/agen.umc-europe.org\/eglise\/nos-activites\/enfants-et-jeunes-catechisme\/","og_locale":"fr_FR","og_type":"article","og_title":"Activit\u00e9s enfants et jeunes dans l'\u00e9glise d'Agen (cat\u00e9chisme)","og_description":"J\u00e9sus a dit dans l'\u00e9vangile de Luc 18:16 \"Laissez venir \u00e0 moi les petits enfants, et ne les en emp\u00eachez pas; car le royaume de Dieu est pour ceux qui leur ressemblent.\"","og_url":"https:\/\/agen.umc-europe.org\/eglise\/nos-activites\/enfants-et-jeunes-catechisme\/","og_site_name":"\u00c9glise Protestante \u00c9vang\u00e9lique M\u00e9thodiste Agen","article_publisher":"https:\/\/www.facebook.com\/EgliseAgen\/","article_modified_time":"2017-12-27T16:00:40+00:00","twitter_card":"summary_large_image","twitter_site":"@EgliseAgen","twitter_misc":{"Dur\u00e9e de lecture estim\u00e9e":"2 minutes"},"schema":{"@context":"https:\/\/schema.org","@graph":[{"@type":"WebPage","@id":"https:\/\/agen.umc-europe.org\/eglise\/nos-activites\/enfants-et-jeunes-catechisme\/","url":"https:\/\/agen.umc-europe.org\/eglise\/nos-activites\/enfants-et-jeunes-catechisme\/","name":"Activit\u00e9s enfants et jeunes dans l'\u00e9glise d'Agen (cat\u00e9chisme)","isPartOf":{"@id":"https:\/\/agen.umc-europe.org\/eglise\/#website"},"datePublished":"2014-08-30T07:03:11+00:00","dateModified":"2017-12-27T16:00:40+00:00","description":"J\u00e9sus a dit dans l'\u00e9vangile de Luc 18:16 \"Laissez venir \u00e0 moi les petits enfants, et ne les en emp\u00eachez pas; car le royaume de Dieu est pour ceux qui leur ressemblent.\"","breadcrumb":{"@id":"https:\/\/agen.umc-europe.org\/eglise\/nos-activites\/enfants-et-jeunes-catechisme\/#breadcrumb"},"inLanguage":"fr-FR","potentialAction":[{"@type":"ReadAction","target":["https:\/\/agen.umc-europe.org\/eglise\/nos-activites\/enfants-et-jeunes-catechisme\/"]}]},{"@type":"BreadcrumbList","@id":"https:\/\/agen.umc-europe.org\/eglise\/nos-activites\/enfants-et-jeunes-catechisme\/#breadcrumb","itemListElement":[{"@type":"ListItem","position":1,"name":"Accueil","item":"https:\/\/agen.umc-europe.org\/eglise\/"},{"@type":"ListItem","position":2,"name":"Nos activit\u00e9s","item":"https:\/\/agen.umc-europe.org\/eglise\/nos-activites\/"},{"@type":"ListItem","position":3,"name":"Cat\u00e9chisme pour Enfants et Jeunes"}]},{"@type":"WebSite","@id":"https:\/\/agen.umc-europe.org\/eglise\/#website","url":"https:\/\/agen.umc-europe.org\/eglise\/","name":"\u00c9glise Protestante \u00c9vang\u00e9lique M\u00e9thodiste Agen","description":"Des chr\u00e9tiens \u00e9vang\u00e9liques au coeur du Lot et Garonne. &quot;Viens et vois!&quot; ( Jean 1:47 )","potentialAction":[{"@type":"SearchAction","target":{"@type":"EntryPoint","urlTemplate":"https:\/\/agen.umc-europe.org\/eglise\/?s={search_term_string}"},"query-input":"required name=search_term_string"}],"inLanguage":"fr-FR"}]}},"_links":{"self":[{"href":"https:\/\/agen.umc-europe.org\/eglise\/wp-json\/wp\/v2\/pages\/170"}],"collection":[{"href":"https:\/\/agen.umc-europe.org\/eglise\/wp-json\/wp\/v2\/pages"}],"about":[{"href":"https:\/\/agen.umc-europe.org\/eglise\/wp-json\/wp\/v2\/types\/page"}],"author":[{"embeddable":true,"href":"https:\/\/agen.umc-europe.org\/eglise\/wp-json\/wp\/v2\/users\/2"}],"replies":[{"embeddable":true,"href":"https:\/\/agen.umc-europe.org\/eglise\/wp-json\/wp\/v2\/comments?post=170"}],"version-history":[{"count":11,"href":"https:\/\/agen.umc-europe.org\/eglise\/wp-json\/wp\/v2\/pages\/170\/revisions"}],"predecessor-version":[{"id":4718,"href":"https:\/\/agen.umc-europe.org\/eglise\/wp-json\/wp\/v2\/pages\/170\/revisions\/4718"}],"up":[{"embeddable":true,"href":"https:\/\/agen.umc-europe.org\/eglise\/wp-json\/wp\/v2\/pages\/58"}],"wp:attachment":[{"href":"https:\/\/agen.umc-europe.org\/eglise\/wp-json\/wp\/v2\/media?parent=170"}],"curies":[{"name":"wp","href":"https:\/\/api.w.org\/{rel}","templated":true}]}}