{"id":1546,"date":"2015-02-08T22:57:39","date_gmt":"2015-02-08T21:57:39","guid":{"rendered":"http:\/\/agen.umc-europe.org\/eglise\/?page_id=1546"},"modified":"2017-06-25T16:47:37","modified_gmt":"2017-06-25T15:47:37","slug":"projet-de-construction-2015-2016","status":"publish","type":"page","link":"https:\/\/agen.umc-europe.org\/eglise\/projet-de-construction-2015-2016\/","title":{"rendered":"Projet de Construction 2015-2016"},"content":{"rendered":"<h2>Un agrandissement n\u00e9cessaire<\/h2>\n<p>L&rsquo;\u00c9glise Protestante <a href=\"https:\/\/agen.umc-europe.org\/eglise\/evangeliques\/\">\u00c9vang\u00e9lique <\/a>M\u00e9thodiste d&rsquo;Agen envisage depuis plusieurs ann\u00e9es d&rsquo;agrandir sa salle de culte, en accord avec le Comit\u00e9 Directeur de notre Union.<\/p>\n<p>Apr\u00e8s le culte ou pour de grands \u00e9v\u00e8nements, nous avons bien du mal \u00e0 asseoir tous les participants. De plus la sortie du b\u00e2timent est compliqu\u00e9e et lente, en raison de l&rsquo;all\u00e9e centrale tr\u00e8s encombr\u00e9e. Les acc\u00e8s aux sanitaires sont par ailleurs compliqu\u00e9s pour les enfants ou personnes \u00e0 mobilit\u00e9 r\u00e9duite.<\/p>\n<h2>Le\u00a0projet de construction<\/h2>\n<p>Ce\u00a0projet d\u2019agrandissement &#8211; actuellement \u00e0 l&rsquo;\u00e9tude &#8211; pr\u00e9voit un <strong>doublement de la surface de la salle de culte actuelle<\/strong>, permettant de vivre un meilleur accueil avec l\u2019am\u00e9nagement d\u2019un espace convivial et d\u2019un coin librairie.<\/p>\n<p>Pour les grandes occasions, une <strong>capacit\u00e9 de 160 \u00e0 180 places<\/strong> pourra \u00eatre atteinte en ajoutant quelques chaises au fond de la salle.<\/p>\n<p>Nous vous livrons ci dessous les images 3D des architectes qui permettent d&rsquo;imaginer le r\u00e9sultat des travaux :<\/p>\n<p style=\"text-align: center;\"><em><a href=\"https:\/\/agen.umc-europe.org\/eglise\/wp-content\/uploads\/2015\/02\/Vue-exterieur-cot\u00e9-Est.jpg\"><img loading=\"lazy\" decoding=\"async\" class=\"size-thumbnail wp-image-1554\" src=\"https:\/\/agen.umc-europe.org\/eglise\/wp-content\/uploads\/2015\/02\/Vue-exterieur-cot\u00e9-Est-150x150.jpg\" alt=\"Vue exterieur cot\u00e9 Est\" width=\"150\" height=\"150\" \/><\/a> <a href=\"https:\/\/agen.umc-europe.org\/eglise\/wp-content\/uploads\/2015\/02\/Vue-entr\u00e9e-de-la-salle.-Face-Nord-est..jpg\"><img loading=\"lazy\" decoding=\"async\" class=\"size-thumbnail wp-image-1552\" src=\"https:\/\/agen.umc-europe.org\/eglise\/wp-content\/uploads\/2015\/02\/Vue-entr\u00e9e-de-la-salle.-Face-Nord-est.-150x150.jpg\" alt=\"Vue entr\u00e9e de la salle. Face Nord-est.\" width=\"150\" height=\"150\" \/><\/a> <a href=\"https:\/\/agen.umc-europe.org\/eglise\/wp-content\/uploads\/2015\/02\/Vue-den-haut.jpg\"><img loading=\"lazy\" decoding=\"async\" class=\"size-thumbnail wp-image-1550\" src=\"https:\/\/agen.umc-europe.org\/eglise\/wp-content\/uploads\/2015\/02\/Vue-den-haut-150x150.jpg\" alt=\"Vue d'en haut\" width=\"150\" height=\"150\" \/><\/a> <a href=\"https:\/\/agen.umc-europe.org\/eglise\/wp-content\/uploads\/2015\/02\/Vue-nord-Alternative-\u00e0-la-premi\u00e8re..jpg\"><img loading=\"lazy\" decoding=\"async\" class=\"size-thumbnail wp-image-1548\" src=\"https:\/\/agen.umc-europe.org\/eglise\/wp-content\/uploads\/2015\/02\/Vue-nord-Alternative-\u00e0-la-premi\u00e8re.-150x150.jpg\" alt=\"Vue nord Alternative \u00e0 la premi\u00e8re.\" width=\"150\" height=\"150\" \/><br \/>\n<\/a>Vues ext\u00e9rieures<\/em><\/p>\n<p>&nbsp;<\/p>\n<p style=\"text-align: center;\"><a href=\"https:\/\/agen.umc-europe.org\/eglise\/wp-content\/uploads\/2015\/02\/Vue-int\u00e9rieure-Salle-de-culte.jpg\"><img loading=\"lazy\" decoding=\"async\" class=\"size-thumbnail wp-image-1558\" src=\"https:\/\/agen.umc-europe.org\/eglise\/wp-content\/uploads\/2015\/02\/Vue-int\u00e9rieure-Salle-de-culte-150x150.jpg\" alt=\"Vue int\u00e9rieure Salle de culte\" width=\"150\" height=\"150\" \/><\/a> <a href=\"https:\/\/agen.umc-europe.org\/eglise\/wp-content\/uploads\/2015\/02\/Vue-int\u00e9rieure-No-2.jpg\"><img loading=\"lazy\" decoding=\"async\" class=\"size-thumbnail wp-image-1556\" src=\"https:\/\/agen.umc-europe.org\/eglise\/wp-content\/uploads\/2015\/02\/Vue-int\u00e9rieure-No-2-150x150.jpg\" alt=\"Vue int\u00e9rieure No 2\" width=\"150\" height=\"150\" \/><\/a><br \/>\n<em>Vues int\u00e9rieures<\/em><\/p>\n<h2>Qu&rsquo;en est-il du budget ?<\/h2>\n<p>Le <strong>budget global pr\u00e9visionnel est de 180 000\u20ac<\/strong>, en tenant compte de la participation des membres pour une partie des travaux.<\/p>\n<p>Suite \u00e0 la vente du local de l&rsquo;ancien local de la <a title=\"Biblioth\u00e8que de culture biblique\" href=\"https:\/\/agen.umc-europe.org\/eglise\/ressources-bibliques\/bibliotheque-de-culture-biblique\/\">biblioth\u00e8que<\/a>\u00a0&#8211; d\u00e9sormais transf\u00e9r\u00e9e dans les locaux de l&rsquo;\u00e9glise &#8211;\u00a0nous disposons d&rsquo;une somme de <strong>30 000\u20ac en apport<\/strong>.<\/p>\n<p>Le reste du financement se ferra par un\u00a0pr\u00eat (d&rsquo;un montant maximal de 100 000\u20ac) et des dons pour un montant esp\u00e9r\u00e9 de 50 000\u20ac. Notre \u00e9glise sera pour l&rsquo;ann\u00e9e 2015 r\u00e9ceptrice de la collecte de construction de l&rsquo;union des \u00e9glises \u00e9vang\u00e9lique m\u00e9thodiste francophone. Le reste des dons provenant des membres et amis de l&rsquo;\u00e9glise.<\/p>\n<p>Si vous a<strong>vez \u00e0 coeur le projet de notre \u00e9glise<\/strong>, nous vous invitons \u00e0 nous soutenir par\u00a0la pri\u00e8re et sommes \u00e0 votre disposition si vous pouvez participer aussi sur le plan financier. Les dons ou legs \u00e0 une association cultuelle ouvrent droit \u00e0 une r\u00e9duction d\u2019imp\u00f4t sur le revenu \u00e9gale \u00e0 66 % de leur montant (dans la limite de 20 % du revenu imposable du contribuable).<\/p>\n<p>Si vous souhaitez donner pour ce projet, contactez-nous par mail sur :\u00a0<a href=\"mailto:eem.agen@umc-europe.org\">eem.agen@umc-europe.org<\/a>\u00a0ou envoyez votre don par ch\u00e8que, avec vos nom et adresse, \u00e0 : Eglise M\u00e9thodiste,\u00a01874, Avenue du G\u00e9n\u00e9ral Leclerc 47000 AGEN<\/p>\n<p>Nous vous sommes d\u2019avance reconnaissants pour votre soutien.<\/p>\n","protected":false},"excerpt":{"rendered":"<p>Un agrandissement n\u00e9cessaire L&rsquo;\u00c9glise Protestante \u00c9vang\u00e9lique M\u00e9thodiste d&rsquo;Agen envisage depuis plusieurs ann\u00e9es d&rsquo;agrandir sa salle de culte, en accord avec le Comit\u00e9 Directeur de notre Union. Apr\u00e8s le culte ou pour de grands \u00e9v\u00e8nements, nous avons bien du mal \u00e0 asseoir tous les participants. De plus la sortie du b\u00e2timent&#8230;<\/p>\n","protected":false},"author":2,"featured_media":0,"parent":0,"menu_order":0,"comment_status":"closed","ping_status":"open","template":"","meta":{"_monsterinsights_skip_tracking":false,"_monsterinsights_sitenote_active":false,"_monsterinsights_sitenote_note":"","_monsterinsights_sitenote_category":0,"footnotes":""},"yoast_head":"<!-- This site is optimized with the Yoast SEO plugin v21.9.1 - https:\/\/yoast.com\/wordpress\/plugins\/seo\/ -->\n<title>Projet de Construction 2015-2016 - Eglise M\u00e9thodiste Agen<\/title>\n<meta name=\"description\" content=\"Notre projet pr\u00e9voit de doubler la surface de la salle de cultre actuelle, pour un meilleur accueil avec l\u2019am\u00e9nagement d\u2019un espace convivial et librairie.\" \/>\n<meta name=\"robots\" content=\"index, follow, max-snippet:-1, max-image-preview:large, max-video-preview:-1\" \/>\n<link rel=\"canonical\" href=\"https:\/\/agen.umc-europe.org\/eglise\/projet-de-construction-2015-2016\/\" \/>\n<meta property=\"og:locale\" content=\"fr_FR\" \/>\n<meta property=\"og:type\" content=\"article\" \/>\n<meta property=\"og:title\" content=\"Projet de Construction 2015-2016 - Eglise M\u00e9thodiste Agen\" \/>\n<meta property=\"og:description\" content=\"Notre projet pr\u00e9voit de doubler la surface de la salle de cultre actuelle, pour un meilleur accueil avec l\u2019am\u00e9nagement d\u2019un espace convivial et librairie.\" \/>\n<meta property=\"og:url\" content=\"https:\/\/agen.umc-europe.org\/eglise\/projet-de-construction-2015-2016\/\" \/>\n<meta property=\"og:site_name\" content=\"\u00c9glise Protestante \u00c9vang\u00e9lique M\u00e9thodiste Agen\" \/>\n<meta property=\"article:publisher\" content=\"https:\/\/www.facebook.com\/EgliseAgen\/\" \/>\n<meta property=\"article:modified_time\" content=\"2017-06-25T15:47:37+00:00\" \/>\n<meta property=\"og:image\" content=\"https:\/\/agen.umc-europe.org\/eglise\/wp-content\/uploads\/2015\/02\/Vue-exterieur-cot\u00e9-Est-150x150.jpg\" \/>\n<meta name=\"twitter:card\" content=\"summary_large_image\" \/>\n<meta name=\"twitter:site\" content=\"@EgliseAgen\" \/>\n<meta name=\"twitter:label1\" content=\"Dur\u00e9e de lecture estim\u00e9e\" \/>\n\t<meta name=\"twitter:data1\" content=\"2 minutes\" \/>\n<script type=\"application\/ld+json\" class=\"yoast-schema-graph\">{\"@context\":\"https:\/\/schema.org\",\"@graph\":[{\"@type\":\"WebPage\",\"@id\":\"https:\/\/agen.umc-europe.org\/eglise\/projet-de-construction-2015-2016\/\",\"url\":\"https:\/\/agen.umc-europe.org\/eglise\/projet-de-construction-2015-2016\/\",\"name\":\"Projet de Construction 2015-2016 - Eglise M\u00e9thodiste Agen\",\"isPartOf\":{\"@id\":\"https:\/\/agen.umc-europe.org\/eglise\/#website\"},\"datePublished\":\"2015-02-08T21:57:39+00:00\",\"dateModified\":\"2017-06-25T15:47:37+00:00\",\"description\":\"Notre projet pr\u00e9voit de doubler la surface de la salle de cultre actuelle, pour un meilleur accueil avec l\u2019am\u00e9nagement d\u2019un espace convivial et librairie.\",\"breadcrumb\":{\"@id\":\"https:\/\/agen.umc-europe.org\/eglise\/projet-de-construction-2015-2016\/#breadcrumb\"},\"inLanguage\":\"fr-FR\",\"potentialAction\":[{\"@type\":\"ReadAction\",\"target\":[\"https:\/\/agen.umc-europe.org\/eglise\/projet-de-construction-2015-2016\/\"]}]},{\"@type\":\"BreadcrumbList\",\"@id\":\"https:\/\/agen.umc-europe.org\/eglise\/projet-de-construction-2015-2016\/#breadcrumb\",\"itemListElement\":[{\"@type\":\"ListItem\",\"position\":1,\"name\":\"Accueil\",\"item\":\"https:\/\/agen.umc-europe.org\/eglise\/\"},{\"@type\":\"ListItem\",\"position\":2,\"name\":\"Projet de Construction 2015-2016\"}]},{\"@type\":\"WebSite\",\"@id\":\"https:\/\/agen.umc-europe.org\/eglise\/#website\",\"url\":\"https:\/\/agen.umc-europe.org\/eglise\/\",\"name\":\"\u00c9glise Protestante \u00c9vang\u00e9lique M\u00e9thodiste Agen\",\"description\":\"Des chr\u00e9tiens \u00e9vang\u00e9liques au coeur du Lot et Garonne. &quot;Viens et vois!&quot; ( Jean 1:47 )\",\"potentialAction\":[{\"@type\":\"SearchAction\",\"target\":{\"@type\":\"EntryPoint\",\"urlTemplate\":\"https:\/\/agen.umc-europe.org\/eglise\/?s={search_term_string}\"},\"query-input\":\"required name=search_term_string\"}],\"inLanguage\":\"fr-FR\"}]}<\/script>\n<!-- \/ Yoast SEO plugin. -->","yoast_head_json":{"title":"Projet de Construction 2015-2016 - Eglise M\u00e9thodiste Agen","description":"Notre projet pr\u00e9voit de doubler la surface de la salle de cultre actuelle, pour un meilleur accueil avec l\u2019am\u00e9nagement d\u2019un espace convivial et librairie.","robots":{"index":"index","follow":"follow","max-snippet":"max-snippet:-1","max-image-preview":"max-image-preview:large","max-video-preview":"max-video-preview:-1"},"canonical":"https:\/\/agen.umc-europe.org\/eglise\/projet-de-construction-2015-2016\/","og_locale":"fr_FR","og_type":"article","og_title":"Projet de Construction 2015-2016 - Eglise M\u00e9thodiste Agen","og_description":"Notre projet pr\u00e9voit de doubler la surface de la salle de cultre actuelle, pour un meilleur accueil avec l\u2019am\u00e9nagement d\u2019un espace convivial et librairie.","og_url":"https:\/\/agen.umc-europe.org\/eglise\/projet-de-construction-2015-2016\/","og_site_name":"\u00c9glise Protestante \u00c9vang\u00e9lique M\u00e9thodiste Agen","article_publisher":"https:\/\/www.facebook.com\/EgliseAgen\/","article_modified_time":"2017-06-25T15:47:37+00:00","og_image":[{"url":"https:\/\/agen.umc-europe.org\/eglise\/wp-content\/uploads\/2015\/02\/Vue-exterieur-cot\u00e9-Est-150x150.jpg"}],"twitter_card":"summary_large_image","twitter_site":"@EgliseAgen","twitter_misc":{"Dur\u00e9e de lecture estim\u00e9e":"2 minutes"},"schema":{"@context":"https:\/\/schema.org","@graph":[{"@type":"WebPage","@id":"https:\/\/agen.umc-europe.org\/eglise\/projet-de-construction-2015-2016\/","url":"https:\/\/agen.umc-europe.org\/eglise\/projet-de-construction-2015-2016\/","name":"Projet de Construction 2015-2016 - Eglise M\u00e9thodiste Agen","isPartOf":{"@id":"https:\/\/agen.umc-europe.org\/eglise\/#website"},"datePublished":"2015-02-08T21:57:39+00:00","dateModified":"2017-06-25T15:47:37+00:00","description":"Notre projet pr\u00e9voit de doubler la surface de la salle de cultre actuelle, pour un meilleur accueil avec l\u2019am\u00e9nagement d\u2019un espace convivial et librairie.","breadcrumb":{"@id":"https:\/\/agen.umc-europe.org\/eglise\/projet-de-construction-2015-2016\/#breadcrumb"},"inLanguage":"fr-FR","potentialAction":[{"@type":"ReadAction","target":["https:\/\/agen.umc-europe.org\/eglise\/projet-de-construction-2015-2016\/"]}]},{"@type":"BreadcrumbList","@id":"https:\/\/agen.umc-europe.org\/eglise\/projet-de-construction-2015-2016\/#breadcrumb","itemListElement":[{"@type":"ListItem","position":1,"name":"Accueil","item":"https:\/\/agen.umc-europe.org\/eglise\/"},{"@type":"ListItem","position":2,"name":"Projet de Construction 2015-2016"}]},{"@type":"WebSite","@id":"https:\/\/agen.umc-europe.org\/eglise\/#website","url":"https:\/\/agen.umc-europe.org\/eglise\/","name":"\u00c9glise Protestante \u00c9vang\u00e9lique M\u00e9thodiste Agen","description":"Des chr\u00e9tiens \u00e9vang\u00e9liques au coeur du Lot et Garonne. &quot;Viens et vois!&quot; ( Jean 1:47 )","potentialAction":[{"@type":"SearchAction","target":{"@type":"EntryPoint","urlTemplate":"https:\/\/agen.umc-europe.org\/eglise\/?s={search_term_string}"},"query-input":"required name=search_term_string"}],"inLanguage":"fr-FR"}]}},"_links":{"self":[{"href":"https:\/\/agen.umc-europe.org\/eglise\/wp-json\/wp\/v2\/pages\/1546"}],"collection":[{"href":"https:\/\/agen.umc-europe.org\/eglise\/wp-json\/wp\/v2\/pages"}],"about":[{"href":"https:\/\/agen.umc-europe.org\/eglise\/wp-json\/wp\/v2\/types\/page"}],"author":[{"embeddable":true,"href":"https:\/\/agen.umc-europe.org\/eglise\/wp-json\/wp\/v2\/users\/2"}],"replies":[{"embeddable":true,"href":"https:\/\/agen.umc-europe.org\/eglise\/wp-json\/wp\/v2\/comments?post=1546"}],"version-history":[{"count":7,"href":"https:\/\/agen.umc-europe.org\/eglise\/wp-json\/wp\/v2\/pages\/1546\/revisions"}],"predecessor-version":[{"id":2960,"href":"https:\/\/agen.umc-europe.org\/eglise\/wp-json\/wp\/v2\/pages\/1546\/revisions\/2960"}],"wp:attachment":[{"href":"https:\/\/agen.umc-europe.org\/eglise\/wp-json\/wp\/v2\/media?parent=1546"}],"curies":[{"name":"wp","href":"https:\/\/api.w.org\/{rel}","templated":true}]}}