{"id":154,"date":"2014-08-30T07:48:39","date_gmt":"2014-08-30T06:48:39","guid":{"rendered":"http:\/\/agen.umc-europe.org\/eglise\/?page_id=154"},"modified":"2023-01-20T16:08:29","modified_gmt":"2023-01-20T15:08:29","slug":"parcours-alpha","status":"publish","type":"page","link":"https:\/\/agen.umc-europe.org\/eglise\/nos-activites\/parcours-alpha\/","title":{"rendered":"Parcours Alpha Classic 2023"},"content":{"rendered":"<h2><strong>Le parcours Alpha Classic est une s\u00e9rie de d\u00eeners pour d\u00e9couvrir la foi chr\u00e9tienne et \u00e9changer sur le sens de la vie.<\/strong><\/h2>\n<p>Ces soir\u00e9es sont\u00a0<strong>ouvertes \u00e0 tous<\/strong>. Elles s&rsquo;adressent \u00e0 toute personne qui souhaite \u00e9changer sur le sens de la vie et en savoir plus sur la foi chr\u00e9tienne dans un cadre convivial et informel. Par ailleurs, nombre de participants y font \u00e9galement une exp\u00e9rience spirituelle vivifiante.<\/p>\n<p>Croyante ou non, chr\u00e9tienne ou non, \u00e9loign\u00e9e de l&rsquo;\u00e9glise ou pratiquante, toute personne est la bienvenue pour \u00e9changer autour de la table\u00a0!\u00a0<strong>Venez comme vous \u00eates&#8230;<\/strong><\/p>\n<p><a href=\"https:\/\/agen.umc-europe.org\/eglise\/wp-content\/uploads\/2014\/12\/alpha_poster.jpg\"><img loading=\"lazy\" decoding=\"async\" class=\"aligncenter wp-image-984 size-full\" src=\"https:\/\/agen.umc-europe.org\/eglise\/wp-content\/uploads\/2014\/12\/alpha_poster.jpg\" alt=\"Parcours Alpha Agen\" width=\"500\" height=\"365\" srcset=\"https:\/\/agen.umc-europe.org\/eglise\/wp-content\/uploads\/2014\/12\/alpha_poster.jpg 500w, https:\/\/agen.umc-europe.org\/eglise\/wp-content\/uploads\/2014\/12\/alpha_poster-300x219.jpg 300w\" sizes=\"(max-width: 500px) 100vw, 500px\" \/><\/a><\/p>\n<h2>Comment se d\u00e9roule ce parcours ?<\/h2>\n<p><a href=\"https:\/\/agen.umc-europe.org\/eglise\/wp-content\/uploads\/2014\/12\/alpha_logo.jpg\"><img decoding=\"async\" class=\"alignright wp-image-982\" src=\"https:\/\/agen.umc-europe.org\/eglise\/wp-content\/uploads\/2014\/12\/alpha_logo-300x261.jpg\" alt=\"alpha_logo\" height=\"220\" srcset=\"https:\/\/agen.umc-europe.org\/eglise\/wp-content\/uploads\/2014\/12\/alpha_logo-300x261.jpg 300w, https:\/\/agen.umc-europe.org\/eglise\/wp-content\/uploads\/2014\/12\/alpha_logo.jpg 330w\" sizes=\"(max-width: 300px) 100vw, 300px\" \/><\/a>Le parcours se d\u00e9roule en douze rencontres, avec une \u00ab\u00a0journ\u00e9e sp\u00e9ciale\u00a0\u00bb propos\u00e9 \u00e0 mi-parcours.<\/p>\n<p>Il est <strong>gratuit,\u00a0sans engagement, informel et convivial.<\/strong><\/p>\n<p>Apr\u00e8s un\u00a0d\u00eener servi par des b\u00e9n\u00e9voles de 19-20h30, un orateur pr\u00e9sente le sujet du soir dans un expos\u00e9 d&rsquo;environ 30 minutes, puis autour de la table l&rsquo;occasion est donn\u00e9e d&rsquo;\u00e9changer sur les th\u00e8mes de la foi et du sens de la vie et ce jusqu&rsquo;\u00e0 22h pr\u00e9cises.<\/p>\n<h2>Quelles sont les prochaines soir\u00e9es Alpha \u00e0 Agen ?<\/h2>\n<p>Nous lan\u00e7ons pour la 7\u00e8me fois les parcours Alpha \u00e0 l&rsquo;\u00e9glise M\u00e9thodiste d&rsquo;Agen le\u00a0<strong>20 Janvier 2023<\/strong>\u00a0par une soir\u00e9e sp\u00e9ciale avec ap\u00e9ritif d\u00eenatoire, des t\u00e9moignages et une pr\u00e9sentation sur le th\u00e8me :<\/p>\n<p style=\"text-align: center;\"><strong><em>\u00ab\u00a0Le christianisme : faux, ennuyeux et d\u00e9pass\u00e9 ?\u00a0\u00bb<\/em><\/strong><\/p>\n<p>Ensuite les d\u00eeners auront lieu toutes les deux semaines \u00e0 partir du<strong> 3 F\u00e9vrier 2023<\/strong> de 19h-22h. <br \/>Voici le programme :<\/p>\n<p>Vendredi 03\/02 : Dieu existe-t-il ? Qui est-il ?<br \/>Vendredi 18\/02 : Qui est J\u00e9sus ?<br \/>Vendredi 03\/03 : Pourquoi J\u00e9sus est-il mort ?<br \/>Vendredi 17\/03 : La r\u00e9surrection et alors ?\u00a0<br \/>Vendredi 31\/03 : Et si Dieu attendait quelque-chose de moi ?<\/p>\n<p>Puis :<\/p>\n<ul>\n<li>Lire la Bible : Pourquoi et comment ?<\/li>\n<li>Prier : Pourquoi et comment ?<\/li>\n<li>Qui est l\u2019Esprit Saint ? Que fait-il ?<\/li>\n<li>En parler aux autres : pourquoi et comment ?<\/li>\n<li>L\u2019\u00e9glise : qu\u2019en penser ?<\/li>\n<li>Comment tirer le meilleur parti du reste de ma vie ?<\/li>\n<\/ul>\n<p>Si vous \u00eates int\u00e9ress\u00e9s, \u00e9crivez-nous un mail sur : eem.agen@umc-europe.org et <strong>r\u00e9servez votre place<\/strong> pour la soir\u00e9e!<\/p>\n\n\n<p><\/p>\n","protected":false},"excerpt":{"rendered":"<p>Le parcours Alpha Classic est une s\u00e9rie de d\u00eeners pour d\u00e9couvrir la foi chr\u00e9tienne et \u00e9changer sur le sens de la vie. Ces soir\u00e9es sont\u00a0ouvertes \u00e0 tous. Elles s&rsquo;adressent \u00e0 toute personne qui souhaite \u00e9changer sur le sens de la vie et en savoir plus sur la foi chr\u00e9tienne dans&#8230;<\/p>\n","protected":false},"author":2,"featured_media":0,"parent":58,"menu_order":3,"comment_status":"open","ping_status":"open","template":"","meta":{"_monsterinsights_skip_tracking":false,"_monsterinsights_sitenote_active":false,"_monsterinsights_sitenote_note":"","_monsterinsights_sitenote_category":0,"footnotes":""},"yoast_head":"<!-- This site is optimized with the Yoast SEO plugin v21.9.1 - https:\/\/yoast.com\/wordpress\/plugins\/seo\/ -->\n<title>Parcours Alpha Agen - D\u00e9couverte de la foi chr\u00e9tienne<\/title>\n<meta name=\"description\" content=\"Parcours Alpha : Soir\u00e9es\/d\u00eeners pour \u00e9changer sur le sens de la vie et en savoir plus sur la foi chr\u00e9tienne dans un cadre convivial et informel (Janv 2015)\" \/>\n<meta name=\"robots\" content=\"index, follow, max-snippet:-1, max-image-preview:large, max-video-preview:-1\" \/>\n<link rel=\"canonical\" href=\"https:\/\/agen.umc-europe.org\/eglise\/nos-activites\/parcours-alpha\/\" \/>\n<meta property=\"og:locale\" content=\"fr_FR\" \/>\n<meta property=\"og:type\" content=\"article\" \/>\n<meta property=\"og:title\" content=\"Parcours Alpha Agen - D\u00e9couverte de la foi chr\u00e9tienne\" \/>\n<meta property=\"og:description\" content=\"Parcours Alpha : Soir\u00e9es\/d\u00eeners pour \u00e9changer sur le sens de la vie et en savoir plus sur la foi chr\u00e9tienne dans un cadre convivial et informel (Janv 2015)\" \/>\n<meta property=\"og:url\" content=\"https:\/\/agen.umc-europe.org\/eglise\/nos-activites\/parcours-alpha\/\" \/>\n<meta property=\"og:site_name\" content=\"\u00c9glise Protestante \u00c9vang\u00e9lique M\u00e9thodiste Agen\" \/>\n<meta property=\"article:publisher\" content=\"https:\/\/www.facebook.com\/EgliseAgen\/\" \/>\n<meta property=\"article:modified_time\" content=\"2023-01-20T15:08:29+00:00\" \/>\n<meta property=\"og:image\" content=\"https:\/\/agen.umc-europe.org\/eglise\/wp-content\/uploads\/2014\/12\/alpha_poster.jpg\" \/>\n<meta name=\"twitter:card\" content=\"summary_large_image\" \/>\n<meta name=\"twitter:site\" content=\"@EgliseAgen\" \/>\n<meta name=\"twitter:label1\" content=\"Dur\u00e9e de lecture estim\u00e9e\" \/>\n\t<meta name=\"twitter:data1\" content=\"3 minutes\" \/>\n<script type=\"application\/ld+json\" class=\"yoast-schema-graph\">{\"@context\":\"https:\/\/schema.org\",\"@graph\":[{\"@type\":\"WebPage\",\"@id\":\"https:\/\/agen.umc-europe.org\/eglise\/nos-activites\/parcours-alpha\/\",\"url\":\"https:\/\/agen.umc-europe.org\/eglise\/nos-activites\/parcours-alpha\/\",\"name\":\"Parcours Alpha Agen - D\u00e9couverte de la foi chr\u00e9tienne\",\"isPartOf\":{\"@id\":\"https:\/\/agen.umc-europe.org\/eglise\/#website\"},\"datePublished\":\"2014-08-30T06:48:39+00:00\",\"dateModified\":\"2023-01-20T15:08:29+00:00\",\"description\":\"Parcours Alpha : Soir\u00e9es\/d\u00eeners pour \u00e9changer sur le sens de la vie et en savoir plus sur la foi chr\u00e9tienne dans un cadre convivial et informel (Janv 2015)\",\"breadcrumb\":{\"@id\":\"https:\/\/agen.umc-europe.org\/eglise\/nos-activites\/parcours-alpha\/#breadcrumb\"},\"inLanguage\":\"fr-FR\",\"potentialAction\":[{\"@type\":\"ReadAction\",\"target\":[\"https:\/\/agen.umc-europe.org\/eglise\/nos-activites\/parcours-alpha\/\"]}]},{\"@type\":\"BreadcrumbList\",\"@id\":\"https:\/\/agen.umc-europe.org\/eglise\/nos-activites\/parcours-alpha\/#breadcrumb\",\"itemListElement\":[{\"@type\":\"ListItem\",\"position\":1,\"name\":\"Accueil\",\"item\":\"https:\/\/agen.umc-europe.org\/eglise\/\"},{\"@type\":\"ListItem\",\"position\":2,\"name\":\"Nos activit\u00e9s\",\"item\":\"https:\/\/agen.umc-europe.org\/eglise\/nos-activites\/\"},{\"@type\":\"ListItem\",\"position\":3,\"name\":\"Parcours Alpha Classic 2023\"}]},{\"@type\":\"WebSite\",\"@id\":\"https:\/\/agen.umc-europe.org\/eglise\/#website\",\"url\":\"https:\/\/agen.umc-europe.org\/eglise\/\",\"name\":\"\u00c9glise Protestante \u00c9vang\u00e9lique M\u00e9thodiste Agen\",\"description\":\"Des chr\u00e9tiens \u00e9vang\u00e9liques au coeur du Lot et Garonne. &quot;Viens et vois!&quot; ( Jean 1:47 )\",\"potentialAction\":[{\"@type\":\"SearchAction\",\"target\":{\"@type\":\"EntryPoint\",\"urlTemplate\":\"https:\/\/agen.umc-europe.org\/eglise\/?s={search_term_string}\"},\"query-input\":\"required name=search_term_string\"}],\"inLanguage\":\"fr-FR\"}]}<\/script>\n<!-- \/ Yoast SEO plugin. -->","yoast_head_json":{"title":"Parcours Alpha Agen - D\u00e9couverte de la foi chr\u00e9tienne","description":"Parcours Alpha : Soir\u00e9es\/d\u00eeners pour \u00e9changer sur le sens de la vie et en savoir plus sur la foi chr\u00e9tienne dans un cadre convivial et informel (Janv 2015)","robots":{"index":"index","follow":"follow","max-snippet":"max-snippet:-1","max-image-preview":"max-image-preview:large","max-video-preview":"max-video-preview:-1"},"canonical":"https:\/\/agen.umc-europe.org\/eglise\/nos-activites\/parcours-alpha\/","og_locale":"fr_FR","og_type":"article","og_title":"Parcours Alpha Agen - D\u00e9couverte de la foi chr\u00e9tienne","og_description":"Parcours Alpha : Soir\u00e9es\/d\u00eeners pour \u00e9changer sur le sens de la vie et en savoir plus sur la foi chr\u00e9tienne dans un cadre convivial et informel (Janv 2015)","og_url":"https:\/\/agen.umc-europe.org\/eglise\/nos-activites\/parcours-alpha\/","og_site_name":"\u00c9glise Protestante \u00c9vang\u00e9lique M\u00e9thodiste Agen","article_publisher":"https:\/\/www.facebook.com\/EgliseAgen\/","article_modified_time":"2023-01-20T15:08:29+00:00","og_image":[{"url":"https:\/\/agen.umc-europe.org\/eglise\/wp-content\/uploads\/2014\/12\/alpha_poster.jpg"}],"twitter_card":"summary_large_image","twitter_site":"@EgliseAgen","twitter_misc":{"Dur\u00e9e de lecture estim\u00e9e":"3 minutes"},"schema":{"@context":"https:\/\/schema.org","@graph":[{"@type":"WebPage","@id":"https:\/\/agen.umc-europe.org\/eglise\/nos-activites\/parcours-alpha\/","url":"https:\/\/agen.umc-europe.org\/eglise\/nos-activites\/parcours-alpha\/","name":"Parcours Alpha Agen - D\u00e9couverte de la foi chr\u00e9tienne","isPartOf":{"@id":"https:\/\/agen.umc-europe.org\/eglise\/#website"},"datePublished":"2014-08-30T06:48:39+00:00","dateModified":"2023-01-20T15:08:29+00:00","description":"Parcours Alpha : Soir\u00e9es\/d\u00eeners pour \u00e9changer sur le sens de la vie et en savoir plus sur la foi chr\u00e9tienne dans un cadre convivial et informel (Janv 2015)","breadcrumb":{"@id":"https:\/\/agen.umc-europe.org\/eglise\/nos-activites\/parcours-alpha\/#breadcrumb"},"inLanguage":"fr-FR","potentialAction":[{"@type":"ReadAction","target":["https:\/\/agen.umc-europe.org\/eglise\/nos-activites\/parcours-alpha\/"]}]},{"@type":"BreadcrumbList","@id":"https:\/\/agen.umc-europe.org\/eglise\/nos-activites\/parcours-alpha\/#breadcrumb","itemListElement":[{"@type":"ListItem","position":1,"name":"Accueil","item":"https:\/\/agen.umc-europe.org\/eglise\/"},{"@type":"ListItem","position":2,"name":"Nos activit\u00e9s","item":"https:\/\/agen.umc-europe.org\/eglise\/nos-activites\/"},{"@type":"ListItem","position":3,"name":"Parcours Alpha Classic 2023"}]},{"@type":"WebSite","@id":"https:\/\/agen.umc-europe.org\/eglise\/#website","url":"https:\/\/agen.umc-europe.org\/eglise\/","name":"\u00c9glise Protestante \u00c9vang\u00e9lique M\u00e9thodiste Agen","description":"Des chr\u00e9tiens \u00e9vang\u00e9liques au coeur du Lot et Garonne. &quot;Viens et vois!&quot; ( Jean 1:47 )","potentialAction":[{"@type":"SearchAction","target":{"@type":"EntryPoint","urlTemplate":"https:\/\/agen.umc-europe.org\/eglise\/?s={search_term_string}"},"query-input":"required name=search_term_string"}],"inLanguage":"fr-FR"}]}},"_links":{"self":[{"href":"https:\/\/agen.umc-europe.org\/eglise\/wp-json\/wp\/v2\/pages\/154"}],"collection":[{"href":"https:\/\/agen.umc-europe.org\/eglise\/wp-json\/wp\/v2\/pages"}],"about":[{"href":"https:\/\/agen.umc-europe.org\/eglise\/wp-json\/wp\/v2\/types\/page"}],"author":[{"embeddable":true,"href":"https:\/\/agen.umc-europe.org\/eglise\/wp-json\/wp\/v2\/users\/2"}],"replies":[{"embeddable":true,"href":"https:\/\/agen.umc-europe.org\/eglise\/wp-json\/wp\/v2\/comments?post=154"}],"version-history":[{"count":33,"href":"https:\/\/agen.umc-europe.org\/eglise\/wp-json\/wp\/v2\/pages\/154\/revisions"}],"predecessor-version":[{"id":6623,"href":"https:\/\/agen.umc-europe.org\/eglise\/wp-json\/wp\/v2\/pages\/154\/revisions\/6623"}],"up":[{"embeddable":true,"href":"https:\/\/agen.umc-europe.org\/eglise\/wp-json\/wp\/v2\/pages\/58"}],"wp:attachment":[{"href":"https:\/\/agen.umc-europe.org\/eglise\/wp-json\/wp\/v2\/media?parent=154"}],"curies":[{"name":"wp","href":"https:\/\/api.w.org\/{rel}","templated":true}]}}