{"id":146,"date":"2014-08-30T07:46:50","date_gmt":"2014-08-30T06:46:50","guid":{"rendered":"http:\/\/agen.umc-europe.org\/eglise\/?page_id=146"},"modified":"2021-11-23T18:53:12","modified_gmt":"2021-11-23T17:53:12","slug":"culte-du-dimanche","status":"publish","type":"page","link":"https:\/\/agen.umc-europe.org\/eglise\/nos-activites\/culte-du-dimanche\/","title":{"rendered":"Culte du Dimanche"},"content":{"rendered":"\n<p>Le culte du <strong>Dimanche \u00e0 10h<\/strong> est la principale r\u00e9union de l&rsquo;\u00e9glise (ou tout du moins celle qui r\u00e9unit le plus de personnes). Tous les chr\u00e9tiens&nbsp;se retrouvent pour partager un moment centr\u00e9 autour de notre Dieu.<\/p>\n\n\n\n<p>On y retrouve donc :<\/p>\n\n\n\n<ul><li><span lang=\"FR\">Louange et chants propices \u00e0 l&rsquo;adoration de Dieu, pour reconna\u00eetre sa Gloire et son oeuvre dans nos vies.<\/span><\/li><li><span lang=\"FR\">Pri\u00e8res et lecture bibliques<\/span><\/li><li><span lang=\"FR\">Sainte C\u00e8ne ou Repas du Seigneur partag\u00e9<\/span><\/li><li><span lang=\"FR\">Pr\u00e9dication de la Bible<\/span><\/li><\/ul>\n\n\n\n<p>R\u00e9guli\u00e8rement apr\u00e8s le culte nous nous retrouvons pour un repas fraternel.<\/p>\n\n\n\n<h2 class=\"wp-block-heading\">Cultes en Direct &#8211; Dimanche \u00e0 10h sur YouTube<\/h2>\n\n\n\n<p>Les <a href=\"https:\/\/www.youtube.com\/channel\/UCnyBrjp8mqcc4RQbZC93Y6w\">cultes de l&rsquo;\u00e9glise en DIRECT et les pr\u00e9dications sont enregistr\u00e9es sur notre cha\u00eene YouTube<\/a>. N&rsquo;h\u00e9sitez pas \u00e0 y laisser des commentaires.<\/p>\n\n\n\n<div class=\"wp-block-image is-style-default\"><figure class=\"aligncenter size-large\"><a href=\"https:\/\/www.youtube.com\/channel\/UCnyBrjp8mqcc4RQbZC93Y6w\"><img loading=\"lazy\" decoding=\"async\" width=\"3049\" height=\"1573\" src=\"https:\/\/agen.umc-europe.org\/eglise\/wp-content\/uploads\/2021\/01\/YouTube.jpg\" alt=\"\" class=\"wp-image-6338\"\/><\/a><\/figure><\/div>\n\n\n\n<p>Les pages ci dessous ont pour but de nous permettre finalement de vivre un culte dans des conditions du direct au cours de la pand\u00e9mie du COVID-19. Mais si vous \u00eates loin d\u2019Agen, vous pouvez aussi participer et partager ce culte avec nous en esprit, \u00e0 une autre date, c\u2019est pourquoi nous les laissons en ligne.<\/p>\n\n\n\n<ul><li><a href=\"https:\/\/agen.umc-europe.org\/eglise\/culte-direct-3-mai-temple-saint-esprit\/\">Culte du 3 Mai 2020 : Identit\u00e9 en Christ &#8211; Temples du Saint Esprit<\/a><\/li><li><a href=\"https:\/\/agen.umc-europe.org\/eglise\/culte-en-direct-du-10-mai-2020\/\">Culte du 10 Mai 2020 :  Identit\u00e9 en Christ &#8211;  Adversaires du diable<\/a><\/li><li><a href=\"https:\/\/agen.umc-europe.org\/eglise\/culte-en-direct-du-17-mai-2020\/\">Culte du 17 Mai 2020 :  Identit\u00e9 en Christ &#8211;  Sel et lumi\u00e8re du monde<\/a><\/li><\/ul>\n","protected":false},"excerpt":{"rendered":"<p>Le culte du Dimanche \u00e0 10h est la principale r\u00e9union de l&rsquo;\u00e9glise (ou tout du moins celle qui r\u00e9unit le plus de personnes). Tous les chr\u00e9tiens&nbsp;se retrouvent pour partager un moment centr\u00e9 autour de notre Dieu. On y retrouve donc : Louange et chants propices \u00e0 l&rsquo;adoration de Dieu, pour&#8230;<\/p>\n","protected":false},"author":2,"featured_media":0,"parent":58,"menu_order":1,"comment_status":"open","ping_status":"open","template":"","meta":{"_monsterinsights_skip_tracking":false,"_monsterinsights_sitenote_active":false,"_monsterinsights_sitenote_note":"","_monsterinsights_sitenote_category":0,"footnotes":""},"yoast_head":"<!-- This site is optimized with the Yoast SEO plugin v21.9.1 - https:\/\/yoast.com\/wordpress\/plugins\/seo\/ -->\n<title>Culte du Dimanche \u00e0 10h \u00e0 Agen<\/title>\n<meta name=\"description\" content=\"Le culte du Dimanche \u00e0 10h est la principale r\u00e9union de l&#039;\u00e9glise. Message, pr\u00e9dication, louange, pri\u00e8re\" \/>\n<meta name=\"robots\" content=\"index, follow, max-snippet:-1, max-image-preview:large, max-video-preview:-1\" \/>\n<link rel=\"canonical\" href=\"https:\/\/agen.umc-europe.org\/eglise\/nos-activites\/culte-du-dimanche\/\" \/>\n<meta property=\"og:locale\" content=\"fr_FR\" \/>\n<meta property=\"og:type\" content=\"article\" \/>\n<meta property=\"og:title\" content=\"Culte du Dimanche \u00e0 10h \u00e0 Agen\" \/>\n<meta property=\"og:description\" content=\"Le culte du Dimanche \u00e0 10h est la principale r\u00e9union de l&#039;\u00e9glise. Message, pr\u00e9dication, louange, pri\u00e8re\" \/>\n<meta property=\"og:url\" content=\"https:\/\/agen.umc-europe.org\/eglise\/nos-activites\/culte-du-dimanche\/\" \/>\n<meta property=\"og:site_name\" content=\"\u00c9glise Protestante \u00c9vang\u00e9lique M\u00e9thodiste Agen\" \/>\n<meta property=\"article:publisher\" content=\"https:\/\/www.facebook.com\/EgliseAgen\/\" \/>\n<meta property=\"article:modified_time\" content=\"2021-11-23T17:53:12+00:00\" \/>\n<meta property=\"og:image\" content=\"https:\/\/agen.umc-europe.org\/eglise\/wp-content\/uploads\/2021\/01\/YouTube.jpg\" \/>\n<meta name=\"twitter:card\" content=\"summary_large_image\" \/>\n<meta name=\"twitter:site\" content=\"@EgliseAgen\" \/>\n<meta name=\"twitter:label1\" content=\"Dur\u00e9e de lecture estim\u00e9e\" \/>\n\t<meta name=\"twitter:data1\" content=\"2 minutes\" \/>\n<script type=\"application\/ld+json\" class=\"yoast-schema-graph\">{\"@context\":\"https:\/\/schema.org\",\"@graph\":[{\"@type\":\"WebPage\",\"@id\":\"https:\/\/agen.umc-europe.org\/eglise\/nos-activites\/culte-du-dimanche\/\",\"url\":\"https:\/\/agen.umc-europe.org\/eglise\/nos-activites\/culte-du-dimanche\/\",\"name\":\"Culte du Dimanche \u00e0 10h \u00e0 Agen\",\"isPartOf\":{\"@id\":\"https:\/\/agen.umc-europe.org\/eglise\/#website\"},\"datePublished\":\"2014-08-30T06:46:50+00:00\",\"dateModified\":\"2021-11-23T17:53:12+00:00\",\"description\":\"Le culte du Dimanche \u00e0 10h est la principale r\u00e9union de l'\u00e9glise. Message, pr\u00e9dication, louange, pri\u00e8re\",\"breadcrumb\":{\"@id\":\"https:\/\/agen.umc-europe.org\/eglise\/nos-activites\/culte-du-dimanche\/#breadcrumb\"},\"inLanguage\":\"fr-FR\",\"potentialAction\":[{\"@type\":\"ReadAction\",\"target\":[\"https:\/\/agen.umc-europe.org\/eglise\/nos-activites\/culte-du-dimanche\/\"]}]},{\"@type\":\"BreadcrumbList\",\"@id\":\"https:\/\/agen.umc-europe.org\/eglise\/nos-activites\/culte-du-dimanche\/#breadcrumb\",\"itemListElement\":[{\"@type\":\"ListItem\",\"position\":1,\"name\":\"Accueil\",\"item\":\"https:\/\/agen.umc-europe.org\/eglise\/\"},{\"@type\":\"ListItem\",\"position\":2,\"name\":\"Nos activit\u00e9s\",\"item\":\"https:\/\/agen.umc-europe.org\/eglise\/nos-activites\/\"},{\"@type\":\"ListItem\",\"position\":3,\"name\":\"Culte du Dimanche\"}]},{\"@type\":\"WebSite\",\"@id\":\"https:\/\/agen.umc-europe.org\/eglise\/#website\",\"url\":\"https:\/\/agen.umc-europe.org\/eglise\/\",\"name\":\"\u00c9glise Protestante \u00c9vang\u00e9lique M\u00e9thodiste Agen\",\"description\":\"Des chr\u00e9tiens \u00e9vang\u00e9liques au coeur du Lot et Garonne. &quot;Viens et vois!&quot; ( Jean 1:47 )\",\"potentialAction\":[{\"@type\":\"SearchAction\",\"target\":{\"@type\":\"EntryPoint\",\"urlTemplate\":\"https:\/\/agen.umc-europe.org\/eglise\/?s={search_term_string}\"},\"query-input\":\"required name=search_term_string\"}],\"inLanguage\":\"fr-FR\"}]}<\/script>\n<!-- \/ Yoast SEO plugin. -->","yoast_head_json":{"title":"Culte du Dimanche \u00e0 10h \u00e0 Agen","description":"Le culte du Dimanche \u00e0 10h est la principale r\u00e9union de l'\u00e9glise. Message, pr\u00e9dication, louange, pri\u00e8re","robots":{"index":"index","follow":"follow","max-snippet":"max-snippet:-1","max-image-preview":"max-image-preview:large","max-video-preview":"max-video-preview:-1"},"canonical":"https:\/\/agen.umc-europe.org\/eglise\/nos-activites\/culte-du-dimanche\/","og_locale":"fr_FR","og_type":"article","og_title":"Culte du Dimanche \u00e0 10h \u00e0 Agen","og_description":"Le culte du Dimanche \u00e0 10h est la principale r\u00e9union de l'\u00e9glise. Message, pr\u00e9dication, louange, pri\u00e8re","og_url":"https:\/\/agen.umc-europe.org\/eglise\/nos-activites\/culte-du-dimanche\/","og_site_name":"\u00c9glise Protestante \u00c9vang\u00e9lique M\u00e9thodiste Agen","article_publisher":"https:\/\/www.facebook.com\/EgliseAgen\/","article_modified_time":"2021-11-23T17:53:12+00:00","og_image":[{"url":"https:\/\/agen.umc-europe.org\/eglise\/wp-content\/uploads\/2021\/01\/YouTube.jpg"}],"twitter_card":"summary_large_image","twitter_site":"@EgliseAgen","twitter_misc":{"Dur\u00e9e de lecture estim\u00e9e":"2 minutes"},"schema":{"@context":"https:\/\/schema.org","@graph":[{"@type":"WebPage","@id":"https:\/\/agen.umc-europe.org\/eglise\/nos-activites\/culte-du-dimanche\/","url":"https:\/\/agen.umc-europe.org\/eglise\/nos-activites\/culte-du-dimanche\/","name":"Culte du Dimanche \u00e0 10h \u00e0 Agen","isPartOf":{"@id":"https:\/\/agen.umc-europe.org\/eglise\/#website"},"datePublished":"2014-08-30T06:46:50+00:00","dateModified":"2021-11-23T17:53:12+00:00","description":"Le culte du Dimanche \u00e0 10h est la principale r\u00e9union de l'\u00e9glise. Message, pr\u00e9dication, louange, pri\u00e8re","breadcrumb":{"@id":"https:\/\/agen.umc-europe.org\/eglise\/nos-activites\/culte-du-dimanche\/#breadcrumb"},"inLanguage":"fr-FR","potentialAction":[{"@type":"ReadAction","target":["https:\/\/agen.umc-europe.org\/eglise\/nos-activites\/culte-du-dimanche\/"]}]},{"@type":"BreadcrumbList","@id":"https:\/\/agen.umc-europe.org\/eglise\/nos-activites\/culte-du-dimanche\/#breadcrumb","itemListElement":[{"@type":"ListItem","position":1,"name":"Accueil","item":"https:\/\/agen.umc-europe.org\/eglise\/"},{"@type":"ListItem","position":2,"name":"Nos activit\u00e9s","item":"https:\/\/agen.umc-europe.org\/eglise\/nos-activites\/"},{"@type":"ListItem","position":3,"name":"Culte du Dimanche"}]},{"@type":"WebSite","@id":"https:\/\/agen.umc-europe.org\/eglise\/#website","url":"https:\/\/agen.umc-europe.org\/eglise\/","name":"\u00c9glise Protestante \u00c9vang\u00e9lique M\u00e9thodiste Agen","description":"Des chr\u00e9tiens \u00e9vang\u00e9liques au coeur du Lot et Garonne. &quot;Viens et vois!&quot; ( Jean 1:47 )","potentialAction":[{"@type":"SearchAction","target":{"@type":"EntryPoint","urlTemplate":"https:\/\/agen.umc-europe.org\/eglise\/?s={search_term_string}"},"query-input":"required name=search_term_string"}],"inLanguage":"fr-FR"}]}},"_links":{"self":[{"href":"https:\/\/agen.umc-europe.org\/eglise\/wp-json\/wp\/v2\/pages\/146"}],"collection":[{"href":"https:\/\/agen.umc-europe.org\/eglise\/wp-json\/wp\/v2\/pages"}],"about":[{"href":"https:\/\/agen.umc-europe.org\/eglise\/wp-json\/wp\/v2\/types\/page"}],"author":[{"embeddable":true,"href":"https:\/\/agen.umc-europe.org\/eglise\/wp-json\/wp\/v2\/users\/2"}],"replies":[{"embeddable":true,"href":"https:\/\/agen.umc-europe.org\/eglise\/wp-json\/wp\/v2\/comments?post=146"}],"version-history":[{"count":11,"href":"https:\/\/agen.umc-europe.org\/eglise\/wp-json\/wp\/v2\/pages\/146\/revisions"}],"predecessor-version":[{"id":6482,"href":"https:\/\/agen.umc-europe.org\/eglise\/wp-json\/wp\/v2\/pages\/146\/revisions\/6482"}],"up":[{"embeddable":true,"href":"https:\/\/agen.umc-europe.org\/eglise\/wp-json\/wp\/v2\/pages\/58"}],"wp:attachment":[{"href":"https:\/\/agen.umc-europe.org\/eglise\/wp-json\/wp\/v2\/media?parent=146"}],"curies":[{"name":"wp","href":"https:\/\/api.w.org\/{rel}","templated":true}]}}