{"id":132,"date":"2014-08-30T07:25:28","date_gmt":"2014-08-30T06:25:28","guid":{"rendered":"http:\/\/agen.umc-europe.org\/eglise\/?page_id=132"},"modified":"2017-12-27T20:31:43","modified_gmt":"2017-12-27T19:31:43","slug":"ressources-bibliques","status":"publish","type":"page","link":"https:\/\/agen.umc-europe.org\/eglise\/ressources-bibliques\/","title":{"rendered":"Ressources Bibliques"},"content":{"rendered":"<p>Comme l&rsquo;\u00e9crit le psalmiste dans le Psaume 119v9-11 : <em>\u00ab\u00a0Comment le jeune homme rendra pur \u00a0son sentier ? En se dirigeant d&rsquo;apr\u00e8s ta parole&#8230;. Je serre ta parole dans mon coeur, afin de ne pas p\u00e9cher contre toi.\u00a0\u00bb<\/em> C&rsquo;est pourquoi dans notre \u00e9glise nous souhaitons d\u00e9couvrir, approfondir, apprendre, m\u00e9diter et \u00e9tudier les applications de la Bible, v\u00e9ritable Parole de Dieu, pour l&rsquo;homme aujourd&rsquo;hui.<\/p>\n<p>Nous nous retrouvons pour cela les <a title=\"Culte du Dimanche\" href=\"https:\/\/agen.umc-europe.org\/eglise\/nos-activites\/culte-du-dimanche\/\">Dimanche matins<\/a> pour \u00e9couter un enseignement tir\u00e9 de la Bible avec l&rsquo;ensemble des membres de l&rsquo;\u00e9glise. Vous pouvez retrouver ici toutes les pr\u00e9dications de l&rsquo;\u00e9glise : <a title=\"Messages et pr\u00e9dications audio\" href=\"https:\/\/agen.umc-europe.org\/eglise\/ressources-bibliques\/messages-et-predications-audio\/\">Messages bibliques<\/a>.<\/p>\n<p>Nous participons aussi r\u00e9guli\u00e8rement \u00e0 des <a title=\"\u00c9tude Biblique : D\u00e9couvrir la Bible ensemble\" href=\"https:\/\/agen.umc-europe.org\/eglise\/nos-activites\/etudes-bibliques-en-lot-et-garonne\/\">\u00e9tudes bibliques<\/a> dans les maisons et quartiers autour d&rsquo;Agen afin de partager ensemble ce que nous lisons dans le Bible.<\/p>\n<p>Et autre point fort du programme de l&rsquo;ann\u00e9e, c&rsquo;est notre <strong>convention biblique \u00e0 Agen<\/strong>. Nous mettons \u00e0 part 3 jours &#8211; du Vendredi soir au Dimanche &#8211; pour accueillir &#8211; en g\u00e9n\u00e9ral &#8211; deux pr\u00e9dicateurs qui pr\u00e9sentent des s\u00e9ries d&rsquo;enseignement sur la Bible. <a title=\"Convention Biblique Annuelle\" href=\"https:\/\/agen.umc-europe.org\/eglise\/ressources-bibliques\/convention-biblique-annuelle\/\">Programme<\/a><\/p>\n<p>&nbsp;<\/p>\n<p>Si vous souhaitez approfondir votre connaissance personnelle de la Bible, vous pouvez nous rejoindre \u00e0 l&rsquo;une ou l&rsquo;autre de ces r\u00e9unions. Vous pouvez aussi entreprendre un plan de lecture de la <a href=\"http:\/\/www.bible1an.com\/calendrier_de_lecture\" target=\"_blank\" rel=\"noopener\">Bible en 1 an<\/a>\u00a0pour \u00e9couter ce que l&rsquo;Eternel Dieu veut vous dire par sa Parole. D&rsquo;autres sites tels que <a href=\"http:\/\/www.connaitredieu.com\" target=\"_blank\" rel=\"noopener\">connaitredieu.com<\/a>\u00a0peuvent aussi \u00eatre une r\u00e9ele source de b\u00e9n\u00e9diction. A vous de jouer.<\/p>\n","protected":false},"excerpt":{"rendered":"<p>Comme l&rsquo;\u00e9crit le psalmiste dans le Psaume 119v9-11 : \u00ab\u00a0Comment le jeune homme rendra pur \u00a0son sentier ? En se dirigeant d&rsquo;apr\u00e8s ta parole&#8230;. Je serre ta parole dans mon coeur, afin de ne pas p\u00e9cher contre toi.\u00a0\u00bb C&rsquo;est pourquoi dans notre \u00e9glise nous souhaitons d\u00e9couvrir, approfondir, apprendre, m\u00e9diter et&#8230;<\/p>\n","protected":false},"author":2,"featured_media":0,"parent":0,"menu_order":0,"comment_status":"open","ping_status":"open","template":"","meta":{"_monsterinsights_skip_tracking":false,"_monsterinsights_sitenote_active":false,"_monsterinsights_sitenote_note":"","_monsterinsights_sitenote_category":0,"footnotes":""},"yoast_head":"<!-- This site is optimized with the Yoast SEO plugin v21.9.1 - https:\/\/yoast.com\/wordpress\/plugins\/seo\/ -->\n<title>Ressources Bibliques<\/title>\n<meta name=\"description\" content=\"Ressources Bibliques\" \/>\n<meta name=\"robots\" content=\"index, follow, max-snippet:-1, max-image-preview:large, max-video-preview:-1\" \/>\n<link rel=\"canonical\" href=\"https:\/\/agen.umc-europe.org\/eglise\/ressources-bibliques\/\" \/>\n<meta property=\"og:locale\" content=\"fr_FR\" \/>\n<meta property=\"og:type\" content=\"article\" \/>\n<meta property=\"og:title\" content=\"Ressources Bibliques\" \/>\n<meta property=\"og:description\" content=\"Ressources Bibliques\" \/>\n<meta property=\"og:url\" content=\"https:\/\/agen.umc-europe.org\/eglise\/ressources-bibliques\/\" \/>\n<meta property=\"og:site_name\" content=\"\u00c9glise Protestante \u00c9vang\u00e9lique M\u00e9thodiste Agen\" \/>\n<meta property=\"article:publisher\" content=\"https:\/\/www.facebook.com\/EgliseAgen\/\" \/>\n<meta property=\"article:modified_time\" content=\"2017-12-27T19:31:43+00:00\" \/>\n<meta name=\"twitter:card\" content=\"summary_large_image\" \/>\n<meta name=\"twitter:site\" content=\"@EgliseAgen\" \/>\n<meta name=\"twitter:label1\" content=\"Dur\u00e9e de lecture estim\u00e9e\" \/>\n\t<meta name=\"twitter:data1\" content=\"1 minute\" \/>\n<script type=\"application\/ld+json\" class=\"yoast-schema-graph\">{\"@context\":\"https:\/\/schema.org\",\"@graph\":[{\"@type\":\"WebPage\",\"@id\":\"https:\/\/agen.umc-europe.org\/eglise\/ressources-bibliques\/\",\"url\":\"https:\/\/agen.umc-europe.org\/eglise\/ressources-bibliques\/\",\"name\":\"Ressources Bibliques\",\"isPartOf\":{\"@id\":\"https:\/\/agen.umc-europe.org\/eglise\/#website\"},\"datePublished\":\"2014-08-30T06:25:28+00:00\",\"dateModified\":\"2017-12-27T19:31:43+00:00\",\"description\":\"Ressources Bibliques\",\"breadcrumb\":{\"@id\":\"https:\/\/agen.umc-europe.org\/eglise\/ressources-bibliques\/#breadcrumb\"},\"inLanguage\":\"fr-FR\",\"potentialAction\":[{\"@type\":\"ReadAction\",\"target\":[\"https:\/\/agen.umc-europe.org\/eglise\/ressources-bibliques\/\"]}]},{\"@type\":\"BreadcrumbList\",\"@id\":\"https:\/\/agen.umc-europe.org\/eglise\/ressources-bibliques\/#breadcrumb\",\"itemListElement\":[{\"@type\":\"ListItem\",\"position\":1,\"name\":\"Accueil\",\"item\":\"https:\/\/agen.umc-europe.org\/eglise\/\"},{\"@type\":\"ListItem\",\"position\":2,\"name\":\"Ressources Bibliques\"}]},{\"@type\":\"WebSite\",\"@id\":\"https:\/\/agen.umc-europe.org\/eglise\/#website\",\"url\":\"https:\/\/agen.umc-europe.org\/eglise\/\",\"name\":\"\u00c9glise Protestante \u00c9vang\u00e9lique M\u00e9thodiste Agen\",\"description\":\"Des chr\u00e9tiens \u00e9vang\u00e9liques au coeur du Lot et Garonne. &quot;Viens et vois!&quot; ( Jean 1:47 )\",\"potentialAction\":[{\"@type\":\"SearchAction\",\"target\":{\"@type\":\"EntryPoint\",\"urlTemplate\":\"https:\/\/agen.umc-europe.org\/eglise\/?s={search_term_string}\"},\"query-input\":\"required name=search_term_string\"}],\"inLanguage\":\"fr-FR\"}]}<\/script>\n<!-- \/ Yoast SEO plugin. -->","yoast_head_json":{"title":"Ressources Bibliques","description":"Ressources Bibliques","robots":{"index":"index","follow":"follow","max-snippet":"max-snippet:-1","max-image-preview":"max-image-preview:large","max-video-preview":"max-video-preview:-1"},"canonical":"https:\/\/agen.umc-europe.org\/eglise\/ressources-bibliques\/","og_locale":"fr_FR","og_type":"article","og_title":"Ressources Bibliques","og_description":"Ressources Bibliques","og_url":"https:\/\/agen.umc-europe.org\/eglise\/ressources-bibliques\/","og_site_name":"\u00c9glise Protestante \u00c9vang\u00e9lique M\u00e9thodiste Agen","article_publisher":"https:\/\/www.facebook.com\/EgliseAgen\/","article_modified_time":"2017-12-27T19:31:43+00:00","twitter_card":"summary_large_image","twitter_site":"@EgliseAgen","twitter_misc":{"Dur\u00e9e de lecture estim\u00e9e":"1 minute"},"schema":{"@context":"https:\/\/schema.org","@graph":[{"@type":"WebPage","@id":"https:\/\/agen.umc-europe.org\/eglise\/ressources-bibliques\/","url":"https:\/\/agen.umc-europe.org\/eglise\/ressources-bibliques\/","name":"Ressources Bibliques","isPartOf":{"@id":"https:\/\/agen.umc-europe.org\/eglise\/#website"},"datePublished":"2014-08-30T06:25:28+00:00","dateModified":"2017-12-27T19:31:43+00:00","description":"Ressources Bibliques","breadcrumb":{"@id":"https:\/\/agen.umc-europe.org\/eglise\/ressources-bibliques\/#breadcrumb"},"inLanguage":"fr-FR","potentialAction":[{"@type":"ReadAction","target":["https:\/\/agen.umc-europe.org\/eglise\/ressources-bibliques\/"]}]},{"@type":"BreadcrumbList","@id":"https:\/\/agen.umc-europe.org\/eglise\/ressources-bibliques\/#breadcrumb","itemListElement":[{"@type":"ListItem","position":1,"name":"Accueil","item":"https:\/\/agen.umc-europe.org\/eglise\/"},{"@type":"ListItem","position":2,"name":"Ressources Bibliques"}]},{"@type":"WebSite","@id":"https:\/\/agen.umc-europe.org\/eglise\/#website","url":"https:\/\/agen.umc-europe.org\/eglise\/","name":"\u00c9glise Protestante \u00c9vang\u00e9lique M\u00e9thodiste Agen","description":"Des chr\u00e9tiens \u00e9vang\u00e9liques au coeur du Lot et Garonne. &quot;Viens et vois!&quot; ( Jean 1:47 )","potentialAction":[{"@type":"SearchAction","target":{"@type":"EntryPoint","urlTemplate":"https:\/\/agen.umc-europe.org\/eglise\/?s={search_term_string}"},"query-input":"required name=search_term_string"}],"inLanguage":"fr-FR"}]}},"_links":{"self":[{"href":"https:\/\/agen.umc-europe.org\/eglise\/wp-json\/wp\/v2\/pages\/132"}],"collection":[{"href":"https:\/\/agen.umc-europe.org\/eglise\/wp-json\/wp\/v2\/pages"}],"about":[{"href":"https:\/\/agen.umc-europe.org\/eglise\/wp-json\/wp\/v2\/types\/page"}],"author":[{"embeddable":true,"href":"https:\/\/agen.umc-europe.org\/eglise\/wp-json\/wp\/v2\/users\/2"}],"replies":[{"embeddable":true,"href":"https:\/\/agen.umc-europe.org\/eglise\/wp-json\/wp\/v2\/comments?post=132"}],"version-history":[{"count":8,"href":"https:\/\/agen.umc-europe.org\/eglise\/wp-json\/wp\/v2\/pages\/132\/revisions"}],"predecessor-version":[{"id":4846,"href":"https:\/\/agen.umc-europe.org\/eglise\/wp-json\/wp\/v2\/pages\/132\/revisions\/4846"}],"wp:attachment":[{"href":"https:\/\/agen.umc-europe.org\/eglise\/wp-json\/wp\/v2\/media?parent=132"}],"curies":[{"name":"wp","href":"https:\/\/api.w.org\/{rel}","templated":true}]}}